{"id":23231,"date":"2025-11-03T15:39:30","date_gmt":"2025-11-03T07:39:30","guid":{"rendered":"https:\/\/pecpets.com\/?post_type=product&#038;p=23231"},"modified":"2025-11-03T15:50:05","modified_gmt":"2025-11-03T07:50:05","slug":"dog-cot-bed","status":"publish","type":"product","link":"https:\/\/pecpets.com\/se\/product\/dog-cot-bed\/","title":{"rendered":"Dog Cot Bed"},"content":{"rendered":"<h2 data-start=\"91\" data-end=\"196\">Dog Cot Bed | Pet Bed Manufacturer &amp; Luxury Bed Factory in China<\/h2>\n<article class=\"text-token-text-primary w-full focus:outline-none [--shadow-height:45px] has-data-writing-block:pointer-events-none has-data-writing-block:-mt-(--shadow-height) has-data-writing-block:pt-(--shadow-height) [&amp;:has([data-writing-block])&gt;*]:pointer-events-auto [content-visibility:auto] supports-[content-visibility:auto]:[contain-intrinsic-size:auto_100lvh] scroll-mt-[calc(var(--header-height)+min(200px,max(70px,20svh)))]\" dir=\"auto\" tabindex=\"-1\" data-turn-id=\"request-68b559f1-f1bc-8328-a3b0-0e42faba828d-1\" data-testid=\"conversation-turn-100\" data-scroll-anchor=\"true\" data-turn=\"assistant\">\n<div class=\"text-base my-auto mx-auto pb-10 [--thread-content-margin:--spacing(4)] thread-sm:[--thread-content-margin:--spacing(6)] thread-lg:[--thread-content-margin:--spacing(16)] px-(--thread-content-margin)\">\n<div class=\"[--thread-content-max-width:40rem] thread-lg:[--thread-content-max-width:48rem] mx-auto max-w-(--thread-content-max-width) flex-1 group\/turn-messages focus-visible:outline-hidden relative flex w-full min-w-0 flex-col agent-turn\" tabindex=\"-1\">\n<div class=\"flex max-w-full flex-col grow\">\n<div class=\"min-h-8 text-message relative flex w-full flex-col items-end gap-2 text-start break-words whitespace-normal [.text-message+&amp;]:mt-1\" dir=\"auto\" data-message-author-role=\"assistant\" data-message-id=\"a58e287f-5d1f-4b96-a7a9-dc26c8cb0d31\" data-message-model-slug=\"gpt-5\">\n<div class=\"flex w-full flex-col gap-1 empty:hidden first:pt-[1px]\">\n<div class=\"markdown prose dark:prose-invert w-full break-words light markdown-new-styling\">\n<p data-start=\"85\" data-end=\"396\">Experience durable comfort with our Dog Cot Bed, designed by a leading Pet Bed Manufacturer and Luxury Bed Factory in China.<\/p>\n<p data-start=\"85\" data-end=\"396\">This elevated Dog Cot Bed keeps pets cool, clean, and comfortable by improving air circulation\u2014perfect for both indoor lounging and outdoor rest.<\/p>\n<p data-start=\"398\" data-end=\"955\" data-is-last-node=\"\" data-is-only-node=\"\">As a professional Dog Bed manufacturer and Dog Bed factory, we provide full Dog Bed OEM and Dog Bed ODM services, as well as Dog Bed private label customization for global brands.<\/p>\n<p data-start=\"398\" data-end=\"955\" data-is-last-node=\"\" data-is-only-node=\"\">Our Dog Bed company specializes in Dog Bed export and Dog Bed bulk supply, ensuring consistent quality and competitive pricing.<\/p>\n<p data-start=\"398\" data-end=\"955\" data-is-last-node=\"\" data-is-only-node=\"\">Whether you\u2019re a Dog Bed supplier, Dog Bed vendor, or Dog Bed wholesaler, our Dog Cot Bed line from Dog Bed China helps you expand your product range with reliable, functional, and stylish designs.<\/p>\n<\/div>\n<\/div>\n<\/div>\n<\/div>\n<\/div>\n<\/div>\n<\/article>\n","protected":false},"excerpt":{"rendered":"<h3>Dog Cot Bed<\/h3>\n<p>The Dog Cot Bed takes your dog\u2019s post-adventure nap up a notch as a light, strong, and stable elevated dog bed. It\u2019s quick and easy to set up and break down with the one-piece frame constructed with shock-corded aluminum poles. Made with partially recycled content, the reinforced topper has a soft and durable microsuede surface with just enough give for that camp chair-like comfort.<\/p>\n<p>The included storage bag with a shoulder strap makes it easy to pack up and transport when you and your canine companion are on the go \u2014 plus, the storage bag fits conveniently on the frame when set up.<\/p>\n<table width=\"288\">\n<tbody>\n<tr>\n<td width=\"137\"><span style=\"color: #333333;\">Produktens namn<\/span><\/td>\n<td width=\"151\"><span style=\"color: #333333;\">S\u00e4ng f\u00f6r husdjur<\/span><\/td>\n<\/tr>\n<tr>\n<td><span style=\"color: #333333;\">Artikel nr.<\/span><\/td>\n<td><span style=\"color: #333333;\">P-C3051<\/span><\/td>\n<\/tr>\n<tr>\n<td><span style=\"color: #333333;\">Material<\/span><\/td>\n<td>Bomull, polyester, fleece<\/td>\n<\/tr>\n<tr>\n<td><span style=\"color: #333333;\">\u00a0Storlek och f\u00e4rg<\/span><\/td>\n<td><span style=\"color: #333333;\">Kan anpassas<\/span><\/td>\n<\/tr>\n<tr>\n<td><span style=\"color: #333333;\">\u00a0Leveranstid<\/span><\/td>\n<td><span style=\"color: #333333;\">1- 5 dagar f\u00f6r sm\u00e5 kvantiteter med flyg och 30- 35 dagar f\u00f6r stora kvantiteter med b\u00e5t<\/span><\/td>\n<\/tr>\n<\/tbody>\n<\/table>","protected":false},"featured_media":23234,"template":"","meta":{"_seopress_robots_primary_cat":"none","_seopress_titles_title":"Dog Cot Bed | China Pet Bed Manufacturer","_seopress_titles_desc":"Looking for Dog Cot Bed? we design premium knitwear for pets worldwide. Bulk orders, OEM services. Request free cozy samples today!","_seopress_robots_index":"","_uag_custom_page_level_css":""},"product_brand":[],"product_cat":[22,350],"product_tag":[],"class_list":{"0":"post-23231","1":"product","2":"type-product","3":"status-publish","4":"has-post-thumbnail","6":"product_cat-pet-bed","7":"product_cat-portable-dog-beds","9":"first","10":"instock","11":"shipping-taxable","12":"product-type-simple"},"uagb_featured_image_src":{"full":["https:\/\/pecpets.com\/wp-content\/uploads\/2025\/11\/imgi_27_CompressedPNG-1072_Mt-Everest_Marv_STUDIO_eb293ae7-921e-4288-ac62-d9a23fbc.png",820,550,false],"thumbnail":["https:\/\/pecpets.com\/wp-content\/uploads\/2025\/11\/imgi_27_CompressedPNG-1072_Mt-Everest_Marv_STUDIO_eb293ae7-921e-4288-ac62-d9a23fbc-150x150.png",150,150,true],"medium":["https:\/\/pecpets.com\/wp-content\/uploads\/2025\/11\/imgi_27_CompressedPNG-1072_Mt-Everest_Marv_STUDIO_eb293ae7-921e-4288-ac62-d9a23fbc-300x201.png",300,201,true],"medium_large":["https:\/\/pecpets.com\/wp-content\/uploads\/2025\/11\/imgi_27_CompressedPNG-1072_Mt-Everest_Marv_STUDIO_eb293ae7-921e-4288-ac62-d9a23fbc-768x515.png",768,515,true],"large":["https:\/\/pecpets.com\/wp-content\/uploads\/2025\/11\/imgi_27_CompressedPNG-1072_Mt-Everest_Marv_STUDIO_eb293ae7-921e-4288-ac62-d9a23fbc.png",800,537,false],"1536x1536":["https:\/\/pecpets.com\/wp-content\/uploads\/2025\/11\/imgi_27_CompressedPNG-1072_Mt-Everest_Marv_STUDIO_eb293ae7-921e-4288-ac62-d9a23fbc.png",820,550,false],"2048x2048":["https:\/\/pecpets.com\/wp-content\/uploads\/2025\/11\/imgi_27_CompressedPNG-1072_Mt-Everest_Marv_STUDIO_eb293ae7-921e-4288-ac62-d9a23fbc.png",820,550,false],"trp-custom-language-flag":["https:\/\/pecpets.com\/wp-content\/uploads\/2025\/11\/imgi_27_CompressedPNG-1072_Mt-Everest_Marv_STUDIO_eb293ae7-921e-4288-ac62-d9a23fbc-18x12.png",18,12,true],"woocommerce_thumbnail":["https:\/\/pecpets.com\/wp-content\/uploads\/2025\/11\/imgi_27_CompressedPNG-1072_Mt-Everest_Marv_STUDIO_eb293ae7-921e-4288-ac62-d9a23fbc-300x300.png",300,300,true],"woocommerce_single":["https:\/\/pecpets.com\/wp-content\/uploads\/2025\/11\/imgi_27_CompressedPNG-1072_Mt-Everest_Marv_STUDIO_eb293ae7-921e-4288-ac62-d9a23fbc-600x402.png",600,402,true],"woocommerce_gallery_thumbnail":["https:\/\/pecpets.com\/wp-content\/uploads\/2025\/11\/imgi_27_CompressedPNG-1072_Mt-Everest_Marv_STUDIO_eb293ae7-921e-4288-ac62-d9a23fbc-100x100.png",100,100,true]},"uagb_author_info":{"display_name":"Lawrence\u00a0\u52b3\u4f26\u65af","author_link":"https:\/\/pecpets.com\/se\/author\/"},"uagb_comment_info":0,"uagb_excerpt":"Dog Cot Bed The Dog Cot Bed takes your dog\u2019s post-adventure nap up a notch as a light, strong, and stable elevated dog bed. It\u2019s quick and easy to set up and break down with the one-piece frame constructed with shock-corded aluminum poles. Made with partially recycled content, the reinforced topper has a soft and&hellip;","_links":{"self":[{"href":"https:\/\/pecpets.com\/se\/wp-json\/wp\/v2\/product\/23231","targetHints":{"allow":["GET"]}}],"collection":[{"href":"https:\/\/pecpets.com\/se\/wp-json\/wp\/v2\/product"}],"about":[{"href":"https:\/\/pecpets.com\/se\/wp-json\/wp\/v2\/types\/product"}],"wp:featuredmedia":[{"embeddable":true,"href":"https:\/\/pecpets.com\/se\/wp-json\/wp\/v2\/media\/23234"}],"wp:attachment":[{"href":"https:\/\/pecpets.com\/se\/wp-json\/wp\/v2\/media?parent=23231"}],"wp:term":[{"taxonomy":"product_brand","embeddable":true,"href":"https:\/\/pecpets.com\/se\/wp-json\/wp\/v2\/product_brand?post=23231"},{"taxonomy":"product_cat","embeddable":true,"href":"https:\/\/pecpets.com\/se\/wp-json\/wp\/v2\/product_cat?post=23231"},{"taxonomy":"product_tag","embeddable":true,"href":"https:\/\/pecpets.com\/se\/wp-json\/wp\/v2\/product_tag?post=23231"}],"curies":[{"name":"wp","href":"https:\/\/api.w.org\/{rel}","templated":true}]}}