{"id":23359,"date":"2025-11-10T09:41:22","date_gmt":"2025-11-10T01:41:22","guid":{"rendered":"https:\/\/pecpets.com\/?post_type=product&#038;p=23359"},"modified":"2025-11-10T09:53:55","modified_gmt":"2025-11-10T01:53:55","slug":"adult-dog-bed","status":"publish","type":"product","link":"https:\/\/pecpets.com\/se\/product\/adult-dog-bed\/","title":{"rendered":"Hundb\u00e4dd f\u00f6r vuxna"},"content":{"rendered":"<h2 data-start=\"91\" data-end=\"196\">Adult Dog Bed | Pet Bed Manufacturer &amp; Luxury Bed Factory in China<\/h2>\n<article class=\"text-token-text-primary w-full focus:outline-none [--shadow-height:45px] has-data-writing-block:pointer-events-none has-data-writing-block:-mt-(--shadow-height) has-data-writing-block:pt-(--shadow-height) [&amp;:has([data-writing-block])&gt;*]:pointer-events-auto [content-visibility:auto] supports-[content-visibility:auto]:[contain-intrinsic-size:auto_100lvh] scroll-mt-[calc(var(--header-height)+min(200px,max(70px,20svh)))]\" dir=\"auto\" tabindex=\"-1\" data-turn-id=\"request-68b559f1-f1bc-8328-a3b0-0e42faba828d-1\" data-testid=\"conversation-turn-100\" data-scroll-anchor=\"true\" data-turn=\"assistant\">\n<div class=\"text-base my-auto mx-auto pb-10 [--thread-content-margin:--spacing(4)] thread-sm:[--thread-content-margin:--spacing(6)] thread-lg:[--thread-content-margin:--spacing(16)] px-(--thread-content-margin)\">\n<div class=\"[--thread-content-max-width:40rem] thread-lg:[--thread-content-max-width:48rem] mx-auto max-w-(--thread-content-max-width) flex-1 group\/turn-messages focus-visible:outline-hidden relative flex w-full min-w-0 flex-col agent-turn\" tabindex=\"-1\">\n<div class=\"flex max-w-full flex-col grow\">\n<div class=\"min-h-8 text-message relative flex w-full flex-col items-end gap-2 text-start break-words whitespace-normal [.text-message+&amp;]:mt-1\" dir=\"auto\" data-message-author-role=\"assistant\" data-message-id=\"a58e287f-5d1f-4b96-a7a9-dc26c8cb0d31\" data-message-model-slug=\"gpt-5\">\n<div class=\"flex w-full flex-col gap-1 empty:hidden first:pt-[1px]\">\n<div class=\"markdown prose dark:prose-invert w-full break-words light markdown-new-styling\">\n<p data-start=\"87\" data-end=\"417\">Our Adult Dog Bed collection combines comfort, style, and durability\u2014crafted by a professional Pet Bed Manufacturer and Luxury Bed Factory in China. Each Adult Dog Bed is made with premium fabrics and supportive filling to provide older and larger dogs with the restful sleep they deserve.<\/p>\n<p data-start=\"419\" data-end=\"762\">As a leading Dog Bed manufacturer and factory, we specialize in OEM, ODM, and private-label\u00a0services for global brands. We supply Dog Bed bulk orders with consistent quality and competitive pricing, making us a trusted Dog Bed company and Dog Bed supplier in the worldwide market.<\/p>\n<p data-start=\"764\" data-end=\"1083\" data-is-last-node=\"\" data-is-only-node=\"\">Whether you\u2019re sourcing from Dog Bed China or looking for a reliable Dog Bed wholesaler and Dog Bed vendor, we offer customized Dog Bed export solutions tailored to your business needs. Partner with us to create premium Adult Dog Beds that elevate your product line and delight pet owners worldwide.<\/p>\n<\/div>\n<\/div>\n<\/div>\n<\/div>\n<\/div>\n<\/div>\n<\/article>\n","protected":false},"excerpt":{"rendered":"<h3>Hundb\u00e4dd f\u00f6r vuxna<\/h3>\n<div>\n<div class=\"product-tabs__content__slice\">\n<div id=\"product__description\" class=\"product-tabs__content__cms\">\n<ul>\n<li>Extra stor: Den h\u00e4r s\u00e4ngen rymmer tre hundar, tv\u00e5 barn och tv\u00e5 vuxna som ligger ner samtidigt, vilket g\u00f6r den till den perfekta storleken f\u00f6r vuxna, barn och husdjur<\/li>\n<li>Flyttbar \u00f6verallt: Oavsett om du tar en tupplur, l\u00e4ser, arbetar eller tittar p\u00e5 TV erbjuder hundb\u00e4dden i m\u00e4nsklig storlek kontinuerlig komfort och avkoppling<\/li>\n<li>360-graders omslutande och mysig: Det mjuka och tjocka tyget ger en bekv\u00e4m och avkopplande plats f\u00f6r dig och ditt husdjur att sova p\u00e5, medan de upph\u00f6jda kanterna ger b\u00e4ttre st\u00f6d f\u00f6r huvud och nacke. Det ortopediska skummet passar perfekt till benen, vilket inte bara ger massage utan ocks\u00e5 lindrar \u00e5ngest f\u00f6r dig och ditt husdjur<\/li>\n<li>Vattent\u00e4t och tv\u00e4ttbar i maskin: Den h\u00e4r s\u00e4ngen har ett avtagbart \u00f6verdrag och skummet \u00e4r t\u00e4ckt med ett speciellt \u00f6verdrag, s\u00e5 du beh\u00f6ver inte oroa dig f\u00f6r hundbajs och urin. Sl\u00e4ng bara in den i tv\u00e4ttmaskinen f\u00f6r en snabb uppfr\u00e4schning p\u00e5 ett skonsamt s\u00e4tt<\/li>\n<\/ul>\n<p><strong>Huvudmaterial:\u00a0<\/strong><br \/>\nL\u00e5ng p\u00e4ls, polyester, skum<\/p>\n<p><strong>Produktstorlek:<\/strong><br \/>\n170\u00d790 cm \/ 66,9\u00d735,4 tum<\/p>\n<p><strong>V\u00e4nligen notera:<\/strong><br \/>\nEftersom produkten \u00e4r f\u00f6r stor kommer vi att delas upp i tv\u00e5 paket. V\u00e4nligen var uppm\u00e4rksam p\u00e5 att kontrollera kvittot.<\/p>\n<\/div>\n<\/div>\n<\/div>\n<table width=\"288\">\n<tbody>\n<tr>\n<td width=\"137\"><span style=\"color: #333333;\">Produktens namn<\/span><\/td>\n<td width=\"151\"><span style=\"color: #333333;\">S\u00e4ng f\u00f6r husdjur<\/span><\/td>\n<\/tr>\n<tr>\n<td><span style=\"color: #333333;\">Artikel nr.<\/span><\/td>\n<td><span style=\"color: #333333;\">P-C3061<\/span><\/td>\n<\/tr>\n<tr>\n<td><span style=\"color: #333333;\">Material<\/span><\/td>\n<td>Bomull, polyester, fleece<\/td>\n<\/tr>\n<tr>\n<td><span style=\"color: #333333;\">\u00a0Storlek och f\u00e4rg<\/span><\/td>\n<td><span style=\"color: #333333;\">Kan anpassas<\/span><\/td>\n<\/tr>\n<tr>\n<td><span style=\"color: #333333;\">\u00a0Leveranstid<\/span><\/td>\n<td><span style=\"color: #333333;\">1- 5 dagar f\u00f6r sm\u00e5 kvantiteter med flyg och 30- 35 dagar f\u00f6r stora kvantiteter med b\u00e5t<\/span><\/td>\n<\/tr>\n<\/tbody>\n<\/table>","protected":false},"featured_media":23369,"template":"","meta":{"_seopress_robots_primary_cat":"none","_seopress_titles_title":"Adult Dog Bed | China Pet Bed Manufacturer","_seopress_titles_desc":"Looking for Adult Dog Bed? we design premium knitwear for pets worldwide. Bulk orders, OEM services. Request free cozy samples today!","_seopress_robots_index":"","_uag_custom_page_level_css":""},"product_brand":[],"product_cat":[349,22],"product_tag":[],"class_list":{"0":"post-23359","1":"product","2":"type-product","3":"status-publish","4":"has-post-thumbnail","6":"product_cat-memory-foam-dog-beds","7":"product_cat-pet-bed","9":"first","10":"instock","11":"shipping-taxable","12":"product-type-simple"},"uagb_featured_image_src":{"full":["https:\/\/pecpets.com\/wp-content\/uploads\/2025\/11\/4e9affcb-d221-4431-9241-0ef1bf863266.jpg",1000,1000,false],"thumbnail":["https:\/\/pecpets.com\/wp-content\/uploads\/2025\/11\/4e9affcb-d221-4431-9241-0ef1bf863266-150x150.jpg",150,150,true],"medium":["https:\/\/pecpets.com\/wp-content\/uploads\/2025\/11\/4e9affcb-d221-4431-9241-0ef1bf863266-300x300.jpg",300,300,true],"medium_large":["https:\/\/pecpets.com\/wp-content\/uploads\/2025\/11\/4e9affcb-d221-4431-9241-0ef1bf863266-768x768.jpg",768,768,true],"large":["https:\/\/pecpets.com\/wp-content\/uploads\/2025\/11\/4e9affcb-d221-4431-9241-0ef1bf863266.jpg",800,800,false],"1536x1536":["https:\/\/pecpets.com\/wp-content\/uploads\/2025\/11\/4e9affcb-d221-4431-9241-0ef1bf863266.jpg",1000,1000,false],"2048x2048":["https:\/\/pecpets.com\/wp-content\/uploads\/2025\/11\/4e9affcb-d221-4431-9241-0ef1bf863266.jpg",1000,1000,false],"trp-custom-language-flag":["https:\/\/pecpets.com\/wp-content\/uploads\/2025\/11\/4e9affcb-d221-4431-9241-0ef1bf863266-12x12.jpg",12,12,true],"woocommerce_thumbnail":["https:\/\/pecpets.com\/wp-content\/uploads\/2025\/11\/4e9affcb-d221-4431-9241-0ef1bf863266-300x300.jpg",300,300,true],"woocommerce_single":["https:\/\/pecpets.com\/wp-content\/uploads\/2025\/11\/4e9affcb-d221-4431-9241-0ef1bf863266-600x600.jpg",600,600,true],"woocommerce_gallery_thumbnail":["https:\/\/pecpets.com\/wp-content\/uploads\/2025\/11\/4e9affcb-d221-4431-9241-0ef1bf863266-100x100.jpg",100,100,true]},"uagb_author_info":{"display_name":"Lawrence\u00a0\u52b3\u4f26\u65af","author_link":"https:\/\/pecpets.com\/se\/author\/"},"uagb_comment_info":0,"uagb_excerpt":"Adult Dog Bed Extra large: This bed can accommodate three dogs, two children, and two adults lying down at the same time, making it the perfect size for adults, children, and pets Moveable anywhere: Whether you're napping, reading, working, or watching TV, the human-sized dog bed offers continuous comfort and relaxation 360-degree wrap-around &amp; Cosy:&hellip;","_links":{"self":[{"href":"https:\/\/pecpets.com\/se\/wp-json\/wp\/v2\/product\/23359","targetHints":{"allow":["GET"]}}],"collection":[{"href":"https:\/\/pecpets.com\/se\/wp-json\/wp\/v2\/product"}],"about":[{"href":"https:\/\/pecpets.com\/se\/wp-json\/wp\/v2\/types\/product"}],"wp:featuredmedia":[{"embeddable":true,"href":"https:\/\/pecpets.com\/se\/wp-json\/wp\/v2\/media\/23369"}],"wp:attachment":[{"href":"https:\/\/pecpets.com\/se\/wp-json\/wp\/v2\/media?parent=23359"}],"wp:term":[{"taxonomy":"product_brand","embeddable":true,"href":"https:\/\/pecpets.com\/se\/wp-json\/wp\/v2\/product_brand?post=23359"},{"taxonomy":"product_cat","embeddable":true,"href":"https:\/\/pecpets.com\/se\/wp-json\/wp\/v2\/product_cat?post=23359"},{"taxonomy":"product_tag","embeddable":true,"href":"https:\/\/pecpets.com\/se\/wp-json\/wp\/v2\/product_tag?post=23359"}],"curies":[{"name":"wp","href":"https:\/\/api.w.org\/{rel}","templated":true}]}}