{"id":23431,"date":"2025-11-13T10:43:38","date_gmt":"2025-11-13T02:43:38","guid":{"rendered":"https:\/\/pecpets.com\/?post_type=product&#038;p=23431"},"modified":"2025-11-13T14:25:32","modified_gmt":"2025-11-13T06:25:32","slug":"dog-sweater-factory","status":"publish","type":"product","link":"https:\/\/pecpets.com\/se\/product\/dog-sweater-factory\/","title":{"rendered":"Hundtr\u00f6jfabrik"},"content":{"rendered":"<h2 data-start=\"193\" data-end=\"275\">Hundtr\u00f6jfabrik | Expert tillverkare av husdjurstr\u00f6jor och lyxig tr\u00f6jfabrik<\/h2>\n<p data-start=\"254\" data-end=\"538\">Letar du efter en p\u00e5litlig hundtr\u00f6jfabrik f\u00f6r att producera h\u00f6gkvalitativa husdjurskl\u00e4der? Som en p\u00e5litlig tillverkare av husdjurstr\u00f6jor och lyxiga tr\u00f6jfabriker i Dog Sweater China \u00e4r vi specialiserade p\u00e5 att skapa snygga, h\u00e5llbara och anpassningsbara tr\u00f6jor f\u00f6r globala grossistkunder.<\/p>\n<h4 data-start=\"540\" data-end=\"594\">\u2705 Professionella tj\u00e4nster f\u00f6r tillverkning av hundtr\u00f6jor<\/h4>\n<ul data-start=\"595\" data-end=\"916\">\n<li data-start=\"595\" data-end=\"678\">\n<p data-start=\"597\" data-end=\"678\">\u00d6ver 150 s\u00e4songsbetonade och klassiska m\u00f6nster tillg\u00e4ngliga f\u00f6r bulkbest\u00e4llningar av hundtr\u00f6jor<\/p>\n<\/li>\n<li data-start=\"679\" data-end=\"769\">\n<p data-start=\"681\" data-end=\"769\">Anpassade hundtr\u00f6jor OEM- och hundtr\u00f6jor ODM-tj\u00e4nster med st\u00f6d f\u00f6r privata m\u00e4rken<\/p>\n<\/li>\n<li data-start=\"770\" data-end=\"843\">\n<p data-start=\"772\" data-end=\"843\">H\u00f6gkvalitativa material, inklusive ull, akryl och vattent\u00e4ta blandningar<\/p>\n<\/li>\n<li data-start=\"844\" data-end=\"916\">\n<p data-start=\"846\" data-end=\"916\">Flexibla MOQ:er fr\u00e5n 200 st f\u00f6r v\u00e4xande varum\u00e4rken och \u00e5terf\u00f6rs\u00e4ljare<\/p>\n<\/li>\n<\/ul>\n<h4 data-start=\"918\" data-end=\"960\">\u2705 Anpassning och privat etikett<\/h4>\n<ul data-start=\"961\" data-end=\"1216\">\n<li data-start=\"961\" data-end=\"1040\">\n<p data-start=\"963\" data-end=\"1040\">Tailored Dog Sweater Private Label-alternativ med kompletta varum\u00e4rkesl\u00f6sningar<\/p>\n<\/li>\n<li data-start=\"1041\" data-end=\"1110\">\n<p data-start=\"1043\" data-end=\"1110\">Digital f\u00f6rhandsgranskning i 3D och 5-dagars provtagning f\u00f6r snabbare marknadslansering<\/p>\n<\/li>\n<li data-start=\"1111\" data-end=\"1216\">\n<p data-start=\"1113\" data-end=\"1216\">Exklusiv design f\u00f6r f\u00f6retag som s\u00e4ljer hundtr\u00f6jor, f\u00f6rs\u00e4ljare av hundtr\u00f6jor och \u00e5terf\u00f6rs\u00e4ljare i butiker<\/p>\n<\/li>\n<\/ul>\n<h4 data-start=\"1218\" data-end=\"1257\">\u2705 Global export och efterlevnad<\/h4>\n<ul data-start=\"1258\" data-end=\"1466\">\n<li data-start=\"1258\" data-end=\"1332\">\n<p data-start=\"1260\" data-end=\"1332\">Komplett exportdokumentation f\u00f6r hundtr\u00f6jor f\u00f6r problemfri leverans<\/p>\n<\/li>\n<li data-start=\"1333\" data-end=\"1390\">\n<p data-start=\"1335\" data-end=\"1390\">Internationellt logistiksupport med leverans i r\u00e4tt tid<\/p>\n<\/li>\n<li data-start=\"1391\" data-end=\"1466\">\n<p data-start=\"1393\" data-end=\"1466\">Betrodda av hundtr\u00f6jsgrossister och stora detaljhandelskedjor \u00f6ver hela v\u00e4rlden<\/p>\n<\/li>\n<\/ul>\n<h4 data-start=\"1468\" data-end=\"1520\">Varf\u00f6r samarbeta med v\u00e5r hundtr\u00f6jfabrik?<\/h4>\n<ul data-start=\"1521\" data-end=\"1788\">\n<li data-start=\"1521\" data-end=\"1587\">\n<p data-start=\"1523\" data-end=\"1587\">Konkurrenskraftiga hundtr\u00f6jor bulkpriser med volymrabatter<\/p>\n<\/li>\n<li data-start=\"1588\" data-end=\"1662\">\n<p data-start=\"1590\" data-end=\"1662\">ISO-certifierad tillverkare av hundtr\u00f6jor med strikt kvalitetskontroll<\/p>\n<\/li>\n<li data-start=\"1663\" data-end=\"1712\">\n<p data-start=\"1665\" data-end=\"1712\">25 dagars produktionscykel f\u00f6r grossistorder<\/p>\n<\/li>\n<li data-start=\"1713\" data-end=\"1788\">\n<p data-start=\"1715\" data-end=\"1788\">Dedikerade serviceteam f\u00f6r leverant\u00f6rs- och \u00e5terf\u00f6rs\u00e4ljarn\u00e4tverk f\u00f6r hundtr\u00f6jor<\/p>\n<\/li>\n<\/ul>\n<p data-start=\"1790\" data-end=\"2111\">Oavsett om du \u00e4r ett hundtr\u00f6jf\u00f6retag, hundtr\u00f6jeleverant\u00f6r eller en storskalig hundtr\u00f6jegrossist, erbjuder v\u00e5r hundtr\u00f6jfabrik p\u00e5litlig produktion, exportkompetens och premiumkvalitet f\u00f6r att v\u00e4xa ditt f\u00f6retag. Kontakta oss idag f\u00f6r att beg\u00e4ra v\u00e5r senaste kollektion och starta ditt anpassade tr\u00f6jprojekt!<\/p>","protected":false},"excerpt":{"rendered":"<h3>Hundtr\u00f6jfabrik<\/h3>\n<ul>\n<li>Den trendiga retrodesignen kommer att f\u00e5nga allas blickar.<\/li>\n<li>En polokrage som h\u00e5ller din h\u00e5riga v\u00e4n varm och sk\u00f6n.<\/li>\n<li>Skulpterad f\u00f6r att passa din hunds kroppsform.<\/li>\n<li>Ribbade \u00e4rmh\u00e5l full\u00e4ndar den bekv\u00e4ma looken.<\/li>\n<\/ul>\n<table width=\"288\">\n<tbody>\n<tr>\n<td width=\"137\"><span style=\"color: #333333;\">Produktens namn<\/span><\/td>\n<td width=\"151\"><span style=\"color: #333333;\">Kl\u00e4der f\u00f6r s\u00e4llskapsdjur<\/span><\/td>\n<\/tr>\n<tr>\n<td><span style=\"color: #333333;\">Artikel nr.<\/span><\/td>\n<td><span style=\"color: #333333;\">P-C3015<\/span><\/td>\n<\/tr>\n<tr>\n<td><span style=\"color: #333333;\">Material<\/span><\/td>\n<td>Bomull, polyester, fleece<\/td>\n<\/tr>\n<tr>\n<td><span style=\"color: #333333;\">\u00a0Storlek och f\u00e4rg<\/span><\/td>\n<td><span style=\"color: #333333;\">Anpassad<\/span><\/td>\n<\/tr>\n<tr>\n<td><span style=\"color: #333333;\">\u00a0Leveranstid<\/span><\/td>\n<td><span style=\"color: #333333;\">1- 5 dagar f\u00f6r sm\u00e5 kvantiteter med flyg och 30- 35 dagar f\u00f6r stora kvantiteter med b\u00e5t<\/span><\/td>\n<\/tr>\n<\/tbody>\n<\/table>","protected":false},"featured_media":23447,"template":"","meta":{"_seopress_robots_primary_cat":"none","_seopress_titles_title":"Dog Sweater Factory\u200b\u200b\u200b\u200b | Professional Manufacturer","_seopress_titles_desc":"Looking for Dog Sweater Factory? we design premium knitwear for pets worldwide. Bulk orders, OEM services. Request free cozy samples today!","_seopress_robots_index":"","_seopress_analysis_target_kw":"Dog Sweater Factory","_uag_custom_page_level_css":""},"product_brand":[],"product_cat":[364,23,391],"product_tag":[],"class_list":{"0":"post-23431","1":"product","2":"type-product","3":"status-publish","4":"has-post-thumbnail","6":"product_cat-basic-dog-clothing","7":"product_cat-pet-clothing","8":"product_cat-pet-sweater","10":"first","11":"instock","12":"shipping-taxable","13":"product-type-simple"},"uagb_featured_image_src":{"full":["https:\/\/pecpets.com\/wp-content\/uploads\/2025\/11\/900_P72162.jpg",900,900,false],"thumbnail":["https:\/\/pecpets.com\/wp-content\/uploads\/2025\/11\/900_P72162-150x150.jpg",150,150,true],"medium":["https:\/\/pecpets.com\/wp-content\/uploads\/2025\/11\/900_P72162-300x300.jpg",300,300,true],"medium_large":["https:\/\/pecpets.com\/wp-content\/uploads\/2025\/11\/900_P72162-768x768.jpg",768,768,true],"large":["https:\/\/pecpets.com\/wp-content\/uploads\/2025\/11\/900_P72162.jpg",800,800,false],"1536x1536":["https:\/\/pecpets.com\/wp-content\/uploads\/2025\/11\/900_P72162.jpg",900,900,false],"2048x2048":["https:\/\/pecpets.com\/wp-content\/uploads\/2025\/11\/900_P72162.jpg",900,900,false],"trp-custom-language-flag":["https:\/\/pecpets.com\/wp-content\/uploads\/2025\/11\/900_P72162-12x12.jpg",12,12,true],"woocommerce_thumbnail":["https:\/\/pecpets.com\/wp-content\/uploads\/2025\/11\/900_P72162-300x300.jpg",300,300,true],"woocommerce_single":["https:\/\/pecpets.com\/wp-content\/uploads\/2025\/11\/900_P72162-600x600.jpg",600,600,true],"woocommerce_gallery_thumbnail":["https:\/\/pecpets.com\/wp-content\/uploads\/2025\/11\/900_P72162-100x100.jpg",100,100,true]},"uagb_author_info":{"display_name":"Lawrence\u00a0\u52b3\u4f26\u65af","author_link":"https:\/\/pecpets.com\/se\/author\/"},"uagb_comment_info":0,"uagb_excerpt":"Dog Sweater Factory The trendy, retro design will catch everyone\u2019s eye. A turtleneck to keep your furry friend cozy and warm. Sculpted to hug your dog\u2019s body shape. Ribbed arm holes complete the comfortable look. Product Name Pet Clothes Item No. P-C3015 Material Cotton, Polyester, Fleece \u00a0Size and Color Customized \u00a0Delivery time 1- 5 days&hellip;","_links":{"self":[{"href":"https:\/\/pecpets.com\/se\/wp-json\/wp\/v2\/product\/23431","targetHints":{"allow":["GET"]}}],"collection":[{"href":"https:\/\/pecpets.com\/se\/wp-json\/wp\/v2\/product"}],"about":[{"href":"https:\/\/pecpets.com\/se\/wp-json\/wp\/v2\/types\/product"}],"wp:featuredmedia":[{"embeddable":true,"href":"https:\/\/pecpets.com\/se\/wp-json\/wp\/v2\/media\/23447"}],"wp:attachment":[{"href":"https:\/\/pecpets.com\/se\/wp-json\/wp\/v2\/media?parent=23431"}],"wp:term":[{"taxonomy":"product_brand","embeddable":true,"href":"https:\/\/pecpets.com\/se\/wp-json\/wp\/v2\/product_brand?post=23431"},{"taxonomy":"product_cat","embeddable":true,"href":"https:\/\/pecpets.com\/se\/wp-json\/wp\/v2\/product_cat?post=23431"},{"taxonomy":"product_tag","embeddable":true,"href":"https:\/\/pecpets.com\/se\/wp-json\/wp\/v2\/product_tag?post=23431"}],"curies":[{"name":"wp","href":"https:\/\/api.w.org\/{rel}","templated":true}]}}