{"id":23756,"date":"2025-12-09T09:20:00","date_gmt":"2025-12-09T01:20:00","guid":{"rendered":"https:\/\/pecpets.com\/?post_type=product&#038;p=23756"},"modified":"2025-12-09T16:25:16","modified_gmt":"2025-12-09T08:25:16","slug":"dog-clothes-raincoat","status":"publish","type":"product","link":"https:\/\/pecpets.com\/se\/product\/dog-clothes-raincoat\/","title":{"rendered":"Hundkl\u00e4der Regnrock"},"content":{"rendered":"<h2>[Pet Clothes Manufacturer] High-Collar Waterproof Dog Clothes Raincoat \u2013 Direct from [Luxury clothes Factory]<\/h2>\n<table width=\"288\">\n<tbody>\n<tr>\n<td width=\"137\"><span style=\"color: #333333;\">Product Name<\/span><\/td>\n<td width=\"151\"><span style=\"color: #333333;\">Pet Clothes<\/span><\/td>\n<\/tr>\n<tr>\n<td><span style=\"color: #333333;\">Item No.<\/span><\/td>\n<td><span style=\"color: #333333;\">P-C3017<\/span><\/td>\n<\/tr>\n<tr>\n<td><span style=\"color: #333333;\">Material<\/span><\/td>\n<td>Cotton, Polyester, Fleece<\/td>\n<\/tr>\n<tr>\n<td><span style=\"color: #333333;\">\u00a0Size and Color<\/span><\/td>\n<td><span style=\"color: #333333;\">Customized<\/span><\/td>\n<\/tr>\n<tr>\n<td><span style=\"color: #333333;\">\u00a0Delivery time<\/span><\/td>\n<td><span style=\"color: #333333;\">1- 5 days for small quantities by air and 30- 35 days for large quantities by sea<\/span><\/td>\n<\/tr>\n<\/tbody>\n<\/table>\n<p>&nbsp;<\/p>\n<div class=\"Message_messageTextContainer__w64Sc\">\n<div class=\"Message_selectableText__SQ8WH\">\n<div class=\"Markdown_markdownContainer__Tz3HQ\">\n<div class=\"Prose_prose__7AjXb Prose_presets_prose__H9VRM Prose_presets_theme-hi-contrast__LQyM9\">\n<h3><strong>FAQ: Sourcing &amp; Technical Specs<\/strong><\/h3>\n<p><strong>Q1: What materials are used?<\/strong><br \/>\n<strong>A:<\/strong> We use a durable, water-resistant Polyester shell with a PU coating. The collar is made of soft, stretchy fabric for comfort. Buckles are heavy-duty ABS plastic that won&#8217;t crack in the cold.<\/p>\n<p><strong>Q2: Who makes these products?<\/strong><br \/>\n<strong>A:<\/strong> Our <strong>Dog Clothes Raincoat<\/strong> is stitched by workers with 5+ years of textile experience. We pay fair wages to retain skilled labor, ensuring consistent stitching and seam sealing.<\/p>\n<p><strong>Q3: What are the best usage scenarios?<\/strong><br \/>\n<strong>A:<\/strong> Perfect for heavy rain, windy urban walks, and muddy hiking. The open-bottom design allows for full mobility without restricting the dog&#8217;s gait.<\/p>\n<p><strong>Q4: [Expert Focus] How do you ensure sizing consistency?<\/strong><br \/>\n<strong>A:<\/strong> Sizing issues kill profits. We use digital pattern grading to ensure every batch matches the size chart exactly. We can provide detailed measurement guides for your customers.<\/p>\n<p><strong>Q5: [Expert Focus] What is your Quality Control (QC) process?<\/strong><br \/>\n<strong>A:<\/strong> We inspect raw fabric before cutting and perform a 100% final inspection on finished goods. We check waterproofing, seam strength, and color fastness before shipping.<\/p>\n<\/div>\n<\/div>\n<\/div>\n<\/div>\n<div class=\"Message_messageMetadataContainer__nBPq7\"><\/div>\n","protected":false},"excerpt":{"rendered":"<h3><strong>Produktgranskning av experter<\/strong><\/h3>\n<p>Som ink\u00f6psexpert vet jag att du beh\u00f6ver produkter som l\u00f6ser problem. Denna regnrock f\u00f6r hundkl\u00e4der \u00e4r enast\u00e5ende p\u00e5 grund av sin unika \u201csnood\u201d -design med h\u00f6g krage. Till skillnad fr\u00e5n vanliga rockar f\u00f6rhindrar detta att vatten droppar ner i hundens nacke, en enorm f\u00f6rs\u00e4ljningsargument f\u00f6r husdjurs\u00e4gare.<\/p>\n<p>Designen har ett livfullt, vattent\u00e4tt gult skal med reflexer f\u00f6r \u00f6kad s\u00e4kerhet och ett justerbart ryggsp\u00e4nne f\u00f6r perfekt passform. Det \u00e4r inte bara en regnrock, det \u00e4r en h\u00f6gpresterande utrustning. Om du vill ha en regnrock f\u00f6r hundkl\u00e4der som minskar antalet returer och f\u00e5r 5-stj\u00e4rniga recensioner, \u00e4r det h\u00e4r den r\u00e4tta.<\/p>\n<h3><strong>Varf\u00f6r k\u00f6pa fr\u00e5n oss?<\/strong><\/h3>\n<p>Vi g\u00f6r sourcing enkelt. Som en f\u00f6rstklassig tillverkare av hundkl\u00e4der och leverant\u00f6r av hundkl\u00e4der baserad i hundkl\u00e4der Kina, specialiserar vi oss p\u00e5 h\u00f6gkvalitativ utrustning. Vi \u00e4r inte bara ett generiskt hundkl\u00e4desf\u00f6retag; vi \u00e4r en dedikerad hundkl\u00e4desfabrik byggd f\u00f6r internationella standarder.<\/p>\n<ul>\n<li><strong>Tj\u00e4nster:<\/strong> Vi hanterar bulkbest\u00e4llningar av hundkl\u00e4der, hundkl\u00e4der OEM (din design) och hundkl\u00e4der ODM (v\u00e5r design, ditt varum\u00e4rke).<\/li>\n<li><strong>Flexibilitet:<\/strong> Vi \u00e4r en hundkl\u00e4desleverant\u00f6r och hundkl\u00e4desgrossist som st\u00f6der hundkl\u00e4des privata etikettbehov.<\/li>\n<li><strong>Logistik:<\/strong> Vi \u00e4r experter p\u00e5 export av hundkl\u00e4der och s\u00e4kerst\u00e4ller smidig leverans till ditt lager.<\/li>\n<\/ul>","protected":false},"featured_media":23771,"template":"","meta":{"_seopress_robots_primary_cat":"none","_seopress_titles_title":"Dog Clothes Raincoat\u200b\u200b | ODM & OEM Solutions","_seopress_titles_desc":"As Dog Clothes Raincoat Factory, we design premium knitwear for pets worldwide. Bulk orders, OEM services. Request free cozy samples today!","_seopress_robots_index":"","_uag_custom_page_level_css":""},"product_brand":[],"product_cat":[365,23,333],"product_tag":[],"class_list":{"0":"post-23756","1":"product","2":"type-product","3":"status-publish","4":"has-post-thumbnail","6":"product_cat-functional-dog-clothing","7":"product_cat-pet-clothing","8":"product_cat-pet-raincoat","10":"first","11":"instock","12":"shipping-taxable","13":"product-type-simple"},"uagb_featured_image_src":{"full":["https:\/\/pecpets.com\/wp-content\/uploads\/2025\/12\/Dog-Clothes-Raincoat-15.jpg",800,533,false],"thumbnail":["https:\/\/pecpets.com\/wp-content\/uploads\/2025\/12\/Dog-Clothes-Raincoat-15-150x150.jpg",150,150,true],"medium":["https:\/\/pecpets.com\/wp-content\/uploads\/2025\/12\/Dog-Clothes-Raincoat-15-300x200.jpg",300,200,true],"medium_large":["https:\/\/pecpets.com\/wp-content\/uploads\/2025\/12\/Dog-Clothes-Raincoat-15-768x512.jpg",768,512,true],"large":["https:\/\/pecpets.com\/wp-content\/uploads\/2025\/12\/Dog-Clothes-Raincoat-15.jpg",800,533,false],"1536x1536":["https:\/\/pecpets.com\/wp-content\/uploads\/2025\/12\/Dog-Clothes-Raincoat-15.jpg",800,533,false],"2048x2048":["https:\/\/pecpets.com\/wp-content\/uploads\/2025\/12\/Dog-Clothes-Raincoat-15.jpg",800,533,false],"trp-custom-language-flag":["https:\/\/pecpets.com\/wp-content\/uploads\/2025\/12\/Dog-Clothes-Raincoat-15-18x12.jpg",18,12,true],"woocommerce_thumbnail":["https:\/\/pecpets.com\/wp-content\/uploads\/2025\/12\/Dog-Clothes-Raincoat-15-300x300.jpg",300,300,true],"woocommerce_single":["https:\/\/pecpets.com\/wp-content\/uploads\/2025\/12\/Dog-Clothes-Raincoat-15-600x400.jpg",600,400,true],"woocommerce_gallery_thumbnail":["https:\/\/pecpets.com\/wp-content\/uploads\/2025\/12\/Dog-Clothes-Raincoat-15-100x100.jpg",100,100,true]},"uagb_author_info":{"display_name":"Lawrence\u00a0\u52b3\u4f26\u65af","author_link":"https:\/\/pecpets.com\/se\/author\/"},"uagb_comment_info":0,"uagb_excerpt":"Expert Product Review As a sourcing expert, I know you need products that solve problems. This Dog Clothes Raincoat is a standout because of its unique \"snood\" high-collar design. Unlike standard coats, this prevents water from dripping down the dog's neck, a huge selling point for pet owners. The design features a vibrant, waterproof yellow&hellip;","_links":{"self":[{"href":"https:\/\/pecpets.com\/se\/wp-json\/wp\/v2\/product\/23756","targetHints":{"allow":["GET"]}}],"collection":[{"href":"https:\/\/pecpets.com\/se\/wp-json\/wp\/v2\/product"}],"about":[{"href":"https:\/\/pecpets.com\/se\/wp-json\/wp\/v2\/types\/product"}],"wp:featuredmedia":[{"embeddable":true,"href":"https:\/\/pecpets.com\/se\/wp-json\/wp\/v2\/media\/23771"}],"wp:attachment":[{"href":"https:\/\/pecpets.com\/se\/wp-json\/wp\/v2\/media?parent=23756"}],"wp:term":[{"taxonomy":"product_brand","embeddable":true,"href":"https:\/\/pecpets.com\/se\/wp-json\/wp\/v2\/product_brand?post=23756"},{"taxonomy":"product_cat","embeddable":true,"href":"https:\/\/pecpets.com\/se\/wp-json\/wp\/v2\/product_cat?post=23756"},{"taxonomy":"product_tag","embeddable":true,"href":"https:\/\/pecpets.com\/se\/wp-json\/wp\/v2\/product_tag?post=23756"}],"curies":[{"name":"wp","href":"https:\/\/api.w.org\/{rel}","templated":true}]}}