{"id":3128,"date":"2023-09-01T14:37:34","date_gmt":"2023-09-01T06:37:34","guid":{"rendered":"https:\/\/pecpets.com\/?post_type=product&#038;p=3128"},"modified":"2024-10-24T14:51:51","modified_gmt":"2024-10-24T06:51:51","slug":"dog-clothes-warm-windproof-vest","status":"publish","type":"product","link":"https:\/\/pecpets.com\/se\/product\/dog-clothes-warm-windproof-vest\/","title":{"rendered":"Hundkl\u00e4der Varm vindt\u00e4t v\u00e4st"},"content":{"rendered":"<h2><strong>Hundkl\u00e4der fr\u00e5n grossistfabriken - Hundkl\u00e4der Varm vindt\u00e4t v\u00e4st<\/strong><\/h2>\n<p data-immersive-translate-walked=\"e7004b1f-2e8f-4436-a121-9fbf271e51c9\" data-immersive-translate-paragraph=\"1\">F\u00f6rh\u00f6j din h\u00e5riga v\u00e4ns stil och komfort med v\u00e5r grossistfabriks samling av vadderade hundkl\u00e4der.<\/p>\n<table style=\"border-collapse: collapse; background-color: #ffffff; width: 332px; height: 279px;\" border=\"1\">\n<tbody>\n<tr>\n<td style=\"font-family: Verdana, Arial, Helvetica, sans-serif; font-size: 12px; color: #000000; margin: 8px; width: 187px; text-align: center;\"><span style=\"line-height: 21px; font-size: 14px;\">Produkter Namn<\/span><\/td>\n<td style=\"font-family: Verdana, Arial, Helvetica, sans-serif; font-size: 12px; color: #000000; margin: 8px; width: 526px; text-align: center;\">P\u00e4ls f\u00f6r husdjur<\/td>\n<\/tr>\n<tr>\n<td style=\"font-family: Verdana, Arial, Helvetica, sans-serif; font-size: 12px; color: #000000; margin: 8px; width: 187px; text-align: center;\"><span style=\"line-height: 21px; font-size: 14px;\">Artikel nr.<\/span><\/td>\n<td style=\"font-family: Verdana, Arial, Helvetica, sans-serif; font-size: 12px; color: #000000; margin: 8px; width: 526px; text-align: center;\"><span style=\"font-size: 14px;\">P-C2040<\/span><\/td>\n<\/tr>\n<tr>\n<td style=\"font-family: Verdana, Arial, Helvetica, sans-serif; font-size: 12px; color: #000000; margin: 8px; width: 187px; text-align: center;\"><span style=\"line-height: 21px; color: #333333; font-family: Arial, Helvetica; font-size: 14px; font-style: normal; font-weight: 400; background-color: #ffffff; float: none; display: inline !important;\">Material<\/span><\/td>\n<td style=\"font-family: Verdana, Arial, Helvetica, sans-serif; font-size: 12px; color: #000000; margin: 8px; width: 526px; text-align: center;\">Bomull, Polyester<\/td>\n<\/tr>\n<tr>\n<td style=\"font-family: Verdana, Arial, Helvetica, sans-serif; font-size: 12px; color: #000000; margin: 8px; width: 187px; text-align: center;\"><span style=\"line-height: 21px; font-size: 14px;\">\u00a0Storlek<\/span><\/td>\n<td style=\"font-family: Verdana, Arial, Helvetica, sans-serif; font-size: 12px; color: #000000; margin: 8px; width: 526px; text-align: center;\"><span style=\"font-size: 14px;\">Anpassad storlek<\/span><\/td>\n<\/tr>\n<tr>\n<td style=\"font-family: Verdana, Arial, Helvetica, sans-serif; font-size: 12px; color: #000000; margin: 8px; width: 187px; text-align: center;\"><span style=\"line-height: 21px; font-size: 14px;\">\u00a0F\u00e4rg<\/span><\/td>\n<td style=\"font-family: Verdana, Arial, Helvetica, sans-serif; font-size: 12px; color: #000000; margin: 8px; width: 526px; text-align: center;\"><span style=\"line-height: 21px; font-size: 14px;\">Anpassad f\u00e4rg\u00a0<\/span><\/td>\n<\/tr>\n<tr>\n<td style=\"font-family: Verdana, Arial, Helvetica, sans-serif; font-size: 12px; color: #000000; margin: 8px; width: 187px; text-align: center;\"><span style=\"line-height: 21px; font-size: 14px;\">\u00a0<span style=\"line-height: 21px; color: #333333; font-family: Arial, Helvetica; font-size: 14px; font-style: normal; font-weight: 400; background-color: #ffffff; float: none; display: inline !important;\">Typ av husdjur<\/span><\/span><\/td>\n<td style=\"font-family: Verdana, Arial, Helvetica, sans-serif; font-size: 12px; color: #000000; margin: 8px; width: 526px; text-align: center;\"><span style=\"line-height: 21px; font-size: 14px;\">\u00a0Alla hundar<\/span><\/td>\n<\/tr>\n<tr>\n<td style=\"font-family: Verdana, Arial, Helvetica, sans-serif; font-size: 12px; color: #000000; margin: 8px; width: 187px; text-align: center;\"><span style=\"line-height: 21px; font-size: 14px;\">\u00a0<span style=\"line-height: 21px; color: #333333; font-family: Arial, Helvetica; font-size: 14px; font-style: normal; font-weight: 400; background-color: #ffffff; float: none; display: inline !important;\">Leveranstid<\/span><\/span><\/td>\n<td style=\"font-family: Verdana, Arial, Helvetica, sans-serif; font-size: 12px; color: #000000; margin: 8px; width: 526px; text-align: center;\"><span style=\"line-height: 21px; font-size: 14px;\"><span style=\"line-height: 21px; color: #000000; font-family: Verdana, Arial, Helvetica, sans-serif; font-size: 14px; font-style: normal; font-weight: 400; background-color: #ffffff; float: none; display: inline !important;\">1-5 dagar f\u00f6r liten m\u00e4ngd med flyg och 30-35 dagar f\u00f6r stor m\u00e4ngd till sj\u00f6ss<\/span>\u00a0<\/span><\/td>\n<\/tr>\n<tr>\n<td style=\"font-family: Verdana, Arial, Helvetica, sans-serif; font-size: 12px; color: #000000; margin: 8px; width: 187px; text-align: center;\"><span style=\"line-height: 21px; font-size: 14px;\">\u00a0<span style=\"line-height: 21px; color: #333333; font-family: Arial, Helvetica; font-size: 14px; font-style: normal; font-weight: 400; background-color: #ffffff; float: none; display: inline !important;\">Hamn f\u00f6r avs\u00e4ndning<\/span><\/span><\/td>\n<td style=\"font-family: Verdana, Arial, Helvetica, sans-serif; font-size: 12px; color: #000000; margin: 8px; width: 526px; text-align: center;\"><span style=\"line-height: 21px; font-size: 14px;\">Xiamen\u00a0<\/span><\/td>\n<\/tr>\n<tr>\n<td style=\"font-family: Verdana, Arial, Helvetica, sans-serif; font-size: 12px; color: #000000; margin: 8px; width: 187px; text-align: center;\"><span style=\"line-height: 21px; font-size: 14px;\">\u00a0<span style=\"line-height: 21px; color: #333333; font-family: Arial, Helvetica; font-size: 14px; font-style: normal; font-weight: 400; background-color: #ffffff; float: none; display: inline !important;\">OEM\/ODM<\/span><\/span><\/td>\n<td style=\"font-family: Verdana, Arial, Helvetica, sans-serif; font-size: 12px; color: #000000; margin: 8px; width: 526px; text-align: center;\"><span style=\"line-height: 21px; font-size: 14px;\">\u00a0<span style=\"line-height: 21px; color: #333333; font-family: Arial, Helvetica; font-size: 14px; font-style: normal; font-weight: 400; background-color: #ffffff; float: none; display: inline !important;\">Tillg\u00e4nglig<\/span><\/span><\/td>\n<\/tr>\n<tr>\n<td style=\"font-family: Verdana, Arial, Helvetica, sans-serif; font-size: 12px; color: #000000; margin: 8px; width: 187px; text-align: center;\"><span style=\"line-height: 21px; font-size: 14px;\">\u00a0<span style=\"line-height: 21px; color: #333333; font-family: Arial, Helvetica; font-size: 14px; font-style: normal; font-weight: 400; background-color: #ffffff; float: none; display: inline !important;\">Paket<\/span><\/span><\/td>\n<td style=\"font-family: Verdana, Arial, Helvetica, sans-serif; font-size: 12px; color: #000000; margin: 8px; width: 526px; text-align: center;\"><span style=\"line-height: 21px; font-size: 14px;\"><span style=\"line-height: 21px; color: #333333; font-family: Arial, Helvetica; font-size: 14px; font-style: normal; font-weight: 400; background-color: #ffffff; float: none; display: inline !important;\">Var och en f\u00f6rpackad i en PPB och sedan i kartong eller efter behov<\/span><\/span><\/td>\n<\/tr>\n<\/tbody>\n<\/table>\n<p data-immersive-translate-walked=\"e7004b1f-2e8f-4436-a121-9fbf271e51c9\" data-immersive-translate-paragraph=\"1\">V\u00e5r vindt\u00e4ta och varma hundkappa \u00e4r utformad f\u00f6r att h\u00e5lla ditt husdjur mysigt och skyddat i alla situationer.<\/p>\n<p data-immersive-translate-walked=\"e7004b1f-2e8f-4436-a121-9fbf271e51c9\" data-immersive-translate-paragraph=\"1\">F\u00f6rb\u00e4ttra ditt husdjurs garderob med detta h\u00f6gkvalitativa kl\u00e4desplagg.<\/p>\n<p data-immersive-translate-walked=\"e7004b1f-2e8f-4436-a121-9fbf271e51c9\" data-immersive-translate-paragraph=\"1\">Fyll p\u00e5 med dessa viktiga produkter f\u00f6r alla dina grossistbehov idag!<\/p>","protected":false},"excerpt":{"rendered":"<h3>Partihandel Hundkl\u00e4der Varm Vindt\u00e4t v\u00e4st<\/h3>\n<p>Utforska hundkl\u00e4der Varm vindt\u00e4t v\u00e4st.<\/p>\n<p>Butik <span style=\"color: #ff0000;\"><a style=\"color: #ff0000;\" href=\"https:\/\/pecpets.com\/se\/produktkategori\/pet-clothing\/\" target=\"_blank\" rel=\"noopener\">partihandel med kl\u00e4der f\u00f6r husdjur<\/a><\/span> fr\u00e5n faktumPet Dog Coat Jacket Thicken Warmory f\u00f6r oslagbara priser och kvalitet<\/p>","protected":false},"featured_media":3138,"template":"","meta":{"_seopress_robots_primary_cat":"none","_seopress_titles_title":"Dog Clothes Warm Windproof Vests - Pet Product Manufacturer","_seopress_titles_desc":"Discover Dog Clothes Warm Windproof Vest. Our dog coats offer premium comfort and protection. Shop wholesale directly from the factory.\u00a0","_seopress_robots_index":"","_uag_custom_page_level_css":""},"product_brand":[],"product_cat":[364,342,23],"product_tag":[],"class_list":{"0":"post-3128","1":"product","2":"type-product","3":"status-publish","4":"has-post-thumbnail","6":"product_cat-basic-dog-clothing","7":"product_cat-pet-coat","8":"product_cat-pet-clothing","10":"first","11":"instock","12":"shipping-taxable","13":"product-type-simple"},"uagb_featured_image_src":{"full":["https:\/\/pecpets.com\/wp-content\/uploads\/2023\/09\/IMG_5411-scaled.jpg",6960,4640,false],"thumbnail":["https:\/\/pecpets.com\/wp-content\/uploads\/2023\/09\/IMG_5411-scaled.jpg",150,100,false],"medium":["https:\/\/pecpets.com\/wp-content\/uploads\/2023\/09\/IMG_5411-scaled.jpg",300,200,false],"medium_large":["https:\/\/pecpets.com\/wp-content\/uploads\/2023\/09\/IMG_5411-scaled.jpg",768,512,false],"large":["https:\/\/pecpets.com\/wp-content\/uploads\/2023\/09\/IMG_5411-scaled.jpg",800,533,false],"1536x1536":["https:\/\/pecpets.com\/wp-content\/uploads\/2023\/09\/IMG_5411-scaled.jpg",1536,1024,false],"2048x2048":["https:\/\/pecpets.com\/wp-content\/uploads\/2023\/09\/IMG_5411-scaled.jpg",2048,1365,false],"trp-custom-language-flag":["https:\/\/pecpets.com\/wp-content\/uploads\/2023\/09\/IMG_5411-scaled.jpg",18,12,false],"woocommerce_thumbnail":["https:\/\/pecpets.com\/wp-content\/uploads\/2023\/09\/IMG_5411-300x300.jpg",300,300,true],"woocommerce_single":["https:\/\/pecpets.com\/wp-content\/uploads\/2023\/09\/IMG_5411-scaled.jpg",600,400,false],"woocommerce_gallery_thumbnail":["https:\/\/pecpets.com\/wp-content\/uploads\/2023\/09\/IMG_5411-scaled-100x100.jpg",100,100,true]},"uagb_author_info":{"display_name":"Lawrence\u00a0\u52b3\u4f26\u65af","author_link":"https:\/\/pecpets.com\/se\/author\/"},"uagb_comment_info":0,"uagb_excerpt":"Wholesale Dog Clothes Warm Windproof Vest Explore Dog Clothes Warm Windproof Vest. Shop wholesale pet clothes from the factPet Dog Coat Jacket Thicken Warmory for unbeatable prices and quality","_links":{"self":[{"href":"https:\/\/pecpets.com\/se\/wp-json\/wp\/v2\/product\/3128","targetHints":{"allow":["GET"]}}],"collection":[{"href":"https:\/\/pecpets.com\/se\/wp-json\/wp\/v2\/product"}],"about":[{"href":"https:\/\/pecpets.com\/se\/wp-json\/wp\/v2\/types\/product"}],"wp:featuredmedia":[{"embeddable":true,"href":"https:\/\/pecpets.com\/se\/wp-json\/wp\/v2\/media\/3138"}],"wp:attachment":[{"href":"https:\/\/pecpets.com\/se\/wp-json\/wp\/v2\/media?parent=3128"}],"wp:term":[{"taxonomy":"product_brand","embeddable":true,"href":"https:\/\/pecpets.com\/se\/wp-json\/wp\/v2\/product_brand?post=3128"},{"taxonomy":"product_cat","embeddable":true,"href":"https:\/\/pecpets.com\/se\/wp-json\/wp\/v2\/product_cat?post=3128"},{"taxonomy":"product_tag","embeddable":true,"href":"https:\/\/pecpets.com\/se\/wp-json\/wp\/v2\/product_tag?post=3128"}],"curies":[{"name":"wp","href":"https:\/\/api.w.org\/{rel}","templated":true}]}}