{"id":3599,"date":"2023-09-05T17:36:32","date_gmt":"2023-09-05T09:36:32","guid":{"rendered":"https:\/\/pecpets.com\/?post_type=product&#038;p=3599"},"modified":"2024-06-13T16:07:09","modified_gmt":"2024-06-13T08:07:09","slug":"breathable-dog-harness-set-22","status":"publish","type":"product","link":"https:\/\/pecpets.com\/se\/product\/breathable-dog-harness-set-22\/","title":{"rendered":"Andningsbart hundsel-set"},"content":{"rendered":"<h2 data-immersive-translate-walked=\"0639d3b4-b782-4efa-9548-3f6c5f98ef3d\" data-immersive-translate-paragraph=\"1\">H\u00f6gkvalitativ justerbar andningsbar hundseleupps\u00e4ttning | grossistfabrik<span class=\"notranslate immersive-translate-target-wrapper\" lang=\"zh-CN\" data-immersive-translate-translation-element-mark=\"1\"><br \/>\n<\/span><\/h2>\n<p>Utforska v\u00e5r samling av h\u00f6gkvalitativa justerbara och andningsbara hundseleupps\u00e4ttningar som finns tillg\u00e4ngliga till grossistpriser direkt fr\u00e5n fabriken.<\/p>\n<p>V\u00e5ra produkter \u00e4r utformade f\u00f6r att ge komfort och s\u00e4kerhet f\u00f6r dina fyrbenta v\u00e4nner, s\u00e5 att de ser ut och m\u00e5r bra under promenader och \u00e4ventyr.<\/p>\n<p>Handla nu och ge dina kunder det b\u00e4sta inom hundselar som \u00e4r b\u00e5de funktionella och snygga.<\/p>","protected":false},"excerpt":{"rendered":"<h3>Andningsbart hundsel-set<\/h3>\n<table class=\"woocommerce-product-attributes shop_attributes\">\n<tbody>\n<tr class=\"woocommerce-product-attributes-item woocommerce-product-attributes-item--attribute_pa_color\">\n<th class=\"woocommerce-product-attributes-item__label\">F\u00e4rg<\/th>\n<td class=\"woocommerce-product-attributes-item__value\">Anpassa f\u00e4rg och m\u00f6nster<\/td>\n<\/tr>\n<tr class=\"woocommerce-product-attributes-item woocommerce-product-attributes-item--attribute_pa_item-no\">\n<th class=\"woocommerce-product-attributes-item__label\">Artikel nr.<\/th>\n<td class=\"woocommerce-product-attributes-item__value\">RH-018<\/td>\n<\/tr>\n<tr class=\"woocommerce-product-attributes-item woocommerce-product-attributes-item--attribute_pa_size\">\n<th class=\"woocommerce-product-attributes-item__label\">Storlek<\/th>\n<td class=\"woocommerce-product-attributes-item__value\">XS\/S\/M\/L\/XL<\/td>\n<\/tr>\n<\/tbody>\n<\/table>\n<p><strong>Funktioner:<\/strong><\/p>\n<ul>\n<li>V\u00e4ndbar sele i anpassad f\u00e4rg<\/li>\n<li>Tillverkad med neoprenv\u00e4v p\u00e5 b\u00e5da sidor<\/li>\n<li>Andningsbar, slitstark och vattenavvisande<\/li>\n<li>L\u00e4tt att ta p\u00e5 sig<\/li>\n<li>Sn\u00e4ppsp\u00e4nne f\u00f6r st\u00e4ngning<\/li>\n<li>Justerbar vid omkretsen<\/li>\n<li>Koppelf\u00e4ste med V-ring p\u00e5 baksidan<\/li>\n<\/ul>\n<p><strong>Sk\u00f6tselr\u00e5d:<\/strong><\/p>\n<ul>\n<li>Tv\u00e4tta f\u00f6rsiktigt f\u00f6r hand med milt reng\u00f6ringsmedel<\/li>\n<li>H\u00e4ng torrt i skugga<\/li>\n<\/ul>","protected":false},"featured_media":3600,"template":"","meta":{"_seopress_robots_primary_cat":"none","_seopress_titles_title":"Breathable Dog Harness Set - Professional Manufacturers","_seopress_titles_desc":"Explore our adjustable pet harness sets. Breathable dog harness set designed for comfort and durability. Trusted manufacturer providing premium products.","_seopress_robots_index":"","_uag_custom_page_level_css":""},"product_brand":[],"product_cat":[212,323],"product_tag":[],"class_list":{"0":"post-3599","1":"product","2":"type-product","3":"status-publish","4":"has-post-thumbnail","6":"product_cat-pet-harness","7":"product_cat-standard-harnesses","9":"first","10":"instock","11":"shipping-taxable","12":"product-type-simple"},"uagb_featured_image_src":{"full":["https:\/\/pecpets.com\/wp-content\/uploads\/2023\/09\/Detail-01-3.jpg",1000,1000,false],"thumbnail":["https:\/\/pecpets.com\/wp-content\/uploads\/2023\/09\/Detail-01-3.jpg",150,150,false],"medium":["https:\/\/pecpets.com\/wp-content\/uploads\/2023\/09\/Detail-01-3.jpg",300,300,false],"medium_large":["https:\/\/pecpets.com\/wp-content\/uploads\/2023\/09\/Detail-01-3.jpg",768,768,false],"large":["https:\/\/pecpets.com\/wp-content\/uploads\/2023\/09\/Detail-01-3.jpg",800,800,false],"1536x1536":["https:\/\/pecpets.com\/wp-content\/uploads\/2023\/09\/Detail-01-3.jpg",1000,1000,false],"2048x2048":["https:\/\/pecpets.com\/wp-content\/uploads\/2023\/09\/Detail-01-3.jpg",1000,1000,false],"trp-custom-language-flag":["https:\/\/pecpets.com\/wp-content\/uploads\/2023\/09\/Detail-01-3.jpg",12,12,false],"woocommerce_thumbnail":["https:\/\/pecpets.com\/wp-content\/uploads\/2023\/09\/Detail-01-3.jpg",300,300,false],"woocommerce_single":["https:\/\/pecpets.com\/wp-content\/uploads\/2023\/09\/Detail-01-3.jpg",600,600,false],"woocommerce_gallery_thumbnail":["https:\/\/pecpets.com\/wp-content\/uploads\/2023\/09\/Detail-01-3.jpg",100,100,false]},"uagb_author_info":{"display_name":"Lawrence\u00a0\u52b3\u4f26\u65af","author_link":"https:\/\/pecpets.com\/se\/author\/"},"uagb_comment_info":0,"uagb_excerpt":"Breathable Dog Harness Set Color Customize Color and Pattern Item No. RH-018 Size XS\/S\/M\/L\/XL Features: Reversible harness in custom color Made with neoprene fabric on both sides Breathable, durable and water-resistant Easy to slip on Snap buckle closure Adjustable at the girth V-ring leash attachment at back Care instructions: Gently hand wash using mild detergent&hellip;","_links":{"self":[{"href":"https:\/\/pecpets.com\/se\/wp-json\/wp\/v2\/product\/3599","targetHints":{"allow":["GET"]}}],"collection":[{"href":"https:\/\/pecpets.com\/se\/wp-json\/wp\/v2\/product"}],"about":[{"href":"https:\/\/pecpets.com\/se\/wp-json\/wp\/v2\/types\/product"}],"wp:featuredmedia":[{"embeddable":true,"href":"https:\/\/pecpets.com\/se\/wp-json\/wp\/v2\/media\/3600"}],"wp:attachment":[{"href":"https:\/\/pecpets.com\/se\/wp-json\/wp\/v2\/media?parent=3599"}],"wp:term":[{"taxonomy":"product_brand","embeddable":true,"href":"https:\/\/pecpets.com\/se\/wp-json\/wp\/v2\/product_brand?post=3599"},{"taxonomy":"product_cat","embeddable":true,"href":"https:\/\/pecpets.com\/se\/wp-json\/wp\/v2\/product_cat?post=3599"},{"taxonomy":"product_tag","embeddable":true,"href":"https:\/\/pecpets.com\/se\/wp-json\/wp\/v2\/product_tag?post=3599"}],"curies":[{"name":"wp","href":"https:\/\/api.w.org\/{rel}","templated":true}]}}