{"id":5059,"date":"2024-04-30T14:04:01","date_gmt":"2024-04-30T06:04:01","guid":{"rendered":"https:\/\/pecpets.com\/?post_type=product&#038;p=5059"},"modified":"2024-10-29T15:41:10","modified_gmt":"2024-10-29T07:41:10","slug":"cartoon-summer-breathable-pet-bed","status":"publish","type":"product","link":"https:\/\/pecpets.com\/se\/product\/cartoon-summer-breathable-pet-bed\/","title":{"rendered":"Tecknad sommar andningsbar s\u00e4ng f\u00f6r husdjur"},"content":{"rendered":"<div class=\"elementor-element elementor-element-f148377 elementor-widget elementor-widget-woocommerce-product-content\" data-id=\"f148377\" data-element_type=\"widget\" data-widget_type=\"woocommerce-product-content.default\">\n<div class=\"elementor-widget-container\">\n<h2>Tecknad sommar Andningsaktiv <span style=\"color: #ff0000;\"><a style=\"color: #ff0000;\" href=\"https:\/\/pecpets.com\/se\/produktkategori\/pet-bed\/\" target=\"_blank\" rel=\"noopener\">S\u00e4ng f\u00f6r husdjur<\/a><\/span><\/h2>\n<p>\ud83d\udc96V\u00c4RLDENS BEKV\u00c4MASTE, 100% KLADDFRIA M\u00d6BELSKYDD. GARANTERAD.\ud83d\udc36 \ud83d\udc31<br \/>\n\ud83d\udc8e Skyddar dina m\u00f6bler samtidigt som de \u00e4r bekv\u00e4ma<br \/>\n\ud83d\udc8e Bekv\u00e4mt djurv\u00e4nligt material<br \/>\n\ud83d\udc8e Omedelbar luftfri soffa<br \/>\n\ud83d\udc8e Avtagbart \u00f6verdrag som kan tv\u00e4ttas i maskin<\/p>\n<p>Storlek S M\u00e5tt:<br \/>\n45 x 35 cm<\/p>\n<p>Storlek M M\u00e5tt:<br \/>\n55x 40CM<\/p>\n<p>Storlek L M\u00e5tt:<br \/>\n65 x50CM<\/p>\n<p>Storlek XL M\u00e5tt:<br \/>\n80 x60CM<\/p>\n<p>VARF\u00d6R ALLA HUND\u00c4GARE BEH\u00d6VER ETT LUGNANDE M\u00d6BELSKYDD?<\/p>\n<p>\u2714\ufe0f O\u00d6VERTR\u00c4FFAD KOMFORT OCH ST\u00d6D F\u00d6R LEDERNA<br \/>\nGener\u00f6st fylld dyna ger utm\u00e4rkt st\u00f6d och m\u00f6jligheter att bo och k\u00e4nna sig trygg. Till skillnad fr\u00e5n andra billiga hundb\u00e4ddar \u00e4r v\u00e5ra premiumkuddar t\u00e4ta och kommer inte att falla ner ...<br \/>\nSofe Fur skapar en k\u00e4nsla av trygghet och aktiverar nervsystemet p\u00e5 ett positivt s\u00e4tt, vilket g\u00f6r att dina p\u00e4lsbarn lugnar ner sig snabbare, slappnar av l\u00e4ttare och sover b\u00e4ttre.<\/p>\n<table style=\"border-collapse: collapse; background-color: #ffffff; width: 335px; height: 242px;\" border=\"1\">\n<tbody>\n<tr>\n<td style=\"font-family: Verdana, Arial, Helvetica, sans-serif; font-size: 12px; color: #000000; margin: 8px; width: 187px; text-align: center;\"><span style=\"line-height: 21px; font-size: 14px;\">Produkter Namn<\/span><\/td>\n<td style=\"font-family: Verdana, Arial, Helvetica, sans-serif; font-size: 12px; color: #000000; margin: 8px; width: 526px; text-align: center;\">S\u00e4ng f\u00f6r husdjur<\/td>\n<\/tr>\n<tr>\n<td style=\"font-family: Verdana, Arial, Helvetica, sans-serif; font-size: 12px; color: #000000; margin: 8px; width: 187px; text-align: center;\"><span style=\"line-height: 21px; font-size: 14px;\">Artikel nr.<\/span><\/td>\n<td style=\"font-family: Verdana, Arial, Helvetica, sans-serif; font-size: 12px; color: #000000; margin: 8px; width: 526px; text-align: center;\"><span style=\"line-height: 21px; font-size: 14px;\">P-B2004<\/span><\/td>\n<\/tr>\n<tr>\n<td style=\"font-family: Verdana, Arial, Helvetica, sans-serif; font-size: 12px; color: #000000; margin: 8px; width: 187px; text-align: center;\"><span style=\"line-height: 21px; color: #333333; font-family: Arial, Helvetica; font-size: 14px; font-style: normal; font-weight: 400; background-color: #ffffff; float: none; display: inline !important;\">Material<\/span><\/td>\n<td style=\"font-family: Verdana, Arial, Helvetica, sans-serif; font-size: 12px; color: #000000; margin: 8px; width: 526px; text-align: center;\"><span style=\"color: #151515; font-family: Arial,Helvetica,sans-serif; font-size: 14px; font-style: normal; font-weight: 400; text-align: left; display: inline !important; float: none;\">Korall Fleece<\/span><\/td>\n<\/tr>\n<tr>\n<td style=\"font-family: Verdana, Arial, Helvetica, sans-serif; font-size: 12px; color: #000000; margin: 8px; width: 187px; text-align: center;\"><span style=\"line-height: 21px; font-size: 14px;\">\u00a0Storlek<\/span><\/td>\n<td style=\"font-family: Verdana, Arial, Helvetica, sans-serif; font-size: 12px; color: #000000; margin: 8px; width: 526px; text-align: center;\"><span style=\"font-size: 14px;\">Anpassad storlek<\/span><\/td>\n<\/tr>\n<tr>\n<td style=\"font-family: Verdana, Arial, Helvetica, sans-serif; font-size: 12px; color: #000000; margin: 8px; width: 187px; text-align: center;\"><span style=\"line-height: 21px; font-size: 14px;\">\u00a0F\u00e4rg<\/span><\/td>\n<td style=\"font-family: Verdana, Arial, Helvetica, sans-serif; font-size: 12px; color: #000000; margin: 8px; width: 526px; text-align: center;\"><span style=\"color: #000000; font-family: Verdana, Arial, Helvetica, sans-serif; font-size: 14px; font-style: normal; font-weight: 400; text-align: center; background-color: #ffffff; float: none; display: inline !important;\">Anpassad f\u00e4rg<\/span><\/td>\n<\/tr>\n<tr>\n<td style=\"font-family: Verdana, Arial, Helvetica, sans-serif; font-size: 12px; color: #000000; margin: 8px; width: 187px; text-align: center;\"><span style=\"line-height: 21px; font-size: 14px;\">\u00a0<span style=\"line-height: 21px; color: #333333; font-family: Arial, Helvetica; font-size: 14px; font-style: normal; font-weight: 400; background-color: #ffffff; float: none; display: inline !important;\">Typ av husdjur<\/span><\/span><\/td>\n<td style=\"font-family: Verdana, Arial, Helvetica, sans-serif; font-size: 12px; color: #000000; margin: 8px; width: 526px; text-align: center;\"><span style=\"line-height: 21px; font-size: 14px;\">\u00a0Alla hundar<\/span><\/td>\n<\/tr>\n<tr>\n<td style=\"font-family: Verdana, Arial, Helvetica, sans-serif; font-size: 12px; color: #000000; margin: 8px; width: 187px; text-align: center;\"><span style=\"line-height: 21px; font-size: 14px;\">\u00a0<span style=\"line-height: 21px; color: #333333; font-family: Arial, Helvetica; font-size: 14px; font-style: normal; font-weight: 400; background-color: #ffffff; float: none; display: inline !important;\">Leveranstid<\/span><\/span><\/td>\n<td style=\"font-family: Verdana, Arial, Helvetica, sans-serif; font-size: 12px; color: #000000; margin: 8px; width: 526px; text-align: center;\"><span style=\"line-height: 21px; font-size: 14px;\"><span style=\"line-height: 21px; color: #000000; font-family: Verdana, Arial, Helvetica, sans-serif; font-size: 14px; font-style: normal; font-weight: 400; background-color: #ffffff; float: none; display: inline !important;\">1-5 dagar f\u00f6r liten m\u00e4ngd med flyg och 30-35 dagar f\u00f6r stor m\u00e4ngd till sj\u00f6ss<\/span>\u00a0<\/span><\/td>\n<\/tr>\n<tr>\n<td style=\"font-family: Verdana, Arial, Helvetica, sans-serif; font-size: 12px; color: #000000; margin: 8px; width: 187px; text-align: center;\"><span style=\"line-height: 21px; font-size: 14px;\">\u00a0<span style=\"line-height: 21px; color: #333333; font-family: Arial, Helvetica; font-size: 14px; font-style: normal; font-weight: 400; background-color: #ffffff; float: none; display: inline !important;\">Hamn f\u00f6r avs\u00e4ndning<\/span><\/span><\/td>\n<td style=\"font-family: Verdana, Arial, Helvetica, sans-serif; font-size: 12px; color: #000000; margin: 8px; width: 526px; text-align: center;\"><span style=\"line-height: 21px; font-size: 14px;\">Xiamen\u00a0<\/span><\/td>\n<\/tr>\n<tr>\n<td style=\"font-family: Verdana, Arial, Helvetica, sans-serif; font-size: 12px; color: #000000; margin: 8px; width: 187px; text-align: center;\"><span style=\"line-height: 21px; font-size: 14px;\">\u00a0<span style=\"line-height: 21px; color: #333333; font-family: Arial, Helvetica; font-size: 14px; font-style: normal; font-weight: 400; background-color: #ffffff; float: none; display: inline !important;\">OEM\/ODM<\/span><\/span><\/td>\n<td style=\"font-family: Verdana, Arial, Helvetica, sans-serif; font-size: 12px; color: #000000; margin: 8px; width: 526px; text-align: center;\"><span style=\"line-height: 21px; font-size: 14px;\">\u00a0<span style=\"line-height: 21px; color: #333333; font-family: Arial, Helvetica; font-size: 14px; font-style: normal; font-weight: 400; background-color: #ffffff; float: none; display: inline !important;\">Tillg\u00e4nglig<\/span><\/span><\/td>\n<\/tr>\n<tr>\n<td style=\"font-family: Verdana, Arial, Helvetica, sans-serif; font-size: 12px; color: #000000; margin: 8px; width: 187px; text-align: center;\"><span style=\"line-height: 21px; font-size: 14px;\">\u00a0<span style=\"line-height: 21px; color: #333333; font-family: Arial, Helvetica; font-size: 14px; font-style: normal; font-weight: 400; background-color: #ffffff; float: none; display: inline !important;\">Paket<\/span><\/span><\/td>\n<td style=\"font-family: Verdana, Arial, Helvetica, sans-serif; font-size: 12px; color: #000000; margin: 8px; width: 526px; text-align: center;\"><span style=\"line-height: 21px; font-size: 14px;\"><span style=\"line-height: 21px; color: #333333; font-family: Arial, Helvetica; font-size: 14px; font-style: normal; font-weight: 400; background-color: #ffffff; float: none; display: inline !important;\">Var och en f\u00f6rpackad i en PPB och sedan i kartong eller efter behov<\/span><\/span><\/td>\n<\/tr>\n<\/tbody>\n<\/table>\n<p>\ud83d\udcd0Storleksguide<br \/>\n- V\u00e4lj storlek efter din hunds sovstil. t.ex. hoprullad eller utspridd<br \/>\n- V\u00e4nligen r\u00e4kna med 3-4 cm fel p\u00e5 varje storlek eftersom dessa \u00e4r handgjorda.<br \/>\nVi g\u00f6r v\u00e5rt b\u00e4sta f\u00f6r att hitta r\u00e4tt storlek, men storleken kan variera n\u00e5got.<\/p>\n<\/div>\n<\/div>","protected":false},"excerpt":{"rendered":"<div class=\"elementor-element elementor-element-36a3285 elementor-widget elementor-widget-woocommerce-product-title elementor-page-title elementor-widget-heading\" data-id=\"36a3285\" data-element_type=\"widget\" data-widget_type=\"woocommerce-product-title.default\">\n<div class=\"elementor-widget-container\">\n<div class=\"elementor-element elementor-element-36a3285 elementor-widget elementor-widget-woocommerce-product-title elementor-page-title elementor-widget-heading\" data-id=\"36a3285\" data-element_type=\"widget\" data-widget_type=\"woocommerce-product-title.default\">\n<div class=\"elementor-widget-container\">\n<h2><strong><b>Partihandel Tecknad sommar andningsbar husdjursb\u00e4dd<\/b><\/strong><\/h2>\n<p>Uppt\u00e4ck Cartoon Summer Andningsbar s\u00e4ng f\u00f6r husdjur.<\/p>\n<p>H\u00e5ll dina husdjur snygga med v\u00e5r h\u00f6gkvalitativa design.<\/p>\n<\/div>\n<\/div>\n<\/div>\n<\/div>","protected":false},"featured_media":5064,"template":"","meta":{"_seopress_robots_primary_cat":"none","_seopress_titles_title":"Cartoon Summer Breathable Pet Bed - Top Manufaccturer","_seopress_titles_desc":"Shop our cartoon summer breathable pet bed. Cooling, washable, and factory-direct, it ensures your pets stay comfortable and refreshed. Perfect for B2B buyers!","_seopress_robots_index":"","_uag_custom_page_level_css":""},"product_brand":[],"product_cat":[348,22],"product_tag":[71,69],"class_list":{"0":"post-5059","1":"product","2":"type-product","3":"status-publish","4":"has-post-thumbnail","6":"product_cat-chew-resistant-dog-beds","7":"product_cat-pet-bed","8":"product_tag-cat-bed","9":"product_tag-dog-bed","11":"first","12":"instock","13":"shipping-taxable","14":"product-type-simple"},"uagb_featured_image_src":{"full":["https:\/\/pecpets.com\/wp-content\/uploads\/2024\/04\/Cartoon-Summer-Breathable-Pet-Bed3.webp",750,725,false],"thumbnail":["https:\/\/pecpets.com\/wp-content\/uploads\/2024\/04\/Cartoon-Summer-Breathable-Pet-Bed3.webp",150,145,false],"medium":["https:\/\/pecpets.com\/wp-content\/uploads\/2024\/04\/Cartoon-Summer-Breathable-Pet-Bed3.webp",300,290,false],"medium_large":["https:\/\/pecpets.com\/wp-content\/uploads\/2024\/04\/Cartoon-Summer-Breathable-Pet-Bed3.webp",750,725,false],"large":["https:\/\/pecpets.com\/wp-content\/uploads\/2024\/04\/Cartoon-Summer-Breathable-Pet-Bed3.webp",750,725,false],"1536x1536":["https:\/\/pecpets.com\/wp-content\/uploads\/2024\/04\/Cartoon-Summer-Breathable-Pet-Bed3.webp",750,725,false],"2048x2048":["https:\/\/pecpets.com\/wp-content\/uploads\/2024\/04\/Cartoon-Summer-Breathable-Pet-Bed3.webp",750,725,false],"trp-custom-language-flag":["https:\/\/pecpets.com\/wp-content\/uploads\/2024\/04\/Cartoon-Summer-Breathable-Pet-Bed3.webp",12,12,false],"woocommerce_thumbnail":["https:\/\/pecpets.com\/wp-content\/uploads\/2024\/04\/Cartoon-Summer-Breathable-Pet-Bed3-300x300.webp",300,300,true],"woocommerce_single":["https:\/\/pecpets.com\/wp-content\/uploads\/2024\/04\/Cartoon-Summer-Breathable-Pet-Bed3.webp",600,580,false],"woocommerce_gallery_thumbnail":["https:\/\/pecpets.com\/wp-content\/uploads\/2024\/04\/Cartoon-Summer-Breathable-Pet-Bed3-100x100.webp",100,100,true]},"uagb_author_info":{"display_name":"Lawrence\u00a0\u52b3\u4f26\u65af","author_link":"https:\/\/pecpets.com\/se\/author\/"},"uagb_comment_info":0,"uagb_excerpt":"Wholesale Cartoon Summer Breathable Pet Bed Discover Cartoon Summer Breathable Pet Bed. Keep your pets stylish with our high-quality designs.","_links":{"self":[{"href":"https:\/\/pecpets.com\/se\/wp-json\/wp\/v2\/product\/5059","targetHints":{"allow":["GET"]}}],"collection":[{"href":"https:\/\/pecpets.com\/se\/wp-json\/wp\/v2\/product"}],"about":[{"href":"https:\/\/pecpets.com\/se\/wp-json\/wp\/v2\/types\/product"}],"wp:featuredmedia":[{"embeddable":true,"href":"https:\/\/pecpets.com\/se\/wp-json\/wp\/v2\/media\/5064"}],"wp:attachment":[{"href":"https:\/\/pecpets.com\/se\/wp-json\/wp\/v2\/media?parent=5059"}],"wp:term":[{"taxonomy":"product_brand","embeddable":true,"href":"https:\/\/pecpets.com\/se\/wp-json\/wp\/v2\/product_brand?post=5059"},{"taxonomy":"product_cat","embeddable":true,"href":"https:\/\/pecpets.com\/se\/wp-json\/wp\/v2\/product_cat?post=5059"},{"taxonomy":"product_tag","embeddable":true,"href":"https:\/\/pecpets.com\/se\/wp-json\/wp\/v2\/product_tag?post=5059"}],"curies":[{"name":"wp","href":"https:\/\/api.w.org\/{rel}","templated":true}]}}