{"id":5366,"date":"2024-05-10T10:37:58","date_gmt":"2024-05-10T02:37:58","guid":{"rendered":"https:\/\/pecpets.com\/?post_type=product&#038;p=5366"},"modified":"2024-10-29T17:04:17","modified_gmt":"2024-10-29T09:04:17","slug":"wholesale-luxury-dog-beds","status":"publish","type":"product","link":"https:\/\/pecpets.com\/se\/product\/wholesale-luxury-dog-beds\/","title":{"rendered":"Partihandel med lyxiga hundb\u00e4ddar"},"content":{"rendered":"<h2 data-immersive-translate-walked=\"2cfa77ee-6de6-47a8-baf9-d8175a434952\"><strong data-immersive-translate-walked=\"2cfa77ee-6de6-47a8-baf9-d8175a434952\" data-immersive-translate-paragraph=\"1\">H\u00f6g kvalitet Anpassad grossist Lyxiga hundb\u00e4ddar<\/strong><\/h2>\n<p data-immersive-translate-walked=\"2cfa77ee-6de6-47a8-baf9-d8175a434952\" data-immersive-translate-paragraph=\"1\">V\u00e4lkommen till v\u00e5r premium B2B-plattform som erbjuder lyxiga hundb\u00e4ddar som \u00e4r skr\u00e4ddarsydda f\u00f6r att ge h\u00f6gsta kvalitet och komfort f\u00f6r dina h\u00e5riga v\u00e4nner. V\u00e5r grossistkollektion av hundb\u00e4ddar har en rad lyxiga alternativ som passar alla husdjurs behov.<\/p>\n<table style=\"border-collapse: collapse; background-color: #ffffff; width: 333px; height: 272px;\" border=\"1\">\n<tbody>\n<tr>\n<td style=\"font-family: Verdana, Arial, Helvetica, sans-serif; font-size: 12px; color: #000000; margin: 8px; width: 187px; text-align: center;\"><span style=\"line-height: 21px; font-size: 14px;\">Produkter Namn<\/span><\/td>\n<td style=\"font-family: Verdana, Arial, Helvetica, sans-serif; font-size: 12px; color: #000000; margin: 8px; width: 526px; text-align: center;\"><span style=\"font-size: 14px;\">S\u00e4ng f\u00f6r husdjur<\/span><\/td>\n<\/tr>\n<tr>\n<td style=\"font-family: Verdana, Arial, Helvetica, sans-serif; font-size: 12px; color: #000000; margin: 8px; width: 187px; text-align: center;\"><span style=\"line-height: 21px; font-size: 14px;\">Artikel nr.<\/span><\/td>\n<td style=\"font-family: Verdana, Arial, Helvetica, sans-serif; font-size: 12px; color: #000000; margin: 8px; width: 526px; text-align: center;\"><span style=\"line-height: 21px; font-size: 14px;\">P-B2023<\/span><\/td>\n<\/tr>\n<tr>\n<td style=\"font-family: Verdana, Arial, Helvetica, sans-serif; font-size: 12px; color: #000000; margin: 8px; width: 187px; text-align: center;\"><span style=\"line-height: 21px; color: #333333; font-family: Arial, Helvetica; font-size: 14px; font-style: normal; font-weight: 400; background-color: #ffffff; float: none; display: inline !important;\">Material<\/span><\/td>\n<td style=\"font-family: Verdana, Arial, Helvetica, sans-serif; font-size: 12px; color: #000000; margin: 8px; width: 526px; text-align: center;\">\n<p style=\"margin: 0px auto; padding: 0px; border: 0px; line-height: 30px; color: #222222; font-family: Helvetica,Verdana,Tahoma,Arial,sans-serif; font-size: 13px; font-style: normal; font-weight: 400; background-color: #fcfcfc;\">Anpassad<\/p>\n<\/td>\n<\/tr>\n<tr>\n<td style=\"font-family: Verdana, Arial, Helvetica, sans-serif; font-size: 12px; color: #000000; margin: 8px; width: 187px; text-align: center;\"><span style=\"line-height: 21px; font-size: 14px;\">\u00a0Storlek<\/span><\/td>\n<td style=\"font-family: Verdana, Arial, Helvetica, sans-serif; font-size: 12px; color: #000000; margin: 8px; width: 526px; text-align: center;\"><span style=\"color: #222222; font-family: Helvetica,Verdana,Tahoma,Arial,sans-serif; font-size: 13px; font-style: normal; font-weight: 400; background-color: #fcfcfc; display: inline !important; float: none;\">\u00a0Anpassad<\/span><\/td>\n<\/tr>\n<tr>\n<td style=\"font-family: Verdana, Arial, Helvetica, sans-serif; font-size: 12px; color: #000000; margin: 8px; width: 187px; text-align: center;\"><span style=\"line-height: 21px; font-size: 14px;\">\u00a0F\u00e4rg<\/span><\/td>\n<td style=\"font-family: Verdana, Arial, Helvetica, sans-serif; font-size: 12px; color: #000000; margin: 8px; width: 526px; text-align: center;\"><span style=\"color: #222222; font-family: Helvetica,Verdana,Tahoma,Arial,sans-serif; font-size: 13px; font-style: normal; font-weight: 400; background-color: #fcfcfc; display: inline !important; float: none;\"><span style=\"color: #222222; font-family: arial, helvetica, sans-serif; font-size: 13px; font-style: normal; font-weight: 400; background-color: #fcfcfc; display: inline !important; float: none;\">tecknad hund, isbj\u00f6rn<\/span><span style=\"color: #222222; font-family: arial, helvetica, sans-serif; font-size: 13px; font-style: normal; font-weight: 400; background-color: #fcfcfc; display: inline !important; float: none;\">,\u00a0<\/span>gr\u00e5, bl\u00e5 eller anpassad<\/span><\/td>\n<\/tr>\n<tr>\n<td style=\"font-family: Verdana, Arial, Helvetica, sans-serif; font-size: 12px; color: #000000; margin: 8px; width: 187px; text-align: center;\"><span style=\"line-height: 21px; font-size: 14px;\">\u00a0<span style=\"line-height: 21px; color: #333333; font-family: Arial, Helvetica; font-size: 14px; font-style: normal; font-weight: 400; background-color: #ffffff; float: none; display: inline !important;\">Typ av husdjur<\/span><\/span><\/td>\n<td style=\"font-family: Verdana, Arial, Helvetica, sans-serif; font-size: 12px; color: #000000; margin: 8px; width: 526px; text-align: center;\"><span style=\"line-height: 21px; font-size: 14px;\">\u00a0Alla hundar<\/span><\/td>\n<\/tr>\n<tr>\n<td style=\"font-family: Verdana, Arial, Helvetica, sans-serif; font-size: 12px; color: #000000; margin: 8px; width: 187px; text-align: center;\"><span style=\"line-height: 21px; font-size: 14px;\">\u00a0<span style=\"line-height: 21px; color: #333333; font-family: Arial, Helvetica; font-size: 14px; font-style: normal; font-weight: 400; background-color: #ffffff; float: none; display: inline !important;\">Leveranstid<\/span><\/span><\/td>\n<td style=\"font-family: Verdana, Arial, Helvetica, sans-serif; font-size: 12px; color: #000000; margin: 8px; width: 526px; text-align: center;\"><span style=\"line-height: 21px; font-size: 14px;\"><span style=\"line-height: 21px; color: #000000; font-family: Verdana, Arial, Helvetica, sans-serif; font-size: 14px; font-style: normal; font-weight: 400; background-color: #ffffff; float: none; display: inline !important;\">1-5 dagar f\u00f6r liten m\u00e4ngd med flyg och 30-35 dagar f\u00f6r stor m\u00e4ngd till sj\u00f6ss<\/span>\u00a0<\/span><\/td>\n<\/tr>\n<tr>\n<td style=\"font-family: Verdana, Arial, Helvetica, sans-serif; font-size: 12px; color: #000000; margin: 8px; width: 187px; text-align: center;\"><span style=\"line-height: 21px; font-size: 14px;\">\u00a0<span style=\"line-height: 21px; color: #333333; font-family: Arial, Helvetica; font-size: 14px; font-style: normal; font-weight: 400; background-color: #ffffff; float: none; display: inline !important;\">Hamn f\u00f6r avs\u00e4ndning<\/span><\/span><\/td>\n<td style=\"font-family: Verdana, Arial, Helvetica, sans-serif; font-size: 12px; color: #000000; margin: 8px; width: 526px; text-align: center;\"><span style=\"line-height: 21px; font-size: 14px;\">Xiamen\u00a0<\/span><\/td>\n<\/tr>\n<tr>\n<td style=\"font-family: Verdana, Arial, Helvetica, sans-serif; font-size: 12px; color: #000000; margin: 8px; width: 187px; text-align: center;\"><span style=\"line-height: 21px; font-size: 14px;\">\u00a0<span style=\"line-height: 21px; color: #333333; font-family: Arial, Helvetica; font-size: 14px; font-style: normal; font-weight: 400; background-color: #ffffff; float: none; display: inline !important;\">OEM\/ODM<\/span><\/span><\/td>\n<td style=\"font-family: Verdana, Arial, Helvetica, sans-serif; font-size: 12px; color: #000000; margin: 8px; width: 526px; text-align: center;\"><span style=\"line-height: 21px; font-size: 14px;\">\u00a0<span style=\"line-height: 21px; color: #333333; font-family: Arial, Helvetica; font-size: 14px; font-style: normal; font-weight: 400; background-color: #ffffff; float: none; display: inline !important;\">Tillg\u00e4nglig<\/span><\/span><\/td>\n<\/tr>\n<tr>\n<td style=\"font-family: Verdana, Arial, Helvetica, sans-serif; font-size: 12px; color: #000000; margin: 8px; width: 187px; text-align: center;\"><span style=\"line-height: 21px; font-size: 14px;\">\u00a0<span style=\"line-height: 21px; color: #333333; font-family: Arial, Helvetica; font-size: 14px; font-style: normal; font-weight: 400; background-color: #ffffff; float: none; display: inline !important;\">Paket<\/span><\/span><\/td>\n<td style=\"font-family: Verdana, Arial, Helvetica, sans-serif; font-size: 12px; color: #000000; margin: 8px; width: 526px; text-align: center;\"><span style=\"line-height: 21px; font-size: 14px;\"><span style=\"line-height: 21px; color: #333333; font-family: Arial, Helvetica; font-size: 14px; font-style: normal; font-weight: 400; background-color: #ffffff; float: none; display: inline !important;\">Var och en f\u00f6rpackad i en PPB och sedan i kartong eller efter behov<\/span><\/span><\/td>\n<\/tr>\n<\/tbody>\n<\/table>\n<p data-immersive-translate-walked=\"2cfa77ee-6de6-47a8-baf9-d8175a434952\" data-immersive-translate-paragraph=\"1\">Utforska v\u00e5rt exklusiva urval av lyxiga hundb\u00e4ddar, tillverkade av de finaste materialen f\u00f6r att s\u00e4kerst\u00e4lla h\u00e5llbarhet och stil. Fr\u00e5n mysiga kuddar till elegant design, v\u00e5ra produkter \u00e4r utformade f\u00f6r att f\u00f6rh\u00f6ja alla husdjurs avkopplande upplevelse.<\/p>\n<p data-immersive-translate-walked=\"2cfa77ee-6de6-47a8-baf9-d8175a434952\" data-immersive-translate-paragraph=\"1\">Oavsett om du \u00e4r \u00e4gare till en djuraff\u00e4r eller vill fylla p\u00e5 med h\u00f6gkvalitativa hundb\u00e4ddar f\u00f6r ditt f\u00f6retag, erbjuder v\u00e5ra grossisterbjudanden oslagbart v\u00e4rde och anpassningsalternativ f\u00f6r att m\u00f6ta dina specifika behov.<\/p>\n<p data-immersive-translate-walked=\"2cfa77ee-6de6-47a8-baf9-d8175a434952\" data-immersive-translate-paragraph=\"1\">V\u00e4lj v\u00e5r lyxiga <span style=\"color: #ff0000;\"><a style=\"color: #ff0000;\" href=\"https:\/\/pecpets.com\/se\/produktkategori\/pet-bed\/\" target=\"_blank\" rel=\"noopener\">hundb\u00e4ddar<\/a><\/span> f\u00f6r en kombination av stil, komfort och h\u00e5llbarhet som kommer att f\u00e5 svansarna att vifta av gl\u00e4dje. Kontakta oss idag f\u00f6r att f\u00e5 veta mer om v\u00e5ra skr\u00e4ddarsydda grossistalternativ.<\/p>","protected":false},"excerpt":{"rendered":"<div class=\"elementor-element elementor-element-36a3285 elementor-widget elementor-widget-woocommerce-product-title elementor-page-title elementor-widget-heading\" data-id=\"36a3285\" data-element_type=\"widget\" data-widget_type=\"woocommerce-product-title.default\">\n<div class=\"elementor-widget-container\">\n<h2>Partihandel med lyxiga hundb\u00e4ddar<\/h2>\n<p>Uppt\u00e4ck grossist lyxiga hundb\u00e4ddar.<\/p>\n<p>H\u00e5ll dina husdjur snygga med v\u00e5r h\u00f6gkvalitativa design.<\/p>\n<\/div>\n<\/div>","protected":false},"featured_media":5365,"template":"","meta":{"_seopress_robots_primary_cat":"none","_seopress_titles_title":"Wholesale Luxury Dog Beds - Professional Manufaccturer","_seopress_titles_desc":"Discover Wholesale Luxury Dog Beds. Perfect for wholesale buyers seeking premium pet beds. Elevate your inventory with stylish options.","_seopress_robots_index":"","_uag_custom_page_level_css":""},"product_brand":[],"product_cat":[22,322],"product_tag":[71,69],"class_list":{"0":"post-5366","1":"product","2":"type-product","3":"status-publish","4":"has-post-thumbnail","6":"product_cat-pet-bed","7":"product_cat-waterproof-dog-beds","8":"product_tag-cat-bed","9":"product_tag-dog-bed","11":"first","12":"instock","13":"shipping-taxable","14":"product-type-simple"},"uagb_featured_image_src":{"full":["https:\/\/pecpets.com\/wp-content\/uploads\/2024\/05\/Pet-Bed7.jpg",800,800,false],"thumbnail":["https:\/\/pecpets.com\/wp-content\/uploads\/2024\/05\/Pet-Bed7.jpg",150,150,false],"medium":["https:\/\/pecpets.com\/wp-content\/uploads\/2024\/05\/Pet-Bed7.jpg",300,300,false],"medium_large":["https:\/\/pecpets.com\/wp-content\/uploads\/2024\/05\/Pet-Bed7.jpg",768,768,false],"large":["https:\/\/pecpets.com\/wp-content\/uploads\/2024\/05\/Pet-Bed7.jpg",800,800,false],"1536x1536":["https:\/\/pecpets.com\/wp-content\/uploads\/2024\/05\/Pet-Bed7.jpg",800,800,false],"2048x2048":["https:\/\/pecpets.com\/wp-content\/uploads\/2024\/05\/Pet-Bed7.jpg",800,800,false],"trp-custom-language-flag":["https:\/\/pecpets.com\/wp-content\/uploads\/2024\/05\/Pet-Bed7.jpg",12,12,false],"woocommerce_thumbnail":["https:\/\/pecpets.com\/wp-content\/uploads\/2024\/05\/Pet-Bed7.jpg",300,300,false],"woocommerce_single":["https:\/\/pecpets.com\/wp-content\/uploads\/2024\/05\/Pet-Bed7.jpg",600,600,false],"woocommerce_gallery_thumbnail":["https:\/\/pecpets.com\/wp-content\/uploads\/2024\/05\/Pet-Bed7.jpg",100,100,false]},"uagb_author_info":{"display_name":"Lawrence\u00a0\u52b3\u4f26\u65af","author_link":"https:\/\/pecpets.com\/se\/author\/"},"uagb_comment_info":0,"uagb_excerpt":"Wholesale Luxury Dog Beds Discover Wholesale Luxury Dog Beds. Keep your pets stylish with our high-quality designs.","_links":{"self":[{"href":"https:\/\/pecpets.com\/se\/wp-json\/wp\/v2\/product\/5366","targetHints":{"allow":["GET"]}}],"collection":[{"href":"https:\/\/pecpets.com\/se\/wp-json\/wp\/v2\/product"}],"about":[{"href":"https:\/\/pecpets.com\/se\/wp-json\/wp\/v2\/types\/product"}],"wp:featuredmedia":[{"embeddable":true,"href":"https:\/\/pecpets.com\/se\/wp-json\/wp\/v2\/media\/5365"}],"wp:attachment":[{"href":"https:\/\/pecpets.com\/se\/wp-json\/wp\/v2\/media?parent=5366"}],"wp:term":[{"taxonomy":"product_brand","embeddable":true,"href":"https:\/\/pecpets.com\/se\/wp-json\/wp\/v2\/product_brand?post=5366"},{"taxonomy":"product_cat","embeddable":true,"href":"https:\/\/pecpets.com\/se\/wp-json\/wp\/v2\/product_cat?post=5366"},{"taxonomy":"product_tag","embeddable":true,"href":"https:\/\/pecpets.com\/se\/wp-json\/wp\/v2\/product_tag?post=5366"}],"curies":[{"name":"wp","href":"https:\/\/api.w.org\/{rel}","templated":true}]}}