{"id":5604,"date":"2024-05-16T09:52:40","date_gmt":"2024-05-16T01:52:40","guid":{"rendered":"https:\/\/pecpets.com\/?post_type=product&#038;p=5604"},"modified":"2024-06-12T11:06:47","modified_gmt":"2024-06-12T03:06:47","slug":"pet-dog-latex-vocal-toys","status":"publish","type":"product","link":"https:\/\/pecpets.com\/se\/product\/pet-dog-latex-vocal-toys\/","title":{"rendered":"S\u00e4llskapsdjur Hund Latex Vokal Leksaker"},"content":{"rendered":"<h2 data-immersive-translate-walked=\"6c2810e2-7938-41da-9427-c65ec66bbaa3\" data-immersive-translate-paragraph=\"1\">Uppt\u00e4ck h\u00f6gkvalitativa s\u00e4llskapsdjur hund latex vokala leksaker - resistenta, s\u00f6ta och fabriksdirekta alternativ!<span class=\"notranslate immersive-translate-target-wrapper\" lang=\"zh-CN\" translate=\"no\" data-immersive-translate-loading-id=\"1\">\u00a0<\/span><\/h2>\n<p data-immersive-translate-walked=\"6c2810e2-7938-41da-9427-c65ec66bbaa3\" data-immersive-translate-paragraph=\"1\">Letar du efter den perfekta leksaken f\u00f6r ditt husdjur? Utforska v\u00e5rt sortiment av hundleksaker, inklusive v\u00e5ra popul\u00e4ra Dog Latex Vocal Toys.<\/p>\n<p data-immersive-translate-walked=\"6c2810e2-7938-41da-9427-c65ec66bbaa3\" data-immersive-translate-paragraph=\"1\">V\u00e5ra produkter \u00e4r utformade f\u00f6r att vara motst\u00e5ndskraftiga, f\u00f6rtjusande och tillverkas direkt fr\u00e5n v\u00e5r fabrik.<\/p>\n<p data-immersive-translate-walked=\"6c2810e2-7938-41da-9427-c65ec66bbaa3\" data-immersive-translate-paragraph=\"1\">Med en m\u00e4ngd olika alternativ att v\u00e4lja mellan kommer din fyrbenta v\u00e4n s\u00e4kert att \u00e4lska v\u00e5r kollektion av leksaker.<\/p>\n<p data-immersive-translate-walked=\"6c2810e2-7938-41da-9427-c65ec66bbaa3\" data-immersive-translate-paragraph=\"1\">Upplev gl\u00e4djen och h\u00e5llbarheten hos v\u00e5ra produkter redan idag!<\/p>","protected":false},"excerpt":{"rendered":"<h2>S\u00e4llskapsdjur Hund Latex Vokal Leksaker<\/h2>\n<table style=\"border-collapse: collapse; background-color: #ffffff; width: 721px; height: 192px;\" border=\"1\">\n<tbody>\n<tr style=\"height: auto;\">\n<td style=\"font-family: Verdana, Arial, Helvetica, sans-serif; font-size: 12px; color: #000000; margin: 8px; width: 187px; text-align: center; height: auto;\"><span style=\"line-height: 21px; font-size: 14px;\">Produkter Namn<\/span><\/td>\n<td style=\"font-family: Verdana, Arial, Helvetica, sans-serif; font-size: 12px; color: #000000; margin: 8px; width: 526px; text-align: center; height: auto;\"><span style=\"color: #222222; font-family: Helvetica, Tahoma, Arial; font-size: 14px; font-style: normal; font-weight: 500; background-color: #ffffff; float: none; display: inline !important;\">Husdjursleksak<\/span><\/td>\n<\/tr>\n<tr style=\"height: 21px;\">\n<td style=\"font-family: Verdana, Arial, Helvetica, sans-serif; font-size: 12px; color: #000000; margin: 8px; width: 187px; text-align: center; height: 21px;\"><span style=\"line-height: 21px; font-size: 14px;\">Artikel nr.<\/span><\/td>\n<td style=\"font-family: Verdana, Arial, Helvetica, sans-serif; font-size: 12px; color: #000000; margin: 8px; width: 526px; text-align: center; height: 21px;\"><span style=\"line-height: 21px; font-size: 14px;\">Y2106<\/span><\/td>\n<\/tr>\n<tr style=\"height: 18.5px;\">\n<td style=\"font-family: Verdana, Arial, Helvetica, sans-serif; font-size: 12px; color: #000000; margin: 8px; width: 187px; text-align: center; height: 18.5px;\"><span style=\"line-height: 21px; color: #333333; font-family: Arial, Helvetica; font-size: 14px; font-style: normal; font-weight: 400; background-color: #ffffff; float: none; display: inline !important;\">Material<\/span><\/td>\n<td style=\"font-family: Verdana, Arial, Helvetica, sans-serif; font-size: 12px; color: #000000; margin: 8px; width: 526px; text-align: center; height: 18.5px;\"><span style=\"font-size: 14px;\">\u00a0Latex\u00a0<\/span><\/td>\n<\/tr>\n<tr style=\"height: 21px;\">\n<td style=\"font-family: Verdana, Arial, Helvetica, sans-serif; font-size: 12px; color: #000000; margin: 8px; width: 187px; text-align: center; height: 21px;\"><span style=\"line-height: 21px; font-size: 14px;\">\u00a0Storlek<\/span><\/td>\n<td style=\"font-family: Verdana, Arial, Helvetica, sans-serif; font-size: 12px; color: #000000; margin: 8px; width: 526px; text-align: center; height: 21px;\"><span style=\"font-size: 14px;\">20*10*10cm<\/span><\/td>\n<\/tr>\n<tr style=\"height: 21px;\">\n<td style=\"font-family: Verdana, Arial, Helvetica, sans-serif; font-size: 12px; color: #000000; margin: 8px; width: 187px; text-align: center; height: 21px;\"><span style=\"line-height: 21px; font-size: 14px;\">\u00a0F\u00e4rg<\/span><\/td>\n<td style=\"font-family: Verdana, Arial, Helvetica, sans-serif; font-size: 12px; color: #000000; margin: 8px; width: 526px; text-align: center; height: 21px;\"><span style=\"line-height: 21px; font-size: 14px;\">Anpassad f\u00e4rg\u00a0<\/span><\/td>\n<\/tr>\n<tr style=\"height: auto;\">\n<td style=\"font-family: Verdana, Arial, Helvetica, sans-serif; font-size: 12px; color: #000000; margin: 8px; width: 187px; text-align: center; height: auto;\"><span style=\"line-height: 21px; font-size: 14px;\">\u00a0<span style=\"line-height: 21px; color: #333333; font-family: Arial, Helvetica; font-size: 14px; font-style: normal; font-weight: 400; background-color: #ffffff; float: none; display: inline !important;\">Typ av husdjur<\/span><\/span><\/td>\n<td style=\"font-family: Verdana, Arial, Helvetica, sans-serif; font-size: 12px; color: #000000; margin: 8px; width: 526px; text-align: center; height: auto;\"><span style=\"line-height: 21px; font-size: 14px;\">\u00a0Alla hundar<\/span><\/td>\n<\/tr>\n<tr style=\"height: auto;\">\n<td style=\"font-family: Verdana, Arial, Helvetica, sans-serif; font-size: 12px; color: #000000; margin: 8px; width: 187px; text-align: center; height: auto;\"><span style=\"line-height: 21px; font-size: 14px;\">\u00a0<span style=\"line-height: 21px; color: #333333; font-family: Arial, Helvetica; font-size: 14px; font-style: normal; font-weight: 400; background-color: #ffffff; float: none; display: inline !important;\">Leveranstid<\/span><\/span><\/td>\n<td style=\"font-family: Verdana, Arial, Helvetica, sans-serif; font-size: 12px; color: #000000; margin: 8px; width: 526px; text-align: center; height: auto;\"><span style=\"line-height: 21px; font-size: 14px;\"><span style=\"line-height: 21px; color: #000000; font-family: Verdana, Arial, Helvetica, sans-serif; font-size: 14px; font-style: normal; font-weight: 400; background-color: #ffffff; float: none; display: inline !important;\">1-5 dagar f\u00f6r liten m\u00e4ngd med flyg och 30-35 dagar f\u00f6r stor m\u00e4ngd till sj\u00f6ss<\/span>\u00a0<\/span><\/td>\n<\/tr>\n<tr style=\"height: auto;\">\n<td style=\"font-family: Verdana, Arial, Helvetica, sans-serif; font-size: 12px; color: #000000; margin: 8px; width: 187px; text-align: center; height: auto;\"><span style=\"line-height: 21px; font-size: 14px;\">\u00a0<span style=\"line-height: 21px; color: #333333; font-family: Arial, Helvetica; font-size: 14px; font-style: normal; font-weight: 400; background-color: #ffffff; float: none; display: inline !important;\">Hamn f\u00f6r avs\u00e4ndning<\/span><\/span><\/td>\n<td style=\"font-family: Verdana, Arial, Helvetica, sans-serif; font-size: 12px; color: #000000; margin: 8px; width: 526px; text-align: center; height: auto;\"><span style=\"line-height: 21px; font-size: 14px;\">Xiamen\u00a0<\/span><\/td>\n<\/tr>\n<tr style=\"height: auto;\">\n<td style=\"font-family: Verdana, Arial, Helvetica, sans-serif; font-size: 12px; color: #000000; margin: 8px; width: 187px; text-align: center; height: auto;\"><span style=\"line-height: 21px; font-size: 14px;\">\u00a0<span style=\"line-height: 21px; color: #333333; font-family: Arial, Helvetica; font-size: 14px; font-style: normal; font-weight: 400; background-color: #ffffff; float: none; display: inline !important;\">OEM\/ODM<\/span><\/span><\/td>\n<td style=\"font-family: Verdana, Arial, Helvetica, sans-serif; font-size: 12px; color: #000000; margin: 8px; width: 526px; text-align: center; height: auto;\"><span style=\"line-height: 21px; font-size: 14px;\">\u00a0<span style=\"line-height: 21px; color: #333333; font-family: Arial, Helvetica; font-size: 14px; font-style: normal; font-weight: 400; background-color: #ffffff; float: none; display: inline !important;\">Tillg\u00e4nglig<\/span><\/span><\/td>\n<\/tr>\n<tr style=\"height: auto;\">\n<td style=\"font-family: Verdana, Arial, Helvetica, sans-serif; font-size: 12px; color: #000000; margin: 8px; width: 187px; text-align: center; height: auto;\"><span style=\"line-height: 21px; font-size: 14px;\">\u00a0<span style=\"line-height: 21px; color: #333333; font-family: Arial, Helvetica; font-size: 14px; font-style: normal; font-weight: 400; background-color: #ffffff; float: none; display: inline !important;\">Paket<\/span><\/span><\/td>\n<td style=\"font-family: Verdana, Arial, Helvetica, sans-serif; font-size: 12px; color: #000000; margin: 8px; width: 526px; text-align: center; height: auto;\"><span style=\"line-height: 21px; font-size: 14px;\"><span style=\"line-height: 21px; color: #333333; font-family: Arial, Helvetica; font-size: 14px; font-style: normal; font-weight: 400; background-color: #ffffff; float: none; display: inline !important;\">Var och en f\u00f6rpackad i en PPB och sedan i kartong eller efter behov<\/span><\/span><\/td>\n<\/tr>\n<\/tbody>\n<\/table>","protected":false},"featured_media":5600,"template":"","meta":{"_seopress_robots_primary_cat":"none","_seopress_titles_title":"Pet Toy: Pet Dog Latex Vocal Toys - Top Manufacturers","_seopress_titles_desc":"Find adorable, resistant pet dog latex vocal toys from top pet toy manufacturers. Keep your pets entertained and happy with our high-quality, durable designs.","_seopress_robots_index":"","_uag_custom_page_level_css":""},"product_brand":[],"product_cat":[29],"product_tag":[169,170,168],"class_list":{"0":"post-5604","1":"product","2":"type-product","3":"status-publish","4":"has-post-thumbnail","6":"product_cat-pet-toys","7":"product_tag-dog-toy","8":"product_tag-food-toy","9":"product_tag-pet-toy","11":"first","12":"instock","13":"shipping-taxable","14":"product-type-simple"},"uagb_featured_image_src":{"full":["https:\/\/pecpets.com\/wp-content\/uploads\/2024\/05\/Dog-Latex-Vocal-Toys4.jpg",800,800,false],"thumbnail":["https:\/\/pecpets.com\/wp-content\/uploads\/2024\/05\/Dog-Latex-Vocal-Toys4-150x150.jpg",150,150,true],"medium":["https:\/\/pecpets.com\/wp-content\/uploads\/2024\/05\/Dog-Latex-Vocal-Toys4-300x300.jpg",300,300,true],"medium_large":["https:\/\/pecpets.com\/wp-content\/uploads\/2024\/05\/Dog-Latex-Vocal-Toys4-768x768.jpg",768,768,true],"large":["https:\/\/pecpets.com\/wp-content\/uploads\/2024\/05\/Dog-Latex-Vocal-Toys4.jpg",800,800,false],"1536x1536":["https:\/\/pecpets.com\/wp-content\/uploads\/2024\/05\/Dog-Latex-Vocal-Toys4.jpg",800,800,false],"2048x2048":["https:\/\/pecpets.com\/wp-content\/uploads\/2024\/05\/Dog-Latex-Vocal-Toys4.jpg",800,800,false],"trp-custom-language-flag":["https:\/\/pecpets.com\/wp-content\/uploads\/2024\/05\/Dog-Latex-Vocal-Toys4.jpg",12,12,false],"woocommerce_thumbnail":["https:\/\/pecpets.com\/wp-content\/uploads\/2024\/05\/Dog-Latex-Vocal-Toys4-300x300.jpg",300,300,true],"woocommerce_single":["https:\/\/pecpets.com\/wp-content\/uploads\/2024\/05\/Dog-Latex-Vocal-Toys4-600x600.jpg",600,600,true],"woocommerce_gallery_thumbnail":["https:\/\/pecpets.com\/wp-content\/uploads\/2024\/05\/Dog-Latex-Vocal-Toys4-100x100.jpg",100,100,true]},"uagb_author_info":{"display_name":"Lawrence\u00a0\u52b3\u4f26\u65af","author_link":"https:\/\/pecpets.com\/se\/author\/"},"uagb_comment_info":0,"uagb_excerpt":"Pet Dog Latex Vocal Toys Products Name Pet Toy Item No. Y2106 Material \u00a0Latex\u00a0 \u00a0Size 20*10*10cm \u00a0Color Custom Color\u00a0 \u00a0Pet type \u00a0All\u00a0Dog \u00a0Delivery time 1-5days\u00a0for small quantity by air and 30-35days for large quantity by sea\u00a0 \u00a0Port of shipment Xiamen\u00a0 \u00a0OEM\/ODM \u00a0Available \u00a0Package Each one packed in a PPB then into Carton or per needed","_links":{"self":[{"href":"https:\/\/pecpets.com\/se\/wp-json\/wp\/v2\/product\/5604","targetHints":{"allow":["GET"]}}],"collection":[{"href":"https:\/\/pecpets.com\/se\/wp-json\/wp\/v2\/product"}],"about":[{"href":"https:\/\/pecpets.com\/se\/wp-json\/wp\/v2\/types\/product"}],"wp:featuredmedia":[{"embeddable":true,"href":"https:\/\/pecpets.com\/se\/wp-json\/wp\/v2\/media\/5600"}],"wp:attachment":[{"href":"https:\/\/pecpets.com\/se\/wp-json\/wp\/v2\/media?parent=5604"}],"wp:term":[{"taxonomy":"product_brand","embeddable":true,"href":"https:\/\/pecpets.com\/se\/wp-json\/wp\/v2\/product_brand?post=5604"},{"taxonomy":"product_cat","embeddable":true,"href":"https:\/\/pecpets.com\/se\/wp-json\/wp\/v2\/product_cat?post=5604"},{"taxonomy":"product_tag","embeddable":true,"href":"https:\/\/pecpets.com\/se\/wp-json\/wp\/v2\/product_tag?post=5604"}],"curies":[{"name":"wp","href":"https:\/\/api.w.org\/{rel}","templated":true}]}}