{"id":5760,"date":"2024-05-28T17:35:01","date_gmt":"2024-05-28T09:35:01","guid":{"rendered":"https:\/\/pecpets.com\/?post_type=product&#038;p=5760"},"modified":"2025-08-18T17:13:14","modified_gmt":"2025-08-18T09:13:14","slug":"dog-shoes-waterproof-dog-shoes","status":"publish","type":"product","link":"https:\/\/pecpets.com\/se\/product\/dog-shoes-waterproof-dog-shoes\/","title":{"rendered":"Hundskor Vattent\u00e4ta hundskor"},"content":{"rendered":"<h2 data-immersive-translate-walked=\"b535e8cb-4fa8-4755-a6c9-df7ac573832a\"><strong data-immersive-translate-walked=\"b535e8cb-4fa8-4755-a6c9-df7ac573832a\" data-immersive-translate-paragraph=\"1\">Partihandel Vattent\u00e4ta andningsbara hundskor - Hundskor f\u00f6r husdjur f\u00f6r alla \u00e5rstider<\/strong><\/h2>\n<p data-immersive-translate-walked=\"b535e8cb-4fa8-4755-a6c9-df7ac573832a\" data-immersive-translate-paragraph=\"1\">Utforska v\u00e5rt sortiment av vattent\u00e4ta hundskor med andningsf\u00f6rm\u00e5ga, inklusive en m\u00e4ngd olika hundskor f\u00f6r husdjur designade f\u00f6r alla \u00e5rstider.<\/p>\n<table width=\"288\">\n<tbody>\n<tr>\n<td width=\"137\"><span style=\"color: #333333;\">Produkter Namn<\/span><\/td>\n<td width=\"151\"><span style=\"color: #333333;\">Skor f\u00f6r husdjur<\/span><\/td>\n<\/tr>\n<tr>\n<td><span style=\"color: #333333;\">Artikel nr.<\/span><\/td>\n<td><span style=\"color: #333333;\">PA-S2016<\/span><\/td>\n<\/tr>\n<tr>\n<td><span style=\"color: #333333;\">Material<\/span><\/td>\n<td><span style=\"color: #333333;\">Gummi<\/span><\/td>\n<\/tr>\n<tr>\n<td><span style=\"color: #333333;\">\u00a0Storlek och f\u00e4rg<\/span><\/td>\n<td><span style=\"color: #333333;\">Anpassad<\/span><\/td>\n<\/tr>\n<tr>\n<td><span style=\"color: #333333;\">\u00a0Leveranstid<\/span><\/td>\n<td><span style=\"color: #333333;\">1-5 dagar f\u00f6r liten m\u00e4ngd med flyg och 30-35 dagar f\u00f6r stor m\u00e4ngd till sj\u00f6ss<\/span><\/td>\n<\/tr>\n<\/tbody>\n<\/table>\n<p data-immersive-translate-walked=\"b535e8cb-4fa8-4755-a6c9-df7ac573832a\" data-immersive-translate-paragraph=\"1\">V\u00e5ra produkter \u00e4r t\u00e5liga mot olika f\u00f6rh\u00e5llanden och erbjuder b\u00e5de stil och funktionalitet f\u00f6r hund\u00e4gare som vill skydda tassarna p\u00e5 sina lurviga v\u00e4nner.<\/p>\n<p data-immersive-translate-walked=\"b535e8cb-4fa8-4755-a6c9-df7ac573832a\" data-immersive-translate-paragraph=\"1\">Fr\u00e5n vattent\u00e4ta egenskaper till andningsf\u00f6rm\u00e5ga - v\u00e5ra hundskor \u00e4r byggda f\u00f6r att ge komfort och skydd.<\/p>\n<p data-immersive-translate-walked=\"b535e8cb-4fa8-4755-a6c9-df7ac573832a\" data-immersive-translate-paragraph=\"1\">Bl\u00e4ddra igenom v\u00e5rt sortiment av hundskor i grossistledet idag f\u00f6r att s\u00e4kerst\u00e4lla att dina kunders husdjur g\u00e5r med stil och s\u00e4kerhet.<\/p>","protected":false},"excerpt":{"rendered":"<h2>Hundskor Vattent\u00e4ta hundskor<\/h2>\n<p>Utforska hundskor Vattent\u00e4ta hundskor.<\/p>\n<p>Handla grossistskor f\u00f6r husdjur fr\u00e5n fabriken f\u00f6r oslagbara priser och kvalitet.<\/p>","protected":false},"featured_media":5765,"template":"","meta":{"_seopress_robots_primary_cat":"none","_seopress_titles_title":"Top Pet Accessory Manufacturers: Breathable, Waterproof Dog Shoes","_seopress_titles_desc":"Discover top Waterproof Dog Shoes manufacturers offering waterproof, breathable, dog shoes. Perfect for all weather, our products make sure your pets comfort.","_seopress_robots_index":"","_seopress_analysis_target_kw":"Waterproof Dog Shoes","_uag_custom_page_level_css":""},"product_brand":[],"product_cat":[330],"product_tag":[],"class_list":{"0":"post-5760","1":"product","2":"type-product","3":"status-publish","4":"has-post-thumbnail","6":"product_cat-dog-shoes","8":"first","9":"instock","10":"shipping-taxable","11":"product-type-simple"},"uagb_featured_image_src":{"full":["https:\/\/pecpets.com\/wp-content\/uploads\/2024\/05\/Waterproof-Dog-Shoes.png",1500,1432,false],"thumbnail":["https:\/\/pecpets.com\/wp-content\/uploads\/2024\/05\/Waterproof-Dog-Shoes-150x150.png",150,150,true],"medium":["https:\/\/pecpets.com\/wp-content\/uploads\/2024\/05\/Waterproof-Dog-Shoes-300x286.png",300,286,true],"medium_large":["https:\/\/pecpets.com\/wp-content\/uploads\/2024\/05\/Waterproof-Dog-Shoes-768x733.png",768,733,true],"large":["https:\/\/pecpets.com\/wp-content\/uploads\/2024\/05\/Waterproof-Dog-Shoes-1024x978.png",800,764,true],"1536x1536":["https:\/\/pecpets.com\/wp-content\/uploads\/2024\/05\/Waterproof-Dog-Shoes.png",1500,1432,false],"2048x2048":["https:\/\/pecpets.com\/wp-content\/uploads\/2024\/05\/Waterproof-Dog-Shoes.png",1500,1432,false],"trp-custom-language-flag":["https:\/\/pecpets.com\/wp-content\/uploads\/2024\/05\/Waterproof-Dog-Shoes.png",13,12,false],"woocommerce_thumbnail":["https:\/\/pecpets.com\/wp-content\/uploads\/2024\/05\/Waterproof-Dog-Shoes-300x300.png",300,300,true],"woocommerce_single":["https:\/\/pecpets.com\/wp-content\/uploads\/2024\/05\/Waterproof-Dog-Shoes-600x573.png",600,573,true],"woocommerce_gallery_thumbnail":["https:\/\/pecpets.com\/wp-content\/uploads\/2024\/05\/Waterproof-Dog-Shoes-100x100.png",100,100,true]},"uagb_author_info":{"display_name":"Lawrence\u00a0\u52b3\u4f26\u65af","author_link":"https:\/\/pecpets.com\/se\/author\/"},"uagb_comment_info":0,"uagb_excerpt":"Dog Shoes Waterproof Dog Shoes Explore Dog Shoes Waterproof Dog Shoes. Shop wholesale pet Shoes from the factory for unbeatable prices and quality.","_links":{"self":[{"href":"https:\/\/pecpets.com\/se\/wp-json\/wp\/v2\/product\/5760","targetHints":{"allow":["GET"]}}],"collection":[{"href":"https:\/\/pecpets.com\/se\/wp-json\/wp\/v2\/product"}],"about":[{"href":"https:\/\/pecpets.com\/se\/wp-json\/wp\/v2\/types\/product"}],"wp:featuredmedia":[{"embeddable":true,"href":"https:\/\/pecpets.com\/se\/wp-json\/wp\/v2\/media\/5765"}],"wp:attachment":[{"href":"https:\/\/pecpets.com\/se\/wp-json\/wp\/v2\/media?parent=5760"}],"wp:term":[{"taxonomy":"product_brand","embeddable":true,"href":"https:\/\/pecpets.com\/se\/wp-json\/wp\/v2\/product_brand?post=5760"},{"taxonomy":"product_cat","embeddable":true,"href":"https:\/\/pecpets.com\/se\/wp-json\/wp\/v2\/product_cat?post=5760"},{"taxonomy":"product_tag","embeddable":true,"href":"https:\/\/pecpets.com\/se\/wp-json\/wp\/v2\/product_tag?post=5760"}],"curies":[{"name":"wp","href":"https:\/\/api.w.org\/{rel}","templated":true}]}}