{"id":6710,"date":"2024-06-19T15:25:36","date_gmt":"2024-06-19T07:25:36","guid":{"rendered":"https:\/\/pecpets.com\/?post_type=product&#038;p=6710"},"modified":"2024-10-29T16:58:28","modified_gmt":"2024-10-29T08:58:28","slug":"foldable-storage-dog-mat","status":"publish","type":"product","link":"https:\/\/pecpets.com\/se\/product\/foldable-storage-dog-mat\/","title":{"rendered":"Vikbar hundmatta f\u00f6r f\u00f6rvaring"},"content":{"rendered":"<h2 data-immersive-translate-walked=\"489116ed-4b4a-4117-9ebc-78cb98715400\" data-immersive-translate-paragraph=\"1\">Premium hopf\u00e4llbar f\u00f6rvaringshundmatta | b\u00e4rbar vattent\u00e4t husdjursb\u00e4dd | avtagbar | grossistfabrik<span class=\"notranslate immersive-translate-target-wrapper\" lang=\"zh-CN\" data-immersive-translate-translation-element-mark=\"1\"><br \/>\n<\/span><\/h2>\n<p data-immersive-translate-walked=\"489116ed-4b4a-4117-9ebc-78cb98715400\" data-immersive-translate-paragraph=\"1\">Uppt\u00e4ck den ultimata b\u00e4ddl\u00f6sningen f\u00f6r husdjur med v\u00e5r vikbara premiumf\u00f6rvaring <span style=\"color: #ff0000;\"><a style=\"color: #ff0000;\" href=\"https:\/\/pecpets.com\/se\/produktkategori\/pet-bed\/\" target=\"_blank\" rel=\"noopener\">hundmatta<\/a><\/span>.<\/p>\n<table style=\"border-collapse: collapse; background-color: #ffffff; width: 336px; height: 262px;\" border=\"1\">\n<tbody>\n<tr>\n<td style=\"font-family: Verdana, Arial, Helvetica, sans-serif; font-size: 12px; color: #000000; margin: 8px; width: 187px; text-align: center;\"><span style=\"line-height: 21px; font-size: 14px;\">Produkter Namn<\/span><\/td>\n<td style=\"font-family: Verdana, Arial, Helvetica, sans-serif; font-size: 12px; color: #000000; margin: 8px; width: 526px; text-align: center;\">S\u00e4ng f\u00f6r husdjur<\/td>\n<\/tr>\n<tr>\n<td style=\"font-family: Verdana, Arial, Helvetica, sans-serif; font-size: 12px; color: #000000; margin: 8px; width: 187px; text-align: center;\"><span style=\"line-height: 21px; font-size: 14px;\">Artikel nr.<\/span><\/td>\n<td style=\"font-family: Verdana, Arial, Helvetica, sans-serif; font-size: 12px; color: #000000; margin: 8px; width: 526px; text-align: center;\"><span style=\"line-height: 21px; font-size: 14px;\">P-B2020<\/span><\/td>\n<\/tr>\n<tr>\n<td style=\"font-family: Verdana, Arial, Helvetica, sans-serif; font-size: 12px; color: #000000; margin: 8px; width: 187px; text-align: center;\"><span style=\"line-height: 21px; color: #333333; font-family: Arial, Helvetica; font-size: 14px; font-style: normal; font-weight: 400; background-color: #ffffff; float: none; display: inline !important;\">Material<\/span><\/td>\n<td style=\"font-family: Verdana, Arial, Helvetica, sans-serif; font-size: 12px; color: #000000; margin: 8px; width: 526px; text-align: center;\">\n<p style=\"margin: 0px auto; padding: 0px; border: 0px; line-height: 30px; color: #222222; font-family: Helvetica,Verdana,Tahoma,Arial,sans-serif; font-size: 13px; font-style: normal; font-weight: 400; background-color: #fcfcfc;\"><span style=\"color: #333333; font-family: Helvetica, Tahoma, Arial; font-size: 14px; font-style: normal; font-weight: 400; background-color: #fcfcfc; float: none; display: inline !important;\">polyester<\/span><\/p>\n<\/td>\n<\/tr>\n<tr>\n<td style=\"font-family: Verdana, Arial, Helvetica, sans-serif; font-size: 12px; color: #000000; margin: 8px; width: 187px; text-align: center;\"><span style=\"line-height: 21px; font-size: 14px;\">\u00a0Storlek<\/span><\/td>\n<td style=\"font-family: Verdana, Arial, Helvetica, sans-serif; font-size: 12px; color: #000000; margin: 8px; width: 526px; text-align: center;\"><span style=\"color: #222222; font-family: Helvetica,Verdana,Tahoma,Arial,sans-serif; font-size: 13px; font-style: normal; font-weight: 400; background-color: #fcfcfc; display: inline !important; float: none;\">Costomize Storlek<\/span><\/td>\n<\/tr>\n<tr>\n<td style=\"font-family: Verdana, Arial, Helvetica, sans-serif; font-size: 12px; color: #000000; margin: 8px; width: 187px; text-align: center;\"><span style=\"line-height: 21px; font-size: 14px;\">\u00a0F\u00e4rg<\/span><\/td>\n<td style=\"font-family: Verdana, Arial, Helvetica, sans-serif; font-size: 12px; color: #000000; margin: 8px; width: 526px; text-align: center;\"><span style=\"font-size: 14px;\"><span style=\"color: #222222; font-family: Helvetica, Verdana, Tahoma, Arial, sans-serif;\"><span style=\"background-color: #fcfcfc;\">Gul, gr\u00f6n, bl\u00e5, kaffe<\/span><\/span><\/span><\/td>\n<\/tr>\n<tr>\n<td style=\"font-family: Verdana, Arial, Helvetica, sans-serif; font-size: 12px; color: #000000; margin: 8px; width: 187px; text-align: center;\"><span style=\"line-height: 21px; font-size: 14px;\">\u00a0<span style=\"line-height: 21px; color: #333333; font-family: Arial, Helvetica; font-size: 14px; font-style: normal; font-weight: 400; background-color: #ffffff; float: none; display: inline !important;\">Typ av husdjur<\/span><\/span><\/td>\n<td style=\"font-family: Verdana, Arial, Helvetica, sans-serif; font-size: 12px; color: #000000; margin: 8px; width: 526px; text-align: center;\"><span style=\"line-height: 21px; font-size: 14px;\">\u00a0Alla hundar<\/span><\/td>\n<\/tr>\n<tr>\n<td style=\"font-family: Verdana, Arial, Helvetica, sans-serif; font-size: 12px; color: #000000; margin: 8px; width: 187px; text-align: center;\"><span style=\"line-height: 21px; font-size: 14px;\">\u00a0<span style=\"line-height: 21px; color: #333333; font-family: Arial, Helvetica; font-size: 14px; font-style: normal; font-weight: 400; background-color: #ffffff; float: none; display: inline !important;\">Leveranstid<\/span><\/span><\/td>\n<td style=\"font-family: Verdana, Arial, Helvetica, sans-serif; font-size: 12px; color: #000000; margin: 8px; width: 526px; text-align: center;\"><span style=\"line-height: 21px; font-size: 14px;\"><span style=\"line-height: 21px; color: #000000; font-family: Verdana, Arial, Helvetica, sans-serif; font-size: 14px; font-style: normal; font-weight: 400; background-color: #ffffff; float: none; display: inline !important;\">1-5 dagar f\u00f6r liten m\u00e4ngd med flyg och 30-35 dagar f\u00f6r stor m\u00e4ngd till sj\u00f6ss<\/span>\u00a0<\/span><\/td>\n<\/tr>\n<tr>\n<td style=\"font-family: Verdana, Arial, Helvetica, sans-serif; font-size: 12px; color: #000000; margin: 8px; width: 187px; text-align: center;\"><span style=\"line-height: 21px; font-size: 14px;\">\u00a0<span style=\"line-height: 21px; color: #333333; font-family: Arial, Helvetica; font-size: 14px; font-style: normal; font-weight: 400; background-color: #ffffff; float: none; display: inline !important;\">Hamn f\u00f6r avs\u00e4ndning<\/span><\/span><\/td>\n<td style=\"font-family: Verdana, Arial, Helvetica, sans-serif; font-size: 12px; color: #000000; margin: 8px; width: 526px; text-align: center;\"><span style=\"line-height: 21px; font-size: 14px;\">Xiamen\u00a0<\/span><\/td>\n<\/tr>\n<tr>\n<td style=\"font-family: Verdana, Arial, Helvetica, sans-serif; font-size: 12px; color: #000000; margin: 8px; width: 187px; text-align: center;\"><span style=\"line-height: 21px; font-size: 14px;\">\u00a0<span style=\"line-height: 21px; color: #333333; font-family: Arial, Helvetica; font-size: 14px; font-style: normal; font-weight: 400; background-color: #ffffff; float: none; display: inline !important;\">OEM\/ODM<\/span><\/span><\/td>\n<td style=\"font-family: Verdana, Arial, Helvetica, sans-serif; font-size: 12px; color: #000000; margin: 8px; width: 526px; text-align: center;\"><span style=\"line-height: 21px; font-size: 14px;\">\u00a0<span style=\"line-height: 21px; color: #333333; font-family: Arial, Helvetica; font-size: 14px; font-style: normal; font-weight: 400; background-color: #ffffff; float: none; display: inline !important;\">Tillg\u00e4nglig<\/span><\/span><\/td>\n<\/tr>\n<tr>\n<td style=\"font-family: Verdana, Arial, Helvetica, sans-serif; font-size: 12px; color: #000000; margin: 8px; width: 187px; text-align: center;\"><span style=\"line-height: 21px; font-size: 14px;\">\u00a0<span style=\"line-height: 21px; color: #333333; font-family: Arial, Helvetica; font-size: 14px; font-style: normal; font-weight: 400; background-color: #ffffff; float: none; display: inline !important;\">Paket<\/span><\/span><\/td>\n<td style=\"font-family: Verdana, Arial, Helvetica, sans-serif; font-size: 12px; color: #000000; margin: 8px; width: 526px; text-align: center;\"><span style=\"line-height: 21px; font-size: 14px;\"><span style=\"line-height: 21px; color: #333333; font-family: Arial, Helvetica; font-size: 14px; font-style: normal; font-weight: 400; background-color: #ffffff; float: none; display: inline !important;\">Var och en f\u00f6rpackad i en PPB och sedan i kartong eller efter behov<\/span><\/span><\/td>\n<\/tr>\n<\/tbody>\n<\/table>\n<p data-immersive-translate-walked=\"489116ed-4b4a-4117-9ebc-78cb98715400\" data-immersive-translate-paragraph=\"1\">Den h\u00e4r b\u00e4rbara vattent\u00e4ta b\u00e4dden f\u00f6r husdjur \u00e4r perfekt f\u00f6r \u00e4ventyr p\u00e5 resande fot.<\/p>\n<p data-immersive-translate-walked=\"489116ed-4b4a-4117-9ebc-78cb98715400\" data-immersive-translate-paragraph=\"1\">Tack vare den avtagbara designen kan du enkelt reng\u00f6ra och underh\u00e5lla den.<\/p>\n<p data-immersive-translate-walked=\"489116ed-4b4a-4117-9ebc-78cb98715400\" data-immersive-translate-paragraph=\"1\">Skaffa din idag fr\u00e5n v\u00e5r grossistfabrik och ge dina h\u00e5riga v\u00e4nner den komfort de f\u00f6rtj\u00e4nar!<\/p>","protected":false},"excerpt":{"rendered":"<h2><strong><b>Partihandel Vikbar f\u00f6rvaring Hundmatta<\/b><\/strong><\/h2>\n<p>Uppt\u00e4ck hopf\u00e4llbar hundmatta f\u00f6r f\u00f6rvaring.<\/p>\n<p>H\u00e5ll dina husdjur snygga med v\u00e5r h\u00f6gkvalitativa design.<\/p>","protected":false},"featured_media":6703,"template":"","meta":{"_seopress_robots_primary_cat":"none","_seopress_titles_title":"Pet Bed: Foldable Storage Dog Mat - Top Manufacturers","_seopress_titles_desc":"Discover our Foldable Storage Dog Mat, a versatile pet bed that doubles as a portable dog bed, available for wholesale directly from the factory.","_seopress_robots_index":"","_uag_custom_page_level_css":""},"product_brand":[],"product_cat":[350],"product_tag":[],"class_list":{"0":"post-6710","1":"product","2":"type-product","3":"status-publish","4":"has-post-thumbnail","6":"product_cat-portable-dog-beds","8":"first","9":"instock","10":"shipping-taxable","11":"product-type-simple"},"uagb_featured_image_src":{"full":["https:\/\/pecpets.com\/wp-content\/uploads\/2024\/06\/\u4e3b\u56fe-01-5.jpg",800,800,false],"thumbnail":["https:\/\/pecpets.com\/wp-content\/uploads\/2024\/06\/\u4e3b\u56fe-01-5-150x150.jpg",150,150,true],"medium":["https:\/\/pecpets.com\/wp-content\/uploads\/2024\/06\/\u4e3b\u56fe-01-5-300x300.jpg",300,300,true],"medium_large":["https:\/\/pecpets.com\/wp-content\/uploads\/2024\/06\/\u4e3b\u56fe-01-5-768x768.jpg",768,768,true],"large":["https:\/\/pecpets.com\/wp-content\/uploads\/2024\/06\/\u4e3b\u56fe-01-5.jpg",800,800,false],"1536x1536":["https:\/\/pecpets.com\/wp-content\/uploads\/2024\/06\/\u4e3b\u56fe-01-5.jpg",800,800,false],"2048x2048":["https:\/\/pecpets.com\/wp-content\/uploads\/2024\/06\/\u4e3b\u56fe-01-5.jpg",800,800,false],"trp-custom-language-flag":["https:\/\/pecpets.com\/wp-content\/uploads\/2024\/06\/\u4e3b\u56fe-01-5.jpg",12,12,false],"woocommerce_thumbnail":["https:\/\/pecpets.com\/wp-content\/uploads\/2024\/06\/\u4e3b\u56fe-01-5-300x300.jpg",300,300,true],"woocommerce_single":["https:\/\/pecpets.com\/wp-content\/uploads\/2024\/06\/\u4e3b\u56fe-01-5-600x600.jpg",600,600,true],"woocommerce_gallery_thumbnail":["https:\/\/pecpets.com\/wp-content\/uploads\/2024\/06\/\u4e3b\u56fe-01-5-100x100.jpg",100,100,true]},"uagb_author_info":{"display_name":"Lawrence\u00a0\u52b3\u4f26\u65af","author_link":"https:\/\/pecpets.com\/se\/author\/"},"uagb_comment_info":0,"uagb_excerpt":"Wholesale Foldable Storage Dog Mat Discover Foldable Storage Dog Mat. Keep your pets stylish with our high-quality designs.","_links":{"self":[{"href":"https:\/\/pecpets.com\/se\/wp-json\/wp\/v2\/product\/6710","targetHints":{"allow":["GET"]}}],"collection":[{"href":"https:\/\/pecpets.com\/se\/wp-json\/wp\/v2\/product"}],"about":[{"href":"https:\/\/pecpets.com\/se\/wp-json\/wp\/v2\/types\/product"}],"wp:featuredmedia":[{"embeddable":true,"href":"https:\/\/pecpets.com\/se\/wp-json\/wp\/v2\/media\/6703"}],"wp:attachment":[{"href":"https:\/\/pecpets.com\/se\/wp-json\/wp\/v2\/media?parent=6710"}],"wp:term":[{"taxonomy":"product_brand","embeddable":true,"href":"https:\/\/pecpets.com\/se\/wp-json\/wp\/v2\/product_brand?post=6710"},{"taxonomy":"product_cat","embeddable":true,"href":"https:\/\/pecpets.com\/se\/wp-json\/wp\/v2\/product_cat?post=6710"},{"taxonomy":"product_tag","embeddable":true,"href":"https:\/\/pecpets.com\/se\/wp-json\/wp\/v2\/product_tag?post=6710"}],"curies":[{"name":"wp","href":"https:\/\/api.w.org\/{rel}","templated":true}]}}