{"id":6838,"date":"2024-06-21T15:03:11","date_gmt":"2024-06-21T07:03:11","guid":{"rendered":"https:\/\/pecpets.com\/?post_type=product&#038;p=6838"},"modified":"2024-10-29T16:38:28","modified_gmt":"2024-10-29T08:38:28","slug":"tesilin-dog-outdoor-bed","status":"publish","type":"product","link":"https:\/\/pecpets.com\/se\/product\/tesilin-dog-outdoor-bed\/","title":{"rendered":"Tesilin Hundb\u00e4dd f\u00f6r utomhusbruk"},"content":{"rendered":"<h2>H\u00f6gkvalitativ Tesilin hund utomhusb\u00e4dd - b\u00e4rbara, andningsbara hundb\u00e4ddar | grossistfabrik<span class=\"notranslate immersive-translate-target-wrapper\" lang=\"zh-CN\" translate=\"no\" data-immersive-translate-loading-id=\"1\">\u00a0<\/span><\/h2>\n<p data-immersive-translate-walked=\"00068a3c-4542-4f45-90aa-50f704fbb31d\" data-immersive-translate-paragraph=\"1\">Uppt\u00e4ck den ultimata komforten f\u00f6r husdjur med v\u00e5r Tesilin Dog Outdoor Bed, utformad f\u00f6r h\u00e5llbarhet och b\u00e4rbarhet.<\/p>\n<table style=\"border-collapse: collapse; background-color: #ffffff; width: 333px; height: 304px;\" border=\"1\">\n<tbody>\n<tr>\n<td style=\"font-family: Verdana, Arial, Helvetica, sans-serif; font-size: 12px; color: #000000; margin: 8px; width: 187px; text-align: center;\"><span style=\"line-height: 21px; font-size: 14px;\">Produkter Namn<\/span><\/td>\n<td style=\"font-family: Verdana, Arial, Helvetica, sans-serif; font-size: 12px; color: #000000; margin: 8px; width: 526px; text-align: center;\"><span style=\"font-size: 14px;\">Hundb\u00e4dd<\/span><\/td>\n<\/tr>\n<tr>\n<td style=\"font-family: Verdana, Arial, Helvetica, sans-serif; font-size: 12px; color: #000000; margin: 8px; width: 187px; text-align: center;\"><span style=\"line-height: 21px; font-size: 14px;\">Artikel nr.<\/span><\/td>\n<td style=\"font-family: Verdana, Arial, Helvetica, sans-serif; font-size: 12px; color: #000000; margin: 8px; width: 526px; text-align: center;\"><span style=\"line-height: 21px; font-size: 14px;\">P-B2018<\/span><\/td>\n<\/tr>\n<tr>\n<td style=\"font-family: Verdana, Arial, Helvetica, sans-serif; font-size: 12px; color: #000000; margin: 8px; width: 187px; text-align: center;\"><span style=\"line-height: 21px; color: #333333; font-family: Arial, Helvetica; font-size: 14px; font-style: normal; font-weight: 400; background-color: #ffffff; float: none; display: inline !important;\">Material<\/span><\/td>\n<td style=\"font-family: Verdana, Arial, Helvetica, sans-serif; font-size: 12px; color: #000000; margin: 8px; width: 526px; text-align: center;\"><span style=\"color: #000000; font-family: Verdana, Arial, Helvetica, sans-serif; font-size: 14px; font-style: normal; font-weight: 400; text-align: center; background-color: #ffffff; display: inline !important; float: none;\">Tesilin Mesh<\/span><\/td>\n<\/tr>\n<tr>\n<td style=\"font-family: Verdana, Arial, Helvetica, sans-serif; font-size: 12px; color: #000000; margin: 8px; width: 187px; text-align: center;\"><span style=\"line-height: 21px; font-size: 14px;\">\u00a0Storlek<\/span><\/td>\n<td style=\"font-family: Verdana, Arial, Helvetica, sans-serif; font-size: 12px; color: #000000; margin: 8px; width: 526px; text-align: center;\">S:62*47*18CM<br \/>\nM:76*61*18CM<br \/>\nL:91*76*18CM<br \/>\nXL:120*91*23CM<\/td>\n<\/tr>\n<tr>\n<td style=\"font-family: Verdana, Arial, Helvetica, sans-serif; font-size: 12px; color: #000000; margin: 8px; width: 187px; text-align: center;\"><span style=\"line-height: 21px; font-size: 14px;\">\u00a0F\u00e4rg<\/span><\/td>\n<td style=\"font-family: Verdana, Arial, Helvetica, sans-serif; font-size: 12px; color: #000000; margin: 8px; width: 526px; text-align: center;\"><span style=\"line-height: 21px; font-size: 14px;\">Gr\u00e5\u00a0<\/span><\/td>\n<\/tr>\n<tr>\n<td style=\"font-family: Verdana, Arial, Helvetica, sans-serif; font-size: 12px; color: #000000; margin: 8px; width: 187px; text-align: center;\"><span style=\"line-height: 21px; font-size: 14px;\">\u00a0<span style=\"line-height: 21px; color: #333333; font-family: Arial, Helvetica; font-size: 14px; font-style: normal; font-weight: 400; background-color: #ffffff; float: none; display: inline !important;\">Typ av husdjur<\/span><\/span><\/td>\n<td style=\"font-family: Verdana, Arial, Helvetica, sans-serif; font-size: 12px; color: #000000; margin: 8px; width: 526px; text-align: center;\"><span style=\"line-height: 21px; font-size: 14px;\">\u00a0Alla hundar<\/span><\/td>\n<\/tr>\n<tr>\n<td style=\"font-family: Verdana, Arial, Helvetica, sans-serif; font-size: 12px; color: #000000; margin: 8px; width: 187px; text-align: center;\"><span style=\"line-height: 21px; font-size: 14px;\">\u00a0<span style=\"line-height: 21px; color: #333333; font-family: Arial, Helvetica; font-size: 14px; font-style: normal; font-weight: 400; background-color: #ffffff; float: none; display: inline !important;\">Leveranstid<\/span><\/span><\/td>\n<td style=\"font-family: Verdana, Arial, Helvetica, sans-serif; font-size: 12px; color: #000000; margin: 8px; width: 526px; text-align: center;\"><span style=\"line-height: 21px; font-size: 14px;\"><span style=\"line-height: 21px; color: #000000; font-family: Verdana, Arial, Helvetica, sans-serif; font-size: 14px; font-style: normal; font-weight: 400; background-color: #ffffff; float: none; display: inline !important;\">1-5 dagar f\u00f6r liten m\u00e4ngd med flyg och 30-35 dagar f\u00f6r stor m\u00e4ngd till sj\u00f6ss<\/span>\u00a0<\/span><\/td>\n<\/tr>\n<tr>\n<td style=\"font-family: Verdana, Arial, Helvetica, sans-serif; font-size: 12px; color: #000000; margin: 8px; width: 187px; text-align: center;\"><span style=\"line-height: 21px; font-size: 14px;\">\u00a0<span style=\"line-height: 21px; color: #333333; font-family: Arial, Helvetica; font-size: 14px; font-style: normal; font-weight: 400; background-color: #ffffff; float: none; display: inline !important;\">Hamn f\u00f6r avs\u00e4ndning<\/span><\/span><\/td>\n<td style=\"font-family: Verdana, Arial, Helvetica, sans-serif; font-size: 12px; color: #000000; margin: 8px; width: 526px; text-align: center;\"><span style=\"line-height: 21px; font-size: 14px;\">Xiamen\u00a0<\/span><\/td>\n<\/tr>\n<tr>\n<td style=\"font-family: Verdana, Arial, Helvetica, sans-serif; font-size: 12px; color: #000000; margin: 8px; width: 187px; text-align: center;\"><span style=\"line-height: 21px; font-size: 14px;\">\u00a0<span style=\"line-height: 21px; color: #333333; font-family: Arial, Helvetica; font-size: 14px; font-style: normal; font-weight: 400; background-color: #ffffff; float: none; display: inline !important;\">OEM\/ODM<\/span><\/span><\/td>\n<td style=\"font-family: Verdana, Arial, Helvetica, sans-serif; font-size: 12px; color: #000000; margin: 8px; width: 526px; text-align: center;\"><span style=\"line-height: 21px; font-size: 14px;\">\u00a0<span style=\"line-height: 21px; color: #333333; font-family: Arial, Helvetica; font-size: 14px; font-style: normal; font-weight: 400; background-color: #ffffff; float: none; display: inline !important;\">Tillg\u00e4nglig<\/span><\/span><\/td>\n<\/tr>\n<tr>\n<td style=\"font-family: Verdana, Arial, Helvetica, sans-serif; font-size: 12px; color: #000000; margin: 8px; width: 187px; text-align: center;\"><span style=\"line-height: 21px; font-size: 14px;\">\u00a0<span style=\"line-height: 21px; color: #333333; font-family: Arial, Helvetica; font-size: 14px; font-style: normal; font-weight: 400; background-color: #ffffff; float: none; display: inline !important;\">Paket<\/span><\/span><\/td>\n<td style=\"font-family: Verdana, Arial, Helvetica, sans-serif; font-size: 12px; color: #000000; margin: 8px; width: 526px; text-align: center;\"><span style=\"line-height: 21px; font-size: 14px;\"><span style=\"line-height: 21px; color: #333333; font-family: Arial, Helvetica; font-size: 14px; font-style: normal; font-weight: 400; background-color: #ffffff; float: none; display: inline !important;\">Var och en f\u00f6rpackad i en PPB och sedan i kartong eller efter behov<\/span><\/span><\/td>\n<\/tr>\n<\/tbody>\n<\/table>\n<p data-immersive-translate-walked=\"00068a3c-4542-4f45-90aa-50f704fbb31d\" data-immersive-translate-paragraph=\"1\">V\u00e5ra hundb\u00e4ddar med andningsfunktion \u00e4r perfekta f\u00f6r alla utomhus\u00e4ventyr och ser till att din hund h\u00e5ller sig sval och bekv\u00e4m.<\/p>\n<p data-immersive-translate-walked=\"00068a3c-4542-4f45-90aa-50f704fbb31d\" data-immersive-translate-paragraph=\"1\">Vi \u00e4r idealiska f\u00f6r djuraff\u00e4rer och f\u00f6retag och erbjuder grossistalternativ direkt fr\u00e5n v\u00e5r fabrik, vilket garanterar de b\u00e4sta priserna och den b\u00e4sta kvaliteten.<\/p>\n<p data-immersive-translate-walked=\"00068a3c-4542-4f45-90aa-50f704fbb31d\" data-immersive-translate-paragraph=\"1\">Handla nu f\u00f6r att f\u00f6rse dina kunder med de b\u00e4sta utomhus<span style=\"color: #ff0000;\"><a style=\"color: #ff0000;\" href=\"https:\/\/pecpets.com\/se\/produktkategori\/pet-bed\/\" target=\"_blank\" rel=\"noopener\"> hundb\u00e4ddar<\/a><\/span> p\u00e5 marknaden.<\/p>","protected":false},"excerpt":{"rendered":"<h2><strong><b>Partihandel Tesilin hund utomhusb\u00e4dd<\/b><\/strong><\/h2>\n<p>Uppt\u00e4ck Tesilin Hundb\u00e4dd f\u00f6r utomhusbruk.<\/p>\n<p>H\u00e5ll dina husdjur snygga med v\u00e5r h\u00f6gkvalitativa design.<\/p>","protected":false},"featured_media":6844,"template":"","meta":{"_seopress_robots_primary_cat":"none","_seopress_titles_title":"Pet Bed: Tesilin Dog Outdoor Bed -Pet Product Manufacturers","_seopress_titles_desc":"Discover the Tesilin Dog Outdoor Bed - a breathable, portable dog bed perfect for outdoor adventures. Available at wholesale prices directly from the factory.","_seopress_robots_index":"","_uag_custom_page_level_css":""},"product_brand":[],"product_cat":[22,350],"product_tag":[],"class_list":{"0":"post-6838","1":"product","2":"type-product","3":"status-publish","4":"has-post-thumbnail","6":"product_cat-pet-bed","7":"product_cat-portable-dog-beds","9":"first","10":"instock","11":"shipping-taxable","12":"product-type-simple"},"uagb_featured_image_src":{"full":["https:\/\/pecpets.com\/wp-content\/uploads\/2024\/06\/\u4e3b\u56fe-06-7.jpg",1500,1500,false],"thumbnail":["https:\/\/pecpets.com\/wp-content\/uploads\/2024\/06\/\u4e3b\u56fe-06-7-150x150.jpg",150,150,true],"medium":["https:\/\/pecpets.com\/wp-content\/uploads\/2024\/06\/\u4e3b\u56fe-06-7-300x300.jpg",300,300,true],"medium_large":["https:\/\/pecpets.com\/wp-content\/uploads\/2024\/06\/\u4e3b\u56fe-06-7-768x768.jpg",768,768,true],"large":["https:\/\/pecpets.com\/wp-content\/uploads\/2024\/06\/\u4e3b\u56fe-06-7-1024x1024.jpg",800,800,true],"1536x1536":["https:\/\/pecpets.com\/wp-content\/uploads\/2024\/06\/\u4e3b\u56fe-06-7.jpg",1500,1500,false],"2048x2048":["https:\/\/pecpets.com\/wp-content\/uploads\/2024\/06\/\u4e3b\u56fe-06-7.jpg",1500,1500,false],"trp-custom-language-flag":["https:\/\/pecpets.com\/wp-content\/uploads\/2024\/06\/\u4e3b\u56fe-06-7.jpg",12,12,false],"woocommerce_thumbnail":["https:\/\/pecpets.com\/wp-content\/uploads\/2024\/06\/\u4e3b\u56fe-06-7-300x300.jpg",300,300,true],"woocommerce_single":["https:\/\/pecpets.com\/wp-content\/uploads\/2024\/06\/\u4e3b\u56fe-06-7-600x600.jpg",600,600,true],"woocommerce_gallery_thumbnail":["https:\/\/pecpets.com\/wp-content\/uploads\/2024\/06\/\u4e3b\u56fe-06-7-100x100.jpg",100,100,true]},"uagb_author_info":{"display_name":"Lawrence\u00a0\u52b3\u4f26\u65af","author_link":"https:\/\/pecpets.com\/se\/author\/"},"uagb_comment_info":0,"uagb_excerpt":"Wholesale Tesilin Dog Outdoor Bed Discover Tesilin Dog Outdoor Bed. Keep your pets stylish with our high-quality designs.","_links":{"self":[{"href":"https:\/\/pecpets.com\/se\/wp-json\/wp\/v2\/product\/6838","targetHints":{"allow":["GET"]}}],"collection":[{"href":"https:\/\/pecpets.com\/se\/wp-json\/wp\/v2\/product"}],"about":[{"href":"https:\/\/pecpets.com\/se\/wp-json\/wp\/v2\/types\/product"}],"wp:featuredmedia":[{"embeddable":true,"href":"https:\/\/pecpets.com\/se\/wp-json\/wp\/v2\/media\/6844"}],"wp:attachment":[{"href":"https:\/\/pecpets.com\/se\/wp-json\/wp\/v2\/media?parent=6838"}],"wp:term":[{"taxonomy":"product_brand","embeddable":true,"href":"https:\/\/pecpets.com\/se\/wp-json\/wp\/v2\/product_brand?post=6838"},{"taxonomy":"product_cat","embeddable":true,"href":"https:\/\/pecpets.com\/se\/wp-json\/wp\/v2\/product_cat?post=6838"},{"taxonomy":"product_tag","embeddable":true,"href":"https:\/\/pecpets.com\/se\/wp-json\/wp\/v2\/product_tag?post=6838"}],"curies":[{"name":"wp","href":"https:\/\/api.w.org\/{rel}","templated":true}]}}