{"id":6868,"date":"2024-06-24T11:54:29","date_gmt":"2024-06-24T03:54:29","guid":{"rendered":"https:\/\/pecpets.com\/?post_type=product&#038;p=6868"},"modified":"2025-08-19T11:06:13","modified_gmt":"2025-08-19T03:06:13","slug":"waterproof-dustproof-pets-pool-cover","status":"publish","type":"product","link":"https:\/\/pecpets.com\/se\/product\/waterproof-dustproof-pets-pool-cover\/","title":{"rendered":"Vattent\u00e4tt dammt\u00e4tt poolskydd f\u00f6r husdjur"},"content":{"rendered":"<h2 data-immersive-translate-walked=\"c5d12309-4bec-4f15-b92c-78135b761a6c\">Vattent\u00e4tt dammt\u00e4tt pool\u00f6verdrag f\u00f6r husdjur - h\u00e5llbart husdjurstillbeh\u00f6r | grossistfabrik<\/h2>\n<p data-immersive-translate-walked=\"c5d12309-4bec-4f15-b92c-78135b761a6c\" data-immersive-translate-paragraph=\"1\">Se till att ditt husdjurs pool \u00e4r ren och h\u00e5ller l\u00e4nge med v\u00e5rt vattent\u00e4ta, dammt\u00e4ta pool\u00f6verdrag f\u00f6r husdjur. Detta viktiga husdjurstillbeh\u00f6r \u00e4r utformat f\u00f6r att skydda ditt husdjurs pool fr\u00e5n smuts, skr\u00e4p och vattenskador. Det \u00e4r tillverkat av h\u00f6gkvalitativa material och erbjuder exceptionell h\u00e5llbarhet och tillf\u00f6rlitlighet, vilket g\u00f6r det till ett m\u00e5ste f\u00f6r alla husdjurs\u00e4gare.<\/p>\n<table width=\"288\">\n<tbody>\n<tr>\n<td width=\"137\"><span style=\"color: #333333;\">Produkter Namn<\/span><\/td>\n<td width=\"151\"><span style=\"color: #333333;\">Tillbeh\u00f6r f\u00f6r husdjur<\/span><\/td>\n<\/tr>\n<tr>\n<td><span style=\"color: #333333;\">Artikel nr.<\/span><\/td>\n<td><span style=\"color: #333333;\">PA-2001<\/span><\/td>\n<\/tr>\n<tr>\n<td><span style=\"color: #333333;\">Material<\/span><\/td>\n<td><span style=\"color: #333333;\">210 Oxford-tyg<\/span><\/td>\n<\/tr>\n<tr>\n<td><span style=\"color: #333333;\">\u00a0Storlek och f\u00e4rg<\/span><\/td>\n<td><span style=\"color: #333333;\">Anpassad storlek<\/span><\/td>\n<\/tr>\n<tr>\n<td><span style=\"color: #333333;\">\u00a0Leveranstid<\/span><\/td>\n<td><span style=\"color: #333333;\">1-5 dagar f\u00f6r liten m\u00e4ngd med flyg och 30-35 dagar f\u00f6r stor m\u00e4ngd till sj\u00f6ss<\/span><\/td>\n<\/tr>\n<\/tbody>\n<\/table>\n<p>V\u00e5ra poolskydd tillverkas med precision i v\u00e5r grossistfabrik, vilket s\u00e4kerst\u00e4ller att du f\u00e5r en f\u00f6rstklassig produkt till ett konkurrenskraftigt pris. Perfekt f\u00f6r djuraff\u00e4rer och distribut\u00f6rer, v\u00e5rt vattent\u00e4ta dammt\u00e4ta Pet's Pool Cover garanterar tillfredsst\u00e4llelse f\u00f6r b\u00e5de dig och dina kunder.<\/p>\n<ul>\n<li>Vattent\u00e4t: F\u00f6rhindrar vattenskador och h\u00e5ller poolen ren.<\/li>\n<li>Dammt\u00e4t: Skyddar mot smuts, l\u00f6v och annat skr\u00e4p.<\/li>\n<li>H\u00e5llbarhet: H\u00f6gkvalitativa material garanterar l\u00e5ngvarig anv\u00e4ndning.<\/li>\n<li>Tillbeh\u00f6r f\u00f6r husdjur: Oumb\u00e4rligt f\u00f6r att underh\u00e5lla ditt husdjurs pool.<\/li>\n<li>Partihandel: Konkurrenskraftiga bulkpriser direkt fr\u00e5n v\u00e5r fabrik.<\/li>\n<\/ul>\n<p data-immersive-translate-walked=\"c5d12309-4bec-4f15-b92c-78135b761a6c\" data-immersive-translate-paragraph=\"1\">Skydda och f\u00f6rl\u00e4ng livsl\u00e4ngden p\u00e5 ditt husdjurs pool med v\u00e5rt vattent\u00e4ta, dammt\u00e4ta pool\u00f6verdrag f\u00f6r husdjur. Best\u00e4ll nu och f\u00f6rse dina kunder med det b\u00e4sta inom tillbeh\u00f6r f\u00f6r husdjur!<\/p>","protected":false},"excerpt":{"rendered":"<h2>Poolskydd f\u00f6r husdjur<\/h2>\n<p>Utforska husdjurets poolskydd.<\/p>\n<p>Handla grossistv\u00e5rd f\u00f6r husdjur fr\u00e5n fabriken f\u00f6r oslagbara priser och kvalitet.<\/p>","protected":false},"featured_media":6863,"template":"","meta":{"_seopress_robots_primary_cat":"none","_seopress_titles_title":"Pet Accessory: Pet's Pool Cover - Top Manufacterurs","_seopress_titles_desc":"Protect your pet's pool with our Waterproof Pet's Pool Cover. This durable pet accessory offers top protection, available from our wholesale factory.","_seopress_robots_index":"","_uag_custom_page_level_css":""},"product_brand":[],"product_cat":[324],"product_tag":[165],"class_list":{"0":"post-6868","1":"product","2":"type-product","3":"status-publish","4":"has-post-thumbnail","6":"product_cat-pet-accessory","7":"product_tag-pet-accessories","9":"first","10":"instock","11":"shipping-taxable","12":"product-type-simple"},"uagb_featured_image_src":{"full":["https:\/\/pecpets.com\/wp-content\/uploads\/2024\/06\/\u4e3b\u56fe-01-13.jpg",1432,1104,false],"thumbnail":["https:\/\/pecpets.com\/wp-content\/uploads\/2024\/06\/\u4e3b\u56fe-01-13-150x150.jpg",150,150,true],"medium":["https:\/\/pecpets.com\/wp-content\/uploads\/2024\/06\/\u4e3b\u56fe-01-13-300x231.jpg",300,231,true],"medium_large":["https:\/\/pecpets.com\/wp-content\/uploads\/2024\/06\/\u4e3b\u56fe-01-13-768x592.jpg",768,592,true],"large":["https:\/\/pecpets.com\/wp-content\/uploads\/2024\/06\/\u4e3b\u56fe-01-13-1024x789.jpg",800,616,true],"1536x1536":["https:\/\/pecpets.com\/wp-content\/uploads\/2024\/06\/\u4e3b\u56fe-01-13.jpg",1432,1104,false],"2048x2048":["https:\/\/pecpets.com\/wp-content\/uploads\/2024\/06\/\u4e3b\u56fe-01-13.jpg",1432,1104,false],"trp-custom-language-flag":["https:\/\/pecpets.com\/wp-content\/uploads\/2024\/06\/\u4e3b\u56fe-01-13.jpg",16,12,false],"woocommerce_thumbnail":["https:\/\/pecpets.com\/wp-content\/uploads\/2024\/06\/\u4e3b\u56fe-01-13-300x300.jpg",300,300,true],"woocommerce_single":["https:\/\/pecpets.com\/wp-content\/uploads\/2024\/06\/\u4e3b\u56fe-01-13-600x463.jpg",600,463,true],"woocommerce_gallery_thumbnail":["https:\/\/pecpets.com\/wp-content\/uploads\/2024\/06\/\u4e3b\u56fe-01-13-100x100.jpg",100,100,true]},"uagb_author_info":{"display_name":"Lawrence\u00a0\u52b3\u4f26\u65af","author_link":"https:\/\/pecpets.com\/se\/author\/"},"uagb_comment_info":0,"uagb_excerpt":"Pet's Pool Cover Explore Pet's Pool Cover. Shop wholesale pet grooming from the factory for unbeatable prices and quality.","_links":{"self":[{"href":"https:\/\/pecpets.com\/se\/wp-json\/wp\/v2\/product\/6868","targetHints":{"allow":["GET"]}}],"collection":[{"href":"https:\/\/pecpets.com\/se\/wp-json\/wp\/v2\/product"}],"about":[{"href":"https:\/\/pecpets.com\/se\/wp-json\/wp\/v2\/types\/product"}],"wp:featuredmedia":[{"embeddable":true,"href":"https:\/\/pecpets.com\/se\/wp-json\/wp\/v2\/media\/6863"}],"wp:attachment":[{"href":"https:\/\/pecpets.com\/se\/wp-json\/wp\/v2\/media?parent=6868"}],"wp:term":[{"taxonomy":"product_brand","embeddable":true,"href":"https:\/\/pecpets.com\/se\/wp-json\/wp\/v2\/product_brand?post=6868"},{"taxonomy":"product_cat","embeddable":true,"href":"https:\/\/pecpets.com\/se\/wp-json\/wp\/v2\/product_cat?post=6868"},{"taxonomy":"product_tag","embeddable":true,"href":"https:\/\/pecpets.com\/se\/wp-json\/wp\/v2\/product_tag?post=6868"}],"curies":[{"name":"wp","href":"https:\/\/api.w.org\/{rel}","templated":true}]}}