{"id":6912,"date":"2024-06-24T17:39:53","date_gmt":"2024-06-24T09:39:53","guid":{"rendered":"https:\/\/pecpets.com\/?post_type=product&#038;p=6912"},"modified":"2024-10-29T16:20:28","modified_gmt":"2024-10-29T08:20:28","slug":"orthopaedic-memory-foam-dog-bed","status":"publish","type":"product","link":"https:\/\/pecpets.com\/se\/product\/orthopaedic-memory-foam-dog-bed\/","title":{"rendered":"Ortopedisk hundb\u00e4dd i minnesskum"},"content":{"rendered":"<h2 data-immersive-translate-walked=\"4d8d5f5d-02b7-4704-85e3-4753af6287a1\" data-immersive-translate-paragraph=\"1\"><span class=\"notranslate immersive-translate-target-wrapper\" lang=\"zh-CN\" data-immersive-translate-translation-element-mark=\"1\">Ortopedisk hundb\u00e4dd i minnesskum - tv\u00e4ttbar, vattent\u00e4t | Partihandel och fabriksdirekt ortopediska hundb\u00e4ddar<\/span><\/h2>\n<p data-immersive-translate-walked=\"4d8d5f5d-02b7-4704-85e3-4753af6287a1\" data-immersive-translate-paragraph=\"1\">Uppt\u00e4ck v\u00e5r f\u00f6rstklassiga ortopediska hundb\u00e4dd i minnesskum som \u00e4r utformad f\u00f6r ultimat komfort och st\u00f6d. V\u00e5r ortopediska hundb\u00e4dd har ett tv\u00e4ttbart och vattent\u00e4tt \u00f6verdrag som garanterar enkelt underh\u00e5ll och h\u00e5llbarhet. Tillg\u00e4nglig f\u00f6r grossistorder direkt fr\u00e5n v\u00e5r fabrik, vi erbjuder de b\u00e4sta priserna och kvaliteten f\u00f6r dina aff\u00e4rsbehov. Perfekt f\u00f6r att f\u00f6rb\u00e4ttra ditt sortiment av husdjursprodukter!<\/p>\n<table style=\"border-collapse: collapse; background-color: #ffffff; width: 328px; height: 293px;\" border=\"1\">\n<tbody>\n<tr>\n<td style=\"font-family: Verdana, Arial, Helvetica, sans-serif; font-size: 12px; color: #000000; margin: 8px; width: 187px; text-align: center;\"><span style=\"line-height: 21px; font-size: 14px;\">Produkter Namn<span class=\"notranslate immersive-translate-target-wrapper\" lang=\"zh-CN\" translate=\"no\" data-immersive-translate-loading-id=\"1\">\u00a0<\/span><\/span><\/td>\n<td style=\"font-family: Verdana, Arial, Helvetica, sans-serif; font-size: 12px; color: #000000; margin: 8px; width: 526px; text-align: center;\">S\u00e4ng f\u00f6r husdjur<\/td>\n<\/tr>\n<tr>\n<td style=\"font-family: Verdana, Arial, Helvetica, sans-serif; font-size: 12px; color: #000000; margin: 8px; width: 187px; text-align: center;\"><span style=\"line-height: 21px; font-size: 14px;\">Artikel nr.<\/span><\/td>\n<td style=\"font-family: Verdana, Arial, Helvetica, sans-serif; font-size: 12px; color: #000000; margin: 8px; width: 526px; text-align: center;\"><span style=\"line-height: 21px; font-size: 14px;\">P-B2014<\/span><\/td>\n<\/tr>\n<tr>\n<td style=\"font-family: Verdana, Arial, Helvetica, sans-serif; font-size: 12px; color: #000000; margin: 8px; width: 187px; text-align: center;\"><span style=\"line-height: 21px; color: #333333; font-family: Arial, Helvetica; font-size: 14px; font-style: normal; font-weight: 400; background-color: #ffffff; float: none; display: inline !important;\">Material<\/span><\/td>\n<td style=\"font-family: Verdana, Arial, Helvetica, sans-serif; font-size: 12px; color: #000000; margin: 8px; width: 526px; text-align: center;\">\n<p style=\"margin: 0px auto; padding: 0px; border: 0px; line-height: 30px; color: #222222; font-family: Helvetica,Verdana,Tahoma,Arial,sans-serif; font-size: 13px; font-style: normal; font-weight: 400; background-color: #fcfcfc;\"><span style=\"color: #333333; font-family: Helvetica, Tahoma, Arial; font-size: 14px; font-style: normal; font-weight: 400; background-color: #fcfcfc; float: none; display: inline !important;\">Coral Fleece, Sherpa-tyg<\/span><\/p>\n<\/td>\n<\/tr>\n<tr>\n<td style=\"font-family: Verdana, Arial, Helvetica, sans-serif; font-size: 12px; color: #000000; margin: 8px; width: 187px; text-align: center;\"><span style=\"line-height: 21px; font-size: 14px;\">\u00a0Storlek<\/span><\/td>\n<td style=\"font-family: Verdana, Arial, Helvetica, sans-serif; font-size: 12px; color: #000000; margin: 8px; width: 526px; text-align: center;\">\n<p style=\"box-sizing: border-box; margin: 0px; padding: 0px; color: #333333; background-color: #ffffff;\">M:71*58*17cm<\/p>\n<p style=\"box-sizing: border-box; margin: 0px; padding: 0px; color: #333333; background-color: #ffffff;\">L:89*64*17cm<\/p>\n<p style=\"box-sizing: border-box; margin: 0px; padding: 0px; color: #333333; background-color: #ffffff;\">XL:107*81*17cm<\/p>\n<\/td>\n<\/tr>\n<tr>\n<td style=\"font-family: Verdana, Arial, Helvetica, sans-serif; font-size: 12px; color: #000000; margin: 8px; width: 187px; text-align: center;\"><span style=\"line-height: 21px; font-size: 14px;\">\u00a0F\u00e4rg<\/span><\/td>\n<td style=\"font-family: Verdana, Arial, Helvetica, sans-serif; font-size: 12px; color: #000000; margin: 8px; width: 526px; text-align: center;\"><span style=\"color: #222222; font-family: Helvetica,Verdana,Tahoma,Arial,sans-serif; font-size: 13px; font-style: normal; font-weight: 400; background-color: #fcfcfc; display: inline !important; float: none;\">Gr\u00e5, ljusbrun, bl\u00e5<\/span><\/td>\n<\/tr>\n<tr>\n<td style=\"font-family: Verdana, Arial, Helvetica, sans-serif; font-size: 12px; color: #000000; margin: 8px; width: 187px; text-align: center;\"><span style=\"line-height: 21px; font-size: 14px;\">\u00a0<span style=\"line-height: 21px; color: #333333; font-family: Arial, Helvetica; font-size: 14px; font-style: normal; font-weight: 400; background-color: #ffffff; float: none; display: inline !important;\">Typ av husdjur<\/span><\/span><\/td>\n<td style=\"font-family: Verdana, Arial, Helvetica, sans-serif; font-size: 12px; color: #000000; margin: 8px; width: 526px; text-align: center;\"><span style=\"line-height: 21px; font-size: 14px;\">\u00a0Alla hundar<\/span><\/td>\n<\/tr>\n<tr>\n<td style=\"font-family: Verdana, Arial, Helvetica, sans-serif; font-size: 12px; color: #000000; margin: 8px; width: 187px; text-align: center;\"><span style=\"line-height: 21px; font-size: 14px;\">\u00a0<span style=\"line-height: 21px; color: #333333; font-family: Arial, Helvetica; font-size: 14px; font-style: normal; font-weight: 400; background-color: #ffffff; float: none; display: inline !important;\">Leveranstid<\/span><\/span><\/td>\n<td style=\"font-family: Verdana, Arial, Helvetica, sans-serif; font-size: 12px; color: #000000; margin: 8px; width: 526px; text-align: center;\"><span style=\"line-height: 21px; font-size: 14px;\"><span style=\"line-height: 21px; color: #000000; font-family: Verdana, Arial, Helvetica, sans-serif; font-size: 14px; font-style: normal; font-weight: 400; background-color: #ffffff; float: none; display: inline !important;\">1-5 dagar f\u00f6r liten m\u00e4ngd med flyg och 30-35 dagar f\u00f6r stor m\u00e4ngd till sj\u00f6ss<\/span>\u00a0<\/span><\/td>\n<\/tr>\n<tr>\n<td style=\"font-family: Verdana, Arial, Helvetica, sans-serif; font-size: 12px; color: #000000; margin: 8px; width: 187px; text-align: center;\"><span style=\"line-height: 21px; font-size: 14px;\">\u00a0<span style=\"line-height: 21px; color: #333333; font-family: Arial, Helvetica; font-size: 14px; font-style: normal; font-weight: 400; background-color: #ffffff; float: none; display: inline !important;\">Hamn f\u00f6r avs\u00e4ndning<\/span><\/span><\/td>\n<td style=\"font-family: Verdana, Arial, Helvetica, sans-serif; font-size: 12px; color: #000000; margin: 8px; width: 526px; text-align: center;\"><span style=\"line-height: 21px; font-size: 14px;\">Xiamen\u00a0<\/span><\/td>\n<\/tr>\n<tr>\n<td style=\"font-family: Verdana, Arial, Helvetica, sans-serif; font-size: 12px; color: #000000; margin: 8px; width: 187px; text-align: center;\"><span style=\"line-height: 21px; font-size: 14px;\">\u00a0<span style=\"line-height: 21px; color: #333333; font-family: Arial, Helvetica; font-size: 14px; font-style: normal; font-weight: 400; background-color: #ffffff; float: none; display: inline !important;\">OEM\/ODM<\/span><\/span><\/td>\n<td style=\"font-family: Verdana, Arial, Helvetica, sans-serif; font-size: 12px; color: #000000; margin: 8px; width: 526px; text-align: center;\"><span style=\"line-height: 21px; font-size: 14px;\">\u00a0<span style=\"line-height: 21px; color: #333333; font-family: Arial, Helvetica; font-size: 14px; font-style: normal; font-weight: 400; background-color: #ffffff; float: none; display: inline !important;\">Tillg\u00e4nglig<\/span><\/span><\/td>\n<\/tr>\n<tr>\n<td style=\"font-family: Verdana, Arial, Helvetica, sans-serif; font-size: 12px; color: #000000; margin: 8px; width: 187px; text-align: center;\"><span style=\"line-height: 21px; font-size: 14px;\">\u00a0<span style=\"line-height: 21px; color: #333333; font-family: Arial, Helvetica; font-size: 14px; font-style: normal; font-weight: 400; background-color: #ffffff; float: none; display: inline !important;\">Paket<\/span><\/span><\/td>\n<td style=\"font-family: Verdana, Arial, Helvetica, sans-serif; font-size: 12px; color: #000000; margin: 8px; width: 526px; text-align: center;\"><span style=\"line-height: 21px; font-size: 14px;\"><span style=\"line-height: 21px; color: #333333; font-family: Arial, Helvetica; font-size: 14px; font-style: normal; font-weight: 400; background-color: #ffffff; float: none; display: inline !important;\">Var och en f\u00f6rpackad i en PPB och sedan i kartong eller efter behov<\/span><\/span><\/td>\n<\/tr>\n<\/tbody>\n<\/table>\n<ul>\n<li data-immersive-translate-walked=\"85fa5479-e3d0-4913-81cd-8463fb71838d\" data-immersive-translate-paragraph=\"1\"><strong data-immersive-translate-walked=\"85fa5479-e3d0-4913-81cd-8463fb71838d\">Ortopediskt minnesskum:<\/strong> V\u00e5r hundb\u00e4dd \u00e4r utrustad med minnesskum med h\u00f6g densitet som formar sig efter din hunds kropp och ger \u00f6verl\u00e4gset st\u00f6d och tryckavlastning.<\/li>\n<li><strong>Tv\u00e4ttbart \u00f6verdrag:<\/strong> Det avtagbara \u00f6verdraget kan maskintv\u00e4ttas, vilket g\u00f6r det enkelt att h\u00e5lla s\u00e4ngen ren och fr\u00e4sch.<\/li>\n<li><strong>Vattent\u00e4tt foder:<\/strong> Skyddar memoryskummet fr\u00e5n olyckor och spill, vilket g\u00f6r att s\u00e4ngen h\u00e5ller sig i toppskick i flera \u00e5r.<\/li>\n<li><strong>Slitstarka och bekv\u00e4ma:<\/strong> Tillverkad av h\u00f6gkvalitativa material som \u00e4r b\u00e5de bekv\u00e4ma och h\u00e5llbara, vilket ger den perfekta viloplatsen f\u00f6r ditt husdjur.<\/li>\n<li><strong>Partihandel och direkt fr\u00e5n fabrik:<\/strong> K\u00f6p direkt fr\u00e5n v\u00e5r fabrik f\u00f6r b\u00e4sta grossistpriser. Perfekt f\u00f6r djuraff\u00e4rer, veterin\u00e4rer och djurv\u00e5rdare.<\/li>\n<\/ul>\n<p data-immersive-translate-walked=\"85fa5479-e3d0-4913-81cd-8463fb71838d\" data-immersive-translate-paragraph=\"1\">Uppgradera ditt produktutbud f\u00f6r husdjur med v\u00e5rt ortopediska memory foam <span style=\"color: #ff0000;\"><a style=\"color: #ff0000;\" href=\"https:\/\/pecpets.com\/se\/produktkategori\/pet-bed\/\" target=\"_blank\" rel=\"noopener\">Hundb\u00e4dd<\/a><\/span>. Perfekt f\u00f6r att f\u00f6rb\u00e4ttra din hunds komfort och h\u00e4lsa, och ett utm\u00e4rkt tillskott till ditt f\u00f6retags inventarier. Kontakta oss idag f\u00f6r grossistf\u00f6rfr\u00e5gningar och direktpriser fr\u00e5n fabrik!<\/p>","protected":false},"excerpt":{"rendered":"<div class=\"elementor-element elementor-element-36a3285 elementor-widget elementor-widget-woocommerce-product-title elementor-page-title elementor-widget-heading\" data-id=\"36a3285\" data-element_type=\"widget\" data-widget_type=\"woocommerce-product-title.default\">\n<h2><strong><b>Partihandel Ortopedisk hundb\u00e4dd av minnesskum<\/b><\/strong><\/h2>\n<p>Uppt\u00e4ck ortopedisk hundb\u00e4dd i minnesskum.<\/p>\n<p>H\u00e5ll dina husdjur snygga med v\u00e5r h\u00f6gkvalitativa design.<\/p>\n<\/div>","protected":false},"featured_media":6913,"template":"","meta":{"_seopress_robots_primary_cat":"none","_seopress_titles_title":"Pet Bed: Memory Foam Dog Bed - Top Manufaccturer","_seopress_titles_desc":"Discover our Memory Foam Dog Bed, designed for comfort and style. Factory-direct, this pet bed offers superior support and durability for B2B buyers.\u00a0","_seopress_robots_index":"","_seopress_analysis_target_kw":"Memory Foam Dog Bed","_uag_custom_page_level_css":""},"product_brand":[],"product_cat":[349,345,22],"product_tag":[71,69],"class_list":{"0":"post-6912","1":"product","2":"type-product","3":"status-publish","4":"has-post-thumbnail","6":"product_cat-memory-foam-dog-beds","7":"product_cat-orthopedic-dog-bed","8":"product_cat-pet-bed","9":"product_tag-cat-bed","10":"product_tag-dog-bed","12":"first","13":"instock","14":"shipping-taxable","15":"product-type-simple"},"uagb_featured_image_src":{"full":["https:\/\/pecpets.com\/wp-content\/uploads\/2024\/06\/SKU-01-\u7070\u8272.jpg",1920,1920,false],"thumbnail":["https:\/\/pecpets.com\/wp-content\/uploads\/2024\/06\/SKU-01-\u7070\u8272-150x150.jpg",150,150,true],"medium":["https:\/\/pecpets.com\/wp-content\/uploads\/2024\/06\/SKU-01-\u7070\u8272-300x300.jpg",300,300,true],"medium_large":["https:\/\/pecpets.com\/wp-content\/uploads\/2024\/06\/SKU-01-\u7070\u8272-768x768.jpg",768,768,true],"large":["https:\/\/pecpets.com\/wp-content\/uploads\/2024\/06\/SKU-01-\u7070\u8272-1024x1024.jpg",800,800,true],"1536x1536":["https:\/\/pecpets.com\/wp-content\/uploads\/2024\/06\/SKU-01-\u7070\u8272-1536x1536.jpg",1536,1536,true],"2048x2048":["https:\/\/pecpets.com\/wp-content\/uploads\/2024\/06\/SKU-01-\u7070\u8272.jpg",1920,1920,false],"trp-custom-language-flag":["https:\/\/pecpets.com\/wp-content\/uploads\/2024\/06\/SKU-01-\u7070\u8272.jpg",12,12,false],"woocommerce_thumbnail":["https:\/\/pecpets.com\/wp-content\/uploads\/2024\/06\/SKU-01-\u7070\u8272-300x300.jpg",300,300,true],"woocommerce_single":["https:\/\/pecpets.com\/wp-content\/uploads\/2024\/06\/SKU-01-\u7070\u8272-600x600.jpg",600,600,true],"woocommerce_gallery_thumbnail":["https:\/\/pecpets.com\/wp-content\/uploads\/2024\/06\/SKU-01-\u7070\u8272-100x100.jpg",100,100,true]},"uagb_author_info":{"display_name":"Lawrence\u00a0\u52b3\u4f26\u65af","author_link":"https:\/\/pecpets.com\/se\/author\/"},"uagb_comment_info":0,"uagb_excerpt":"Wholesale Orthopaedic Memory Foam Dog Bed Discover Orthopaedic Memory Foam Dog Bed. Keep your pets stylish with our high-quality designs.","_links":{"self":[{"href":"https:\/\/pecpets.com\/se\/wp-json\/wp\/v2\/product\/6912","targetHints":{"allow":["GET"]}}],"collection":[{"href":"https:\/\/pecpets.com\/se\/wp-json\/wp\/v2\/product"}],"about":[{"href":"https:\/\/pecpets.com\/se\/wp-json\/wp\/v2\/types\/product"}],"wp:featuredmedia":[{"embeddable":true,"href":"https:\/\/pecpets.com\/se\/wp-json\/wp\/v2\/media\/6913"}],"wp:attachment":[{"href":"https:\/\/pecpets.com\/se\/wp-json\/wp\/v2\/media?parent=6912"}],"wp:term":[{"taxonomy":"product_brand","embeddable":true,"href":"https:\/\/pecpets.com\/se\/wp-json\/wp\/v2\/product_brand?post=6912"},{"taxonomy":"product_cat","embeddable":true,"href":"https:\/\/pecpets.com\/se\/wp-json\/wp\/v2\/product_cat?post=6912"},{"taxonomy":"product_tag","embeddable":true,"href":"https:\/\/pecpets.com\/se\/wp-json\/wp\/v2\/product_tag?post=6912"}],"curies":[{"name":"wp","href":"https:\/\/api.w.org\/{rel}","templated":true}]}}