{"id":6959,"date":"2024-06-25T15:50:41","date_gmt":"2024-06-25T07:50:41","guid":{"rendered":"https:\/\/pecpets.com\/?post_type=product&#038;p=6959"},"modified":"2025-08-19T11:01:24","modified_gmt":"2025-08-19T03:01:24","slug":"dog-waterproof-outdoor-clothes","status":"publish","type":"product","link":"https:\/\/pecpets.com\/se\/product\/dog-waterproof-outdoor-clothes\/","title":{"rendered":"Dog Waterproof Outdoor Clothes"},"content":{"rendered":"<h2 data-immersive-translate-walked=\"7a0058e1-a44f-4dca-9e53-0c6459c72304\" data-immersive-translate-paragraph=\"1\">Lyxiga vattent\u00e4ta hundkl\u00e4der f\u00f6r utomhusbruk - perfekta f\u00f6r hundv\u00e5rd Ren | Partihandel &amp; fabriksdirekt<\/h2>\n<p>Uppt\u00e4ck v\u00e5ra lyxiga vattent\u00e4ta utomhuskl\u00e4der f\u00f6r hundar, idealiska f\u00f6r att h\u00e5lla ditt husdjur rent under hundv\u00e5rd och utomhus\u00e4ventyr. Finns f\u00f6r grossist direkt fr\u00e5n v\u00e5r fabrik, vilket garanterar h\u00f6gsta kvalitet och konkurrenskraftiga priser f\u00f6r ditt f\u00f6retag.<\/p>\n<table width=\"288\">\n<tbody>\n<tr>\n<td width=\"137\"><span style=\"color: #333333;\">Produkter Namn<\/span><\/td>\n<td width=\"151\"><span style=\"color: #333333;\">Kl\u00e4der f\u00f6r s\u00e4llskapsdjur<\/span><\/td>\n<\/tr>\n<tr>\n<td><span style=\"color: #333333;\">Artikel nr.<\/span><\/td>\n<td><span style=\"color: #333333;\">PC-1001<\/span><\/td>\n<\/tr>\n<tr>\n<td><span style=\"color: #333333;\">Material<\/span><\/td>\n<td><span style=\"color: #333333;\">Cotton, Polyester, Fiber<\/span><\/td>\n<\/tr>\n<tr>\n<td><span style=\"color: #333333;\">\u00a0Storlek och f\u00e4rg<\/span><\/td>\n<td><span style=\"color: #333333;\">Anpassad storlek<\/span><\/td>\n<\/tr>\n<tr>\n<td><span style=\"color: #333333;\">\u00a0Leveranstid<\/span><\/td>\n<td><span style=\"color: #333333;\">1-5 dagar f\u00f6r liten m\u00e4ngd med flyg och 30-35 dagar f\u00f6r stor m\u00e4ngd till sj\u00f6ss<\/span><\/td>\n<\/tr>\n<\/tbody>\n<\/table>\n<ul>\n<li data-immersive-translate-walked=\"85fa5479-e3d0-4913-81cd-8463fb71838d\"><strong data-immersive-translate-walked=\"85fa5479-e3d0-4913-81cd-8463fb71838d\">Vattent\u00e4tt skydd:<\/strong> Tillverkad av h\u00f6gkvalitativa vattent\u00e4ta material som h\u00e5ller din hund torr och bekv\u00e4m i alla v\u00e4derf\u00f6rh\u00e5llanden.<\/li>\n<li><strong>Lyxig design:<\/strong> Dessa kl\u00e4der \u00e4r tillverkade med omsorg om detaljerna och ger ett lyxigt utseende och en k\u00e4nsla som f\u00e5r ditt husdjur att sticka ut.<\/li>\n<li><strong>Hundv\u00e5rd Ren:<\/strong> Perfekt f\u00f6r att h\u00e5lla din hund ren under grooming-sessioner, minska kladd och g\u00f6ra processen mer effektiv.<\/li>\n<li><strong>Slitstark konstruktion:<\/strong> Byggd f\u00f6r att h\u00e5lla med robusta material som t\u00e5l slitage utomhus, vilket garanterar l\u00e5ngvarig anv\u00e4ndning.<\/li>\n<li><strong>Bekv\u00e4m passform:<\/strong> Utformad f\u00f6r en \u00e5tsittande men \u00e4nd\u00e5 bekv\u00e4m passform, s\u00e5 att din hund kan r\u00f6ra sig fritt utan begr\u00e4nsningar.<\/li>\n<li><strong>L\u00e4tt att reng\u00f6ra:<\/strong> Kl\u00e4derna kan maskintv\u00e4ttas f\u00f6r problemfritt underh\u00e5ll, vilket s\u00e4kerst\u00e4ller att de f\u00f6rblir fr\u00e4scha och redo att anv\u00e4ndas.<\/li>\n<li data-immersive-translate-walked=\"85fa5479-e3d0-4913-81cd-8463fb71838d\"><strong data-immersive-translate-walked=\"85fa5479-e3d0-4913-81cd-8463fb71838d\">Partihandel och direkt fr\u00e5n fabrik:<\/strong> K\u00f6p direkt fr\u00e5n v\u00e5r fabrik f\u00f6r att njuta av de b\u00e4sta grossistpriserna, perfekt f\u00f6r djuraff\u00e4rer, grooming salonger och djurv\u00e5rdsleverant\u00f6rer.<\/li>\n<\/ul>\n<p data-immersive-translate-walked=\"85fa5479-e3d0-4913-81cd-8463fb71838d\">F\u00f6rb\u00e4ttra ditt produktutbud med v\u00e5ra vattent\u00e4ta utomhuskl\u00e4der f\u00f6r lyxiga hundar. Perfekt f\u00f6r husdjurs\u00e4gare som v\u00e4rdes\u00e4tter b\u00e5de stil och funktionalitet, och ett utm\u00e4rkt tillskott till ditt f\u00f6retags lager. Kontakta oss idag f\u00f6r grossistf\u00f6rfr\u00e5gningar och fabriksdirekt priss\u00e4ttning!<\/p>","protected":false},"excerpt":{"rendered":"<h2>Dog Waterproof Outdoor Clothes<\/h2>\n<p>Explore Dog Waterproof Outdoor Clothes.<\/p>\n<p>Handla grossistv\u00e5rd f\u00f6r husdjur fr\u00e5n fabriken f\u00f6r oslagbara priser och kvalitet.<\/p>","protected":false},"featured_media":6970,"template":"","meta":{"_seopress_robots_primary_cat":"none","_seopress_titles_title":"Pet Clean: Dog Waterproof Outdoor Clothes -Manufacterurs","_seopress_titles_desc":"Introducing our Luxury Dog Waterproof Outdoor Clothes, designed to provide comfort, and style for your pet during outdoor activities and grooming sessions.","_seopress_robots_index":"","_seopress_analysis_target_kw":"Dog Waterproof Outdoor Clothes","_uag_custom_page_level_css":""},"product_brand":[],"product_cat":[365,23],"product_tag":[165,337],"class_list":{"0":"post-6959","1":"product","2":"type-product","3":"status-publish","4":"has-post-thumbnail","6":"product_cat-functional-dog-clothing","7":"product_cat-pet-clothing","8":"product_tag-pet-accessories","9":"product_tag-pet-clean","11":"first","12":"instock","13":"shipping-taxable","14":"product-type-simple"},"uagb_featured_image_src":{"full":["https:\/\/pecpets.com\/wp-content\/uploads\/2024\/06\/\u4e3b\u56fe-01-21.jpg",800,800,false],"thumbnail":["https:\/\/pecpets.com\/wp-content\/uploads\/2024\/06\/\u4e3b\u56fe-01-21-150x150.jpg",150,150,true],"medium":["https:\/\/pecpets.com\/wp-content\/uploads\/2024\/06\/\u4e3b\u56fe-01-21-300x300.jpg",300,300,true],"medium_large":["https:\/\/pecpets.com\/wp-content\/uploads\/2024\/06\/\u4e3b\u56fe-01-21-768x768.jpg",768,768,true],"large":["https:\/\/pecpets.com\/wp-content\/uploads\/2024\/06\/\u4e3b\u56fe-01-21.jpg",800,800,false],"1536x1536":["https:\/\/pecpets.com\/wp-content\/uploads\/2024\/06\/\u4e3b\u56fe-01-21.jpg",800,800,false],"2048x2048":["https:\/\/pecpets.com\/wp-content\/uploads\/2024\/06\/\u4e3b\u56fe-01-21.jpg",800,800,false],"trp-custom-language-flag":["https:\/\/pecpets.com\/wp-content\/uploads\/2024\/06\/\u4e3b\u56fe-01-21.jpg",12,12,false],"woocommerce_thumbnail":["https:\/\/pecpets.com\/wp-content\/uploads\/2024\/06\/\u4e3b\u56fe-01-21-300x300.jpg",300,300,true],"woocommerce_single":["https:\/\/pecpets.com\/wp-content\/uploads\/2024\/06\/\u4e3b\u56fe-01-21-600x600.jpg",600,600,true],"woocommerce_gallery_thumbnail":["https:\/\/pecpets.com\/wp-content\/uploads\/2024\/06\/\u4e3b\u56fe-01-21-100x100.jpg",100,100,true]},"uagb_author_info":{"display_name":"Lawrence\u00a0\u52b3\u4f26\u65af","author_link":"https:\/\/pecpets.com\/se\/author\/"},"uagb_comment_info":0,"uagb_excerpt":"Dog Waterproof Outdoor Clothes Explore Dog Waterproof Outdoor Clothes. Shop wholesale pet grooming from the factory for unbeatable prices and quality.","_links":{"self":[{"href":"https:\/\/pecpets.com\/se\/wp-json\/wp\/v2\/product\/6959","targetHints":{"allow":["GET"]}}],"collection":[{"href":"https:\/\/pecpets.com\/se\/wp-json\/wp\/v2\/product"}],"about":[{"href":"https:\/\/pecpets.com\/se\/wp-json\/wp\/v2\/types\/product"}],"wp:featuredmedia":[{"embeddable":true,"href":"https:\/\/pecpets.com\/se\/wp-json\/wp\/v2\/media\/6970"}],"wp:attachment":[{"href":"https:\/\/pecpets.com\/se\/wp-json\/wp\/v2\/media?parent=6959"}],"wp:term":[{"taxonomy":"product_brand","embeddable":true,"href":"https:\/\/pecpets.com\/se\/wp-json\/wp\/v2\/product_brand?post=6959"},{"taxonomy":"product_cat","embeddable":true,"href":"https:\/\/pecpets.com\/se\/wp-json\/wp\/v2\/product_cat?post=6959"},{"taxonomy":"product_tag","embeddable":true,"href":"https:\/\/pecpets.com\/se\/wp-json\/wp\/v2\/product_tag?post=6959"}],"curies":[{"name":"wp","href":"https:\/\/api.w.org\/{rel}","templated":true}]}}