{"id":6993,"date":"2024-06-25T16:30:23","date_gmt":"2024-06-25T08:30:23","guid":{"rendered":"https:\/\/pecpets.com\/?post_type=product&#038;p=6993"},"modified":"2025-08-19T10:22:59","modified_gmt":"2025-08-19T02:22:59","slug":"pet-cleaning-slicker-brush","status":"publish","type":"product","link":"https:\/\/pecpets.com\/se\/product\/pet-cleaning-slicker-brush\/","title":{"rendered":"Pet Cleaning Slicker Brush"},"content":{"rendered":"<h2 data-immersive-translate-walked=\"7a0058e1-a44f-4dca-9e53-0c6459c72304\" data-immersive-translate-paragraph=\"1\">Slickerborste f\u00f6r reng\u00f6ring av husdjur - Reng\u00f6ringskam f\u00f6r hund och katt | Wholesale &amp; Factory Direct<\/h2>\n<p>Uppt\u00e4ck v\u00e5r Pet Cleaning Slicker Brush, perfekt f\u00f6r reng\u00f6ring och f\u00e4llning av hundh\u00e5r. Denna groomingkam tar effektivt bort l\u00f6sa underl\u00e4gg och trassligt h\u00e5r. Finns f\u00f6r grossist direkt fr\u00e5n v\u00e5r fabrik och erbjuder h\u00f6gsta kvalitet och konkurrenskraftiga priser.<\/p>\n<table width=\"288\">\n<tbody>\n<tr>\n<td width=\"137\"><span style=\"color: #333333;\">Produkter Namn<\/span><\/td>\n<td width=\"151\"><span style=\"color: #333333;\">Djurv\u00e5rd Ren<\/span><\/td>\n<\/tr>\n<tr>\n<td><span style=\"color: #333333;\">Artikel nr.<\/span><\/td>\n<td><span style=\"color: #333333;\">PGC-2002<\/span><\/td>\n<\/tr>\n<tr>\n<td><span style=\"color: #333333;\">Material<\/span><\/td>\n<td><span style=\"color: #333333;\">Rostfritt st\u00e5l, silikon<\/span><\/td>\n<\/tr>\n<tr>\n<td><span style=\"color: #333333;\">\u00a0Storlek och f\u00e4rg<\/span><\/td>\n<td><span style=\"color: #333333;\">22 x 10 x 5 cm<\/span><\/td>\n<\/tr>\n<tr>\n<td><span style=\"color: #333333;\">\u00a0Leveranstid<\/span><\/td>\n<td><span style=\"color: #333333;\">1-5 dagar f\u00f6r liten m\u00e4ngd med flyg och 30-35 dagar f\u00f6r stor m\u00e4ngd till sj\u00f6ss<\/span><\/td>\n<\/tr>\n<\/tbody>\n<\/table>\n<ul>\n<li data-immersive-translate-walked=\"85fa5479-e3d0-4913-81cd-8463fb71838d\"><strong data-immersive-translate-walked=\"85fa5479-e3d0-4913-81cd-8463fb71838d\">Hundv\u00e5rd Ren:<\/strong> Utformad f\u00f6r att ge en grundlig groomingupplevelse och h\u00e5lla ditt husdjurs p\u00e4ls ren och v\u00e4l underh\u00e5llen.<\/li>\n<li data-immersive-translate-walked=\"85fa5479-e3d0-4913-81cd-8463fb71838d\"><strong data-immersive-translate-walked=\"85fa5479-e3d0-4913-81cd-8463fb71838d\">Kam f\u00f6r f\u00e4llning:<\/strong> Avl\u00e4gsnar effektivt l\u00f6sa underl\u00e4gg och trassligt h\u00e5r, minskar f\u00e4llning och fr\u00e4mjar en frisk p\u00e4ls.<\/li>\n<li><strong>F\u00f6r hundar och katter:<\/strong> L\u00e4mplig f\u00f6r b\u00e5de hundar och katter, vilket g\u00f6r den till ett m\u00e5ngsidigt verktyg f\u00f6r djurv\u00e5rd.<\/li>\n<li><strong>Bekv\u00e4m och skonsam:<\/strong> Har fina, b\u00f6jda borst som f\u00f6rsiktigt avl\u00e4gsnar h\u00e5r utan att orsaka obehag f\u00f6r ditt husdjur.<\/li>\n<li><strong>H\u00e5llbar och av h\u00f6g kvalitet:<\/strong> Tillverkad av robusta, h\u00f6gkvalitativa material f\u00f6r att s\u00e4kerst\u00e4lla l\u00e5ngvarig anv\u00e4ndning och tillf\u00f6rlitlig prestanda.<\/li>\n<li><strong>Ergonomisk design:<\/strong> Borsten \u00e4r utformad med ett ergonomiskt handtag f\u00f6r ett bekv\u00e4mt grepp, vilket g\u00f6r det enklare f\u00f6r djur\u00e4gare att sk\u00f6ta om sina djur.<\/li>\n<li><strong>L\u00e4tt att reng\u00f6ra:<\/strong> Den sj\u00e4lvreng\u00f6rande designen g\u00f6r det enkelt att ta bort h\u00e5r fr\u00e5n borsten, vilket ger ett problemfritt underh\u00e5ll.<\/li>\n<li><strong>Partihandel och direkt fr\u00e5n fabrik:<\/strong> K\u00f6p direkt fr\u00e5n v\u00e5r fabrik f\u00f6r att njuta av de b\u00e4sta grossistpriserna, perfekt f\u00f6r djuraff\u00e4rer, grooming salonger och djurv\u00e5rdsleverant\u00f6rer.<\/li>\n<\/ul>\n<p data-immersive-translate-walked=\"85fa5479-e3d0-4913-81cd-8463fb71838d\">Komplettera dina produkter f\u00f6r djurv\u00e5rd med v\u00e5r Pet Cleaning Slicker Brush. Perfekt f\u00f6r djur\u00e4gare och professionella djursk\u00f6tare som s\u00f6ker en effektiv och skonsam l\u00f6sning f\u00f6r djursk\u00f6tsel. Kontakta oss idag f\u00f6r grossistf\u00f6rfr\u00e5gningar och fabriksdirekt priss\u00e4ttning!<\/p>","protected":false},"excerpt":{"rendered":"<h2>Pet Cleaning Slicker Brush<\/h2>\n<p>Explore Slicker Brush f\u00f6r reng\u00f6ring av husdjur.<\/p>\n<p>Handla grossistskor f\u00f6r husdjur fr\u00e5n fabriken f\u00f6r oslagbara priser och kvalitet.<\/p>","protected":false},"featured_media":6994,"template":"","meta":{"_seopress_robots_primary_cat":"none","_seopress_titles_title":"Pet Clean: Pet Cleaning Slicker Brush - Pet Manufacterurs","_seopress_titles_desc":"Pet Cleaning Slicker Brush is perfect for both dog and cat, effectively removing loose underlayers and tangled hair to keep your pet\u2019s coat healthy and smooth.","_seopress_robots_index":"","_uag_custom_page_level_css":""},"product_brand":[],"product_cat":[324,331],"product_tag":[165,337],"class_list":{"0":"post-6993","1":"product","2":"type-product","3":"status-publish","4":"has-post-thumbnail","6":"product_cat-pet-accessory","7":"product_cat-pet-grooming-clean","8":"product_tag-pet-accessories","9":"product_tag-pet-clean","11":"first","12":"instock","13":"shipping-taxable","14":"product-type-simple"},"uagb_featured_image_src":{"full":["https:\/\/pecpets.com\/wp-content\/uploads\/2024\/06\/\u4e3b\u56fe-01-24.jpg",800,800,false],"thumbnail":["https:\/\/pecpets.com\/wp-content\/uploads\/2024\/06\/\u4e3b\u56fe-01-24-150x150.jpg",150,150,true],"medium":["https:\/\/pecpets.com\/wp-content\/uploads\/2024\/06\/\u4e3b\u56fe-01-24-300x300.jpg",300,300,true],"medium_large":["https:\/\/pecpets.com\/wp-content\/uploads\/2024\/06\/\u4e3b\u56fe-01-24-768x768.jpg",768,768,true],"large":["https:\/\/pecpets.com\/wp-content\/uploads\/2024\/06\/\u4e3b\u56fe-01-24.jpg",800,800,false],"1536x1536":["https:\/\/pecpets.com\/wp-content\/uploads\/2024\/06\/\u4e3b\u56fe-01-24.jpg",800,800,false],"2048x2048":["https:\/\/pecpets.com\/wp-content\/uploads\/2024\/06\/\u4e3b\u56fe-01-24.jpg",800,800,false],"trp-custom-language-flag":["https:\/\/pecpets.com\/wp-content\/uploads\/2024\/06\/\u4e3b\u56fe-01-24.jpg",12,12,false],"woocommerce_thumbnail":["https:\/\/pecpets.com\/wp-content\/uploads\/2024\/06\/\u4e3b\u56fe-01-24-300x300.jpg",300,300,true],"woocommerce_single":["https:\/\/pecpets.com\/wp-content\/uploads\/2024\/06\/\u4e3b\u56fe-01-24-600x600.jpg",600,600,true],"woocommerce_gallery_thumbnail":["https:\/\/pecpets.com\/wp-content\/uploads\/2024\/06\/\u4e3b\u56fe-01-24-100x100.jpg",100,100,true]},"uagb_author_info":{"display_name":"Lawrence\u00a0\u52b3\u4f26\u65af","author_link":"https:\/\/pecpets.com\/se\/author\/"},"uagb_comment_info":0,"uagb_excerpt":"Pet Cleaning Slicker Brush Explore Pet Cleaning Slicker Brush. Shop wholesale pet shoes from the factory for unbeatable prices and quality.","_links":{"self":[{"href":"https:\/\/pecpets.com\/se\/wp-json\/wp\/v2\/product\/6993","targetHints":{"allow":["GET"]}}],"collection":[{"href":"https:\/\/pecpets.com\/se\/wp-json\/wp\/v2\/product"}],"about":[{"href":"https:\/\/pecpets.com\/se\/wp-json\/wp\/v2\/types\/product"}],"wp:featuredmedia":[{"embeddable":true,"href":"https:\/\/pecpets.com\/se\/wp-json\/wp\/v2\/media\/6994"}],"wp:attachment":[{"href":"https:\/\/pecpets.com\/se\/wp-json\/wp\/v2\/media?parent=6993"}],"wp:term":[{"taxonomy":"product_brand","embeddable":true,"href":"https:\/\/pecpets.com\/se\/wp-json\/wp\/v2\/product_brand?post=6993"},{"taxonomy":"product_cat","embeddable":true,"href":"https:\/\/pecpets.com\/se\/wp-json\/wp\/v2\/product_cat?post=6993"},{"taxonomy":"product_tag","embeddable":true,"href":"https:\/\/pecpets.com\/se\/wp-json\/wp\/v2\/product_tag?post=6993"}],"curies":[{"name":"wp","href":"https:\/\/api.w.org\/{rel}","templated":true}]}}