{"id":7005,"date":"2024-06-25T16:36:40","date_gmt":"2024-06-25T08:36:40","guid":{"rendered":"https:\/\/pecpets.com\/?post_type=product&#038;p=7005"},"modified":"2025-08-19T10:20:43","modified_gmt":"2025-08-19T02:20:43","slug":"dog-grooming-scissors-kit","status":"publish","type":"product","link":"https:\/\/pecpets.com\/se\/product\/dog-grooming-scissors-kit\/","title":{"rendered":"Dog Grooming Scissors Kit"},"content":{"rendered":"<h2 data-immersive-translate-walked=\"7a0058e1-a44f-4dca-9e53-0c6459c72304\" data-immersive-translate-paragraph=\"1\">Professionell saxsats f\u00f6r hundgrooming - ren verktygssats f\u00f6r hundgrooming | Partihandel &amp; fabriksdirekt<\/h2>\n<p>Utforska v\u00e5rt Professional Dog Grooming Scissors Kit, utformat f\u00f6r att uppn\u00e5 rena hundgroomingresultat. Denna upps\u00e4ttning reng\u00f6rings- och sk\u00f6tselverktyg f\u00f6r husdjur finns tillg\u00e4nglig f\u00f6r grossist direkt fr\u00e5n v\u00e5r fabrik, vilket garanterar h\u00f6gsta kvalitet och konkurrenskraftiga priser f\u00f6r dina aff\u00e4rsbehov.<\/p>\n<table width=\"288\">\n<tbody>\n<tr>\n<td width=\"137\"><span style=\"color: #333333;\">Produkter Namn<\/span><\/td>\n<td width=\"151\"><span style=\"color: #333333;\">Djurv\u00e5rd Ren<\/span><\/td>\n<\/tr>\n<tr>\n<td><span style=\"color: #333333;\">Artikel nr.<\/span><\/td>\n<td><span style=\"color: #333333;\">PGC-2001<\/span><\/td>\n<\/tr>\n<tr>\n<td><span style=\"color: #333333;\">Material<\/span><\/td>\n<td><span style=\"color: #333333;\">Rostfria st\u00e5l<\/span><\/td>\n<\/tr>\n<tr>\n<td><span style=\"color: #333333;\">\u00a0Storlek och f\u00e4rg<\/span><\/td>\n<td><span style=\"color: #333333;\">18 x 6 x 5 cm<\/span><\/td>\n<\/tr>\n<tr>\n<td><span style=\"color: #333333;\">\u00a0Leveranstid<\/span><\/td>\n<td><span style=\"color: #333333;\">1-5 dagar f\u00f6r liten m\u00e4ngd med flyg och 30-35 dagar f\u00f6r stor m\u00e4ngd till sj\u00f6ss<\/span><\/td>\n<\/tr>\n<\/tbody>\n<\/table>\n<ul>\n<li><strong>Hundv\u00e5rd Ren:<\/strong> F\u00e5 en perfekt v\u00e4lv\u00e5rdad look med en precisionssax som \u00e4r utformad f\u00f6r att ge en ren och snygg finish.<\/li>\n<li><strong>Professionell upps\u00e4ttning verktyg f\u00f6r reng\u00f6ring och sk\u00f6tsel av husdjur:<\/strong> Detta kit inneh\u00e5ller en m\u00e4ngd olika grooming-saxar, t.ex. raka saxar, gallringssaxar, b\u00f6jda saxar och en grooming-kam, vilket g\u00f6r det till en komplett l\u00f6sning f\u00f6r alla grooming-behov.<\/li>\n<li><strong>H\u00f6gkvalitativa material:<\/strong> Tillverkad av slitstarkt, rostbest\u00e4ndigt rostfritt st\u00e5l f\u00f6r att s\u00e4kerst\u00e4lla l\u00e5ngvarig sk\u00e4rpa och tillf\u00f6rlitlighet.<\/li>\n<li><strong>Ergonomisk design:<\/strong> Bekv\u00e4ma, ergonomiska handtag som ger ett s\u00e4kert grepp och minskar tr\u00f6ttheten i h\u00e4nderna under l\u00e5nga grooming-sessioner.<\/li>\n<li><strong>S\u00e4ker och skonsam:<\/strong> Utformad med rundade spetsar f\u00f6r att garantera s\u00e4kerheten f\u00f6r ditt husdjur och f\u00f6rhindra oavsiktliga hack och sk\u00e4rs\u00e5r.<\/li>\n<li><strong>M\u00e5ngsidig anv\u00e4ndning:<\/strong> L\u00e4mplig f\u00f6r trimning av h\u00e5r p\u00e5 alla delar av hunden, inklusive ansikte, tassar och kropp.<\/li>\n<li><strong>L\u00e4tt att reng\u00f6ra och underh\u00e5lla:<\/strong> Saxen \u00e4r l\u00e4tt att reng\u00f6ra och underh\u00e5lla, vilket s\u00e4kerst\u00e4ller att den f\u00f6rblir i toppskick f\u00f6r upprepad anv\u00e4ndning.<\/li>\n<li data-immersive-translate-walked=\"85fa5479-e3d0-4913-81cd-8463fb71838d\"><strong data-immersive-translate-walked=\"85fa5479-e3d0-4913-81cd-8463fb71838d\">Partihandel och direkt fr\u00e5n fabrik:<\/strong> K\u00f6p direkt fr\u00e5n v\u00e5r fabrik f\u00f6r att dra nytta av de b\u00e4sta grossistpriserna, perfekt f\u00f6r djuraff\u00e4rer, grooming salonger och djurv\u00e5rdsleverant\u00f6rer.<\/li>\n<\/ul>\n<p data-immersive-translate-walked=\"85fa5479-e3d0-4913-81cd-8463fb71838d\">F\u00f6rb\u00e4ttra dina groomingtillbeh\u00f6r med v\u00e5rt Professional Dog Grooming Scissors Kit. Perfekt f\u00f6r djur\u00e4gare och professionella hundsk\u00f6tare som s\u00f6ker en h\u00f6gkvalitativ och p\u00e5litlig l\u00f6sning f\u00f6r hundsk\u00f6tsel. Kontakta oss idag f\u00f6r grossistf\u00f6rfr\u00e5gningar och fabriksdirekt priss\u00e4ttning!<\/p>","protected":false},"excerpt":{"rendered":"<h2>Dog Grooming Scissors Kit<\/h2>\n<p>Utforska hundgrooming-saxsats.<\/p>\n<p>Handla grossistskor f\u00f6r husdjur fr\u00e5n fabriken f\u00f6r oslagbara priser och kvalitet.<\/p>","protected":false},"featured_media":7006,"template":"","meta":{"_seopress_robots_primary_cat":"none","_seopress_titles_title":"Pet Clean: Dog Grooming Scissors Kit - Pet Manufacterurs","_seopress_titles_desc":"Introducing the Professional Dog Grooming Scissors Kit, designed to provide dog grooming clean results for both professional groomers and pet owners.","_seopress_robots_index":"","_uag_custom_page_level_css":""},"product_brand":[],"product_cat":[324,331],"product_tag":[165,337],"class_list":{"0":"post-7005","1":"product","2":"type-product","3":"status-publish","4":"has-post-thumbnail","6":"product_cat-pet-accessory","7":"product_cat-pet-grooming-clean","8":"product_tag-pet-accessories","9":"product_tag-pet-clean","11":"first","12":"instock","13":"shipping-taxable","14":"product-type-simple"},"uagb_featured_image_src":{"full":["https:\/\/pecpets.com\/wp-content\/uploads\/2024\/06\/\u4e3b\u56fe-01-25.jpg",800,800,false],"thumbnail":["https:\/\/pecpets.com\/wp-content\/uploads\/2024\/06\/\u4e3b\u56fe-01-25-150x150.jpg",150,150,true],"medium":["https:\/\/pecpets.com\/wp-content\/uploads\/2024\/06\/\u4e3b\u56fe-01-25-300x300.jpg",300,300,true],"medium_large":["https:\/\/pecpets.com\/wp-content\/uploads\/2024\/06\/\u4e3b\u56fe-01-25-768x768.jpg",768,768,true],"large":["https:\/\/pecpets.com\/wp-content\/uploads\/2024\/06\/\u4e3b\u56fe-01-25.jpg",800,800,false],"1536x1536":["https:\/\/pecpets.com\/wp-content\/uploads\/2024\/06\/\u4e3b\u56fe-01-25.jpg",800,800,false],"2048x2048":["https:\/\/pecpets.com\/wp-content\/uploads\/2024\/06\/\u4e3b\u56fe-01-25.jpg",800,800,false],"trp-custom-language-flag":["https:\/\/pecpets.com\/wp-content\/uploads\/2024\/06\/\u4e3b\u56fe-01-25.jpg",12,12,false],"woocommerce_thumbnail":["https:\/\/pecpets.com\/wp-content\/uploads\/2024\/06\/\u4e3b\u56fe-01-25-300x300.jpg",300,300,true],"woocommerce_single":["https:\/\/pecpets.com\/wp-content\/uploads\/2024\/06\/\u4e3b\u56fe-01-25-600x600.jpg",600,600,true],"woocommerce_gallery_thumbnail":["https:\/\/pecpets.com\/wp-content\/uploads\/2024\/06\/\u4e3b\u56fe-01-25-100x100.jpg",100,100,true]},"uagb_author_info":{"display_name":"Lawrence\u00a0\u52b3\u4f26\u65af","author_link":"https:\/\/pecpets.com\/se\/author\/"},"uagb_comment_info":0,"uagb_excerpt":"Dog Grooming Scissors Kit Explore Dog Grooming Scissors Kit. Shop wholesale pet shoes from the factory for unbeatable prices and quality.","_links":{"self":[{"href":"https:\/\/pecpets.com\/se\/wp-json\/wp\/v2\/product\/7005","targetHints":{"allow":["GET"]}}],"collection":[{"href":"https:\/\/pecpets.com\/se\/wp-json\/wp\/v2\/product"}],"about":[{"href":"https:\/\/pecpets.com\/se\/wp-json\/wp\/v2\/types\/product"}],"wp:featuredmedia":[{"embeddable":true,"href":"https:\/\/pecpets.com\/se\/wp-json\/wp\/v2\/media\/7006"}],"wp:attachment":[{"href":"https:\/\/pecpets.com\/se\/wp-json\/wp\/v2\/media?parent=7005"}],"wp:term":[{"taxonomy":"product_brand","embeddable":true,"href":"https:\/\/pecpets.com\/se\/wp-json\/wp\/v2\/product_brand?post=7005"},{"taxonomy":"product_cat","embeddable":true,"href":"https:\/\/pecpets.com\/se\/wp-json\/wp\/v2\/product_cat?post=7005"},{"taxonomy":"product_tag","embeddable":true,"href":"https:\/\/pecpets.com\/se\/wp-json\/wp\/v2\/product_tag?post=7005"}],"curies":[{"name":"wp","href":"https:\/\/api.w.org\/{rel}","templated":true}]}}