{"id":7070,"date":"2024-06-26T15:46:07","date_gmt":"2024-06-26T07:46:07","guid":{"rendered":"https:\/\/pecpets.com\/?post_type=product&#038;p=7070"},"modified":"2025-08-20T11:17:43","modified_gmt":"2025-08-20T03:17:43","slug":"blank-raglan-large-clothes-for-dogs","status":"publish","type":"product","link":"https:\/\/pecpets.com\/se\/product\/blank-raglan-large-clothes-for-dogs\/","title":{"rendered":"Blank Raglan Stora Kl\u00e4der F\u00f6r Hundar"},"content":{"rendered":"<h2>Partihandel Blank Raglan stora kl\u00e4der f\u00f6r hundar - bekv\u00e4ma, h\u00e5llbara grundl\u00e4ggande hundkl\u00e4der Factory Direct<\/h2>\n<p>Discover our Blank Raglan Large Clothes for Dogs, offering comfort and durability.<\/p>\n<p>Perfect for any dog, our DOG shirt is available wholesale from the factory at competitive prices<\/p>\n<table style=\"height: 269px;\" width=\"287\">\n<tbody>\n<tr>\n<td width=\"137\"><span style=\"color: #333333;\">Produktens namn<\/span><\/td>\n<td width=\"151\"><span style=\"color: #333333;\">Kl\u00e4der f\u00f6r s\u00e4llskapsdjur<\/span><\/td>\n<\/tr>\n<tr>\n<td><span style=\"color: #333333;\">Artikel nr.<\/span><\/td>\n<td><span style=\"color: #333333;\">P-C2167<\/span><\/td>\n<\/tr>\n<tr>\n<td><span style=\"color: #333333;\">Material<\/span><\/td>\n<td>Bomull, polyester, fleece<\/td>\n<\/tr>\n<tr>\n<td><span style=\"color: #333333;\">\u00a0Storlek och f\u00e4rg<\/span><\/td>\n<td><span style=\"color: #333333;\">Anpassad<\/span><\/td>\n<\/tr>\n<tr>\n<td><span style=\"color: #333333;\">\u00a0Leveranstid<\/span><\/td>\n<td><span style=\"color: #333333;\">1- 5 dagar f\u00f6r sm\u00e5 kvantiteter med flyg och 30- 35 dagar f\u00f6r stora kvantiteter med b\u00e5t<\/span><\/td>\n<\/tr>\n<\/tbody>\n<\/table>\n<ul>\n<li data-immersive-translate-walked=\"74886ed9-3c57-4843-8350-d06a3e28483f\" data-immersive-translate-paragraph=\"1\"><strong data-immersive-translate-walked=\"74886ed9-3c57-4843-8350-d06a3e28483f\">M\u00e5ngsidig design<\/strong>: Den blanka raglan-designen ger ett klassiskt utseende som kan anpassas eller b\u00e4ras som det \u00e4r, vilket g\u00f6r det l\u00e4mpligt f\u00f6r olika tillf\u00e4llen.<\/li>\n<li><strong>Bekv\u00e4m passform<\/strong>: Tillverkad av mjuka, andningsbara material, v\u00e5r DOG-skjorta garanterar en bekv\u00e4m passform f\u00f6r stora hundar, s\u00e5 att de kan r\u00f6ra sig fritt och h\u00e5lla sig bekv\u00e4ma.<\/li>\n<li><strong>Slitstark konstruktion<\/strong>: Denna hundskjorta \u00e4r tillverkad av h\u00f6gkvalitativa, slitstarka tyger och t\u00e5l regelbundet slitage och tv\u00e4tt, vilket garanterar l\u00e5ngvarig anv\u00e4ndning.<\/li>\n<li data-immersive-translate-walked=\"74886ed9-3c57-4843-8350-d06a3e28483f\" data-immersive-translate-paragraph=\"1\"><strong data-immersive-translate-walked=\"74886ed9-3c57-4843-8350-d06a3e28483f\">M\u00f6jligheter inom partihandel<\/strong>: As a factory-direct supplier, we offer competitive wholesale prices and added benefits for bulk orders, ensuring great value for your business.<\/li>\n<\/ul>\n<p>Contact us today to learn more about our wholesale opportunities and factory-direct pricing for the Blank Raglan Large Clothes for Dogs.<\/p>\n<p>Ensure your customers&#8217; large dogs enjoy comfort and durability with our basic dog clothing.<\/p>","protected":false},"excerpt":{"rendered":"<h2 data-immersive-translate-walked=\"f36f68ab-127d-4e10-955b-f6ada5d45339\">Partihandel Blank Raglan Stora kl\u00e4der f\u00f6r hundar<\/h2>\n<p>Explore Blank Raglan Large Kl\u00e4der f\u00f6r hundar.<\/p>\n<p>Handla grossistdjurskl\u00e4der fr\u00e5n fabriken f\u00f6r oslagbara priser och kvalitet.<\/p>","protected":false},"featured_media":7072,"template":"","meta":{"_seopress_robots_primary_cat":"none","_seopress_titles_title":"Pet Clothes: Blank Large Clothes For Dogs- Top Manufacturers","_seopress_titles_desc":"Equip your customers with our Blank Raglan Large Clothes For Dogs, the perfect choice for basic dog clothing that ensures both comfort and durability.","_seopress_robots_index":"","_uag_custom_page_level_css":""},"product_brand":[],"product_cat":[364,343,23],"product_tag":[],"class_list":{"0":"post-7070","1":"product","2":"type-product","3":"status-publish","4":"has-post-thumbnail","6":"product_cat-basic-dog-clothing","7":"product_cat-pet-shirts","8":"product_cat-pet-clothing","10":"first","11":"instock","12":"shipping-taxable","13":"product-type-simple"},"uagb_featured_image_src":{"full":["https:\/\/pecpets.com\/wp-content\/uploads\/2024\/06\/Main-01-1.jpg",800,800,false],"thumbnail":["https:\/\/pecpets.com\/wp-content\/uploads\/2024\/06\/Main-01-1-150x150.jpg",150,150,true],"medium":["https:\/\/pecpets.com\/wp-content\/uploads\/2024\/06\/Main-01-1-300x300.jpg",300,300,true],"medium_large":["https:\/\/pecpets.com\/wp-content\/uploads\/2024\/06\/Main-01-1-768x768.jpg",768,768,true],"large":["https:\/\/pecpets.com\/wp-content\/uploads\/2024\/06\/Main-01-1.jpg",800,800,false],"1536x1536":["https:\/\/pecpets.com\/wp-content\/uploads\/2024\/06\/Main-01-1.jpg",800,800,false],"2048x2048":["https:\/\/pecpets.com\/wp-content\/uploads\/2024\/06\/Main-01-1.jpg",800,800,false],"trp-custom-language-flag":["https:\/\/pecpets.com\/wp-content\/uploads\/2024\/06\/Main-01-1.jpg",12,12,false],"woocommerce_thumbnail":["https:\/\/pecpets.com\/wp-content\/uploads\/2024\/06\/Main-01-1-300x300.jpg",300,300,true],"woocommerce_single":["https:\/\/pecpets.com\/wp-content\/uploads\/2024\/06\/Main-01-1-600x600.jpg",600,600,true],"woocommerce_gallery_thumbnail":["https:\/\/pecpets.com\/wp-content\/uploads\/2024\/06\/Main-01-1-100x100.jpg",100,100,true]},"uagb_author_info":{"display_name":"Lawrence\u00a0\u52b3\u4f26\u65af","author_link":"https:\/\/pecpets.com\/se\/author\/"},"uagb_comment_info":0,"uagb_excerpt":"Wholesale Blank Raglan Large Clothes For Dogs Explore Blank Raglan Large Clothes For Dogs. Shop wholesale pet clothes from the factory for unbeatable prices and quality.","_links":{"self":[{"href":"https:\/\/pecpets.com\/se\/wp-json\/wp\/v2\/product\/7070","targetHints":{"allow":["GET"]}}],"collection":[{"href":"https:\/\/pecpets.com\/se\/wp-json\/wp\/v2\/product"}],"about":[{"href":"https:\/\/pecpets.com\/se\/wp-json\/wp\/v2\/types\/product"}],"wp:featuredmedia":[{"embeddable":true,"href":"https:\/\/pecpets.com\/se\/wp-json\/wp\/v2\/media\/7072"}],"wp:attachment":[{"href":"https:\/\/pecpets.com\/se\/wp-json\/wp\/v2\/media?parent=7070"}],"wp:term":[{"taxonomy":"product_brand","embeddable":true,"href":"https:\/\/pecpets.com\/se\/wp-json\/wp\/v2\/product_brand?post=7070"},{"taxonomy":"product_cat","embeddable":true,"href":"https:\/\/pecpets.com\/se\/wp-json\/wp\/v2\/product_cat?post=7070"},{"taxonomy":"product_tag","embeddable":true,"href":"https:\/\/pecpets.com\/se\/wp-json\/wp\/v2\/product_tag?post=7070"}],"curies":[{"name":"wp","href":"https:\/\/api.w.org\/{rel}","templated":true}]}}