{"id":7246,"date":"2024-06-28T15:08:06","date_gmt":"2024-06-28T07:08:06","guid":{"rendered":"https:\/\/pecpets.com\/?post_type=product&#038;p=7246"},"modified":"2024-10-29T15:56:03","modified_gmt":"2024-10-29T07:56:03","slug":"orthopedic-dog-bed-soft-durable-dog-cat-mat","status":"publish","type":"product","link":"https:\/\/pecpets.com\/se\/product\/orthopedic-dog-bed-soft-durable-dog-cat-mat\/","title":{"rendered":"Ortopedisk hundb\u00e4dd Mjuk slitstark hundkattmatta"},"content":{"rendered":"<div class=\"elementor-element elementor-element-f148377 elementor-widget elementor-widget-woocommerce-product-content\" data-id=\"f148377\" data-element_type=\"widget\" data-widget_type=\"woocommerce-product-content.default\">\n<div class=\"elementor-widget-container\">\n<div class=\"flex-shrink-0 flex flex-col relative items-end\">\n<div>\n<div class=\"pt-0.5 juice:pt-0\">\n<div class=\"gizmo-bot-avatar flex h-6 w-6 items-center justify-center overflow-hidden rounded-full juice:h-8 juice:w-8\">\n<h2 class=\"relative p-1 rounded-sm flex items-center justify-center bg-token-main-surface-primary text-token-text-primary h-8 w-8\">Soft Durable Dog Cat Mat &#8211; Comfortable and Durable Wholesale Factory<\/h2>\n<\/div>\n<\/div>\n<\/div>\n<\/div>\n<div class=\"group\/conversation-turn relative flex w-full min-w-0 flex-col agent-turn\">\n<div class=\"flex-col gap-1 md:gap-3\">\n<div class=\"flex flex-grow flex-col max-w-full\">\n<div class=\"min-h-[20px] text-message flex flex-col items-start whitespace-pre-wrap break-words [.text-message+&amp;]:mt-5 juice:w-full juice:items-end overflow-x-auto gap-2\" dir=\"auto\" data-message-author-role=\"assistant\" data-message-id=\"673b87cb-2bec-4585-a477-9a4f97abda2e\">\n<div class=\"flex w-full flex-col gap-1 juice:empty:hidden juice:first:pt-[3px]\">\n<div class=\"result-streaming markdown prose w-full break-words dark:prose-invert light\">\n<p data-immersive-translate-walked=\"e541d812-a50f-4831-8a9d-4fd6c683751d\" data-immersive-translate-paragraph=\"1\">Introducing the ultimate in pet comfort and durability with our Pet Dog Bed Bite Resistant. Perfect for pet owners looking for a long-lasting, comfortable solution, our dog bed is designed to withstand even the most determined chewers.<\/p>\n<div class=\"elementor-element elementor-element-36a3285 elementor-widget elementor-widget-woocommerce-product-title elementor-page-title elementor-widget-heading\" data-id=\"36a3285\" data-element_type=\"widget\" data-widget_type=\"woocommerce-product-title.default\">\n<div>\n<table style=\"border-collapse: collapse; background-color: #ffffff; width: 334px; height: 298px;\" border=\"1\">\n<tbody>\n<tr>\n<td style=\"font-family: Verdana, Arial, Helvetica, sans-serif; font-size: 12px; color: #000000; margin: 8px; width: 187px; text-align: center;\"><span style=\"line-height: 21px; font-size: 14px;\">Products Name<span class=\"notranslate immersive-translate-target-wrapper\" lang=\"zh-CN\" translate=\"no\" data-immersive-translate-loading-id=\"1\">\u00a0<\/span><\/span><\/td>\n<td style=\"font-family: Verdana, Arial, Helvetica, sans-serif; font-size: 12px; color: #000000; margin: 8px; width: 526px; text-align: center;\"><span style=\"color: #000000; font-family: Verdana, Arial, Helvetica, sans-serif; font-size: 12px; font-style: normal; font-weight: 400; text-align: center; background-color: #ffffff; display: inline !important; float: none;\">Pet Bed<\/span><\/td>\n<\/tr>\n<tr>\n<td style=\"font-family: Verdana, Arial, Helvetica, sans-serif; font-size: 12px; color: #000000; margin: 8px; width: 187px; text-align: center;\"><span style=\"line-height: 21px; font-size: 14px;\">Item No.<\/span><\/td>\n<td style=\"font-family: Verdana, Arial, Helvetica, sans-serif; font-size: 12px; color: #000000; margin: 8px; width: 526px; text-align: center;\"><span style=\"line-height: 21px; font-size: 14px;\">P-B2008<\/span><\/td>\n<\/tr>\n<tr>\n<td style=\"font-family: Verdana, Arial, Helvetica, sans-serif; font-size: 12px; color: #000000; margin: 8px; width: 187px; text-align: center;\"><span style=\"line-height: 21px; color: #333333; font-family: Arial, Helvetica; font-size: 14px; font-style: normal; font-weight: 400; background-color: #ffffff; float: none; display: inline !important;\">Material<\/span><\/td>\n<td style=\"font-family: Verdana, Arial, Helvetica, sans-serif; font-size: 12px; color: #000000; margin: 8px; width: 526px; text-align: center;\">\n<p style=\"margin: 0px auto; padding: 0px; border: 0px; line-height: 30px; color: #222222; font-family: Helvetica,Verdana,Tahoma,Arial,sans-serif; font-size: 13px; font-style: normal; font-weight: 400; background-color: #fcfcfc;\"><label><span style=\"box-sizing: border-box; margin: 0px; padding: 0px 0px 0px 8px; border: 0px; font-style: inherit; font-weight: inherit; font-size: 12px; line-height: 30px; font-family: Helvetica,Tahoma,Arial; vertical-align: middle; color: #333333;\"><span style=\"box-sizing: border-box; margin: 0px; padding: 0px; border: 0px; vertical-align: baseline; display: inline-block;\">Mmory Foam<\/span><\/span><\/label><\/p>\n<\/td>\n<\/tr>\n<tr>\n<td style=\"font-family: Verdana, Arial, Helvetica, sans-serif; font-size: 12px; color: #000000; margin: 8px; width: 187px; text-align: center;\"><span style=\"line-height: 21px; font-size: 14px;\">\u00a0Size<\/span><\/td>\n<td style=\"font-family: Verdana, Arial, Helvetica, sans-serif; font-size: 12px; color: #000000; margin: 8px; width: 526px; text-align: center;\">\n<p style=\"margin: 0px; padding: 0px; font-family: Verdana, Arial, Helvetica, sans-serif; font-size: 12px; font-style: normal; font-weight: 400; text-align: center; box-sizing: border-box; color: #333333; background-color: #ffffff;\">M:28.5*23*6.5inch<\/p>\n<p style=\"margin: 0px; padding: 0px; font-family: Verdana, Arial, Helvetica, sans-serif; font-size: 12px; font-style: normal; font-weight: 400; text-align: center; box-sizing: border-box; color: #333333; background-color: #ffffff;\">L:36*27*6.5inch<\/p>\n<p style=\"margin: 0px; padding: 0px; font-family: Verdana, Arial, Helvetica, sans-serif; font-size: 12px; font-style: normal; font-weight: 400; text-align: center; box-sizing: border-box; color: #333333; background-color: #ffffff;\">XL:42*30*7.5inch<\/p>\n<p style=\"margin: 0px; padding: 0px; font-family: Verdana, Arial, Helvetica, sans-serif; font-size: 12px; font-style: normal; font-weight: 400; text-align: center; box-sizing: border-box; color: #333333; background-color: #ffffff;\">XXL:50*36*7.5inch<\/p>\n<\/td>\n<\/tr>\n<tr>\n<td style=\"font-family: Verdana, Arial, Helvetica, sans-serif; font-size: 12px; color: #000000; margin: 8px; width: 187px; text-align: center;\"><span style=\"line-height: 21px; font-size: 14px;\">\u00a0Color<\/span><\/td>\n<td style=\"font-family: Verdana, Arial, Helvetica, sans-serif; font-size: 12px; color: #000000; margin: 8px; width: 526px; text-align: center;\"><span style=\"color: #222222; font-family: Helvetica,Tahoma,Arial; font-size: 16px; font-style: normal; font-weight: 500; background-color: #ffffff; display: inline !important; float: none;\">Grey<\/span><\/td>\n<\/tr>\n<tr>\n<td style=\"font-family: Verdana, Arial, Helvetica, sans-serif; font-size: 12px; color: #000000; margin: 8px; width: 187px; text-align: center;\"><span style=\"line-height: 21px; font-size: 14px;\">\u00a0<span style=\"line-height: 21px; color: #333333; font-family: Arial, Helvetica; font-size: 14px; font-style: normal; font-weight: 400; background-color: #ffffff; float: none; display: inline !important;\">Pet type<\/span><\/span><\/td>\n<td style=\"font-family: Verdana, Arial, Helvetica, sans-serif; font-size: 12px; color: #000000; margin: 8px; width: 526px; text-align: center;\"><span style=\"line-height: 21px; font-size: 14px;\">\u00a0All Dog<\/span><\/td>\n<\/tr>\n<tr>\n<td style=\"font-family: Verdana, Arial, Helvetica, sans-serif; font-size: 12px; color: #000000; margin: 8px; width: 187px; text-align: center;\"><span style=\"line-height: 21px; font-size: 14px;\">\u00a0<span style=\"line-height: 21px; color: #333333; font-family: Arial, Helvetica; font-size: 14px; font-style: normal; font-weight: 400; background-color: #ffffff; float: none; display: inline !important;\">Delivery time<\/span><\/span><\/td>\n<td style=\"font-family: Verdana, Arial, Helvetica, sans-serif; font-size: 12px; color: #000000; margin: 8px; width: 526px; text-align: center;\"><span style=\"line-height: 21px; font-size: 14px;\"><span style=\"line-height: 21px; color: #000000; font-family: Verdana, Arial, Helvetica, sans-serif; font-size: 14px; font-style: normal; font-weight: 400; background-color: #ffffff; float: none; display: inline !important;\">1-5days\u00a0for small quantity by air and 30-35days for large quantity by sea<\/span>\u00a0<\/span><\/td>\n<\/tr>\n<tr>\n<td style=\"font-family: Verdana, Arial, Helvetica, sans-serif; font-size: 12px; color: #000000; margin: 8px; width: 187px; text-align: center;\"><span style=\"line-height: 21px; font-size: 14px;\">\u00a0<span style=\"line-height: 21px; color: #333333; font-family: Arial, Helvetica; font-size: 14px; font-style: normal; font-weight: 400; background-color: #ffffff; float: none; display: inline !important;\">Port of shipment<\/span><\/span><\/td>\n<td style=\"font-family: Verdana, Arial, Helvetica, sans-serif; font-size: 12px; color: #000000; margin: 8px; width: 526px; text-align: center;\"><span style=\"line-height: 21px; font-size: 14px;\">Xiamen\u00a0<\/span><\/td>\n<\/tr>\n<tr>\n<td style=\"font-family: Verdana, Arial, Helvetica, sans-serif; font-size: 12px; color: #000000; margin: 8px; width: 187px; text-align: center;\"><span style=\"line-height: 21px; font-size: 14px;\">\u00a0<span style=\"line-height: 21px; color: #333333; font-family: Arial, Helvetica; font-size: 14px; font-style: normal; font-weight: 400; background-color: #ffffff; float: none; display: inline !important;\">OEM\/ODM<\/span><\/span><\/td>\n<td style=\"font-family: Verdana, Arial, Helvetica, sans-serif; font-size: 12px; color: #000000; margin: 8px; width: 526px; text-align: center;\"><span style=\"line-height: 21px; font-size: 14px;\">\u00a0<span style=\"line-height: 21px; color: #333333; font-family: Arial, Helvetica; font-size: 14px; font-style: normal; font-weight: 400; background-color: #ffffff; float: none; display: inline !important;\">Available<\/span><\/span><\/td>\n<\/tr>\n<tr>\n<td style=\"font-family: Verdana, Arial, Helvetica, sans-serif; font-size: 12px; color: #000000; margin: 8px; width: 187px; text-align: center;\"><span style=\"line-height: 21px; font-size: 14px;\">\u00a0<span style=\"line-height: 21px; color: #333333; font-family: Arial, Helvetica; font-size: 14px; font-style: normal; font-weight: 400; background-color: #ffffff; float: none; display: inline !important;\">Package<\/span><\/span><\/td>\n<td style=\"font-family: Verdana, Arial, Helvetica, sans-serif; font-size: 12px; color: #000000; margin: 8px; width: 526px; text-align: center;\"><span style=\"line-height: 21px; font-size: 14px;\"><span style=\"line-height: 21px; color: #333333; font-family: Arial, Helvetica; font-size: 14px; font-style: normal; font-weight: 400; background-color: #ffffff; float: none; display: inline !important;\">Each one packed in a PPB then into Carton or per needed<\/span><\/span><\/td>\n<\/tr>\n<\/tbody>\n<\/table>\n<\/div>\n<\/div>\n<div class=\"elementor-element elementor-element-f148377 elementor-widget elementor-widget-woocommerce-product-content\" data-id=\"f148377\" data-element_type=\"widget\" data-widget_type=\"woocommerce-product-content.default\">\n<div class=\"elementor-widget-container\">\n<p>&nbsp;<\/p>\n<\/div>\n<\/div>\n<\/div>\n<\/div>\n<\/div>\n<\/div>\n<\/div>\n<\/div>\n<ul>\n<li data-immersive-translate-walked=\"e541d812-a50f-4831-8a9d-4fd6c683751d\" data-immersive-translate-paragraph=\"1\"><strong data-immersive-translate-walked=\"e541d812-a50f-4831-8a9d-4fd6c683751d\">Bite Resistant Construction<\/strong>: Engineered with high-quality, durable materials that resist biting and chewing, ensuring the bed lasts longer.<\/li>\n<li><strong>Comfortable Design<\/strong>: Features a plush, supportive surface that provides pets with a cozy and restful sleeping experience.<\/li>\n<li><strong>Ideal for All Dog Sizes<\/strong>: Available in multiple sizes to accommodate dogs of all breeds and sizes.<\/li>\n<li data-immersive-translate-walked=\"e541d812-a50f-4831-8a9d-4fd6c683751d\" data-immersive-translate-paragraph=\"1\"><strong data-immersive-translate-walked=\"e541d812-a50f-4831-8a9d-4fd6c683751d\">Wholesale and Factory Prices<\/strong>: Perfect for bulk purchases, offering exceptional value for pet stores, veterinarians, and other pet care professionals.<\/li>\n<\/ul>\n<p>Our dog bed is crafted with durability and comfort in mind. The reinforced, bite-resistant design ensures it can withstand heavy use by pets, while the comfortable, soft surface keeps them happy and relaxed. This combination of features makes it an excellent choice for pet owners seeking a reliable and comfortable bed for their dogs.<\/p>\n<p>Enhance your inventory with our top-of-the-line Pet <span style=\"color: #ff0000;\"><a style=\"color: #ff0000;\" href=\"https:\/\/pecpets.com\/product-category\/pet-bed\/\" target=\"_blank\" rel=\"noopener\">Dog Bed<\/a><\/span> Bite Resistant. Order in bulk and provide your customers with a durable, comfortable option for their pets. Contact us today to learn more about our wholesale pricing and factory-direct offers.<\/p>\n<\/div>\n<\/div>\n","protected":false},"excerpt":{"rendered":"<div class=\"elementor-element elementor-element-36a3285 elementor-widget elementor-widget-woocommerce-product-title elementor-page-title elementor-widget-heading\" data-id=\"36a3285\" data-element_type=\"widget\" data-widget_type=\"woocommerce-product-title.default\">\n<div class=\"elementor-widget-container\">\n<h2><strong><b>Partihandel Ortopedisk hundb\u00e4dd Mjuk h\u00e5llbar hundkattmatta<\/b><\/strong><\/h2>\n<p>Uppt\u00e4ck Ortopedisk hundb\u00e4dd Mjuk slitstark hundkattmatta.<\/p>\n<p>H\u00e5ll dina husdjur snygga med v\u00e5r h\u00f6gkvalitativa design.<\/p>\n<\/div>\n<\/div>","protected":false},"featured_media":7247,"template":"","meta":{"_seopress_robots_primary_cat":"none","_seopress_titles_title":"Pet Bed: Soft Durable Dog Cat Mat  - Top Manufaccturer","_seopress_titles_desc":"Enhance your inventory with Soft Durable Dog Cat Mat. Order in bulk and provide your customers with a durable, comfortable option for their pets. ","_seopress_robots_index":"","_uag_custom_page_level_css":""},"product_brand":[],"product_cat":[347,345,22],"product_tag":[71,69],"class_list":{"0":"post-7246","1":"product","2":"type-product","3":"status-publish","4":"has-post-thumbnail","6":"product_cat-eco-friendly-dog-beds-pet-bed","7":"product_cat-orthopedic-dog-bed","8":"product_cat-pet-bed","9":"product_tag-cat-bed","10":"product_tag-dog-bed","12":"first","13":"instock","14":"shipping-taxable","15":"product-type-simple"},"uagb_featured_image_src":{"full":["https:\/\/pecpets.com\/wp-content\/uploads\/2024\/06\/S1dc2ef474f2047e183fd2a91f6ee383ek.jpg",1000,1000,false],"thumbnail":["https:\/\/pecpets.com\/wp-content\/uploads\/2024\/06\/S1dc2ef474f2047e183fd2a91f6ee383ek-150x150.jpg",150,150,true],"medium":["https:\/\/pecpets.com\/wp-content\/uploads\/2024\/06\/S1dc2ef474f2047e183fd2a91f6ee383ek-300x300.jpg",300,300,true],"medium_large":["https:\/\/pecpets.com\/wp-content\/uploads\/2024\/06\/S1dc2ef474f2047e183fd2a91f6ee383ek-768x768.jpg",768,768,true],"large":["https:\/\/pecpets.com\/wp-content\/uploads\/2024\/06\/S1dc2ef474f2047e183fd2a91f6ee383ek.jpg",800,800,false],"1536x1536":["https:\/\/pecpets.com\/wp-content\/uploads\/2024\/06\/S1dc2ef474f2047e183fd2a91f6ee383ek.jpg",1000,1000,false],"2048x2048":["https:\/\/pecpets.com\/wp-content\/uploads\/2024\/06\/S1dc2ef474f2047e183fd2a91f6ee383ek.jpg",1000,1000,false],"trp-custom-language-flag":["https:\/\/pecpets.com\/wp-content\/uploads\/2024\/06\/S1dc2ef474f2047e183fd2a91f6ee383ek.jpg",12,12,false],"woocommerce_thumbnail":["https:\/\/pecpets.com\/wp-content\/uploads\/2024\/06\/S1dc2ef474f2047e183fd2a91f6ee383ek-300x300.jpg",300,300,true],"woocommerce_single":["https:\/\/pecpets.com\/wp-content\/uploads\/2024\/06\/S1dc2ef474f2047e183fd2a91f6ee383ek-600x600.jpg",600,600,true],"woocommerce_gallery_thumbnail":["https:\/\/pecpets.com\/wp-content\/uploads\/2024\/06\/S1dc2ef474f2047e183fd2a91f6ee383ek-100x100.jpg",100,100,true]},"uagb_author_info":{"display_name":"Lawrence\u00a0\u52b3\u4f26\u65af","author_link":"https:\/\/pecpets.com\/se\/author\/"},"uagb_comment_info":0,"uagb_excerpt":"Wholesale Orthopedic Dog Bed Soft Durable Dog Cat Mat Discover Orthopedic Dog Bed Soft Durable Dog Cat Mat. Keep your pets stylish with our high-quality designs.","_links":{"self":[{"href":"https:\/\/pecpets.com\/se\/wp-json\/wp\/v2\/product\/7246","targetHints":{"allow":["GET"]}}],"collection":[{"href":"https:\/\/pecpets.com\/se\/wp-json\/wp\/v2\/product"}],"about":[{"href":"https:\/\/pecpets.com\/se\/wp-json\/wp\/v2\/types\/product"}],"wp:featuredmedia":[{"embeddable":true,"href":"https:\/\/pecpets.com\/se\/wp-json\/wp\/v2\/media\/7247"}],"wp:attachment":[{"href":"https:\/\/pecpets.com\/se\/wp-json\/wp\/v2\/media?parent=7246"}],"wp:term":[{"taxonomy":"product_brand","embeddable":true,"href":"https:\/\/pecpets.com\/se\/wp-json\/wp\/v2\/product_brand?post=7246"},{"taxonomy":"product_cat","embeddable":true,"href":"https:\/\/pecpets.com\/se\/wp-json\/wp\/v2\/product_cat?post=7246"},{"taxonomy":"product_tag","embeddable":true,"href":"https:\/\/pecpets.com\/se\/wp-json\/wp\/v2\/product_tag?post=7246"}],"curies":[{"name":"wp","href":"https:\/\/api.w.org\/{rel}","templated":true}]}}