{"id":7348,"date":"2024-06-29T12:03:23","date_gmt":"2024-06-29T04:03:23","guid":{"rendered":"https:\/\/pecpets.com\/?post_type=product&#038;p=7348"},"modified":"2024-10-30T10:14:10","modified_gmt":"2024-10-30T02:14:10","slug":"2-in-1-high-quality-pet-dog-training-collar","status":"publish","type":"product","link":"https:\/\/pecpets.com\/se\/product\/2-in-1-high-quality-pet-dog-training-collar\/","title":{"rendered":"2 i 1 h\u00f6gkvalitativt hundtr\u00e4ningshalsband f\u00f6r husdjur"},"content":{"rendered":"<h2 data-immersive-translate-walked=\"e7004b1f-2e8f-4436-a121-9fbf271e51c9\">2 i 1 h\u00f6gkvalitativt hundtr\u00e4ningshalsband f\u00f6r husdjur | tr\u00e4nings- och s\u00e4kerhetshalsband | bekv\u00e4mt och h\u00e5llbart | grossistfabrik<\/h2>\n<p>V\u00e4lkommen till v\u00e5r B2B-plattform, ditt b\u00e4sta val f\u00f6r premium 2 i 1 h\u00f6gkvalitativa hundtr\u00e4ningskragar f\u00f6r husdjur. V\u00e5ra hundhalsband \u00e4r konstruerade f\u00f6r att ge effektiv tr\u00e4ning och s\u00e4kerhet, vilket garanterar b\u00e5de komfort och h\u00e5llbarhet. Vi erbjuder h\u00f6gkvalitativa produkter som uppfyller de h\u00f6gsta standarderna, idealiska f\u00f6r husdjurshandlare, tr\u00e4nare och distribut\u00f6rer.<\/p>\n<table style=\"border-collapse: collapse; background-color: #ffffff; width: 329px; height: 273px;\" border=\"1\">\n<tbody>\n<tr>\n<td style=\"font-family: Verdana, Arial, Helvetica, sans-serif; font-size: 12px; color: #000000; margin: 8px; width: 187px; text-align: center;\"><span style=\"line-height: 21px; font-size: 14px;\">Produkter Namn<\/span><\/td>\n<td style=\"font-family: Verdana, Arial, Helvetica, sans-serif; font-size: 12px; color: #000000; margin: 8px; width: 526px; text-align: center;\"><span style=\"font-size: 14px;\">Halsband f\u00f6r husdjur<\/span><\/td>\n<\/tr>\n<tr>\n<td style=\"font-family: Verdana, Arial, Helvetica, sans-serif; font-size: 12px; color: #000000; margin: 8px; width: 187px; text-align: center;\"><span style=\"line-height: 21px; font-size: 14px;\">Artikel nr.<\/span><\/td>\n<td style=\"font-family: Verdana, Arial, Helvetica, sans-serif; font-size: 12px; color: #000000; margin: 8px; width: 526px; text-align: center;\"><span style=\"line-height: 21px; font-size: 14px;\">P-C1006<\/span><\/td>\n<\/tr>\n<tr>\n<td style=\"font-family: Verdana, Arial, Helvetica, sans-serif; font-size: 12px; color: #000000; margin: 8px; width: 187px; text-align: center;\"><span style=\"line-height: 21px; color: #333333; font-family: Arial, Helvetica; font-size: 14px; font-style: normal; font-weight: 400; background-color: #ffffff; float: none; display: inline !important;\">Material<\/span><\/td>\n<td style=\"font-family: Verdana, Arial, Helvetica, sans-serif; font-size: 12px; color: #000000; margin: 8px; width: 526px; text-align: center;\"><span style=\"color: #333333; font-family: Helvetica,Tahoma,Arial; font-size: 12px; font-style: normal; font-weight: 400; background-color: #fcfcfc; display: inline !important; float: none;\">Oxford-tyg<\/span><\/td>\n<\/tr>\n<tr>\n<td style=\"font-family: Verdana, Arial, Helvetica, sans-serif; font-size: 12px; color: #000000; margin: 8px; width: 187px; text-align: center;\"><span style=\"line-height: 21px; font-size: 14px;\">\u00a0Storlek<\/span><\/td>\n<td style=\"margin: 8px; width: 526px; text-align: center;\"><span style=\"color: #222222; font-family: Helvetica, Tahoma, Arial;\"><span style=\"font-size: 14px;\">Anpassad storlek<\/span><\/span><\/td>\n<\/tr>\n<tr>\n<td style=\"font-family: Verdana, Arial, Helvetica, sans-serif; font-size: 12px; color: #000000; margin: 8px; width: 187px; text-align: center;\"><span style=\"line-height: 21px; font-size: 14px;\">\u00a0F\u00e4rg<\/span><\/td>\n<td style=\"font-family: Verdana, Arial, Helvetica, sans-serif; font-size: 12px; color: #000000; margin: 8px; width: 526px; text-align: center;\"><span style=\"font-size: 14px;\">Anpassad f\u00e4rg<\/span><\/td>\n<\/tr>\n<tr>\n<td style=\"font-family: Verdana, Arial, Helvetica, sans-serif; font-size: 12px; color: #000000; margin: 8px; width: 187px; text-align: center;\"><span style=\"line-height: 21px; font-size: 14px;\">\u00a0<span style=\"line-height: 21px; color: #333333; font-family: Arial, Helvetica; font-size: 14px; font-style: normal; font-weight: 400; background-color: #ffffff; float: none; display: inline !important;\">Typ av husdjur<\/span><\/span><\/td>\n<td style=\"font-family: Verdana, Arial, Helvetica, sans-serif; font-size: 12px; color: #000000; margin: 8px; width: 526px; text-align: center;\"><span style=\"line-height: 21px; font-size: 14px;\">\u00a0Alla hundar<\/span><\/td>\n<\/tr>\n<tr>\n<td style=\"font-family: Verdana, Arial, Helvetica, sans-serif; font-size: 12px; color: #000000; margin: 8px; width: 187px; text-align: center;\"><span style=\"line-height: 21px; font-size: 14px;\">\u00a0<span style=\"line-height: 21px; color: #333333; font-family: Arial, Helvetica; font-size: 14px; font-style: normal; font-weight: 400; background-color: #ffffff; float: none; display: inline !important;\">Leveranstid<\/span><\/span><\/td>\n<td style=\"font-family: Verdana, Arial, Helvetica, sans-serif; font-size: 12px; color: #000000; margin: 8px; width: 526px; text-align: center;\"><span style=\"line-height: 21px; font-size: 14px;\"><span style=\"line-height: 21px; color: #000000; font-family: Verdana, Arial, Helvetica, sans-serif; font-size: 14px; font-style: normal; font-weight: 400; background-color: #ffffff; float: none; display: inline !important;\">1-5 dagar f\u00f6r liten m\u00e4ngd med flyg och 30-35 dagar f\u00f6r stor m\u00e4ngd till sj\u00f6ss<\/span>\u00a0<\/span><\/td>\n<\/tr>\n<tr>\n<td style=\"font-family: Verdana, Arial, Helvetica, sans-serif; font-size: 12px; color: #000000; margin: 8px; width: 187px; text-align: center;\"><span style=\"line-height: 21px; font-size: 14px;\">\u00a0<span style=\"line-height: 21px; color: #333333; font-family: Arial, Helvetica; font-size: 14px; font-style: normal; font-weight: 400; background-color: #ffffff; float: none; display: inline !important;\">Hamn f\u00f6r avs\u00e4ndning<\/span><\/span><\/td>\n<td style=\"font-family: Verdana, Arial, Helvetica, sans-serif; font-size: 12px; color: #000000; margin: 8px; width: 526px; text-align: center;\"><span style=\"line-height: 21px; font-size: 14px;\">Xiamen\u00a0<\/span><\/td>\n<\/tr>\n<tr>\n<td style=\"font-family: Verdana, Arial, Helvetica, sans-serif; font-size: 12px; color: #000000; margin: 8px; width: 187px; text-align: center;\"><span style=\"line-height: 21px; font-size: 14px;\">\u00a0<span style=\"line-height: 21px; color: #333333; font-family: Arial, Helvetica; font-size: 14px; font-style: normal; font-weight: 400; background-color: #ffffff; float: none; display: inline !important;\">OEM\/ODM<\/span><\/span><\/td>\n<td style=\"font-family: Verdana, Arial, Helvetica, sans-serif; font-size: 12px; color: #000000; margin: 8px; width: 526px; text-align: center;\"><span style=\"line-height: 21px; font-size: 14px;\">\u00a0<span style=\"line-height: 21px; color: #333333; font-family: Arial, Helvetica; font-size: 14px; font-style: normal; font-weight: 400; background-color: #ffffff; float: none; display: inline !important;\">Tillg\u00e4nglig<\/span><\/span><\/td>\n<\/tr>\n<tr>\n<td style=\"font-family: Verdana, Arial, Helvetica, sans-serif; font-size: 12px; color: #000000; margin: 8px; width: 187px; text-align: center;\"><span style=\"line-height: 21px; font-size: 14px;\">\u00a0<span style=\"line-height: 21px; color: #333333; font-family: Arial, Helvetica; font-size: 14px; font-style: normal; font-weight: 400; background-color: #ffffff; float: none; display: inline !important;\">Paket<\/span><\/span><\/td>\n<td style=\"font-family: Verdana, Arial, Helvetica, sans-serif; font-size: 12px; color: #000000; margin: 8px; width: 526px; text-align: center;\"><span style=\"line-height: 21px; font-size: 14px;\"><span style=\"line-height: 21px; color: #333333; font-family: Arial, Helvetica; font-size: 14px; font-style: normal; font-weight: 400; background-color: #ffffff; float: none; display: inline !important;\">Var och en f\u00f6rpackad i en PPB och sedan i kartong eller efter behov<\/span><\/span><\/td>\n<\/tr>\n<\/tbody>\n<\/table>\n<ul>\n<li>\n<p data-immersive-translate-walked=\"8b5afd8b-1b58-4d39-bfba-c28d7f2dd9b7\" data-immersive-translate-paragraph=\"1\"><strong data-immersive-translate-walked=\"8b5afd8b-1b58-4d39-bfba-c28d7f2dd9b7\">M\u00e5ngsidig 2-i-1-design<\/strong>: V\u00e5rt 2 i 1 h\u00f6gkvalitativa hundtr\u00e4ningshalsband f\u00f6r husdjur kombinerar ett traditionellt halsband med ett tr\u00e4ningshalsband, vilket ger m\u00e5ngsidig funktionalitet. Denna design med dubbla syften m\u00f6jligg\u00f6r effektiv tr\u00e4ning samtidigt som den dagliga anv\u00e4ndningen bibeh\u00e5lls.<\/p>\n<\/li>\n<li>\n<p data-immersive-translate-walked=\"8b5afd8b-1b58-4d39-bfba-c28d7f2dd9b7\" data-immersive-translate-paragraph=\"1\"><strong data-immersive-translate-walked=\"8b5afd8b-1b58-4d39-bfba-c28d7f2dd9b7\">Effektiv utbildning<\/strong>: V\u00e5rt halsband \u00e4r utrustat med avancerade tr\u00e4ningsfunktioner och hj\u00e4lper till att korrigera o\u00f6nskade beteenden och fr\u00e4mja b\u00e4ttre beteende hos dina husdjur. Det \u00e4r l\u00e4mpligt f\u00f6r olika tr\u00e4ningsbehov, fr\u00e5n grundl\u00e4ggande lydnad till avancerad tr\u00e4ning.<\/p>\n<\/li>\n<li><strong>S\u00e4kerheten f\u00f6rst<\/strong>: S\u00e4kerhet \u00e4r v\u00e5r prioritet. V\u00e5ra halsband anv\u00e4nder skonsamma och humana metoder f\u00f6r att s\u00e4kerst\u00e4lla att dina husdjur inte skadas under tr\u00e4ningen. Funktioner som justerbara niv\u00e5er av stimulering och s\u00e4kerhetsl\u00e5s f\u00f6rhindrar oavsiktlig \u00f6verstimulering.<\/li>\n<li><strong>Bekv\u00e4m passform<\/strong>: V\u00e5ra hundhalsband \u00e4r tillverkade av mjuka material av h\u00f6gsta kvalitet och passar hundar i alla storlekar. Den justerbara designen och den l\u00e4tta konstruktionen g\u00f6r att halsbandet kan anv\u00e4ndas under l\u00e4ngre tid utan att orsaka obehag.<\/li>\n<li>\n<p data-immersive-translate-walked=\"8b5afd8b-1b58-4d39-bfba-c28d7f2dd9b7\" data-immersive-translate-paragraph=\"1\"><strong data-immersive-translate-walked=\"8b5afd8b-1b58-4d39-bfba-c28d7f2dd9b7\">H\u00e5llbarhet<\/strong>: V\u00e5ra tr\u00e4ningshalsband \u00e4r tillverkade av slitstarka material som garanterar l\u00e5ngvarig prestanda och \u00e4r byggda f\u00f6r att t\u00e5la rigor\u00f6s anv\u00e4ndning. Oavsett om det g\u00e4ller tr\u00e4ningspass eller daglig anv\u00e4ndning \u00e4r dessa halsband utformade f\u00f6r att h\u00e5lla ut.<\/p>\n<\/li>\n<li>\n<p data-immersive-translate-walked=\"8b5afd8b-1b58-4d39-bfba-c28d7f2dd9b7\" data-immersive-translate-paragraph=\"1\"><strong data-immersive-translate-walked=\"8b5afd8b-1b58-4d39-bfba-c28d7f2dd9b7\">Tillg\u00e4nglighet f\u00f6r partihandel<\/strong>: Som en direktleverant\u00f6r erbjuder vi konkurrenskraftiga grossistpriser f\u00f6r bulkbest\u00e4llningar. V\u00e5rt effektiva produktions- och distributionssystem s\u00e4kerst\u00e4ller snabb leverans och enast\u00e5ende kundservice.<\/p>\n<\/li>\n<\/ul>\n<p data-immersive-translate-walked=\"8b5afd8b-1b58-4d39-bfba-c28d7f2dd9b7\"><strong data-immersive-translate-walked=\"8b5afd8b-1b58-4d39-bfba-c28d7f2dd9b7\" data-immersive-translate-paragraph=\"1\">Varf\u00f6r v\u00e4lja oss?<\/strong><\/p>\n<ul>\n<li>\n<p data-immersive-translate-walked=\"8b5afd8b-1b58-4d39-bfba-c28d7f2dd9b7\" data-immersive-translate-paragraph=\"1\"><strong data-immersive-translate-walked=\"8b5afd8b-1b58-4d39-bfba-c28d7f2dd9b7\">Direkt fr\u00e5n fabrik<\/strong>: Genom att k\u00f6pa direkt fr\u00e5n v\u00e5r fabrik drar du nytta av minskade kostnader och snabba leveranstider. Vi eliminerar mellanhanden och ger dig det b\u00e4sta v\u00e4rdet.<\/p>\n<\/li>\n<li><strong>Kvalitetss\u00e4kring<\/strong>: Varje krage genomg\u00e5r str\u00e4nga kvalitetskontroller f\u00f6r att s\u00e4kerst\u00e4lla att den uppfyller v\u00e5ra h\u00f6ga standarder. Du kan lita p\u00e5 att v\u00e5ra produkter levererar den prestanda och tillf\u00f6rlitlighet som ditt f\u00f6retag kr\u00e4ver.<\/li>\n<li>\n<p data-immersive-translate-walked=\"8b5afd8b-1b58-4d39-bfba-c28d7f2dd9b7\" data-immersive-translate-paragraph=\"1\"><strong data-immersive-translate-walked=\"8b5afd8b-1b58-4d39-bfba-c28d7f2dd9b7\">Anpassningsbara alternativ<\/strong>: Vi erbjuder en rad olika anpassningsalternativ f\u00f6r att tillgodose dina specifika behov. Fr\u00e5n varum\u00e4rkesprofilering till design\u00e4ndringar arbetar vi tillsammans med dig f\u00f6r att skapa produkter som \u00f6verensst\u00e4mmer med ditt varum\u00e4rkes identitet.<\/p>\n<\/li>\n<\/ul>\n<p><span style=\"color: #ff0000;\"><a style=\"color: #ff0000;\" href=\"https:\/\/pecpets.com\/se\/produktkategori\/pet-collars\/\" target=\"_blank\" rel=\"noopener\"><strong>Best\u00e4ll nu!<\/strong><\/a><\/span><\/p>\n<p data-immersive-translate-walked=\"8b5afd8b-1b58-4d39-bfba-c28d7f2dd9b7\" data-immersive-translate-paragraph=\"1\">Samarbeta med oss f\u00f6r alla dina behov av 2 i 1 h\u00f6gkvalitativa hundtr\u00e4ningshalsband f\u00f6r husdjur. Upplev den perfekta kombinationen av m\u00e5ngsidighet, komfort och h\u00e5llbarhet. Kontakta oss idag f\u00f6r en offert och dra nytta av v\u00e5ra grossistpriser.<\/p>","protected":false},"excerpt":{"rendered":"<h2><strong><b>Partihandel 2 i 1 h\u00f6gkvalitativt hundtr\u00e4ningshalsband f\u00f6r husdjur<\/b><\/strong><\/h2>\n<p>Uppt\u00e4ck 2 i 1 h\u00f6gkvalitativt hundtr\u00e4ningshalsband f\u00f6r husdjur.<\/p>\n<p>H\u00e5ll dina husdjur snygga med v\u00e5r h\u00f6gkvalitativa design.<\/p>","protected":false},"featured_media":7349,"template":"","meta":{"_seopress_robots_primary_cat":"none","_seopress_titles_title":"2 in 1 High Quality Pet Dog Training Collar - Manufacturers","_seopress_titles_desc":"Discover 2 in 1 High Quality Pet Dog Training Collar for training and safety. Shop high-quality collars at wholesale factory prices. Perfect for pet dogs.","_seopress_robots_index":"","_seopress_analysis_target_kw":"2 in 1 High Quality Pet Dog Training Collar","_uag_custom_page_level_css":""},"product_brand":[],"product_cat":[211,363],"product_tag":[215,216,214,213],"class_list":{"0":"post-7348","1":"product","2":"type-product","3":"status-publish","4":"has-post-thumbnail","6":"product_cat-pet-collars","7":"product_cat-training-safety-collars","8":"product_tag-adjustable-collar","9":"product_tag-collar-and-leash-set","10":"product_tag-custom-color-dog-collar","11":"product_tag-dog-collar","13":"first","14":"instock","15":"shipping-taxable","16":"product-type-simple"},"uagb_featured_image_src":{"full":["https:\/\/pecpets.com\/wp-content\/uploads\/2024\/06\/\u4e3b\u56fe-01-36.jpg",1000,1000,false],"thumbnail":["https:\/\/pecpets.com\/wp-content\/uploads\/2024\/06\/\u4e3b\u56fe-01-36-150x150.jpg",150,150,true],"medium":["https:\/\/pecpets.com\/wp-content\/uploads\/2024\/06\/\u4e3b\u56fe-01-36-300x300.jpg",300,300,true],"medium_large":["https:\/\/pecpets.com\/wp-content\/uploads\/2024\/06\/\u4e3b\u56fe-01-36-768x768.jpg",768,768,true],"large":["https:\/\/pecpets.com\/wp-content\/uploads\/2024\/06\/\u4e3b\u56fe-01-36.jpg",800,800,false],"1536x1536":["https:\/\/pecpets.com\/wp-content\/uploads\/2024\/06\/\u4e3b\u56fe-01-36.jpg",1000,1000,false],"2048x2048":["https:\/\/pecpets.com\/wp-content\/uploads\/2024\/06\/\u4e3b\u56fe-01-36.jpg",1000,1000,false],"trp-custom-language-flag":["https:\/\/pecpets.com\/wp-content\/uploads\/2024\/06\/\u4e3b\u56fe-01-36.jpg",12,12,false],"woocommerce_thumbnail":["https:\/\/pecpets.com\/wp-content\/uploads\/2024\/06\/\u4e3b\u56fe-01-36-300x300.jpg",300,300,true],"woocommerce_single":["https:\/\/pecpets.com\/wp-content\/uploads\/2024\/06\/\u4e3b\u56fe-01-36-600x600.jpg",600,600,true],"woocommerce_gallery_thumbnail":["https:\/\/pecpets.com\/wp-content\/uploads\/2024\/06\/\u4e3b\u56fe-01-36-100x100.jpg",100,100,true]},"uagb_author_info":{"display_name":"Lawrence\u00a0\u52b3\u4f26\u65af","author_link":"https:\/\/pecpets.com\/se\/author\/"},"uagb_comment_info":0,"uagb_excerpt":"Wholesale 2 in 1 High Quality Pet Dog Training Collar Discover 2 in 1 High Quality Pet Dog Training Collar. Keep your pets stylish with our high-quality designs.","_links":{"self":[{"href":"https:\/\/pecpets.com\/se\/wp-json\/wp\/v2\/product\/7348","targetHints":{"allow":["GET"]}}],"collection":[{"href":"https:\/\/pecpets.com\/se\/wp-json\/wp\/v2\/product"}],"about":[{"href":"https:\/\/pecpets.com\/se\/wp-json\/wp\/v2\/types\/product"}],"wp:featuredmedia":[{"embeddable":true,"href":"https:\/\/pecpets.com\/se\/wp-json\/wp\/v2\/media\/7349"}],"wp:attachment":[{"href":"https:\/\/pecpets.com\/se\/wp-json\/wp\/v2\/media?parent=7348"}],"wp:term":[{"taxonomy":"product_brand","embeddable":true,"href":"https:\/\/pecpets.com\/se\/wp-json\/wp\/v2\/product_brand?post=7348"},{"taxonomy":"product_cat","embeddable":true,"href":"https:\/\/pecpets.com\/se\/wp-json\/wp\/v2\/product_cat?post=7348"},{"taxonomy":"product_tag","embeddable":true,"href":"https:\/\/pecpets.com\/se\/wp-json\/wp\/v2\/product_tag?post=7348"}],"curies":[{"name":"wp","href":"https:\/\/api.w.org\/{rel}","templated":true}]}}