{"id":7371,"date":"2024-06-29T13:13:21","date_gmt":"2024-06-29T05:13:21","guid":{"rendered":"https:\/\/pecpets.com\/?post_type=product&#038;p=7371"},"modified":"2024-11-04T18:00:55","modified_gmt":"2024-11-04T10:00:55","slug":"outdoor-training-explosion-proof-dog-harness","status":"publish","type":"product","link":"https:\/\/pecpets.com\/se\/product\/outdoor-training-explosion-proof-dog-harness\/","title":{"rendered":"Explosionss\u00e4ker hundsele f\u00f6r utomhustr\u00e4ning"},"content":{"rendered":"<h2 data-immersive-translate-walked=\"016756d5-39df-48b1-ae55-3948c534da60\" data-immersive-translate-paragraph=\"1\">Explosionss\u00e4ker hundsele f\u00f6r utomhustr\u00e4ning | kraftiga hundsele | bekv\u00e4m och h\u00e5llbar | grossistfabrik<\/h2>\n<p data-immersive-translate-walked=\"016756d5-39df-48b1-ae55-3948c534da60\" data-immersive-translate-paragraph=\"1\">V\u00e4lkommen till v\u00e5r B2B-plattform, din fr\u00e4msta destination f\u00f6r h\u00f6gkvalitativa explosionss\u00e4kra hundsele f\u00f6r utomhustr\u00e4ning. V\u00e5ra selar f\u00f6r husdjur \u00e4r utformade f\u00f6r maximal s\u00e4kerhet, komfort och h\u00e5llbarhet, vilket g\u00f6r dem perfekta f\u00f6r utomhustr\u00e4ning och daglig anv\u00e4ndning. Vi erbjuder f\u00f6rstklassiga produkter som uppfyller de h\u00f6gsta standarderna, idealiska f\u00f6r \u00e5terf\u00f6rs\u00e4ljare, tr\u00e4nare och distribut\u00f6rer av husdjur.<\/p>\n<table style=\"border-collapse: collapse; background-color: #ffffff; width: 329px; height: 273px;\" border=\"1\">\n<tbody>\n<tr>\n<td style=\"font-family: Verdana, Arial, Helvetica, sans-serif; font-size: 12px; color: #000000; margin: 8px; width: 187px; text-align: center;\"><span style=\"line-height: 21px; font-size: 14px;\">Produkter Namn<\/span><\/td>\n<td style=\"font-family: Verdana, Arial, Helvetica, sans-serif; font-size: 12px; color: #000000; margin: 8px; width: 526px; text-align: center;\"><span style=\"font-size: 14px;\">Sele f\u00f6r husdjur<\/span><\/td>\n<\/tr>\n<tr>\n<td style=\"font-family: Verdana, Arial, Helvetica, sans-serif; font-size: 12px; color: #000000; margin: 8px; width: 187px; text-align: center;\"><span style=\"line-height: 21px; font-size: 14px;\">Artikel nr.<\/span><\/td>\n<td style=\"font-family: Verdana, Arial, Helvetica, sans-serif; font-size: 12px; color: #000000; margin: 8px; width: 526px; text-align: center;\"><span style=\"line-height: 21px; font-size: 14px;\">P-H2015<\/span><\/td>\n<\/tr>\n<tr>\n<td style=\"font-family: Verdana, Arial, Helvetica, sans-serif; font-size: 12px; color: #000000; margin: 8px; width: 187px; text-align: center;\"><span style=\"line-height: 21px; color: #333333; font-family: Arial, Helvetica; font-size: 14px; font-style: normal; font-weight: 400; background-color: #ffffff; float: none; display: inline !important;\">Material<\/span><\/td>\n<td style=\"font-family: Verdana, Arial, Helvetica, sans-serif; font-size: 12px; color: #000000; margin: 8px; width: 526px; text-align: center;\"><span style=\"color: #333333; font-family: Helvetica,Tahoma,Arial; font-size: 12px; font-style: normal; font-weight: 400; background-color: #fcfcfc; display: inline !important; float: none;\">Oxford-tyg<\/span><\/td>\n<\/tr>\n<tr>\n<td style=\"font-family: Verdana, Arial, Helvetica, sans-serif; font-size: 12px; color: #000000; margin: 8px; width: 187px; text-align: center;\"><span style=\"line-height: 21px; font-size: 14px;\">\u00a0Storlek<\/span><\/td>\n<td style=\"margin: 8px; width: 526px; text-align: center;\"><span style=\"color: #222222; font-family: Helvetica, Tahoma, Arial;\"><span style=\"font-size: 14px;\">Anpassad storlek<\/span><\/span><\/td>\n<\/tr>\n<tr>\n<td style=\"font-family: Verdana, Arial, Helvetica, sans-serif; font-size: 12px; color: #000000; margin: 8px; width: 187px; text-align: center;\"><span style=\"line-height: 21px; font-size: 14px;\">\u00a0F\u00e4rg<\/span><\/td>\n<td style=\"font-family: Verdana, Arial, Helvetica, sans-serif; font-size: 12px; color: #000000; margin: 8px; width: 526px; text-align: center;\"><span style=\"font-size: 14px;\">Anpassad f\u00e4rg<\/span><\/td>\n<\/tr>\n<tr>\n<td style=\"font-family: Verdana, Arial, Helvetica, sans-serif; font-size: 12px; color: #000000; margin: 8px; width: 187px; text-align: center;\"><span style=\"line-height: 21px; font-size: 14px;\">\u00a0<span style=\"line-height: 21px; color: #333333; font-family: Arial, Helvetica; font-size: 14px; font-style: normal; font-weight: 400; background-color: #ffffff; float: none; display: inline !important;\">Typ av husdjur<\/span><\/span><\/td>\n<td style=\"font-family: Verdana, Arial, Helvetica, sans-serif; font-size: 12px; color: #000000; margin: 8px; width: 526px; text-align: center;\"><span style=\"line-height: 21px; font-size: 14px;\">\u00a0Alla hundar<\/span><\/td>\n<\/tr>\n<tr>\n<td style=\"font-family: Verdana, Arial, Helvetica, sans-serif; font-size: 12px; color: #000000; margin: 8px; width: 187px; text-align: center;\"><span style=\"line-height: 21px; font-size: 14px;\">\u00a0<span style=\"line-height: 21px; color: #333333; font-family: Arial, Helvetica; font-size: 14px; font-style: normal; font-weight: 400; background-color: #ffffff; float: none; display: inline !important;\">Leveranstid<\/span><\/span><\/td>\n<td style=\"font-family: Verdana, Arial, Helvetica, sans-serif; font-size: 12px; color: #000000; margin: 8px; width: 526px; text-align: center;\"><span style=\"line-height: 21px; font-size: 14px;\"><span style=\"line-height: 21px; color: #000000; font-family: Verdana, Arial, Helvetica, sans-serif; font-size: 14px; font-style: normal; font-weight: 400; background-color: #ffffff; float: none; display: inline !important;\">1-5 dagar f\u00f6r liten m\u00e4ngd med flyg och 30-35 dagar f\u00f6r stor m\u00e4ngd till sj\u00f6ss<\/span>\u00a0<\/span><\/td>\n<\/tr>\n<tr>\n<td style=\"font-family: Verdana, Arial, Helvetica, sans-serif; font-size: 12px; color: #000000; margin: 8px; width: 187px; text-align: center;\"><span style=\"line-height: 21px; font-size: 14px;\">\u00a0<span style=\"line-height: 21px; color: #333333; font-family: Arial, Helvetica; font-size: 14px; font-style: normal; font-weight: 400; background-color: #ffffff; float: none; display: inline !important;\">Hamn f\u00f6r avs\u00e4ndning<\/span><\/span><\/td>\n<td style=\"font-family: Verdana, Arial, Helvetica, sans-serif; font-size: 12px; color: #000000; margin: 8px; width: 526px; text-align: center;\"><span style=\"line-height: 21px; font-size: 14px;\">Xiamen\u00a0<\/span><\/td>\n<\/tr>\n<tr>\n<td style=\"font-family: Verdana, Arial, Helvetica, sans-serif; font-size: 12px; color: #000000; margin: 8px; width: 187px; text-align: center;\"><span style=\"line-height: 21px; font-size: 14px;\">\u00a0<span style=\"line-height: 21px; color: #333333; font-family: Arial, Helvetica; font-size: 14px; font-style: normal; font-weight: 400; background-color: #ffffff; float: none; display: inline !important;\">OEM\/ODM<\/span><\/span><\/td>\n<td style=\"font-family: Verdana, Arial, Helvetica, sans-serif; font-size: 12px; color: #000000; margin: 8px; width: 526px; text-align: center;\"><span style=\"line-height: 21px; font-size: 14px;\">\u00a0<span style=\"line-height: 21px; color: #333333; font-family: Arial, Helvetica; font-size: 14px; font-style: normal; font-weight: 400; background-color: #ffffff; float: none; display: inline !important;\">Tillg\u00e4nglig<\/span><\/span><\/td>\n<\/tr>\n<tr>\n<td style=\"font-family: Verdana, Arial, Helvetica, sans-serif; font-size: 12px; color: #000000; margin: 8px; width: 187px; text-align: center;\"><span style=\"line-height: 21px; font-size: 14px;\">\u00a0<span style=\"line-height: 21px; color: #333333; font-family: Arial, Helvetica; font-size: 14px; font-style: normal; font-weight: 400; background-color: #ffffff; float: none; display: inline !important;\">Paket<\/span><\/span><\/td>\n<td style=\"font-family: Verdana, Arial, Helvetica, sans-serif; font-size: 12px; color: #000000; margin: 8px; width: 526px; text-align: center;\"><span style=\"line-height: 21px; font-size: 14px;\"><span style=\"line-height: 21px; color: #333333; font-family: Arial, Helvetica; font-size: 14px; font-style: normal; font-weight: 400; background-color: #ffffff; float: none; display: inline !important;\">Var och en f\u00f6rpackad i en PPB och sedan i kartong eller efter behov<\/span><\/span><\/td>\n<\/tr>\n<\/tbody>\n<\/table>\n<p><strong>Viktiga egenskaper:<\/strong><\/p>\n<ul>\n<li>\n<p data-immersive-translate-walked=\"8b5afd8b-1b58-4d39-bfba-c28d7f2dd9b7\" data-immersive-translate-paragraph=\"1\"><strong data-immersive-translate-walked=\"8b5afd8b-1b58-4d39-bfba-c28d7f2dd9b7\">Explosionsskyddad design<\/strong>: V\u00e5r explosionss\u00e4kra hundsele f\u00f6r utomhustr\u00e4ning \u00e4r byggd med en robust explosionss\u00e4ker design f\u00f6r att hantera \u00e4ven de mest energiska hundarna. Den garanterar maximal kontroll och s\u00e4kerhet under utomhusaktiviteter och tr\u00e4ningspass.<strong>Kraftig konstruktion<\/strong>: V\u00e5ra kraftiga hundsele \u00e4r tillverkade av h\u00f6gkvalitativa material och \u00e4r utformade f\u00f6r att t\u00e5la rigor\u00f6s anv\u00e4ndning. Den slitstarka konstruktionen garanterar l\u00e5ngvarig prestanda, vilket g\u00f6r dem l\u00e4mpliga f\u00f6r alla typer av utomhus\u00e4ventyr.<\/p>\n<\/li>\n<li>\n<p data-immersive-translate-walked=\"8b5afd8b-1b58-4d39-bfba-c28d7f2dd9b7\" data-immersive-translate-paragraph=\"1\"><strong data-immersive-translate-walked=\"8b5afd8b-1b58-4d39-bfba-c28d7f2dd9b7\">Bekv\u00e4m passform<\/strong>: V\u00e5ra selar \u00e4r utformade med tanke p\u00e5 ditt husdjurs komfort och har justerbara remmar och vadderad insida. Detta ger en s\u00e4ker och bekv\u00e4m passform och f\u00f6rhindrar skav och irritation \u00e4ven under l\u00e5ngvarig anv\u00e4ndning.<strong>H\u00e5llbarhet<\/strong>: V\u00e5ra selar \u00e4r konstruerade f\u00f6r att klara tuffa f\u00f6rh\u00e5llanden. De h\u00f6gkvalitativa materialen och de f\u00f6rst\u00e4rkta s\u00f6mmarna ger exceptionell h\u00e5llbarhet, vilket s\u00e4kerst\u00e4ller att de klarar kraven fr\u00e5n aktiva hundar och utomhusmilj\u00f6er.<\/p>\n<\/li>\n<li><strong>Tillg\u00e4nglighet f\u00f6r partihandel<\/strong>: Som en direktleverant\u00f6r erbjuder vi konkurrenskraftiga grossistpriser f\u00f6r bulkbest\u00e4llningar. V\u00e5rt effektiva produktions- och distributionssystem s\u00e4kerst\u00e4ller snabb leverans och enast\u00e5ende kundservice.<\/li>\n<\/ul>\n<p><strong>Varf\u00f6r v\u00e4lja oss?<\/strong><\/p>\n<ul>\n<li><strong>Direkt fr\u00e5n fabrik<\/strong>: Genom att k\u00f6pa direkt fr\u00e5n v\u00e5r fabrik drar du nytta av l\u00e4gre kostnader och snabbare leveranstider. Vi eliminerar mellanhanden och ger dig det b\u00e4sta v\u00e4rdet.<\/li>\n<li><strong>Kvalitetss\u00e4kring<\/strong>: Varje sele genomg\u00e5r str\u00e4nga kvalitetskontroller f\u00f6r att s\u00e4kerst\u00e4lla att den uppfyller v\u00e5ra h\u00f6ga standarder. Du kan lita p\u00e5 att v\u00e5ra produkter levererar den prestanda och tillf\u00f6rlitlighet som ditt f\u00f6retag beh\u00f6ver.<\/li>\n<li><strong>Anpassningsbara alternativ<\/strong>: Vi erbjuder en rad olika anpassningsalternativ f\u00f6r att uppfylla dina specifika krav. Fr\u00e5n varum\u00e4rkesprofilering till design\u00e4ndringar arbetar vi tillsammans med dig f\u00f6r att skapa produkter som \u00f6verensst\u00e4mmer med ditt varum\u00e4rkes identitet.<\/li>\n<\/ul>\n<p><strong>Best\u00e4ll nu!<\/strong><\/p>\n<p data-immersive-translate-walked=\"8b5afd8b-1b58-4d39-bfba-c28d7f2dd9b7\" data-immersive-translate-paragraph=\"1\">Samarbeta med oss f\u00f6r all din utomhustr\u00e4ning Explosionss\u00e4ker <span style=\"color: #ff0000;\"><a style=\"color: #ff0000;\" href=\"https:\/\/pecpets.com\/se\/produktkategori\/pet-harness\/\" target=\"_blank\" rel=\"noopener\">Sele f\u00f6r hund<\/a><\/span> behov. Upplev den perfekta kombinationen av s\u00e4kerhet, komfort och h\u00e5llbarhet. Kontakta oss idag f\u00f6r en offert och dra nytta av v\u00e5ra grossistpriser.<span class=\"notranslate immersive-translate-target-wrapper\" lang=\"zh-CN\" translate=\"no\" data-immersive-translate-loading-id=\"1\">\u00a0<\/span><\/p>","protected":false},"excerpt":{"rendered":"<h2><strong><b>Partihandel Utomhusutbildning Explosionss\u00e4ker hundsele<\/b><\/strong><\/h2>\n<p>Discover Outdoor Training Explosionss\u00e4ker hundsele.<\/p>\n<p>H\u00e5ll dina husdjur snygga med v\u00e5r h\u00f6gkvalitativa design.<\/p>","protected":false},"featured_media":7372,"template":"","meta":{"_seopress_robots_primary_cat":"none","_seopress_titles_title":"Pet Harness: Explosion-proof Dog Harness - Top Manufacturers","_seopress_titles_desc":"Explore our Explosion-proof Dog Harness, comfortable dog harness. Ideal for manufacturers seeking high-quality, durable pet gear. Perfect for wholesale.","_seopress_robots_index":"","_uag_custom_page_level_css":""},"product_brand":[],"product_cat":[353,212,323,413,359],"product_tag":[],"class_list":{"0":"post-7371","1":"product","2":"type-product","3":"status-publish","4":"has-post-thumbnail","6":"product_cat-no-pull-dog-harnesses","7":"product_cat-pet-harness","8":"product_cat-standard-harnesses","9":"product_cat-training-clothes","10":"product_cat-waterproof-dog-harnesses","12":"first","13":"instock","14":"shipping-taxable","15":"product-type-simple"},"uagb_featured_image_src":{"full":["https:\/\/pecpets.com\/wp-content\/uploads\/2024\/06\/\u4e3b\u56fe-01-38.jpg",800,800,false],"thumbnail":["https:\/\/pecpets.com\/wp-content\/uploads\/2024\/06\/\u4e3b\u56fe-01-38-150x150.jpg",150,150,true],"medium":["https:\/\/pecpets.com\/wp-content\/uploads\/2024\/06\/\u4e3b\u56fe-01-38-300x300.jpg",300,300,true],"medium_large":["https:\/\/pecpets.com\/wp-content\/uploads\/2024\/06\/\u4e3b\u56fe-01-38-768x768.jpg",768,768,true],"large":["https:\/\/pecpets.com\/wp-content\/uploads\/2024\/06\/\u4e3b\u56fe-01-38.jpg",800,800,false],"1536x1536":["https:\/\/pecpets.com\/wp-content\/uploads\/2024\/06\/\u4e3b\u56fe-01-38.jpg",800,800,false],"2048x2048":["https:\/\/pecpets.com\/wp-content\/uploads\/2024\/06\/\u4e3b\u56fe-01-38.jpg",800,800,false],"trp-custom-language-flag":["https:\/\/pecpets.com\/wp-content\/uploads\/2024\/06\/\u4e3b\u56fe-01-38.jpg",12,12,false],"woocommerce_thumbnail":["https:\/\/pecpets.com\/wp-content\/uploads\/2024\/06\/\u4e3b\u56fe-01-38-300x300.jpg",300,300,true],"woocommerce_single":["https:\/\/pecpets.com\/wp-content\/uploads\/2024\/06\/\u4e3b\u56fe-01-38-600x600.jpg",600,600,true],"woocommerce_gallery_thumbnail":["https:\/\/pecpets.com\/wp-content\/uploads\/2024\/06\/\u4e3b\u56fe-01-38-100x100.jpg",100,100,true]},"uagb_author_info":{"display_name":"Lawrence\u00a0\u52b3\u4f26\u65af","author_link":"https:\/\/pecpets.com\/se\/author\/"},"uagb_comment_info":0,"uagb_excerpt":"Wholesale Outdoor Training Explosion-proof Dog Harness Discover Outdoor Training Explosion-proof Dog Harness. Keep your pets stylish with our high-quality designs.","_links":{"self":[{"href":"https:\/\/pecpets.com\/se\/wp-json\/wp\/v2\/product\/7371","targetHints":{"allow":["GET"]}}],"collection":[{"href":"https:\/\/pecpets.com\/se\/wp-json\/wp\/v2\/product"}],"about":[{"href":"https:\/\/pecpets.com\/se\/wp-json\/wp\/v2\/types\/product"}],"wp:featuredmedia":[{"embeddable":true,"href":"https:\/\/pecpets.com\/se\/wp-json\/wp\/v2\/media\/7372"}],"wp:attachment":[{"href":"https:\/\/pecpets.com\/se\/wp-json\/wp\/v2\/media?parent=7371"}],"wp:term":[{"taxonomy":"product_brand","embeddable":true,"href":"https:\/\/pecpets.com\/se\/wp-json\/wp\/v2\/product_brand?post=7371"},{"taxonomy":"product_cat","embeddable":true,"href":"https:\/\/pecpets.com\/se\/wp-json\/wp\/v2\/product_cat?post=7371"},{"taxonomy":"product_tag","embeddable":true,"href":"https:\/\/pecpets.com\/se\/wp-json\/wp\/v2\/product_tag?post=7371"}],"curies":[{"name":"wp","href":"https:\/\/api.w.org\/{rel}","templated":true}]}}