{"id":7449,"date":"2024-06-29T15:53:26","date_gmt":"2024-06-29T07:53:26","guid":{"rendered":"https:\/\/pecpets.com\/?post_type=product&#038;p=7449"},"modified":"2024-10-30T15:04:41","modified_gmt":"2024-10-30T07:04:41","slug":"personalized-lightweight-dog-harness","status":"publish","type":"product","link":"https:\/\/pecpets.com\/se\/product\/personalized-lightweight-dog-harness\/","title":{"rendered":"Personlig l\u00e4ttviktssele f\u00f6r hund"},"content":{"rendered":"<h2 data-immersive-translate-walked=\"aa333ee4-404a-4aef-9a25-2ecc46165f31\" data-immersive-translate-paragraph=\"1\">Personlig l\u00e4ttviktssele f\u00f6r hund | bekv\u00e4m och h\u00e5llbar | grossistfabrik<\/h2>\n<p data-immersive-translate-walked=\"8b5afd8b-1b58-4d39-bfba-c28d7f2dd9b7\" data-immersive-translate-paragraph=\"1\">V\u00e4lkommen till v\u00e5r B2B-plattform, din fr\u00e4msta destination f\u00f6r h\u00f6gkvalitativa personliga l\u00e4tta hundselar. V\u00e5ra selar f\u00f6r husdjur \u00e4r utformade f\u00f6r att ge maximal komfort och h\u00e5llbarhet samtidigt som de m\u00f6jligg\u00f6r anpassning f\u00f6r att \u00e5terspegla ditt varum\u00e4rkes unika identitet. Vi erbjuder f\u00f6rstklassiga produkter som uppfyller de h\u00f6gsta standarderna, perfekta f\u00f6r djurhandlare, tr\u00e4nare och distribut\u00f6rer.<\/p>\n<table style=\"border-collapse: collapse; background-color: #ffffff; width: 329px; height: 273px;\" border=\"1\">\n<tbody>\n<tr>\n<td style=\"font-family: Verdana, Arial, Helvetica, sans-serif; font-size: 12px; color: #000000; margin: 8px; width: 187px; text-align: center;\"><span style=\"line-height: 21px; font-size: 14px;\">Produkter Namn<\/span><\/td>\n<td style=\"font-family: Verdana, Arial, Helvetica, sans-serif; font-size: 12px; color: #000000; margin: 8px; width: 526px; text-align: center;\"><span style=\"font-size: 14px;\">Sele f\u00f6r husdjur<\/span><\/td>\n<\/tr>\n<tr>\n<td style=\"font-family: Verdana, Arial, Helvetica, sans-serif; font-size: 12px; color: #000000; margin: 8px; width: 187px; text-align: center;\"><span style=\"line-height: 21px; font-size: 14px;\">Artikel nr.<\/span><\/td>\n<td style=\"font-family: Verdana, Arial, Helvetica, sans-serif; font-size: 12px; color: #000000; margin: 8px; width: 526px; text-align: center;\"><span style=\"line-height: 21px; font-size: 14px;\">P-H2018<\/span><\/td>\n<\/tr>\n<tr>\n<td style=\"font-family: Verdana, Arial, Helvetica, sans-serif; font-size: 12px; color: #000000; margin: 8px; width: 187px; text-align: center;\"><span style=\"line-height: 21px; color: #333333; font-family: Arial, Helvetica; font-size: 14px; font-style: normal; font-weight: 400; background-color: #ffffff; float: none; display: inline !important;\">Material<\/span><\/td>\n<td style=\"font-family: Verdana, Arial, Helvetica, sans-serif; font-size: 12px; color: #000000; margin: 8px; width: 526px; text-align: center;\"><span style=\"color: #333333; font-family: Helvetica,Tahoma,Arial; font-size: 12px; font-style: normal; font-weight: 400; background-color: #fcfcfc; display: inline !important; float: none;\">Oxford-tyg<\/span><\/td>\n<\/tr>\n<tr>\n<td style=\"font-family: Verdana, Arial, Helvetica, sans-serif; font-size: 12px; color: #000000; margin: 8px; width: 187px; text-align: center;\"><span style=\"line-height: 21px; font-size: 14px;\">\u00a0Storlek<\/span><\/td>\n<td style=\"margin: 8px; width: 526px; text-align: center;\"><span style=\"color: #222222; font-family: Helvetica, Tahoma, Arial;\"><span style=\"font-size: 14px;\">Anpassad storlek<\/span><\/span><\/td>\n<\/tr>\n<tr>\n<td style=\"font-family: Verdana, Arial, Helvetica, sans-serif; font-size: 12px; color: #000000; margin: 8px; width: 187px; text-align: center;\"><span style=\"line-height: 21px; font-size: 14px;\">\u00a0F\u00e4rg<\/span><\/td>\n<td style=\"font-family: Verdana, Arial, Helvetica, sans-serif; font-size: 12px; color: #000000; margin: 8px; width: 526px; text-align: center;\"><span style=\"font-size: 14px;\">Anpassad f\u00e4rg<\/span><\/td>\n<\/tr>\n<tr>\n<td style=\"font-family: Verdana, Arial, Helvetica, sans-serif; font-size: 12px; color: #000000; margin: 8px; width: 187px; text-align: center;\"><span style=\"line-height: 21px; font-size: 14px;\">\u00a0<span style=\"line-height: 21px; color: #333333; font-family: Arial, Helvetica; font-size: 14px; font-style: normal; font-weight: 400; background-color: #ffffff; float: none; display: inline !important;\">Typ av husdjur<\/span><\/span><\/td>\n<td style=\"font-family: Verdana, Arial, Helvetica, sans-serif; font-size: 12px; color: #000000; margin: 8px; width: 526px; text-align: center;\"><span style=\"line-height: 21px; font-size: 14px;\">\u00a0Alla hundar<\/span><\/td>\n<\/tr>\n<tr>\n<td style=\"font-family: Verdana, Arial, Helvetica, sans-serif; font-size: 12px; color: #000000; margin: 8px; width: 187px; text-align: center;\"><span style=\"line-height: 21px; font-size: 14px;\">\u00a0<span style=\"line-height: 21px; color: #333333; font-family: Arial, Helvetica; font-size: 14px; font-style: normal; font-weight: 400; background-color: #ffffff; float: none; display: inline !important;\">Leveranstid<\/span><\/span><\/td>\n<td style=\"font-family: Verdana, Arial, Helvetica, sans-serif; font-size: 12px; color: #000000; margin: 8px; width: 526px; text-align: center;\"><span style=\"line-height: 21px; font-size: 14px;\"><span style=\"line-height: 21px; color: #000000; font-family: Verdana, Arial, Helvetica, sans-serif; font-size: 14px; font-style: normal; font-weight: 400; background-color: #ffffff; float: none; display: inline !important;\">1-5 dagar f\u00f6r liten m\u00e4ngd med flyg och 30-35 dagar f\u00f6r stor m\u00e4ngd till sj\u00f6ss<\/span>\u00a0<\/span><\/td>\n<\/tr>\n<tr>\n<td style=\"font-family: Verdana, Arial, Helvetica, sans-serif; font-size: 12px; color: #000000; margin: 8px; width: 187px; text-align: center;\"><span style=\"line-height: 21px; font-size: 14px;\">\u00a0<span style=\"line-height: 21px; color: #333333; font-family: Arial, Helvetica; font-size: 14px; font-style: normal; font-weight: 400; background-color: #ffffff; float: none; display: inline !important;\">Hamn f\u00f6r avs\u00e4ndning<\/span><\/span><\/td>\n<td style=\"font-family: Verdana, Arial, Helvetica, sans-serif; font-size: 12px; color: #000000; margin: 8px; width: 526px; text-align: center;\"><span style=\"line-height: 21px; font-size: 14px;\">Xiamen\u00a0<\/span><\/td>\n<\/tr>\n<tr>\n<td style=\"font-family: Verdana, Arial, Helvetica, sans-serif; font-size: 12px; color: #000000; margin: 8px; width: 187px; text-align: center;\"><span style=\"line-height: 21px; font-size: 14px;\">\u00a0<span style=\"line-height: 21px; color: #333333; font-family: Arial, Helvetica; font-size: 14px; font-style: normal; font-weight: 400; background-color: #ffffff; float: none; display: inline !important;\">OEM\/ODM<\/span><\/span><\/td>\n<td style=\"font-family: Verdana, Arial, Helvetica, sans-serif; font-size: 12px; color: #000000; margin: 8px; width: 526px; text-align: center;\"><span style=\"line-height: 21px; font-size: 14px;\">\u00a0<span style=\"line-height: 21px; color: #333333; font-family: Arial, Helvetica; font-size: 14px; font-style: normal; font-weight: 400; background-color: #ffffff; float: none; display: inline !important;\">Tillg\u00e4nglig<\/span><\/span><\/td>\n<\/tr>\n<tr>\n<td style=\"font-family: Verdana, Arial, Helvetica, sans-serif; font-size: 12px; color: #000000; margin: 8px; width: 187px; text-align: center;\"><span style=\"line-height: 21px; font-size: 14px;\">\u00a0<span style=\"line-height: 21px; color: #333333; font-family: Arial, Helvetica; font-size: 14px; font-style: normal; font-weight: 400; background-color: #ffffff; float: none; display: inline !important;\">Paket<\/span><\/span><\/td>\n<td style=\"font-family: Verdana, Arial, Helvetica, sans-serif; font-size: 12px; color: #000000; margin: 8px; width: 526px; text-align: center;\"><span style=\"line-height: 21px; font-size: 14px;\"><span style=\"line-height: 21px; color: #333333; font-family: Arial, Helvetica; font-size: 14px; font-style: normal; font-weight: 400; background-color: #ffffff; float: none; display: inline !important;\">Var och en f\u00f6rpackad i en PPB och sedan i kartong eller efter behov<\/span><\/span><\/td>\n<\/tr>\n<\/tbody>\n<\/table>\n<p><strong>Viktiga egenskaper:<\/strong><\/p>\n<ul>\n<li><strong>Personlig design<\/strong>: V\u00e5r personliga l\u00e4tta hundsele m\u00f6jligg\u00f6r anpassning, vilket g\u00f6r det enkelt att l\u00e4gga till ditt varum\u00e4rkes logotyp, namn eller unika m\u00f6nster. Denna personalisering s\u00e4kerst\u00e4ller att dina selar sticker ut p\u00e5 marknaden.<\/li>\n<li><strong>L\u00e4ttviktskonstruktion<\/strong>: V\u00e5ra selar f\u00f6r husdjur \u00e4r tillverkade av h\u00f6gkvalitativa, l\u00e4tta material och \u00e4r l\u00e4tta att b\u00e4ra och v\u00e4ger inte ner dina husdjur. Den l\u00e4tta designen garanterar r\u00f6relsefrihet och komfort under anv\u00e4ndning.<\/li>\n<li><strong>Bekv\u00e4m passform<\/strong>: V\u00e5ra selar \u00e4r utformade med ditt husdjurs komfort i \u00e5tanke och har justerbara remmar och mjuk stoppning. Detta ger en s\u00e4ker och bekv\u00e4m passform och f\u00f6rhindrar skav och irritation \u00e4ven under l\u00e5ngvarig anv\u00e4ndning.<\/li>\n<li><strong>H\u00e5llbarhet<\/strong>: V\u00e5ra selar \u00e4r konstruerade f\u00f6r att t\u00e5la regelbunden anv\u00e4ndning. De h\u00f6gkvalitativa materialen och den robusta konstruktionen s\u00e4kerst\u00e4ller l\u00e5ngvarig prestanda, vilket g\u00f6r dem l\u00e4mpliga f\u00f6r b\u00e5de tr\u00e4ningspass och dagliga promenader.<\/li>\n<li><strong>Tillg\u00e4nglighet f\u00f6r partihandel<\/strong>: Som en direktleverant\u00f6r erbjuder vi konkurrenskraftiga grossistpriser f\u00f6r bulkbest\u00e4llningar. V\u00e5rt effektiva produktions- och distributionssystem s\u00e4kerst\u00e4ller snabb leverans och enast\u00e5ende kundservice.<\/li>\n<\/ul>\n<p><strong>Varf\u00f6r v\u00e4lja oss?<\/strong><\/p>\n<ul>\n<li>\n<p data-immersive-translate-walked=\"8b5afd8b-1b58-4d39-bfba-c28d7f2dd9b7\" data-immersive-translate-paragraph=\"1\"><strong data-immersive-translate-walked=\"8b5afd8b-1b58-4d39-bfba-c28d7f2dd9b7\">Direkt fr\u00e5n fabrik<\/strong>: Genom att k\u00f6pa direkt fr\u00e5n v\u00e5r fabrik drar du nytta av l\u00e4gre kostnader och snabbare leveranstider. Vi eliminerar mellanhanden och ger dig det b\u00e4sta v\u00e4rdet.<\/p>\n<\/li>\n<li><strong>Kvalitetss\u00e4kring<\/strong>: Varje sele genomg\u00e5r str\u00e4nga kvalitetskontroller f\u00f6r att s\u00e4kerst\u00e4lla att den uppfyller v\u00e5ra h\u00f6ga standarder. Du kan lita p\u00e5 att v\u00e5ra produkter levererar den prestanda och tillf\u00f6rlitlighet som ditt f\u00f6retag kr\u00e4ver.<\/li>\n<li>\n<p data-immersive-translate-walked=\"8b5afd8b-1b58-4d39-bfba-c28d7f2dd9b7\" data-immersive-translate-paragraph=\"1\"><strong data-immersive-translate-walked=\"8b5afd8b-1b58-4d39-bfba-c28d7f2dd9b7\">Anpassningsbara alternativ<\/strong>: Vi erbjuder en rad olika anpassningsalternativ f\u00f6r att tillgodose dina specifika behov. Fr\u00e5n varum\u00e4rkesprofilering till design\u00e4ndringar arbetar vi tillsammans med dig f\u00f6r att skapa produkter som \u00f6verensst\u00e4mmer med ditt varum\u00e4rkes identitet.<\/p>\n<\/li>\n<\/ul>\n<p><strong>Best\u00e4ll nu!<\/strong><\/p>\n<p data-immersive-translate-walked=\"8b5afd8b-1b58-4d39-bfba-c28d7f2dd9b7\" data-immersive-translate-paragraph=\"1\">Samarbeta med oss f\u00f6r alla dina personliga l\u00e4ttviktsprodukter <span style=\"color: #ff0000;\"><a style=\"color: #ff0000;\" href=\"https:\/\/pecpets.com\/se\/produktkategori\/pet-harness\/\" target=\"_blank\" rel=\"noopener\">Sele f\u00f6r hund<\/a><\/span> behov. Upplev den perfekta kombinationen av personlig anpassning, komfort och h\u00e5llbarhet. Kontakta oss idag f\u00f6r en offert och dra nytta av v\u00e5ra grossistpriser.<\/p>","protected":false},"excerpt":{"rendered":"<h2><strong><b>Partihandel Personlig l\u00e4ttviktig hund sele<\/b><\/strong><\/h2>\n<p>Uppt\u00e4ck personlig l\u00e4ttviktssele f\u00f6r hund.<\/p>\n<p>H\u00e5ll dina husdjur snygga med v\u00e5r h\u00f6gkvalitativa design.<\/p>","protected":false},"featured_media":7450,"template":"","meta":{"_seopress_robots_primary_cat":"none","_seopress_titles_title":"Personalized Lightweight Dog Harness - Manufacturer","_seopress_titles_desc":"Explore our Personalized Lightweight Dog Harness, stylish and durable pet harness perfect for manufacturers. Ideal for wholesale buyers seeking premium quality.","_seopress_robots_index":"","_uag_custom_page_level_css":""},"product_brand":[],"product_cat":[358,212,355,323,359],"product_tag":[],"class_list":{"0":"post-7449","1":"product","2":"type-product","3":"status-publish","4":"has-post-thumbnail","6":"product_cat-lightweight-dog-harnesses","7":"product_cat-pet-harness","8":"product_cat-reflective-dog-harnesses","9":"product_cat-standard-harnesses","10":"product_cat-waterproof-dog-harnesses","12":"first","13":"instock","14":"shipping-taxable","15":"product-type-simple"},"uagb_featured_image_src":{"full":["https:\/\/pecpets.com\/wp-content\/uploads\/2024\/06\/\u4e3b\u56fe-01-43.jpg",1000,1000,false],"thumbnail":["https:\/\/pecpets.com\/wp-content\/uploads\/2024\/06\/\u4e3b\u56fe-01-43-150x150.jpg",150,150,true],"medium":["https:\/\/pecpets.com\/wp-content\/uploads\/2024\/06\/\u4e3b\u56fe-01-43-300x300.jpg",300,300,true],"medium_large":["https:\/\/pecpets.com\/wp-content\/uploads\/2024\/06\/\u4e3b\u56fe-01-43-768x768.jpg",768,768,true],"large":["https:\/\/pecpets.com\/wp-content\/uploads\/2024\/06\/\u4e3b\u56fe-01-43.jpg",800,800,false],"1536x1536":["https:\/\/pecpets.com\/wp-content\/uploads\/2024\/06\/\u4e3b\u56fe-01-43.jpg",1000,1000,false],"2048x2048":["https:\/\/pecpets.com\/wp-content\/uploads\/2024\/06\/\u4e3b\u56fe-01-43.jpg",1000,1000,false],"trp-custom-language-flag":["https:\/\/pecpets.com\/wp-content\/uploads\/2024\/06\/\u4e3b\u56fe-01-43.jpg",12,12,false],"woocommerce_thumbnail":["https:\/\/pecpets.com\/wp-content\/uploads\/2024\/06\/\u4e3b\u56fe-01-43-300x300.jpg",300,300,true],"woocommerce_single":["https:\/\/pecpets.com\/wp-content\/uploads\/2024\/06\/\u4e3b\u56fe-01-43-600x600.jpg",600,600,true],"woocommerce_gallery_thumbnail":["https:\/\/pecpets.com\/wp-content\/uploads\/2024\/06\/\u4e3b\u56fe-01-43-100x100.jpg",100,100,true]},"uagb_author_info":{"display_name":"Lawrence\u00a0\u52b3\u4f26\u65af","author_link":"https:\/\/pecpets.com\/se\/author\/"},"uagb_comment_info":0,"uagb_excerpt":"Wholesale Personalized Lightweight Dog Harness Discover Personalized Lightweight Dog Harness. Keep your pets stylish with our high-quality designs.","_links":{"self":[{"href":"https:\/\/pecpets.com\/se\/wp-json\/wp\/v2\/product\/7449","targetHints":{"allow":["GET"]}}],"collection":[{"href":"https:\/\/pecpets.com\/se\/wp-json\/wp\/v2\/product"}],"about":[{"href":"https:\/\/pecpets.com\/se\/wp-json\/wp\/v2\/types\/product"}],"wp:featuredmedia":[{"embeddable":true,"href":"https:\/\/pecpets.com\/se\/wp-json\/wp\/v2\/media\/7450"}],"wp:attachment":[{"href":"https:\/\/pecpets.com\/se\/wp-json\/wp\/v2\/media?parent=7449"}],"wp:term":[{"taxonomy":"product_brand","embeddable":true,"href":"https:\/\/pecpets.com\/se\/wp-json\/wp\/v2\/product_brand?post=7449"},{"taxonomy":"product_cat","embeddable":true,"href":"https:\/\/pecpets.com\/se\/wp-json\/wp\/v2\/product_cat?post=7449"},{"taxonomy":"product_tag","embeddable":true,"href":"https:\/\/pecpets.com\/se\/wp-json\/wp\/v2\/product_tag?post=7449"}],"curies":[{"name":"wp","href":"https:\/\/api.w.org\/{rel}","templated":true}]}}