{"id":7934,"date":"2024-07-04T15:42:17","date_gmt":"2024-07-04T07:42:17","guid":{"rendered":"https:\/\/pecpets.com\/?post_type=product&#038;p=7934"},"modified":"2024-07-04T15:44:22","modified_gmt":"2024-07-04T07:44:22","slug":"wholesale-breathable-designer-pet-dog-harness","status":"publish","type":"product","link":"https:\/\/pecpets.com\/se\/product\/wholesale-breathable-designer-pet-dog-harness\/","title":{"rendered":"Partihandel andningsbar designer hund sele f\u00f6r husdjur"},"content":{"rendered":"<h2 data-immersive-translate-walked=\"aa333ee4-404a-4aef-9a25-2ecc46165f31\" data-immersive-translate-paragraph=\"1\">Lyxig h\u00f6gkvalitativ andningsbar designer s\u00e4llskapsdjur hund sele - grossist fr\u00e5n fabrik<\/h2>\n<p>Vi presenterar v\u00e5r lyxiga, h\u00f6gkvalitativa, andningsbara designersele f\u00f6r s\u00e4llskapsdjur, en symbol f\u00f6r stil och funktionalitet. Denna premiumsele f\u00f6r husdjur kombinerar h\u00f6gkvalitativa material med ett designutseende, vilket garanterar ditt husdjurs komfort och s\u00e4kerhet. Den \u00e4r tillg\u00e4nglig f\u00f6r grossist direkt fr\u00e5n v\u00e5r fabrik och erbjuder exceptionell kvalitet och konkurrenskraftiga priser.<\/p>\n<h4>Viktiga egenskaper:<\/h4>\n<ul>\n<li><strong>Andningsbar design<\/strong>: Tillverkad av material som andas f\u00f6r att h\u00e5lla ditt husdjur bekv\u00e4mt och svalt under promenaderna.<\/li>\n<li><strong>H\u00f6gkvalitativ konstruktion<\/strong>: Tillverkad av slitstarka premiummaterial f\u00f6r l\u00e5ngvarig anv\u00e4ndning.<\/li>\n<li><strong>Lyxig designerlook<\/strong>: Elegant och snygg design som tilltalar djur\u00e4gare med smak f\u00f6r lyx.<\/li>\n<li><strong>Justerbar och s\u00e4ker<\/strong>: Med justerbara remmar och s\u00e4kra sp\u00e4nnen f\u00f6r perfekt passform och \u00f6kad s\u00e4kerhet.<\/li>\n<li><strong>Bekv\u00e4m passform<\/strong>: F\u00f6rdelar trycket j\u00e4mnt, f\u00f6rhindrar \u00f6veranstr\u00e4ngning och garanterar ditt husdjurs komfort.<\/li>\n<li><strong>Tillg\u00e4nglighet f\u00f6r partihandel<\/strong>: Direkt fr\u00e5n fabriken, vilket ger j\u00e4mn kvalitet och kostnadseffektiva priser f\u00f6r bulkbest\u00e4llningar.<\/li>\n<\/ul>\n<h3>Idealisk f\u00f6r:<\/h3>\n<ul>\n<li>Djur\u00e4gare som s\u00f6ker en h\u00f6gkvalitativ, andningsbar och snygg sele till sina hundar.<\/li>\n<li>\u00c5terf\u00f6rs\u00e4ljare och grossister som letar efter lyxiga s\u00e4llskapsdjurssele till fabriksdirekta priser.<\/li>\n<li>F\u00f6retag som str\u00e4var efter att erbjuda sina kunder premiumtillbeh\u00f6r f\u00f6r husdjur som kombinerar mode och funktion.<\/li>\n<\/ul>\n<p>F\u00f6rh\u00f6j din hunds promenadupplevelse med v\u00e5r lyxiga h\u00f6gkvalitativa andningsbara designerhundssele f\u00f6r husdjur. Kontakta oss idag f\u00f6r grossistf\u00f6rfr\u00e5gningar och fabriksdirekt priss\u00e4ttning.<\/p>","protected":false},"excerpt":{"rendered":"<h2>Reflekterande n\u00e4tduk nylon sele hundv\u00e4st<\/h2>\n<table style=\"border-collapse: collapse; background-color: #ffffff; width: 721px; height: 192px;\" border=\"1\">\n<tbody>\n<tr>\n<td style=\"font-family: Verdana, Arial, Helvetica, sans-serif; font-size: 12px; color: #000000; margin: 8px; width: 187px; text-align: center;\"><span style=\"line-height: 21px; font-size: 14px;\">Produkter Namn<\/span><\/td>\n<td style=\"font-family: Verdana, Arial, Helvetica, sans-serif; font-size: 12px; color: #000000; margin: 8px; width: 526px; text-align: center;\"><span style=\"font-size: 14px;\">Sele f\u00f6r hund<\/span><\/td>\n<\/tr>\n<tr>\n<td style=\"font-family: Verdana, Arial, Helvetica, sans-serif; font-size: 12px; color: #000000; margin: 8px; width: 187px; text-align: center;\"><span style=\"line-height: 21px; font-size: 14px;\">Artikel nr.<\/span><\/td>\n<td style=\"font-family: Verdana, Arial, Helvetica, sans-serif; font-size: 12px; color: #000000; margin: 8px; width: 526px; text-align: center;\"><span style=\"line-height: 21px; font-size: 14px;\">Y2106<\/span><\/td>\n<\/tr>\n<tr>\n<td style=\"font-family: Verdana, Arial, Helvetica, sans-serif; font-size: 12px; color: #000000; margin: 8px; width: 187px; text-align: center;\"><span style=\"line-height: 21px; color: #333333; font-family: Arial, Helvetica; font-size: 14px; font-style: normal; font-weight: 400; background-color: #ffffff; float: none; display: inline !important;\">Material<\/span><\/td>\n<td style=\"font-family: Verdana, Arial, Helvetica, sans-serif; font-size: 12px; color: #000000; margin: 8px; width: 526px; text-align: center;\"><span style=\"color: #222222; font-family: Helvetica, Tahoma, Arial; font-size: 14px; font-style: normal; font-weight: 500; background-color: #ffffff; float: none; display: inline !important;\">Nylon<\/span><\/td>\n<\/tr>\n<tr>\n<td style=\"font-family: Verdana, Arial, Helvetica, sans-serif; font-size: 12px; color: #000000; margin: 8px; width: 187px; text-align: center;\"><span style=\"line-height: 21px; font-size: 14px;\">\u00a0Storlek<\/span><\/td>\n<td style=\"font-family: Verdana, Arial, Helvetica, sans-serif; font-size: 12px; color: #000000; margin: 8px; width: 526px; text-align: center;\"><span style=\"font-size: 14px;\">Anpassad storlek<\/span><\/td>\n<\/tr>\n<tr>\n<td style=\"font-family: Verdana, Arial, Helvetica, sans-serif; font-size: 12px; color: #000000; margin: 8px; width: 187px; text-align: center;\"><span style=\"line-height: 21px; font-size: 14px;\">\u00a0F\u00e4rg<\/span><\/td>\n<td style=\"font-family: Verdana, Arial, Helvetica, sans-serif; font-size: 12px; color: #000000; margin: 8px; width: 526px; text-align: center;\"><span style=\"line-height: 21px; font-size: 14px;\">Anpassad f\u00e4rg\u00a0<\/span><\/td>\n<\/tr>\n<tr>\n<td style=\"font-family: Verdana, Arial, Helvetica, sans-serif; font-size: 12px; color: #000000; margin: 8px; width: 187px; text-align: center;\"><span style=\"line-height: 21px; font-size: 14px;\">\u00a0<span style=\"line-height: 21px; color: #333333; font-family: Arial, Helvetica; font-size: 14px; font-style: normal; font-weight: 400; background-color: #ffffff; float: none; display: inline !important;\">Typ av husdjur<\/span><\/span><\/td>\n<td style=\"font-family: Verdana, Arial, Helvetica, sans-serif; font-size: 12px; color: #000000; margin: 8px; width: 526px; text-align: center;\"><span style=\"line-height: 21px; font-size: 14px;\">\u00a0Alla hundar<\/span><\/td>\n<\/tr>\n<tr>\n<td style=\"font-family: Verdana, Arial, Helvetica, sans-serif; font-size: 12px; color: #000000; margin: 8px; width: 187px; text-align: center;\"><span style=\"line-height: 21px; font-size: 14px;\">\u00a0<span style=\"line-height: 21px; color: #333333; font-family: Arial, Helvetica; font-size: 14px; font-style: normal; font-weight: 400; background-color: #ffffff; float: none; display: inline !important;\">Leveranstid<\/span><\/span><\/td>\n<td style=\"font-family: Verdana, Arial, Helvetica, sans-serif; font-size: 12px; color: #000000; margin: 8px; width: 526px; text-align: center;\"><span style=\"line-height: 21px; font-size: 14px;\"><span style=\"line-height: 21px; color: #000000; font-family: Verdana, Arial, Helvetica, sans-serif; font-size: 14px; font-style: normal; font-weight: 400; background-color: #ffffff; float: none; display: inline !important;\">1-5 dagar f\u00f6r liten m\u00e4ngd med flyg och 30-35 dagar f\u00f6r stor m\u00e4ngd till sj\u00f6ss<\/span>\u00a0<\/span><\/td>\n<\/tr>\n<tr>\n<td style=\"font-family: Verdana, Arial, Helvetica, sans-serif; font-size: 12px; color: #000000; margin: 8px; width: 187px; text-align: center;\"><span style=\"line-height: 21px; font-size: 14px;\">\u00a0<span style=\"line-height: 21px; color: #333333; font-family: Arial, Helvetica; font-size: 14px; font-style: normal; font-weight: 400; background-color: #ffffff; float: none; display: inline !important;\">Hamn f\u00f6r avs\u00e4ndning<\/span><\/span><\/td>\n<td style=\"font-family: Verdana, Arial, Helvetica, sans-serif; font-size: 12px; color: #000000; margin: 8px; width: 526px; text-align: center;\"><span style=\"line-height: 21px; font-size: 14px;\">Xiamen\u00a0<\/span><\/td>\n<\/tr>\n<tr>\n<td style=\"font-family: Verdana, Arial, Helvetica, sans-serif; font-size: 12px; color: #000000; margin: 8px; width: 187px; text-align: center;\"><span style=\"line-height: 21px; font-size: 14px;\">\u00a0<span style=\"line-height: 21px; color: #333333; font-family: Arial, Helvetica; font-size: 14px; font-style: normal; font-weight: 400; background-color: #ffffff; float: none; display: inline !important;\">OEM\/ODM<\/span><\/span><\/td>\n<td style=\"font-family: Verdana, Arial, Helvetica, sans-serif; font-size: 12px; color: #000000; margin: 8px; width: 526px; text-align: center;\"><span style=\"line-height: 21px; font-size: 14px;\">\u00a0<span style=\"line-height: 21px; color: #333333; font-family: Arial, Helvetica; font-size: 14px; font-style: normal; font-weight: 400; background-color: #ffffff; float: none; display: inline !important;\">Tillg\u00e4nglig<\/span><\/span><\/td>\n<\/tr>\n<tr>\n<td style=\"font-family: Verdana, Arial, Helvetica, sans-serif; font-size: 12px; color: #000000; margin: 8px; width: 187px; text-align: center;\"><span style=\"line-height: 21px; font-size: 14px;\">\u00a0<span style=\"line-height: 21px; color: #333333; font-family: Arial, Helvetica; font-size: 14px; font-style: normal; font-weight: 400; background-color: #ffffff; float: none; display: inline !important;\">Paket<\/span><\/span><\/td>\n<td style=\"font-family: Verdana, Arial, Helvetica, sans-serif; font-size: 12px; color: #000000; margin: 8px; width: 526px; text-align: center;\"><span style=\"line-height: 21px; font-size: 14px;\"><span style=\"line-height: 21px; color: #333333; font-family: Arial, Helvetica; font-size: 14px; font-style: normal; font-weight: 400; background-color: #ffffff; float: none; display: inline !important;\">Var och en f\u00f6rpackad i en PPB och sedan i kartong eller efter behov<\/span><\/span><\/td>\n<\/tr>\n<\/tbody>\n<\/table>","protected":false},"featured_media":7935,"template":"","meta":{"_seopress_robots_primary_cat":"none","_seopress_titles_title":"Breathable Designer Pet Dog Harness - Manufacturer","_seopress_titles_desc":"Explore our Breathable Designer Pet Dog Harness, durable pet harness perfect for manufacturers. Ideal for wholesale buyers seeking premium quality.","_seopress_robots_index":"","_uag_custom_page_level_css":""},"product_brand":[],"product_cat":[212,323],"product_tag":[],"class_list":{"0":"post-7934","1":"product","2":"type-product","3":"status-publish","4":"has-post-thumbnail","6":"product_cat-pet-harness","7":"product_cat-standard-harnesses","9":"first","10":"instock","11":"shipping-taxable","12":"product-type-simple"},"uagb_featured_image_src":{"full":["https:\/\/pecpets.com\/wp-content\/uploads\/2024\/07\/\u4e3b\u56fe-01-4.jpg",1200,1200,false],"thumbnail":["https:\/\/pecpets.com\/wp-content\/uploads\/2024\/07\/\u4e3b\u56fe-01-4-150x150.jpg",150,150,true],"medium":["https:\/\/pecpets.com\/wp-content\/uploads\/2024\/07\/\u4e3b\u56fe-01-4-300x300.jpg",300,300,true],"medium_large":["https:\/\/pecpets.com\/wp-content\/uploads\/2024\/07\/\u4e3b\u56fe-01-4-768x768.jpg",768,768,true],"large":["https:\/\/pecpets.com\/wp-content\/uploads\/2024\/07\/\u4e3b\u56fe-01-4-1024x1024.jpg",800,800,true],"1536x1536":["https:\/\/pecpets.com\/wp-content\/uploads\/2024\/07\/\u4e3b\u56fe-01-4.jpg",1200,1200,false],"2048x2048":["https:\/\/pecpets.com\/wp-content\/uploads\/2024\/07\/\u4e3b\u56fe-01-4.jpg",1200,1200,false],"trp-custom-language-flag":["https:\/\/pecpets.com\/wp-content\/uploads\/2024\/07\/\u4e3b\u56fe-01-4.jpg",12,12,false],"woocommerce_thumbnail":["https:\/\/pecpets.com\/wp-content\/uploads\/2024\/07\/\u4e3b\u56fe-01-4-300x300.jpg",300,300,true],"woocommerce_single":["https:\/\/pecpets.com\/wp-content\/uploads\/2024\/07\/\u4e3b\u56fe-01-4-600x600.jpg",600,600,true],"woocommerce_gallery_thumbnail":["https:\/\/pecpets.com\/wp-content\/uploads\/2024\/07\/\u4e3b\u56fe-01-4-100x100.jpg",100,100,true]},"uagb_author_info":{"display_name":"Lawrence\u00a0\u52b3\u4f26\u65af","author_link":"https:\/\/pecpets.com\/se\/author\/"},"uagb_comment_info":0,"uagb_excerpt":"Reflective Mesh Cloth Nylon Harness Dog Vest Products Name Dog Harness Item No. Y2106 Material Nylon \u00a0Size Custom\u00a0Size \u00a0Color Custom Color\u00a0 \u00a0Pet type \u00a0All Dog \u00a0Delivery time 1-5days\u00a0for small quantity by air and 30-35days for large quantity by sea\u00a0 \u00a0Port of shipment Xiamen\u00a0 \u00a0OEM\/ODM \u00a0Available \u00a0Package Each one packed in a PPB then into Carton&hellip;","_links":{"self":[{"href":"https:\/\/pecpets.com\/se\/wp-json\/wp\/v2\/product\/7934","targetHints":{"allow":["GET"]}}],"collection":[{"href":"https:\/\/pecpets.com\/se\/wp-json\/wp\/v2\/product"}],"about":[{"href":"https:\/\/pecpets.com\/se\/wp-json\/wp\/v2\/types\/product"}],"wp:featuredmedia":[{"embeddable":true,"href":"https:\/\/pecpets.com\/se\/wp-json\/wp\/v2\/media\/7935"}],"wp:attachment":[{"href":"https:\/\/pecpets.com\/se\/wp-json\/wp\/v2\/media?parent=7934"}],"wp:term":[{"taxonomy":"product_brand","embeddable":true,"href":"https:\/\/pecpets.com\/se\/wp-json\/wp\/v2\/product_brand?post=7934"},{"taxonomy":"product_cat","embeddable":true,"href":"https:\/\/pecpets.com\/se\/wp-json\/wp\/v2\/product_cat?post=7934"},{"taxonomy":"product_tag","embeddable":true,"href":"https:\/\/pecpets.com\/se\/wp-json\/wp\/v2\/product_tag?post=7934"}],"curies":[{"name":"wp","href":"https:\/\/api.w.org\/{rel}","templated":true}]}}