{"id":8461,"date":"2024-07-11T14:09:24","date_gmt":"2024-07-11T06:09:24","guid":{"rendered":"https:\/\/pecpets.com\/?post_type=product&#038;p=8461"},"modified":"2025-08-20T17:21:21","modified_gmt":"2025-08-20T09:21:21","slug":"blank-large-clothes-for-dogs","status":"publish","type":"product","link":"https:\/\/pecpets.com\/se\/product\/blank-large-clothes-for-dogs\/","title":{"rendered":"Blank Large Kl\u00e4der f\u00f6r Hundar"},"content":{"rendered":"<h2 data-immersive-translate-walked=\"f36f68ab-127d-4e10-955b-f6ada5d45339\">Blank stora kl\u00e4der f\u00f6r hundar | H\u00f6gkvalitativa husdjurskl\u00e4der och hundkl\u00e4der grossist fr\u00e5n fabrik<\/h2>\n<h3>Beskrivning:<\/h3>\n<p>Introducing our Blank Large Clothes for Dogs, the ideal pet apparel designed for comfort and versatility.<\/p>\n<p>Perfect for customization or everyday wear, these dog clothes are made with high-quality materials to ensure durability and comfort. Available for wholesale directly from our factory, they offer superior quality and competitive pricing.<\/p>\n<table style=\"height: 269px;\" width=\"287\">\n<tbody>\n<tr>\n<td width=\"137\"><span style=\"color: #333333;\">Produktens namn<\/span><\/td>\n<td width=\"151\"><span style=\"color: #333333;\">Kl\u00e4der f\u00f6r s\u00e4llskapsdjur<\/span><\/td>\n<\/tr>\n<tr>\n<td><span style=\"color: #333333;\">Artikel nr.<\/span><\/td>\n<td><span style=\"color: #333333;\">P-C2203<\/span><\/td>\n<\/tr>\n<tr>\n<td><span style=\"color: #333333;\">Material<\/span><\/td>\n<td>Bomull, polyester, fleece<\/td>\n<\/tr>\n<tr>\n<td><span style=\"color: #333333;\">\u00a0Storlek och f\u00e4rg<\/span><\/td>\n<td><span style=\"color: #333333;\">Anpassad<\/span><\/td>\n<\/tr>\n<tr>\n<td><span style=\"color: #333333;\">\u00a0Leveranstid<\/span><\/td>\n<td><span style=\"color: #333333;\">1- 5 dagar f\u00f6r sm\u00e5 kvantiteter med flyg och 30- 35 dagar f\u00f6r stora kvantiteter med b\u00e5t<\/span><\/td>\n<\/tr>\n<\/tbody>\n<\/table>\n<h4>Viktiga egenskaper:<\/h4>\n<ul>\n<li><strong>H\u00f6gkvalitativt tyg<\/strong>: Tillverkad av mjuka, slitstarka material som ger komfort och l\u00e5ng livsl\u00e4ngd.<\/li>\n<li><strong>Perfekt f\u00f6r kundanpassning<\/strong>: Blank design som \u00e4r idealisk f\u00f6r personalisering, vilket m\u00f6jligg\u00f6r logotyper, m\u00f6nster eller varum\u00e4rkesprofilering.<\/li>\n<li><strong>Bekv\u00e4m passform<\/strong>: Utformad f\u00f6r att passa stora hundar bekv\u00e4mt, med l\u00e4ttanv\u00e4nda funktioner.<\/li>\n<li><strong>M\u00e5ngsidig anv\u00e4ndning<\/strong>: L\u00e4mplig f\u00f6r vardagsbruk, speciella tillf\u00e4llen eller kampanjer.<\/li>\n<li><strong>L\u00e4tt att reng\u00f6ra<\/strong>: Maskintv\u00e4ttbar och l\u00e4tt att underh\u00e5lla, vilket g\u00f6r det bekv\u00e4mt f\u00f6r djur\u00e4gare.<\/li>\n<li><strong>Snyggt och praktiskt<\/strong>: Kombinerar funktionalitet med en elegant design.<\/li>\n<li><strong>Tillg\u00e4nglighet f\u00f6r partihandel<\/strong>: Direkt fr\u00e5n fabriken, vilket ger j\u00e4mn kvalitet och kostnadseffektiva priser f\u00f6r bulkbest\u00e4llningar.<\/li>\n<\/ul>\n<h3>Idealisk f\u00f6r:<\/h3>\n<ul>\n<li>Pet owners are looking for high-quality, blank apparel for their large dogs.<\/li>\n<li>\u00c5terf\u00f6rs\u00e4ljare och grossister som s\u00f6ker premium hundkl\u00e4der till fabriksdirekta priser.<\/li>\n<li>F\u00f6retag som vill erbjuda anpassningsbara djurkl\u00e4der f\u00f6r varum\u00e4rkes- eller marknadsf\u00f6rings\u00e4ndam\u00e5l.<\/li>\n<\/ul>\n<p>Equip your pet apparel collection with our versatile Blank Large Clothes for Dogs.<\/p>\n<p>Kontakta oss idag f\u00f6r <span style=\"color: #ff0000;\"><a style=\"color: #ff0000;\" href=\"https:\/\/pecpets.com\/se\/produktkategori\/pet-clothing\/\" target=\"_blank\" rel=\"noopener\">F\u00f6rfr\u00e5gningar fr\u00e5n grossister<\/a><\/span> och direktpriss\u00e4ttning fr\u00e5n fabrik.<\/p>","protected":false},"excerpt":{"rendered":"<h2><strong><b>Partihandel Blanka stora kl\u00e4der f\u00f6r hundar<\/b><\/strong><\/h2>\n<p>Uppt\u00e4ck Blank Large Clothes For Dogs.<\/p>\n<p>H\u00e5ll dina husdjur snygga med v\u00e5r h\u00f6gkvalitativa design.<\/p>\n<h3><\/h3>","protected":false},"featured_media":8467,"template":"","meta":{"_seopress_robots_primary_cat":"none","_seopress_titles_title":"Pet Clothes: Blank Large Clothes For Dogs - Manufacturers","_seopress_titles_desc":"Explore our Blank Large Clothes For Dogs, including pet halloween Costumes. Shop wholesale pet clothes from the factory for unbeatable prices and quality","_seopress_robots_index":"","_seopress_analysis_target_kw":"Pet Transformer Cos Costumes,Blank Large Clothes For Dogs","_uag_custom_page_level_css":""},"product_brand":[],"product_cat":[364,23,389],"product_tag":[],"class_list":{"0":"post-8461","1":"product","2":"type-product","3":"status-publish","4":"has-post-thumbnail","6":"product_cat-basic-dog-clothing","7":"product_cat-pet-clothing","8":"product_cat-pet-hoodies","10":"first","11":"instock","12":"shipping-taxable","13":"product-type-simple"},"uagb_featured_image_src":{"full":["https:\/\/pecpets.com\/wp-content\/uploads\/2024\/07\/Blank-Large-Clothes-For-Dogs6.jpeg",1000,1000,false],"thumbnail":["https:\/\/pecpets.com\/wp-content\/uploads\/2024\/07\/Blank-Large-Clothes-For-Dogs6-150x150.jpeg",150,150,true],"medium":["https:\/\/pecpets.com\/wp-content\/uploads\/2024\/07\/Blank-Large-Clothes-For-Dogs6-300x300.jpeg",300,300,true],"medium_large":["https:\/\/pecpets.com\/wp-content\/uploads\/2024\/07\/Blank-Large-Clothes-For-Dogs6-768x768.jpeg",768,768,true],"large":["https:\/\/pecpets.com\/wp-content\/uploads\/2024\/07\/Blank-Large-Clothes-For-Dogs6.jpeg",800,800,false],"1536x1536":["https:\/\/pecpets.com\/wp-content\/uploads\/2024\/07\/Blank-Large-Clothes-For-Dogs6.jpeg",1000,1000,false],"2048x2048":["https:\/\/pecpets.com\/wp-content\/uploads\/2024\/07\/Blank-Large-Clothes-For-Dogs6.jpeg",1000,1000,false],"trp-custom-language-flag":["https:\/\/pecpets.com\/wp-content\/uploads\/2024\/07\/Blank-Large-Clothes-For-Dogs6-12x12.jpeg",12,12,true],"woocommerce_thumbnail":["https:\/\/pecpets.com\/wp-content\/uploads\/2024\/07\/Blank-Large-Clothes-For-Dogs6-300x300.jpeg",300,300,true],"woocommerce_single":["https:\/\/pecpets.com\/wp-content\/uploads\/2024\/07\/Blank-Large-Clothes-For-Dogs6-600x600.jpeg",600,600,true],"woocommerce_gallery_thumbnail":["https:\/\/pecpets.com\/wp-content\/uploads\/2024\/07\/Blank-Large-Clothes-For-Dogs6-100x100.jpeg",100,100,true]},"uagb_author_info":{"display_name":"Lawrence\u00a0\u52b3\u4f26\u65af","author_link":"https:\/\/pecpets.com\/se\/author\/"},"uagb_comment_info":0,"uagb_excerpt":"Wholesale Blank Large Clothes For Dogs Discover Blank Large Clothes For Dogs. Keep your pets stylish with our high-quality designs.","_links":{"self":[{"href":"https:\/\/pecpets.com\/se\/wp-json\/wp\/v2\/product\/8461","targetHints":{"allow":["GET"]}}],"collection":[{"href":"https:\/\/pecpets.com\/se\/wp-json\/wp\/v2\/product"}],"about":[{"href":"https:\/\/pecpets.com\/se\/wp-json\/wp\/v2\/types\/product"}],"wp:featuredmedia":[{"embeddable":true,"href":"https:\/\/pecpets.com\/se\/wp-json\/wp\/v2\/media\/8467"}],"wp:attachment":[{"href":"https:\/\/pecpets.com\/se\/wp-json\/wp\/v2\/media?parent=8461"}],"wp:term":[{"taxonomy":"product_brand","embeddable":true,"href":"https:\/\/pecpets.com\/se\/wp-json\/wp\/v2\/product_brand?post=8461"},{"taxonomy":"product_cat","embeddable":true,"href":"https:\/\/pecpets.com\/se\/wp-json\/wp\/v2\/product_cat?post=8461"},{"taxonomy":"product_tag","embeddable":true,"href":"https:\/\/pecpets.com\/se\/wp-json\/wp\/v2\/product_tag?post=8461"}],"curies":[{"name":"wp","href":"https:\/\/api.w.org\/{rel}","templated":true}]}}