{"id":8494,"date":"2024-07-11T16:44:18","date_gmt":"2024-07-11T08:44:18","guid":{"rendered":"https:\/\/pecpets.com\/?post_type=product&#038;p=8494"},"modified":"2025-08-20T17:22:58","modified_gmt":"2025-08-20T09:22:58","slug":"custom-logo-cotton-small-dog-hoodies","status":"publish","type":"product","link":"https:\/\/pecpets.com\/se\/product\/custom-logo-cotton-small-dog-hoodies\/","title":{"rendered":"Luvtr\u00f6jor f\u00f6r sm\u00e5 hundar i bomull med egen logotyp"},"content":{"rendered":"<h2 data-immersive-translate-walked=\"f36f68ab-127d-4e10-955b-f6ada5d45339\">Bomullsluvor med anpassad logotyp f\u00f6r sm\u00e5 hundar - h\u00f6gkvalitativa husdjurskl\u00e4der och hundkl\u00e4der grossist fr\u00e5n fabrik<\/h2>\n<h3>Beskrivning:<\/h3>\n<p>Discover our Custom Logo Cotton Small Dog Hoodies, the perfect pet apparel for providing comfort and promoting your brand.<\/p>\n<p>These high-quality dog clothes are made from soft, breathable cotton, ensuring your pet stays cozy while looking stylish.<\/p>\n<p>Available for wholesale directly from our factory, they offer superior quality and competitive pricing, making them ideal for businesses looking to add custom branding to their pet products.<\/p>\n<table style=\"height: 269px;\" width=\"287\">\n<tbody>\n<tr>\n<td width=\"137\"><span style=\"color: #333333;\">Produktens namn<\/span><\/td>\n<td width=\"151\"><span style=\"color: #333333;\">Kl\u00e4der f\u00f6r s\u00e4llskapsdjur<\/span><\/td>\n<\/tr>\n<tr>\n<td><span style=\"color: #333333;\">Artikel nr.<\/span><\/td>\n<td><span style=\"color: #333333;\">P-C2206<\/span><\/td>\n<\/tr>\n<tr>\n<td><span style=\"color: #333333;\">Material<\/span><\/td>\n<td>Bomull, polyester, fleece<\/td>\n<\/tr>\n<tr>\n<td><span style=\"color: #333333;\">\u00a0Storlek och f\u00e4rg<\/span><\/td>\n<td><span style=\"color: #333333;\">Anpassad<\/span><\/td>\n<\/tr>\n<tr>\n<td><span style=\"color: #333333;\">\u00a0Leveranstid<\/span><\/td>\n<td><span style=\"color: #333333;\">1- 5 dagar f\u00f6r sm\u00e5 kvantiteter med flyg och 30- 35 dagar f\u00f6r stora kvantiteter med b\u00e5t<\/span><\/td>\n<\/tr>\n<\/tbody>\n<\/table>\n<h4>Viktiga egenskaper:<\/h4>\n<ul>\n<li><strong>H\u00f6gkvalitativ bomull<\/strong>: Tillverkad av mjukt bomullstyg i premiumkvalitet som ger komfort och andningsf\u00f6rm\u00e5ga.<\/li>\n<li><strong>Anpassningsbar<\/strong>: Perfekt f\u00f6r att l\u00e4gga till din egen logotyp, vilket g\u00f6r det till en bra reklamartikel f\u00f6r ditt varum\u00e4rke.<\/li>\n<li><strong>Bekv\u00e4m passform<\/strong>: Utformad speciellt f\u00f6r sm\u00e5 hundar, vilket ger en \u00e5tsittande och bekv\u00e4m passform.<\/li>\n<li><strong>Slitstark och l\u00e5nglivad<\/strong>: H\u00f6gkvalitativ konstruktion garanterar h\u00e5llbarhet och l\u00e5ngvarig anv\u00e4ndning.<\/li>\n<li><strong>L\u00e4tt att reng\u00f6ra<\/strong>: Maskintv\u00e4ttbar och l\u00e4tt att underh\u00e5lla, vilket underl\u00e4ttar f\u00f6r djur\u00e4gare.<\/li>\n<li><strong>Snyggt och praktiskt<\/strong>: Kombinerar funktionalitet med en elegant design, vilket g\u00f6r den till ett framtr\u00e4dande inslag i varje husdjurs garderob.<\/li>\n<li><strong>Tillg\u00e4nglighet f\u00f6r partihandel<\/strong>: Direkt fr\u00e5n fabriken, vilket garanterar j\u00e4mn kvalitet och kostnadseffektiva priser f\u00f6r bulkbest\u00e4llningar.<\/li>\n<\/ul>\n<h3>Idealisk f\u00f6r:<\/h3>\n<ul>\n<li>Pet owners are looking for high-quality, customizable hoodies for their small dogs.<\/li>\n<li>\u00c5terf\u00f6rs\u00e4ljare och grossister som s\u00f6ker premium hundkl\u00e4der till fabriksdirekta priser.<\/li>\n<li>F\u00f6retag som vill erbjuda m\u00e4rkeskl\u00e4der f\u00f6r s\u00e4llskapsdjur f\u00f6r reklam\u00e4ndam\u00e5l eller detaljhandel.<\/li>\n<\/ul>\n<p>Enhance your product line with our Custom Logo Cotton Small Dog Hoodies.<\/p>\n<p>Kontakta oss idag f\u00f6r <span style=\"color: #ff0000;\"><a style=\"color: #ff0000;\" href=\"https:\/\/pecpets.com\/se\/produktkategori\/pet-clothing\/\" target=\"_blank\" rel=\"noopener\">F\u00f6rfr\u00e5gningar fr\u00e5n grossister<\/a><\/span> och direktpriss\u00e4ttning fr\u00e5n fabrik.<\/p>","protected":false},"excerpt":{"rendered":"<h2><strong><b>Luvtr\u00f6jor f\u00f6r sm\u00e5 hundar i bomull med anpassad logotyp<\/b><\/strong><\/h2>\n<p>Uppt\u00e4ck sm\u00e5 hundhoodies i bomull med egen logotyp.<\/p>\n<p>H\u00e5ll dina husdjur snygga med v\u00e5r h\u00f6gkvalitativa design.<\/p>","protected":false},"featured_media":8500,"template":"","meta":{"_seopress_robots_primary_cat":"none","_seopress_titles_title":"Custom Logo Cotton Small Dog Hoodies - Manufacturer","_seopress_titles_desc":"Explore Custom Logo Cotton Small Dog Hoodies, including pet halloween Costumes. Shop wholesale pet clothes from the factory for unbeatable prices and quality","_seopress_robots_index":"","_seopress_analysis_target_kw":"Custom Logo Cotton Small Dog Hoodies","_uag_custom_page_level_css":""},"product_brand":[],"product_cat":[364,23,389],"product_tag":[],"class_list":{"0":"post-8494","1":"product","2":"type-product","3":"status-publish","4":"has-post-thumbnail","6":"product_cat-basic-dog-clothing","7":"product_cat-pet-clothing","8":"product_cat-pet-hoodies","10":"first","11":"instock","12":"shipping-taxable","13":"product-type-simple"},"uagb_featured_image_src":{"full":["https:\/\/pecpets.com\/wp-content\/uploads\/2024\/07\/Custom-Logo-Cotton-Small-Dog-Hoodies6.jpeg",800,800,false],"thumbnail":["https:\/\/pecpets.com\/wp-content\/uploads\/2024\/07\/Custom-Logo-Cotton-Small-Dog-Hoodies6-150x150.jpeg",150,150,true],"medium":["https:\/\/pecpets.com\/wp-content\/uploads\/2024\/07\/Custom-Logo-Cotton-Small-Dog-Hoodies6-300x300.jpeg",300,300,true],"medium_large":["https:\/\/pecpets.com\/wp-content\/uploads\/2024\/07\/Custom-Logo-Cotton-Small-Dog-Hoodies6-768x768.jpeg",768,768,true],"large":["https:\/\/pecpets.com\/wp-content\/uploads\/2024\/07\/Custom-Logo-Cotton-Small-Dog-Hoodies6.jpeg",800,800,false],"1536x1536":["https:\/\/pecpets.com\/wp-content\/uploads\/2024\/07\/Custom-Logo-Cotton-Small-Dog-Hoodies6.jpeg",800,800,false],"2048x2048":["https:\/\/pecpets.com\/wp-content\/uploads\/2024\/07\/Custom-Logo-Cotton-Small-Dog-Hoodies6.jpeg",800,800,false],"trp-custom-language-flag":["https:\/\/pecpets.com\/wp-content\/uploads\/2024\/07\/Custom-Logo-Cotton-Small-Dog-Hoodies6-12x12.jpeg",12,12,true],"woocommerce_thumbnail":["https:\/\/pecpets.com\/wp-content\/uploads\/2024\/07\/Custom-Logo-Cotton-Small-Dog-Hoodies6-300x300.jpeg",300,300,true],"woocommerce_single":["https:\/\/pecpets.com\/wp-content\/uploads\/2024\/07\/Custom-Logo-Cotton-Small-Dog-Hoodies6-600x600.jpeg",600,600,true],"woocommerce_gallery_thumbnail":["https:\/\/pecpets.com\/wp-content\/uploads\/2024\/07\/Custom-Logo-Cotton-Small-Dog-Hoodies6-100x100.jpeg",100,100,true]},"uagb_author_info":{"display_name":"Lawrence\u00a0\u52b3\u4f26\u65af","author_link":"https:\/\/pecpets.com\/se\/author\/"},"uagb_comment_info":0,"uagb_excerpt":"Wholesale Custom Logo Cotton Small Dog Hoodies Discover Custom Logo Cotton Small Dog Hoodies. Keep your pets stylish with our high-quality designs.","_links":{"self":[{"href":"https:\/\/pecpets.com\/se\/wp-json\/wp\/v2\/product\/8494","targetHints":{"allow":["GET"]}}],"collection":[{"href":"https:\/\/pecpets.com\/se\/wp-json\/wp\/v2\/product"}],"about":[{"href":"https:\/\/pecpets.com\/se\/wp-json\/wp\/v2\/types\/product"}],"wp:featuredmedia":[{"embeddable":true,"href":"https:\/\/pecpets.com\/se\/wp-json\/wp\/v2\/media\/8500"}],"wp:attachment":[{"href":"https:\/\/pecpets.com\/se\/wp-json\/wp\/v2\/media?parent=8494"}],"wp:term":[{"taxonomy":"product_brand","embeddable":true,"href":"https:\/\/pecpets.com\/se\/wp-json\/wp\/v2\/product_brand?post=8494"},{"taxonomy":"product_cat","embeddable":true,"href":"https:\/\/pecpets.com\/se\/wp-json\/wp\/v2\/product_cat?post=8494"},{"taxonomy":"product_tag","embeddable":true,"href":"https:\/\/pecpets.com\/se\/wp-json\/wp\/v2\/product_tag?post=8494"}],"curies":[{"name":"wp","href":"https:\/\/api.w.org\/{rel}","templated":true}]}}