{"id":8538,"date":"2024-07-11T17:28:19","date_gmt":"2024-07-11T09:28:19","guid":{"rendered":"https:\/\/pecpets.com\/?post_type=product&#038;p=8538"},"modified":"2024-07-11T17:39:43","modified_gmt":"2024-07-11T09:39:43","slug":"halloween-pumpkin-dog-costume-pet-clothes","status":"publish","type":"product","link":"https:\/\/pecpets.com\/se\/product\/halloween-pumpkin-dog-costume-pet-clothes\/","title":{"rendered":"Halloween Pumpa Hunddr\u00e4kt Husdjurskl\u00e4der"},"content":{"rendered":"<h2 data-immersive-translate-walked=\"f36f68ab-127d-4e10-955b-f6ada5d45339\">Halloween Pumpa hunddr\u00e4kt husdjurskl\u00e4der - h\u00f6gkvalitativa husdjurskl\u00e4der och hundkl\u00e4der grossist fr\u00e5n fabrik<\/h2>\n<h3>Beskrivning:<\/h3>\n<p>Fira den kusliga s\u00e4songen med stil med v\u00e5ra Halloween Pumpkin hunddr\u00e4kt husdjurskl\u00e4der. Dessa h\u00f6gkvalitativa kl\u00e4der f\u00f6r husdjur \u00e4r utformade f\u00f6r att ge b\u00e5de komfort och en festlig look f\u00f6r dina h\u00e5riga v\u00e4nner. Perfekt f\u00f6r Halloween-fester och trick-or-treating, dessa dr\u00e4kter \u00e4r ett bra komplement till alla husdjursgarderober. De \u00e4r tillg\u00e4ngliga f\u00f6r grossist direkt fr\u00e5n v\u00e5r fabrik och garanterar f\u00f6rstklassig kvalitet och konkurrenskraftiga priser, perfekt f\u00f6r f\u00f6retag som vill ut\u00f6ka sina s\u00e4songsbetonade erbjudanden.<\/p>\n<h4>Viktiga egenskaper:<\/h4>\n<ul>\n<li><strong>Festlig design<\/strong>: Bed\u00e5rande dr\u00e4kt med pumpatema som passar perfekt f\u00f6r Halloween-firandet.<\/li>\n<li><strong>H\u00f6gkvalitativt tyg<\/strong>: Tillverkad av slitstarka, bekv\u00e4ma material som h\u00e5ller husdjuren lugna.<\/li>\n<li><strong>Bekv\u00e4m passform<\/strong>: Utformad f\u00f6r att passa hundar i olika storlekar, s\u00e5 att de kan r\u00f6ra sig l\u00e4tt.<\/li>\n<li><strong>Slitstark konstruktion<\/strong>: H\u00f6gkvalitativt hantverk garanterar l\u00e5ngvarig anv\u00e4ndning.<\/li>\n<li><strong>L\u00e4tt att reng\u00f6ra<\/strong>: Maskintv\u00e4ttbar och l\u00e4tt att underh\u00e5lla, vilket underl\u00e4ttar f\u00f6r djur\u00e4gare.<\/li>\n<li><strong>Snyggt och praktiskt<\/strong>: Kombinerar en festlig look med komfort, vilket g\u00f6r den till ett m\u00e5ste f\u00f6r alla Halloween-evenemang.<\/li>\n<li><strong>Tillg\u00e4nglighet f\u00f6r partihandel<\/strong>: Direkt fr\u00e5n fabriken, vilket garanterar j\u00e4mn kvalitet och kostnadseffektiva priser f\u00f6r bulkbest\u00e4llningar.<\/li>\n<\/ul>\n<h3>Idealisk f\u00f6r:<\/h3>\n<ul>\n<li>Djur\u00e4gare som letar efter festliga Halloween-kostymer av h\u00f6g kvalitet till sina hundar.<\/li>\n<li>\u00c5terf\u00f6rs\u00e4ljare och grossister som s\u00f6ker premiumdjurskl\u00e4der till fabriksdirekta priser.<\/li>\n<li>F\u00f6retag som str\u00e4var efter att erbjuda unika och s\u00e4songsbetonade hundkl\u00e4der till sina kunder.<\/li>\n<\/ul>\n<p>G\u00f6r denna Halloween of\u00f6rgl\u00f6mlig med v\u00e5r Halloween Pumpa Hunddr\u00e4kt Husdjurskl\u00e4der. Kontakta oss idag f\u00f6r grossistf\u00f6rfr\u00e5gningar och fabriksdirekt priss\u00e4ttning.<\/p>","protected":false},"excerpt":{"rendered":"<h3>Halloween Pumpa Hunddr\u00e4kt Husdjurskl\u00e4der<\/h3>\n<table style=\"border-collapse: collapse; background-color: #ffffff; width: 721px; height: 192px;\" border=\"1\">\n<tbody>\n<tr>\n<td style=\"font-family: Verdana, Arial, Helvetica, sans-serif; font-size: 12px; color: #000000; margin: 8px; width: 187px; text-align: center;\"><span style=\"line-height: 21px; font-size: 14px;\">Produkter Namn<\/span><\/td>\n<td style=\"font-family: Verdana, Arial, Helvetica, sans-serif; font-size: 12px; color: #000000; margin: 8px; width: 526px; text-align: center;\">Kl\u00e4der f\u00f6r s\u00e4llskapsdjur<\/td>\n<\/tr>\n<tr>\n<td style=\"font-family: Verdana, Arial, Helvetica, sans-serif; font-size: 12px; color: #000000; margin: 8px; width: 187px; text-align: center;\"><span style=\"line-height: 21px; font-size: 14px;\">Artikel nr.<\/span><\/td>\n<td style=\"font-family: Verdana, Arial, Helvetica, sans-serif; font-size: 12px; color: #000000; margin: 8px; width: 526px; text-align: center;\"><span style=\"line-height: 21px; font-size: 14px;\">Y2129<\/span><\/td>\n<\/tr>\n<tr>\n<td style=\"font-family: Verdana, Arial, Helvetica, sans-serif; font-size: 12px; color: #000000; margin: 8px; width: 187px; text-align: center;\"><span style=\"line-height: 21px; color: #333333; font-family: Arial, Helvetica; font-size: 14px; font-style: normal; font-weight: 400; background-color: #ffffff; float: none; display: inline !important;\">Material<\/span><\/td>\n<td style=\"font-family: Verdana, Arial, Helvetica, sans-serif; font-size: 12px; color: #000000; margin: 8px; width: 526px; text-align: center;\"><span style=\"font-size: 14px;\">Polyester<\/span><\/td>\n<\/tr>\n<tr>\n<td style=\"font-family: Verdana, Arial, Helvetica, sans-serif; font-size: 12px; color: #000000; margin: 8px; width: 187px; text-align: center;\"><span style=\"line-height: 21px; font-size: 14px;\">\u00a0Storlek<\/span><\/td>\n<td style=\"font-family: Verdana, Arial, Helvetica, sans-serif; font-size: 12px; color: #000000; margin: 8px; width: 526px; text-align: center;\"><span style=\"font-size: 14px;\">Anpassad storlek<\/span><\/td>\n<\/tr>\n<tr>\n<td style=\"font-family: Verdana, Arial, Helvetica, sans-serif; font-size: 12px; color: #000000; margin: 8px; width: 187px; text-align: center;\"><span style=\"line-height: 21px; font-size: 14px;\">\u00a0F\u00e4rg<\/span><\/td>\n<td style=\"font-family: Verdana, Arial, Helvetica, sans-serif; font-size: 12px; color: #000000; margin: 8px; width: 526px; text-align: center;\"><span style=\"line-height: 21px; font-size: 14px;\">Anpassad f\u00e4rg\u00a0<\/span><\/td>\n<\/tr>\n<tr>\n<td style=\"font-family: Verdana, Arial, Helvetica, sans-serif; font-size: 12px; color: #000000; margin: 8px; width: 187px; text-align: center;\"><span style=\"line-height: 21px; font-size: 14px;\">\u00a0<span style=\"line-height: 21px; color: #333333; font-family: Arial, Helvetica; font-size: 14px; font-style: normal; font-weight: 400; background-color: #ffffff; float: none; display: inline !important;\">Typ av husdjur<\/span><\/span><\/td>\n<td style=\"font-family: Verdana, Arial, Helvetica, sans-serif; font-size: 12px; color: #000000; margin: 8px; width: 526px; text-align: center;\"><span style=\"line-height: 21px; font-size: 14px;\">\u00a0Alla hundar<\/span><\/td>\n<\/tr>\n<tr>\n<td style=\"font-family: Verdana, Arial, Helvetica, sans-serif; font-size: 12px; color: #000000; margin: 8px; width: 187px; text-align: center;\"><span style=\"line-height: 21px; font-size: 14px;\">\u00a0<span style=\"line-height: 21px; color: #333333; font-family: Arial, Helvetica; font-size: 14px; font-style: normal; font-weight: 400; background-color: #ffffff; float: none; display: inline !important;\">Leveranstid<\/span><\/span><\/td>\n<td style=\"font-family: Verdana, Arial, Helvetica, sans-serif; font-size: 12px; color: #000000; margin: 8px; width: 526px; text-align: center;\"><span style=\"line-height: 21px; font-size: 14px;\"><span style=\"line-height: 21px; color: #000000; font-family: Verdana, Arial, Helvetica, sans-serif; font-size: 14px; font-style: normal; font-weight: 400; background-color: #ffffff; float: none; display: inline !important;\">1-5 dagar f\u00f6r liten m\u00e4ngd med flyg och 30-35 dagar f\u00f6r stor m\u00e4ngd till sj\u00f6ss<\/span>\u00a0<\/span><\/td>\n<\/tr>\n<tr>\n<td style=\"font-family: Verdana, Arial, Helvetica, sans-serif; font-size: 12px; color: #000000; margin: 8px; width: 187px; text-align: center;\"><span style=\"line-height: 21px; font-size: 14px;\">\u00a0<span style=\"line-height: 21px; color: #333333; font-family: Arial, Helvetica; font-size: 14px; font-style: normal; font-weight: 400; background-color: #ffffff; float: none; display: inline !important;\">Hamn f\u00f6r avs\u00e4ndning<\/span><\/span><\/td>\n<td style=\"font-family: Verdana, Arial, Helvetica, sans-serif; font-size: 12px; color: #000000; margin: 8px; width: 526px; text-align: center;\"><span style=\"line-height: 21px; font-size: 14px;\">Xiamen\u00a0<\/span><\/td>\n<\/tr>\n<tr>\n<td style=\"font-family: Verdana, Arial, Helvetica, sans-serif; font-size: 12px; color: #000000; margin: 8px; width: 187px; text-align: center;\"><span style=\"line-height: 21px; font-size: 14px;\">\u00a0<span style=\"line-height: 21px; color: #333333; font-family: Arial, Helvetica; font-size: 14px; font-style: normal; font-weight: 400; background-color: #ffffff; float: none; display: inline !important;\">OEM\/ODM<\/span><\/span><\/td>\n<td style=\"font-family: Verdana, Arial, Helvetica, sans-serif; font-size: 12px; color: #000000; margin: 8px; width: 526px; text-align: center;\"><span style=\"line-height: 21px; font-size: 14px;\">\u00a0<span style=\"line-height: 21px; color: #333333; font-family: Arial, Helvetica; font-size: 14px; font-style: normal; font-weight: 400; background-color: #ffffff; float: none; display: inline !important;\">Tillg\u00e4nglig<\/span><\/span><\/td>\n<\/tr>\n<tr>\n<td style=\"font-family: Verdana, Arial, Helvetica, sans-serif; font-size: 12px; color: #000000; margin: 8px; width: 187px; text-align: center;\"><span style=\"line-height: 21px; font-size: 14px;\">\u00a0<span style=\"line-height: 21px; color: #333333; font-family: Arial, Helvetica; font-size: 14px; font-style: normal; font-weight: 400; background-color: #ffffff; float: none; display: inline !important;\">Paket<\/span><\/span><\/td>\n<td style=\"font-family: Verdana, Arial, Helvetica, sans-serif; font-size: 12px; color: #000000; margin: 8px; width: 526px; text-align: center;\"><span style=\"line-height: 21px; font-size: 14px;\"><span style=\"line-height: 21px; color: #333333; font-family: Arial, Helvetica; font-size: 14px; font-style: normal; font-weight: 400; background-color: #ffffff; float: none; display: inline !important;\">Var och en f\u00f6rpackad i en PPB och sedan i kartong eller efter behov<\/span><\/span><\/td>\n<\/tr>\n<\/tbody>\n<\/table>","protected":false},"featured_media":8540,"template":"","meta":{"_seopress_robots_primary_cat":"none","_seopress_titles_title":"Halloween Pumpkin Dog Costume Pet Clothes - Manufacturers","_seopress_titles_desc":"Explore Halloween Pumpkin Dog Costume Pet Clothes, including pet Costumes. Shop wholesale pet clothes from the factory for unbeatable prices and quality","_seopress_robots_index":"","_uag_custom_page_level_css":""},"product_brand":[],"product_cat":[365,23,390],"product_tag":[],"class_list":{"0":"post-8538","1":"product","2":"type-product","3":"status-publish","4":"has-post-thumbnail","6":"product_cat-functional-dog-clothing","7":"product_cat-pet-clothing","8":"product_cat-pet-holiday-clothes","10":"first","11":"instock","12":"shipping-taxable","13":"product-type-simple"},"uagb_featured_image_src":{"full":["https:\/\/pecpets.com\/wp-content\/uploads\/2024\/07\/Halloween-Pumpkin-Dog-Costume-Pet-Clothes2.jpeg",726,726,false],"thumbnail":["https:\/\/pecpets.com\/wp-content\/uploads\/2024\/07\/Halloween-Pumpkin-Dog-Costume-Pet-Clothes2-150x150.jpeg",150,150,true],"medium":["https:\/\/pecpets.com\/wp-content\/uploads\/2024\/07\/Halloween-Pumpkin-Dog-Costume-Pet-Clothes2-300x300.jpeg",300,300,true],"medium_large":["https:\/\/pecpets.com\/wp-content\/uploads\/2024\/07\/Halloween-Pumpkin-Dog-Costume-Pet-Clothes2.jpeg",726,726,false],"large":["https:\/\/pecpets.com\/wp-content\/uploads\/2024\/07\/Halloween-Pumpkin-Dog-Costume-Pet-Clothes2.jpeg",726,726,false],"1536x1536":["https:\/\/pecpets.com\/wp-content\/uploads\/2024\/07\/Halloween-Pumpkin-Dog-Costume-Pet-Clothes2.jpeg",726,726,false],"2048x2048":["https:\/\/pecpets.com\/wp-content\/uploads\/2024\/07\/Halloween-Pumpkin-Dog-Costume-Pet-Clothes2.jpeg",726,726,false],"trp-custom-language-flag":["https:\/\/pecpets.com\/wp-content\/uploads\/2024\/07\/Halloween-Pumpkin-Dog-Costume-Pet-Clothes2-12x12.jpeg",12,12,true],"woocommerce_thumbnail":["https:\/\/pecpets.com\/wp-content\/uploads\/2024\/07\/Halloween-Pumpkin-Dog-Costume-Pet-Clothes2-300x300.jpeg",300,300,true],"woocommerce_single":["https:\/\/pecpets.com\/wp-content\/uploads\/2024\/07\/Halloween-Pumpkin-Dog-Costume-Pet-Clothes2-600x600.jpeg",600,600,true],"woocommerce_gallery_thumbnail":["https:\/\/pecpets.com\/wp-content\/uploads\/2024\/07\/Halloween-Pumpkin-Dog-Costume-Pet-Clothes2-100x100.jpeg",100,100,true]},"uagb_author_info":{"display_name":"Lawrence\u00a0\u52b3\u4f26\u65af","author_link":"https:\/\/pecpets.com\/se\/author\/"},"uagb_comment_info":0,"uagb_excerpt":"Halloween Pumpkin Dog Costume Pet Clothes Products Name Pet Clothes Item No. Y2129 Material Polyester \u00a0Size Custom Size \u00a0Color Custom Color\u00a0 \u00a0Pet type \u00a0All Dog \u00a0Delivery time 1-5days\u00a0for small quantity by air and 30-35days for large quantity by sea\u00a0 \u00a0Port of shipment Xiamen\u00a0 \u00a0OEM\/ODM \u00a0Available \u00a0Package Each one packed in a PPB then into Carton&hellip;","_links":{"self":[{"href":"https:\/\/pecpets.com\/se\/wp-json\/wp\/v2\/product\/8538","targetHints":{"allow":["GET"]}}],"collection":[{"href":"https:\/\/pecpets.com\/se\/wp-json\/wp\/v2\/product"}],"about":[{"href":"https:\/\/pecpets.com\/se\/wp-json\/wp\/v2\/types\/product"}],"wp:featuredmedia":[{"embeddable":true,"href":"https:\/\/pecpets.com\/se\/wp-json\/wp\/v2\/media\/8540"}],"wp:attachment":[{"href":"https:\/\/pecpets.com\/se\/wp-json\/wp\/v2\/media?parent=8538"}],"wp:term":[{"taxonomy":"product_brand","embeddable":true,"href":"https:\/\/pecpets.com\/se\/wp-json\/wp\/v2\/product_brand?post=8538"},{"taxonomy":"product_cat","embeddable":true,"href":"https:\/\/pecpets.com\/se\/wp-json\/wp\/v2\/product_cat?post=8538"},{"taxonomy":"product_tag","embeddable":true,"href":"https:\/\/pecpets.com\/se\/wp-json\/wp\/v2\/product_tag?post=8538"}],"curies":[{"name":"wp","href":"https:\/\/api.w.org\/{rel}","templated":true}]}}