{"id":8675,"date":"2024-07-12T15:51:07","date_gmt":"2024-07-12T07:51:07","guid":{"rendered":"https:\/\/pecpets.com\/?post_type=product&#038;p=8675"},"modified":"2024-10-22T18:21:31","modified_gmt":"2024-10-22T10:21:31","slug":"new-pet-cat-dog-clothes-summer","status":"publish","type":"product","link":"https:\/\/pecpets.com\/se\/product\/new-pet-cat-dog-clothes-summer\/","title":{"rendered":"Ny Husdjur Katt Hund Kl\u00e4der Sommar"},"content":{"rendered":"<h2>Nya husdjurskatt hundkl\u00e4der sommar - h\u00f6gkvalitativa husdjurskl\u00e4der och hundkl\u00e4der fr\u00e5n grossistfabriken<\/h2>\n<h3>Beskrivning:<\/h3>\n<p>Uppt\u00e4ck det senaste inom sommarmode f\u00f6r husdjur med v\u00e5r nya Pet Cat Dog Clothes Summer-kollektion. Som en p\u00e5litlig leverant\u00f6r av h\u00f6gkvalitativa kl\u00e4der f\u00f6r husdjur erbjuder vi snygga och bekv\u00e4ma hundkl\u00e4der som \u00e4r perfekta f\u00f6r de varmare m\u00e5naderna. V\u00e5ra sommarkl\u00e4der f\u00f6r husdjur \u00e4r idealiska f\u00f6r grossistk\u00f6pare och kommer direkt fr\u00e5n fabriken, vilket garanterar f\u00f6rstklassig kvalitet till oslagbara priser.<\/p>\n<table style=\"border-collapse: collapse; background-color: #ffffff; width: 333px; height: 250px;\" border=\"1\">\n<tbody>\n<tr>\n<td style=\"font-family: Verdana, Arial, Helvetica, sans-serif; font-size: 12px; color: #000000; margin: 8px; width: 187px; text-align: center;\"><span style=\"line-height: 21px; font-size: 14px;\">Produkter Namn<\/span><\/td>\n<td style=\"font-family: Verdana, Arial, Helvetica, sans-serif; font-size: 12px; color: #000000; margin: 8px; width: 526px; text-align: center;\">Skjortor f\u00f6r husdjur<\/td>\n<\/tr>\n<tr>\n<td style=\"font-family: Verdana, Arial, Helvetica, sans-serif; font-size: 12px; color: #000000; margin: 8px; width: 187px; text-align: center;\"><span style=\"line-height: 21px; font-size: 14px;\">Artikel nr.<\/span><\/td>\n<td style=\"font-family: Verdana, Arial, Helvetica, sans-serif; font-size: 12px; color: #000000; margin: 8px; width: 526px; text-align: center;\"><span style=\"line-height: 21px; font-size: 14px;\">P-S2007<\/span><\/td>\n<\/tr>\n<tr>\n<td style=\"font-family: Verdana, Arial, Helvetica, sans-serif; font-size: 12px; color: #000000; margin: 8px; width: 187px; text-align: center;\"><span style=\"line-height: 21px; color: #333333; font-family: Arial, Helvetica; font-size: 14px; font-style: normal; font-weight: 400; background-color: #ffffff; float: none; display: inline !important;\">Material<\/span><\/td>\n<td style=\"font-family: Verdana, Arial, Helvetica, sans-serif; font-size: 12px; color: #000000; margin: 8px; width: 526px; text-align: center;\">Bomull, Polyester<\/td>\n<\/tr>\n<tr>\n<td style=\"font-family: Verdana, Arial, Helvetica, sans-serif; font-size: 12px; color: #000000; margin: 8px; width: 187px; text-align: center;\"><span style=\"line-height: 21px; font-size: 14px;\">\u00a0Storlek<\/span><\/td>\n<td style=\"font-family: Verdana, Arial, Helvetica, sans-serif; font-size: 12px; color: #000000; margin: 8px; width: 526px; text-align: center;\"><span style=\"font-size: 14px;\">Anpassad storlek<\/span><\/td>\n<\/tr>\n<tr>\n<td style=\"font-family: Verdana, Arial, Helvetica, sans-serif; font-size: 12px; color: #000000; margin: 8px; width: 187px; text-align: center;\"><span style=\"line-height: 21px; font-size: 14px;\">\u00a0F\u00e4rg<\/span><\/td>\n<td style=\"font-family: Verdana, Arial, Helvetica, sans-serif; font-size: 12px; color: #000000; margin: 8px; width: 526px; text-align: center;\"><span style=\"line-height: 21px; font-size: 14px;\">Anpassad f\u00e4rg\u00a0<\/span><\/td>\n<\/tr>\n<tr>\n<td style=\"font-family: Verdana, Arial, Helvetica, sans-serif; font-size: 12px; color: #000000; margin: 8px; width: 187px; text-align: center;\"><span style=\"line-height: 21px; font-size: 14px;\">\u00a0<span style=\"line-height: 21px; color: #333333; font-family: Arial, Helvetica; font-size: 14px; font-style: normal; font-weight: 400; background-color: #ffffff; float: none; display: inline !important;\">Typ av husdjur<\/span><\/span><\/td>\n<td style=\"font-family: Verdana, Arial, Helvetica, sans-serif; font-size: 12px; color: #000000; margin: 8px; width: 526px; text-align: center;\"><span style=\"line-height: 21px; font-size: 14px;\">\u00a0Alla hundar<\/span><\/td>\n<\/tr>\n<tr>\n<td style=\"font-family: Verdana, Arial, Helvetica, sans-serif; font-size: 12px; color: #000000; margin: 8px; width: 187px; text-align: center;\"><span style=\"line-height: 21px; font-size: 14px;\">\u00a0<span style=\"line-height: 21px; color: #333333; font-family: Arial, Helvetica; font-size: 14px; font-style: normal; font-weight: 400; background-color: #ffffff; float: none; display: inline !important;\">Leveranstid<\/span><\/span><\/td>\n<td style=\"font-family: Verdana, Arial, Helvetica, sans-serif; font-size: 12px; color: #000000; margin: 8px; width: 526px; text-align: center;\"><span style=\"line-height: 21px; font-size: 14px;\"><span style=\"line-height: 21px; color: #000000; font-family: Verdana, Arial, Helvetica, sans-serif; font-size: 14px; font-style: normal; font-weight: 400; background-color: #ffffff; float: none; display: inline !important;\">1-5 dagar f\u00f6r liten m\u00e4ngd med flyg och 30-35 dagar f\u00f6r stor m\u00e4ngd till sj\u00f6ss<\/span>\u00a0<\/span><\/td>\n<\/tr>\n<tr>\n<td style=\"font-family: Verdana, Arial, Helvetica, sans-serif; font-size: 12px; color: #000000; margin: 8px; width: 187px; text-align: center;\"><span style=\"line-height: 21px; font-size: 14px;\">\u00a0<span style=\"line-height: 21px; color: #333333; font-family: Arial, Helvetica; font-size: 14px; font-style: normal; font-weight: 400; background-color: #ffffff; float: none; display: inline !important;\">Hamn f\u00f6r avs\u00e4ndning<\/span><\/span><\/td>\n<td style=\"font-family: Verdana, Arial, Helvetica, sans-serif; font-size: 12px; color: #000000; margin: 8px; width: 526px; text-align: center;\"><span style=\"line-height: 21px; font-size: 14px;\">Xiamen\u00a0<\/span><\/td>\n<\/tr>\n<tr>\n<td style=\"font-family: Verdana, Arial, Helvetica, sans-serif; font-size: 12px; color: #000000; margin: 8px; width: 187px; text-align: center;\"><span style=\"line-height: 21px; font-size: 14px;\">\u00a0<span style=\"line-height: 21px; color: #333333; font-family: Arial, Helvetica; font-size: 14px; font-style: normal; font-weight: 400; background-color: #ffffff; float: none; display: inline !important;\">OEM\/ODM<\/span><\/span><\/td>\n<td style=\"font-family: Verdana, Arial, Helvetica, sans-serif; font-size: 12px; color: #000000; margin: 8px; width: 526px; text-align: center;\"><span style=\"line-height: 21px; font-size: 14px;\">\u00a0<span style=\"line-height: 21px; color: #333333; font-family: Arial, Helvetica; font-size: 14px; font-style: normal; font-weight: 400; background-color: #ffffff; float: none; display: inline !important;\">Tillg\u00e4nglig<\/span><\/span><\/td>\n<\/tr>\n<tr>\n<td style=\"font-family: Verdana, Arial, Helvetica, sans-serif; font-size: 12px; color: #000000; margin: 8px; width: 187px; text-align: center;\"><span style=\"line-height: 21px; font-size: 14px;\">\u00a0<span style=\"line-height: 21px; color: #333333; font-family: Arial, Helvetica; font-size: 14px; font-style: normal; font-weight: 400; background-color: #ffffff; float: none; display: inline !important;\">Paket<\/span><\/span><\/td>\n<td style=\"font-family: Verdana, Arial, Helvetica, sans-serif; font-size: 12px; color: #000000; margin: 8px; width: 526px; text-align: center;\"><span style=\"line-height: 21px; font-size: 14px;\"><span style=\"line-height: 21px; color: #333333; font-family: Arial, Helvetica; font-size: 14px; font-style: normal; font-weight: 400; background-color: #ffffff; float: none; display: inline !important;\">Var och en f\u00f6rpackad i en PPB och sedan i kartong eller efter behov<\/span><\/span><\/td>\n<\/tr>\n<\/tbody>\n<\/table>\n<h4>Viktiga egenskaper:<\/h4>\n<ul>\n<li><strong>H\u00f6gkvalitativt tyg<\/strong>: V\u00e5ra sommarkl\u00e4der f\u00f6r husdjur \u00e4r tillverkade av l\u00e4tta material som andas och h\u00e5ller husdjuren svala och bekv\u00e4ma \u00e4ven under de varmaste dagarna.<\/li>\n<li><strong>Trendiga m\u00f6nster<\/strong>: Med livfulla f\u00e4rger och trendiga m\u00f6nster \u00e4r v\u00e5r sommarkollektion utformad f\u00f6r att f\u00e5 husdjur att se snygga och bed\u00e5rande ut.<\/li>\n<li><strong>Bekv\u00e4m passform<\/strong>: V\u00e5ra kl\u00e4der \u00e4r designade med husdjurens komfort i \u00e5tanke och ger en \u00e5tsittande passform som g\u00f6r det enkelt att r\u00f6ra sig och leka.<\/li>\n<li><strong>Slitstark och l\u00e5nglivad<\/strong>: V\u00e5ra husdjurskl\u00e4der \u00e4r tillverkade av h\u00f6gkvalitativa material och \u00e4r byggda f\u00f6r att motst\u00e5 slitage fr\u00e5n aktiva husdjur.<\/li>\n<li><strong>L\u00e4tt att b\u00e4ra<\/strong>: Med enkla st\u00e4ngningar och justerbara remmar \u00e4r v\u00e5ra sommarkl\u00e4der l\u00e4tta att ta p\u00e5 och ta av, vilket garanterar en problemfri upplevelse f\u00f6r husdjurs\u00e4gare.<\/li>\n<li><strong>Maskintv\u00e4ttbar<\/strong>: Bekv\u00e4mt maskintv\u00e4ttbara, v\u00e5ra husdjurskl\u00e4der \u00e4r l\u00e4tta att reng\u00f6ra och underh\u00e5lla, vilket s\u00e4kerst\u00e4ller att de f\u00f6rblir fr\u00e4scha och livfulla.<\/li>\n<li><strong>Fabriksdirekt priss\u00e4ttning<\/strong>: Dra nytta av konkurrenskraftiga grossistpriser genom att k\u00f6pa direkt fr\u00e5n fabriken, vilket g\u00f6r det l\u00e4ttare att fylla p\u00e5 h\u00f6gkvalitativa husdjurskl\u00e4der.<\/li>\n<li><strong>Anpassningsbara alternativ<\/strong>: Tillg\u00e4nglig f\u00f6r anpassad design och varum\u00e4rke, perfekt f\u00f6r f\u00f6retag som vill erbjuda unika och m\u00e4rkta sommarkl\u00e4der f\u00f6r husdjur.<\/li>\n<\/ul>\n<h3>Idealisk f\u00f6r:<\/h3>\n<ul>\n<li>Djuraff\u00e4rer och online-\u00e5terf\u00f6rs\u00e4ljare som s\u00f6ker trendiga och h\u00f6gkvalitativa hundkl\u00e4der f\u00f6r sommars\u00e4songen till grossistpriser.<\/li>\n<li>F\u00f6retag som vill ut\u00f6ka sin produktlinje med snygga och bekv\u00e4ma kl\u00e4der f\u00f6r husdjur.<\/li>\n<li>Djur\u00e4gare som vill h\u00e5lla sina husdjur svala, bekv\u00e4ma och moderiktiga under sommaren.<\/li>\n<\/ul>\n<p>Uppgradera ditt sommarlager med v\u00e5r nya Pet Cat Dog Clothes Summer-kollektion. Kontakta oss idag f\u00f6r priser direkt fr\u00e5n fabrik och information om bulkbest\u00e4llningar.<\/p>","protected":false},"excerpt":{"rendered":"<h2 data-immersive-translate-walked=\"f36f68ab-127d-4e10-955b-f6ada5d45339\">Partihandel Nya husdjurskl\u00e4der f\u00f6r katt och hund Sommar<\/h2>\n<p>Utforska nya kl\u00e4der f\u00f6r husdjur katt hund sommar.<\/p>\n<p>Handla grossistdjurskl\u00e4der fr\u00e5n fabriken f\u00f6r oslagbara priser och kvalitet.<\/p>\n<h3><\/h3>","protected":false},"featured_media":8681,"template":"","meta":{"_seopress_robots_primary_cat":"none","_seopress_titles_title":"New Pet Cat Dog Clothes Summer - Top Manufacturers","_seopress_titles_desc":"Explore New Pet Cat Dog Clothes Summer, including pet Costumes. Shop wholesale pet clothes from the factory for unbeatable prices and quality","_seopress_robots_index":"","_uag_custom_page_level_css":""},"product_brand":[],"product_cat":[364,343,23],"product_tag":[],"class_list":{"0":"post-8675","1":"product","2":"type-product","3":"status-publish","4":"has-post-thumbnail","6":"product_cat-basic-dog-clothing","7":"product_cat-pet-shirts","8":"product_cat-pet-clothing","10":"first","11":"instock","12":"shipping-taxable","13":"product-type-simple"},"uagb_featured_image_src":{"full":["https:\/\/pecpets.com\/wp-content\/uploads\/2024\/07\/New-Pet-Cat-Dog-Clothes-Summer-1.jpeg",1920,1920,false],"thumbnail":["https:\/\/pecpets.com\/wp-content\/uploads\/2024\/07\/New-Pet-Cat-Dog-Clothes-Summer-1-150x150.jpeg",150,150,true],"medium":["https:\/\/pecpets.com\/wp-content\/uploads\/2024\/07\/New-Pet-Cat-Dog-Clothes-Summer-1-300x300.jpeg",300,300,true],"medium_large":["https:\/\/pecpets.com\/wp-content\/uploads\/2024\/07\/New-Pet-Cat-Dog-Clothes-Summer-1-768x768.jpeg",768,768,true],"large":["https:\/\/pecpets.com\/wp-content\/uploads\/2024\/07\/New-Pet-Cat-Dog-Clothes-Summer-1-1024x1024.jpeg",800,800,true],"1536x1536":["https:\/\/pecpets.com\/wp-content\/uploads\/2024\/07\/New-Pet-Cat-Dog-Clothes-Summer-1-1536x1536.jpeg",1536,1536,true],"2048x2048":["https:\/\/pecpets.com\/wp-content\/uploads\/2024\/07\/New-Pet-Cat-Dog-Clothes-Summer-1.jpeg",1920,1920,false],"trp-custom-language-flag":["https:\/\/pecpets.com\/wp-content\/uploads\/2024\/07\/New-Pet-Cat-Dog-Clothes-Summer-1-12x12.jpeg",12,12,true],"woocommerce_thumbnail":["https:\/\/pecpets.com\/wp-content\/uploads\/2024\/07\/New-Pet-Cat-Dog-Clothes-Summer-1-300x300.jpeg",300,300,true],"woocommerce_single":["https:\/\/pecpets.com\/wp-content\/uploads\/2024\/07\/New-Pet-Cat-Dog-Clothes-Summer-1-600x600.jpeg",600,600,true],"woocommerce_gallery_thumbnail":["https:\/\/pecpets.com\/wp-content\/uploads\/2024\/07\/New-Pet-Cat-Dog-Clothes-Summer-1-100x100.jpeg",100,100,true]},"uagb_author_info":{"display_name":"Lawrence\u00a0\u52b3\u4f26\u65af","author_link":"https:\/\/pecpets.com\/se\/author\/"},"uagb_comment_info":0,"uagb_excerpt":"Wholesale New Pet Cat Dog Clothes Summer Explore New Pet Cat Dog Clothes Summer. Shop wholesale pet clothes from the factory for unbeatable prices and quality.","_links":{"self":[{"href":"https:\/\/pecpets.com\/se\/wp-json\/wp\/v2\/product\/8675","targetHints":{"allow":["GET"]}}],"collection":[{"href":"https:\/\/pecpets.com\/se\/wp-json\/wp\/v2\/product"}],"about":[{"href":"https:\/\/pecpets.com\/se\/wp-json\/wp\/v2\/types\/product"}],"wp:featuredmedia":[{"embeddable":true,"href":"https:\/\/pecpets.com\/se\/wp-json\/wp\/v2\/media\/8681"}],"wp:attachment":[{"href":"https:\/\/pecpets.com\/se\/wp-json\/wp\/v2\/media?parent=8675"}],"wp:term":[{"taxonomy":"product_brand","embeddable":true,"href":"https:\/\/pecpets.com\/se\/wp-json\/wp\/v2\/product_brand?post=8675"},{"taxonomy":"product_cat","embeddable":true,"href":"https:\/\/pecpets.com\/se\/wp-json\/wp\/v2\/product_cat?post=8675"},{"taxonomy":"product_tag","embeddable":true,"href":"https:\/\/pecpets.com\/se\/wp-json\/wp\/v2\/product_tag?post=8675"}],"curies":[{"name":"wp","href":"https:\/\/api.w.org\/{rel}","templated":true}]}}