{"id":1185,"date":"2021-12-13T15:43:07","date_gmt":"2021-12-13T07:43:07","guid":{"rendered":"https:\/\/pecpets.com\/?post_type=product&#038;p=1185"},"modified":"2024-10-29T15:57:23","modified_gmt":"2024-10-29T07:57:23","slug":"round-beds-5","status":"publish","type":"product","link":"https:\/\/pecpets.com\/tr\/product\/round-beds-5\/","title":{"rendered":"Yuvarlak Yataklar"},"content":{"rendered":"<h2>Yuvarlak Yataklar<\/h2>\n<p>\ud83d\udc96D\u00dcNYANIN EN RAHAT, 100% DA\u011eINIKLIK YARATMAYAN MOBILYA KORUYUCUSU. GARANT\u0130L\u0130.\ud83d\udc36 \ud83d\udc31<br \/>\n\ud83d\udc8e Konforlu kal\u0131rken mobilyalar\u0131n\u0131z\u0131 korur<br \/>\n\ud83d\udc8e Evcil Hayvan Dostu Rahat Malzeme<br \/>\n\ud83d\udc8e An\u0131nda havas\u0131z kanepe<br \/>\n\ud83d\udc8e Makinede Y\u0131kanabilir \u00c7\u0131kar\u0131labilir K\u0131l\u0131f<\/p>\n<p>Boyutlar: 50 x 45 x 22 cm<\/p>\n<p>NEDEN HER K\u00d6PEK SAHI\u0307BI\u0307NI\u0307N SAKI\u0307NLE\u015eTI\u0307RI\u0307CI\u0307 BI\u0307R MOBI\u0307LYA KORUYUCUSUNA I\u0307HTI\u0307YACI VARDIR?<\/p>\n<p>\u2714\ufe0f BENZERSIZ KONFOR VE EKLEM DESTE\u011eI<br \/>\nC\u00f6mert\u00e7e doldurulmu\u015f ped, m\u00fckemmel destek ve yuvalanma ve g\u00fcvende hissetme f\u0131rsatlar\u0131 sa\u011flar. Di\u011fer ucuz k\u00f6pek yataklar\u0131n\u0131n aksine, birinci s\u0131n\u0131f desteklerimiz s\u0131k\u0131d\u0131r ve d\u00fc\u015fmez...<br \/>\nSofe K\u00fcrk g\u00fcvenlik hissi yarat\u0131r ve sinir sistemini olumlu y\u00f6nde harekete ge\u00e7irerek k\u00fcrkl\u00fc \u00e7ocuklar\u0131n\u0131z\u0131n daha h\u0131zl\u0131 sakinle\u015fmesini, daha kolay rahatlamas\u0131n\u0131 ve daha rahat uyumas\u0131n\u0131 sa\u011flar.<\/p>\n<p>\u2714\ufe0f ULTRA YUMU\u015eAK RAHAT MALZEME<br \/>\nRahat, esnek ve suni t\u00fcyl\u00fc k\u00fcrkle tamamlanm\u0131\u015f, kendi kendini \u0131s\u0131tan l\u00fcks k\u00f6pek yata\u011f\u0131m\u0131z bir annenin k\u00fcrk\u00fcn\u00fc and\u0131r\u0131yor!<br \/>\nK\u00f6peklerinizin sakinle\u015fmesine ve rahatlamas\u0131na yard\u0131mc\u0131 olur ve di\u011fer t\u00fcm malzemelerden farkl\u0131 olarak, bir bulutun \u00fczerinde uyumak gibi g\u00f6r\u00fcn\u00fcr.<\/p>\n<p>\u2714\ufe0f KOLAY TEMIZLENEBILIR, YIKANABILIR KILIF<br \/>\nDo\u011frudan \u00e7ama\u015f\u0131r makinesine atabilirsiniz!<br \/>\nBir k\u00f6pek g\u00fcn boyunca \u00e7ok fazla pislik toplar ve bunlar\u0131n \u00e7o\u011fu onunla birlikte yataklar\u0131na geri d\u00f6ner, bu nedenle k\u00f6pe\u011finizin yata\u011f\u0131n\u0131n tamamen makinede y\u0131kanabilir olmas\u0131 ger\u00e7ekten \u00f6nemlidir.<\/p>\n<table style=\"border-collapse: collapse; background-color: #ffffff; width: 333px; height: 276px;\" border=\"1\">\n<tbody>\n<tr>\n<td style=\"font-family: Verdana, Arial, Helvetica, sans-serif; font-size: 12px; color: #000000; margin: 8px; width: 187px; text-align: center;\"><span style=\"line-height: 21px; font-size: 14px;\">\u00dcr\u00fcn Ad\u0131<\/span><\/td>\n<td style=\"font-family: Verdana, Arial, Helvetica, sans-serif; font-size: 12px; color: #000000; margin: 8px; width: 526px; text-align: center;\">Evcil Hayvan Yata\u011f\u0131<\/td>\n<\/tr>\n<tr>\n<td style=\"font-family: Verdana, Arial, Helvetica, sans-serif; font-size: 12px; color: #000000; margin: 8px; width: 187px; text-align: center;\"><span style=\"line-height: 21px; font-size: 14px;\">\u00dcr\u00fcn No.<\/span><\/td>\n<td style=\"font-family: Verdana, Arial, Helvetica, sans-serif; font-size: 12px; color: #000000; margin: 8px; width: 526px; text-align: center;\"><span style=\"line-height: 21px; font-size: 14px;\">P-B2012<\/span><\/td>\n<\/tr>\n<tr>\n<td style=\"font-family: Verdana, Arial, Helvetica, sans-serif; font-size: 12px; color: #000000; margin: 8px; width: 187px; text-align: center;\"><span style=\"line-height: 21px; color: #333333; font-family: Arial, Helvetica; font-size: 14px; font-style: normal; font-weight: 400; background-color: #ffffff; float: none; display: inline !important;\">Malzeme<\/span><\/td>\n<td style=\"font-family: Verdana, Arial, Helvetica, sans-serif; font-size: 12px; color: #000000; margin: 8px; width: 526px; text-align: center;\"><span style=\"color: #333333; font-family: Helvetica, Tahoma, Arial; font-size: 14px; font-style: normal; font-weight: 400; background-color: #fcfcfc; float: none; display: inline !important;\">\u00d6zelle\u015ftirilmi\u015f<\/span><\/td>\n<\/tr>\n<tr>\n<td style=\"font-family: Verdana, Arial, Helvetica, sans-serif; font-size: 12px; color: #000000; margin: 8px; width: 187px; text-align: center;\"><span style=\"line-height: 21px; font-size: 14px;\">\u00a0Boyut<\/span><\/td>\n<td style=\"font-family: Verdana, Arial, Helvetica, sans-serif; font-size: 12px; color: #000000; margin: 8px; width: 526px; text-align: center;\"><span class=\"notranslate immersive-translate-target-wrapper\" lang=\"zh-CN\" translate=\"no\" data-immersive-translate-loading-id=\"3\">\u00d6zelle\u015ftirilmi\u015f\u00a0<\/span><\/td>\n<\/tr>\n<tr>\n<td style=\"font-family: Verdana, Arial, Helvetica, sans-serif; font-size: 12px; color: #000000; margin: 8px; width: 187px; text-align: center;\"><span style=\"line-height: 21px; font-size: 14px;\">\u00a0Renk<\/span><\/td>\n<td style=\"font-family: Verdana, Arial, Helvetica, sans-serif; font-size: 12px; color: #000000; margin: 8px; width: 526px; text-align: center;\"><span style=\"font-size: 14px;\">Mavi, Pembe<\/span><\/td>\n<\/tr>\n<tr>\n<td style=\"font-family: Verdana, Arial, Helvetica, sans-serif; font-size: 12px; color: #000000; margin: 8px; width: 187px; text-align: center;\"><span style=\"line-height: 21px; font-size: 14px;\">\u00a0<span style=\"line-height: 21px; color: #333333; font-family: Arial, Helvetica; font-size: 14px; font-style: normal; font-weight: 400; background-color: #ffffff; float: none; display: inline !important;\">Evcil hayvan t\u00fcr\u00fc<\/span><\/span><\/td>\n<td style=\"font-family: Verdana, Arial, Helvetica, sans-serif; font-size: 12px; color: #000000; margin: 8px; width: 526px; text-align: center;\"><span style=\"line-height: 21px; font-size: 14px;\">\u00a0T\u00fcm K\u00f6pekler<\/span><\/td>\n<\/tr>\n<tr>\n<td style=\"font-family: Verdana, Arial, Helvetica, sans-serif; font-size: 12px; color: #000000; margin: 8px; width: 187px; text-align: center;\"><span style=\"line-height: 21px; font-size: 14px;\">\u00a0<span style=\"line-height: 21px; color: #333333; font-family: Arial, Helvetica; font-size: 14px; font-style: normal; font-weight: 400; background-color: #ffffff; float: none; display: inline !important;\">Teslimat s\u00fcresi<\/span><\/span><\/td>\n<td style=\"font-family: Verdana, Arial, Helvetica, sans-serif; font-size: 12px; color: #000000; margin: 8px; width: 526px; text-align: center;\"><span style=\"line-height: 21px; font-size: 14px;\"><span style=\"line-height: 21px; color: #000000; font-family: Verdana, Arial, Helvetica, sans-serif; font-size: 14px; font-style: normal; font-weight: 400; background-color: #ffffff; float: none; display: inline !important;\">Hava yoluyla k\u00fc\u00e7\u00fck miktar i\u00e7in 1-5 g\u00fcn ve deniz yoluyla b\u00fcy\u00fck miktar i\u00e7in 30-35 g\u00fcn<\/span>\u00a0<\/span><\/td>\n<\/tr>\n<tr>\n<td style=\"font-family: Verdana, Arial, Helvetica, sans-serif; font-size: 12px; color: #000000; margin: 8px; width: 187px; text-align: center;\"><span style=\"line-height: 21px; font-size: 14px;\">\u00a0<span style=\"line-height: 21px; color: #333333; font-family: Arial, Helvetica; font-size: 14px; font-style: normal; font-weight: 400; background-color: #ffffff; float: none; display: inline !important;\">Sevkiyat liman\u0131<\/span><\/span><\/td>\n<td style=\"font-family: Verdana, Arial, Helvetica, sans-serif; font-size: 12px; color: #000000; margin: 8px; width: 526px; text-align: center;\"><span style=\"line-height: 21px; font-size: 14px;\">Xiamen\u00a0<\/span><\/td>\n<\/tr>\n<tr>\n<td style=\"font-family: Verdana, Arial, Helvetica, sans-serif; font-size: 12px; color: #000000; margin: 8px; width: 187px; text-align: center;\"><span style=\"line-height: 21px; font-size: 14px;\">\u00a0<span style=\"line-height: 21px; color: #333333; font-family: Arial, Helvetica; font-size: 14px; font-style: normal; font-weight: 400; background-color: #ffffff; float: none; display: inline !important;\">OEM\/ODM<\/span><\/span><\/td>\n<td style=\"font-family: Verdana, Arial, Helvetica, sans-serif; font-size: 12px; color: #000000; margin: 8px; width: 526px; text-align: center;\"><span style=\"line-height: 21px; font-size: 14px;\">\u00a0<span style=\"line-height: 21px; color: #333333; font-family: Arial, Helvetica; font-size: 14px; font-style: normal; font-weight: 400; background-color: #ffffff; float: none; display: inline !important;\">Mevcut<\/span><\/span><\/td>\n<\/tr>\n<tr>\n<td style=\"font-family: Verdana, Arial, Helvetica, sans-serif; font-size: 12px; color: #000000; margin: 8px; width: 187px; text-align: center;\"><span style=\"line-height: 21px; font-size: 14px;\">\u00a0<span style=\"line-height: 21px; color: #333333; font-family: Arial, Helvetica; font-size: 14px; font-style: normal; font-weight: 400; background-color: #ffffff; float: none; display: inline !important;\">Paket<\/span><\/span><\/td>\n<td style=\"font-family: Verdana, Arial, Helvetica, sans-serif; font-size: 12px; color: #000000; margin: 8px; width: 526px; text-align: center;\"><span style=\"line-height: 21px; font-size: 14px;\"><span style=\"line-height: 21px; color: #333333; font-family: Arial, Helvetica; font-size: 14px; font-style: normal; font-weight: 400; background-color: #ffffff; float: none; display: inline !important;\">Her biri bir PPB i\u00e7inde paketlendikten sonra Kartona veya ihtiyaca g\u00f6re<\/span><\/span><\/td>\n<\/tr>\n<\/tbody>\n<\/table>\n<p>\ud83d\udcd0Boyut K\u0131lavuzu<br \/>\n- L\u00fctfen k\u00f6pe\u011finizin uyku stiline g\u00f6re boyut se\u00e7in. \u00f6rn- K\u0131vr\u0131lm\u0131\u015f veya yay\u0131lm\u0131\u015f<br \/>\n- El yap\u0131m\u0131 oldu\u011fu i\u00e7in l\u00fctfen her bedende 3-4 cm hata pay\u0131 b\u0131rak\u0131n\u0131z.<br \/>\nTam olarak boyutland\u0131rmak i\u00e7in elimizden gelenin en iyisini yapmaya \u00e7al\u0131\u015fsak da, boyutlar biraz farkl\u0131 olabilir.<\/p>","protected":false},"excerpt":{"rendered":"<h2><strong><b>Toptan Yuvarlak Yataklar<\/b><\/strong><\/h2>\n<p>Ke\u015ffedin <span style=\"color: #ff0000;\"><a style=\"color: #ff0000;\" href=\"https:\/\/pecpets.com\/tr\/urun-kategori%cc%87si%cc%87\/pet-bed\/\" target=\"_blank\" rel=\"noopener\">Yuvarlak Yataklar<\/a><\/span>.<\/p>\n<p>Y\u00fcksek kaliteli tasar\u0131mlar\u0131m\u0131zla evcil hayvanlar\u0131n\u0131z\u0131n \u015f\u0131kl\u0131\u011f\u0131n\u0131 koruyun.<\/p>","protected":false},"featured_media":1193,"template":"","meta":{"_seopress_robots_primary_cat":"none","_seopress_titles_title":"Pet Round Bed - Professional Pet Product Manufacturers","_seopress_titles_desc":"Find comfortable pet round bed perfect for wholesalers, factories, and manufacturers. Premium quality pet beds designed for long-lasting use. Order now!","_seopress_robots_index":"","_uag_custom_page_level_css":""},"product_brand":[],"product_cat":[347,22],"product_tag":[71,69,70],"class_list":{"0":"post-1185","1":"product","2":"type-product","3":"status-publish","4":"has-post-thumbnail","6":"product_cat-eco-friendly-dog-beds-pet-bed","7":"product_cat-pet-bed","8":"product_tag-cat-bed","9":"product_tag-dog-bed","10":"product_tag-pet-bed","12":"first","13":"instock","14":"shipping-taxable","15":"product-type-simple"},"uagb_featured_image_src":{"full":["https:\/\/pecpets.com\/wp-content\/uploads\/2021\/12\/\u672a\u6807\u9898-30000.jpg",750,750,false],"thumbnail":["https:\/\/pecpets.com\/wp-content\/uploads\/2021\/12\/\u672a\u6807\u9898-30000-150x150.jpg",150,150,true],"medium":["https:\/\/pecpets.com\/wp-content\/uploads\/2021\/12\/\u672a\u6807\u9898-30000-300x300.jpg",300,300,true],"medium_large":["https:\/\/pecpets.com\/wp-content\/uploads\/2021\/12\/\u672a\u6807\u9898-30000.jpg",750,750,false],"large":["https:\/\/pecpets.com\/wp-content\/uploads\/2021\/12\/\u672a\u6807\u9898-30000.jpg",750,750,false],"1536x1536":["https:\/\/pecpets.com\/wp-content\/uploads\/2021\/12\/\u672a\u6807\u9898-30000.jpg",750,750,false],"2048x2048":["https:\/\/pecpets.com\/wp-content\/uploads\/2021\/12\/\u672a\u6807\u9898-30000.jpg",750,750,false],"trp-custom-language-flag":["https:\/\/pecpets.com\/wp-content\/uploads\/2021\/12\/\u672a\u6807\u9898-30000.jpg",12,12,false],"woocommerce_thumbnail":["https:\/\/pecpets.com\/wp-content\/uploads\/2021\/12\/\u672a\u6807\u9898-30000-300x300.jpg",300,300,true],"woocommerce_single":["https:\/\/pecpets.com\/wp-content\/uploads\/2021\/12\/\u672a\u6807\u9898-30000-600x600.jpg",600,600,true],"woocommerce_gallery_thumbnail":["https:\/\/pecpets.com\/wp-content\/uploads\/2021\/12\/\u672a\u6807\u9898-30000-100x100.jpg",100,100,true]},"uagb_author_info":{"display_name":"Lawrence\u00a0\u52b3\u4f26\u65af","author_link":"https:\/\/pecpets.com\/tr\/author\/"},"uagb_comment_info":0,"uagb_excerpt":"Wholesale Round Beds Discover Round Beds. Keep your pets stylish with our high-quality designs.","_links":{"self":[{"href":"https:\/\/pecpets.com\/tr\/wp-json\/wp\/v2\/product\/1185","targetHints":{"allow":["GET"]}}],"collection":[{"href":"https:\/\/pecpets.com\/tr\/wp-json\/wp\/v2\/product"}],"about":[{"href":"https:\/\/pecpets.com\/tr\/wp-json\/wp\/v2\/types\/product"}],"wp:featuredmedia":[{"embeddable":true,"href":"https:\/\/pecpets.com\/tr\/wp-json\/wp\/v2\/media\/1193"}],"wp:attachment":[{"href":"https:\/\/pecpets.com\/tr\/wp-json\/wp\/v2\/media?parent=1185"}],"wp:term":[{"taxonomy":"product_brand","embeddable":true,"href":"https:\/\/pecpets.com\/tr\/wp-json\/wp\/v2\/product_brand?post=1185"},{"taxonomy":"product_cat","embeddable":true,"href":"https:\/\/pecpets.com\/tr\/wp-json\/wp\/v2\/product_cat?post=1185"},{"taxonomy":"product_tag","embeddable":true,"href":"https:\/\/pecpets.com\/tr\/wp-json\/wp\/v2\/product_tag?post=1185"}],"curies":[{"name":"wp","href":"https:\/\/api.w.org\/{rel}","templated":true}]}}