{"id":11934,"date":"2024-09-19T16:37:32","date_gmt":"2024-09-19T08:37:32","guid":{"rendered":"https:\/\/pecpets.com\/?post_type=product&#038;p=11934"},"modified":"2024-11-04T18:01:29","modified_gmt":"2024-11-04T10:01:29","slug":"outwear-winter-dog-jacket-with-belt","status":"publish","type":"product","link":"https:\/\/pecpets.com\/tr\/product\/outwear-winter-dog-jacket-with-belt\/","title":{"rendered":"D\u0131\u015f Giyim Kemerli K\u0131\u015fl\u0131k K\u00f6pek Ceketi"},"content":{"rendered":"<h2>Toptan D\u0131\u015f Giyim Kemerli K\u0131\u015fl\u0131k K\u00f6pek Ceketi - Fabrika Do\u011frudan Evcil Hayvan Ta\u015f\u0131y\u0131c\u0131lar\u0131 ve Seyahat Aksesuarlar\u0131<\/h2>\n<table style=\"border-collapse: collapse; background-color: #ffffff; width: 332px; height: 279px;\" border=\"1\">\n<tbody>\n<tr>\n<td style=\"font-family: Verdana, Arial, Helvetica, sans-serif; font-size: 12px; color: #000000; margin: 8px; width: 187px; text-align: center;\"><span style=\"line-height: 21px; font-size: 14px;\">\u00dcr\u00fcn Ad\u0131<\/span><\/td>\n<td style=\"font-family: Verdana, Arial, Helvetica, sans-serif; font-size: 12px; color: #000000; margin: 8px; width: 526px; text-align: center;\">Evcil Hayvan Montu<\/td>\n<\/tr>\n<tr>\n<td style=\"font-family: Verdana, Arial, Helvetica, sans-serif; font-size: 12px; color: #000000; margin: 8px; width: 187px; text-align: center;\"><span style=\"line-height: 21px; font-size: 14px;\">\u00dcr\u00fcn No.<\/span><\/td>\n<td style=\"font-family: Verdana, Arial, Helvetica, sans-serif; font-size: 12px; color: #000000; margin: 8px; width: 526px; text-align: center;\"><span style=\"font-size: 14px;\">P-C2016<\/span><\/td>\n<\/tr>\n<tr>\n<td style=\"font-family: Verdana, Arial, Helvetica, sans-serif; font-size: 12px; color: #000000; margin: 8px; width: 187px; text-align: center;\"><span style=\"line-height: 21px; color: #333333; font-family: Arial, Helvetica; font-size: 14px; font-style: normal; font-weight: 400; background-color: #ffffff; float: none; display: inline !important;\">Malzeme<\/span><\/td>\n<td style=\"font-family: Verdana, Arial, Helvetica, sans-serif; font-size: 12px; color: #000000; margin: 8px; width: 526px; text-align: center;\">Cotton, Polyester<\/td>\n<\/tr>\n<tr>\n<td style=\"font-family: Verdana, Arial, Helvetica, sans-serif; font-size: 12px; color: #000000; margin: 8px; width: 187px; text-align: center;\"><span style=\"line-height: 21px; font-size: 14px;\">\u00a0Boyut<\/span><\/td>\n<td style=\"font-family: Verdana, Arial, Helvetica, sans-serif; font-size: 12px; color: #000000; margin: 8px; width: 526px; text-align: center;\"><span style=\"font-size: 14px;\">\u00d6zel Boyut<\/span><\/td>\n<\/tr>\n<tr>\n<td style=\"font-family: Verdana, Arial, Helvetica, sans-serif; font-size: 12px; color: #000000; margin: 8px; width: 187px; text-align: center;\"><span style=\"line-height: 21px; font-size: 14px;\">\u00a0Renk<\/span><\/td>\n<td style=\"font-family: Verdana, Arial, Helvetica, sans-serif; font-size: 12px; color: #000000; margin: 8px; width: 526px; text-align: center;\"><span style=\"line-height: 21px; font-size: 14px;\">\u00d6zel Renk\u00a0<\/span><\/td>\n<\/tr>\n<tr>\n<td style=\"font-family: Verdana, Arial, Helvetica, sans-serif; font-size: 12px; color: #000000; margin: 8px; width: 187px; text-align: center;\"><span style=\"line-height: 21px; font-size: 14px;\">\u00a0<span style=\"line-height: 21px; color: #333333; font-family: Arial, Helvetica; font-size: 14px; font-style: normal; font-weight: 400; background-color: #ffffff; float: none; display: inline !important;\">Evcil hayvan t\u00fcr\u00fc<\/span><\/span><\/td>\n<td style=\"font-family: Verdana, Arial, Helvetica, sans-serif; font-size: 12px; color: #000000; margin: 8px; width: 526px; text-align: center;\"><span style=\"line-height: 21px; font-size: 14px;\">\u00a0T\u00fcm K\u00f6pekler<\/span><\/td>\n<\/tr>\n<tr>\n<td style=\"font-family: Verdana, Arial, Helvetica, sans-serif; font-size: 12px; color: #000000; margin: 8px; width: 187px; text-align: center;\"><span style=\"line-height: 21px; font-size: 14px;\">\u00a0<span style=\"line-height: 21px; color: #333333; font-family: Arial, Helvetica; font-size: 14px; font-style: normal; font-weight: 400; background-color: #ffffff; float: none; display: inline !important;\">Teslimat s\u00fcresi<\/span><\/span><\/td>\n<td style=\"font-family: Verdana, Arial, Helvetica, sans-serif; font-size: 12px; color: #000000; margin: 8px; width: 526px; text-align: center;\"><span style=\"line-height: 21px; font-size: 14px;\"><span style=\"line-height: 21px; color: #000000; font-family: Verdana, Arial, Helvetica, sans-serif; font-size: 14px; font-style: normal; font-weight: 400; background-color: #ffffff; float: none; display: inline !important;\">Hava yoluyla k\u00fc\u00e7\u00fck miktar i\u00e7in 1-5 g\u00fcn ve deniz yoluyla b\u00fcy\u00fck miktar i\u00e7in 30-35 g\u00fcn<\/span>\u00a0<\/span><\/td>\n<\/tr>\n<tr>\n<td style=\"font-family: Verdana, Arial, Helvetica, sans-serif; font-size: 12px; color: #000000; margin: 8px; width: 187px; text-align: center;\"><span style=\"line-height: 21px; font-size: 14px;\">\u00a0<span style=\"line-height: 21px; color: #333333; font-family: Arial, Helvetica; font-size: 14px; font-style: normal; font-weight: 400; background-color: #ffffff; float: none; display: inline !important;\">Sevkiyat liman\u0131<\/span><\/span><\/td>\n<td style=\"font-family: Verdana, Arial, Helvetica, sans-serif; font-size: 12px; color: #000000; margin: 8px; width: 526px; text-align: center;\"><span style=\"line-height: 21px; font-size: 14px;\">Xiamen\u00a0<\/span><\/td>\n<\/tr>\n<tr>\n<td style=\"font-family: Verdana, Arial, Helvetica, sans-serif; font-size: 12px; color: #000000; margin: 8px; width: 187px; text-align: center;\"><span style=\"line-height: 21px; font-size: 14px;\">\u00a0<span style=\"line-height: 21px; color: #333333; font-family: Arial, Helvetica; font-size: 14px; font-style: normal; font-weight: 400; background-color: #ffffff; float: none; display: inline !important;\">OEM\/ODM<\/span><\/span><\/td>\n<td style=\"font-family: Verdana, Arial, Helvetica, sans-serif; font-size: 12px; color: #000000; margin: 8px; width: 526px; text-align: center;\"><span style=\"line-height: 21px; font-size: 14px;\">\u00a0<span style=\"line-height: 21px; color: #333333; font-family: Arial, Helvetica; font-size: 14px; font-style: normal; font-weight: 400; background-color: #ffffff; float: none; display: inline !important;\">Mevcut<\/span><\/span><\/td>\n<\/tr>\n<tr>\n<td style=\"font-family: Verdana, Arial, Helvetica, sans-serif; font-size: 12px; color: #000000; margin: 8px; width: 187px; text-align: center;\"><span style=\"line-height: 21px; font-size: 14px;\">\u00a0<span style=\"line-height: 21px; color: #333333; font-family: Arial, Helvetica; font-size: 14px; font-style: normal; font-weight: 400; background-color: #ffffff; float: none; display: inline !important;\">Paket<\/span><\/span><\/td>\n<td style=\"font-family: Verdana, Arial, Helvetica, sans-serif; font-size: 12px; color: #000000; margin: 8px; width: 526px; text-align: center;\"><span style=\"line-height: 21px; font-size: 14px;\"><span style=\"line-height: 21px; color: #333333; font-family: Arial, Helvetica; font-size: 14px; font-style: normal; font-weight: 400; background-color: #ffffff; float: none; display: inline !important;\">Her biri bir PPB i\u00e7inde paketlendikten sonra Kartona veya ihtiyaca g\u00f6re<\/span><\/span><\/td>\n<\/tr>\n<\/tbody>\n<\/table>\n<p>Hem s\u0131cakl\u0131k hem de stil sa\u011flamak i\u00e7in tasarlanan Kemerli Outwear K\u0131\u015fl\u0131k K\u00f6pek Ceketimiz ile k\u00f6pek dostlar\u0131n\u0131z\u0131 k\u0131\u015f so\u011fu\u011funa haz\u0131rlay\u0131n. Bu ceketler, so\u011fuk aylarda evcil hayvanlar\u0131 rahat ve \u015f\u0131k tutmak i\u00e7in m\u00fckemmeldir. \u00d6nde gelen bir toptan sat\u0131\u015f fabrikas\u0131 olarak, bu y\u00fcksek kaliteli k\u00f6pek ceketlerini rekabet\u00e7i fiyatlarla sunarak B2B m\u00fc\u015fterilerinin i\u015fleri i\u00e7in en iyi de\u011feri almalar\u0131n\u0131 sa\u011fl\u0131yoruz.<\/p>\n<p><strong>Temel \u00d6zellikler:<\/strong><\/p>\n<ul>\n<li><strong>K\u0131\u015fl\u0131k D\u0131\u015f Giyim Tasar\u0131m\u0131:<\/strong>\u00a0So\u011fuk havalar i\u00e7in \u00f6zel olarak tasarlanan bu ceketler, evcil hayvanlar\u0131 hava ko\u015fullar\u0131ndan korumak i\u00e7in \u00fcretilmi\u015ftir.<\/li>\n<li><strong>Kemeri dahil edin:<\/strong>\u00a0\u015e\u0131k ve i\u015flevsel bir kemer sadece modaya bir dokunu\u015f katmakla kalmaz, ayn\u0131 zamanda rahat bir uyum sa\u011flamaya da yard\u0131mc\u0131 olur.<\/li>\n<li><strong>Dayan\u0131kl\u0131 ve S\u0131cak Tutan Malzeme:<\/strong>\u00a0S\u0131cakl\u0131k sa\u011flayan ve bak\u0131m\u0131 kolay olan dayan\u0131kl\u0131 malzemelerden \u00fcretilmi\u015ftir.<\/li>\n<li><strong>Pratik ve \u015e\u0131k:<\/strong>\u00a0Evcil hayvanlar\u0131 s\u0131cak tutman\u0131n pratikli\u011fini evcil hayvan sahiplerinin takdir etti\u011fi tarzla birle\u015ftirir.<\/li>\n<li><strong>Toptan ve Fabrika Do\u011frudan:<\/strong>\u00a0Do\u011frudan fabrikam\u0131zdan toptan sat\u0131n al\u0131nabilir, kalite ve maliyet etkinli\u011fi sa\u011flar.<\/li>\n<\/ul>\n<p><strong>Perakendeciler i\u00e7in Faydalar\u0131:<\/strong><\/p>\n<ul>\n<li><strong>Toptan Fiyatland\u0131rma:<\/strong>\u00a0Rekabet\u00e7i fiyatlarla birinci s\u0131n\u0131f evcil hayvan k\u0131yafetleri sunman\u0131za olanak tan\u0131yan fabrika do\u011frudan fiyatland\u0131rmas\u0131na eri\u015fim.<\/li>\n<li><strong>\u00d6zelle\u015ftirme Se\u00e7enekleri:<\/strong>\u00a0Ceketleri markan\u0131z\u0131n logosu veya belirli tasar\u0131m \u00f6\u011feleriyle \u00f6zelle\u015ftirebilme olana\u011f\u0131.<\/li>\n<li><strong>Kalite G\u00fcvencesi:<\/strong>\u00a0Her ceket, dayan\u0131kl\u0131l\u0131k ve s\u0131cakl\u0131k sa\u011flayan y\u00fcksek kalite standartlar\u0131n\u0131 kar\u015f\u0131layacak \u015fekilde \u00fcretilmi\u015ftir.<\/li>\n<li><strong>Etkili Nakliye:<\/strong>\u00a0Toptan sipari\u015flerinizin zaman\u0131nda teslimat\u0131 i\u00e7in verimli tedarik zincirimize g\u00fcvenin ve envanterinizin iyi stoklanmas\u0131n\u0131 sa\u011flay\u0131n.<\/li>\n<\/ul>\n<p><strong>Evcil hayvan giyim \u00fcr\u00fcnlerinizi, i\u015flevsel ve \u015f\u0131k evcil hayvan k\u0131yafetleri sunmak isteyen perakendeciler i\u00e7in m\u00fckemmel bir se\u00e7im olan Kemerli D\u0131\u015f Giyim K\u0131\u015fl\u0131k K\u00f6pek Ceketi ile geli\u015ftirin.<\/strong> Toptan sat\u0131\u015f f\u0131rsatlar\u0131m\u0131z\u0131 ke\u015ffetmek ve evcil hayvan m\u00fc\u015fterilerinizi bu k\u0131\u015f s\u0131cak ve \u015f\u0131k tutmak i\u00e7in bug\u00fcn bize ula\u015f\u0131n.<\/p>","protected":false},"excerpt":{"rendered":"<h3>Toptan D\u0131\u015f Giyim K\u0131\u015fl\u0131k Kemerli K\u00f6pek Ceketi<\/h3>\n<p>Explore Outwear Kemerli K\u0131\u015fl\u0131k K\u00f6pek Ceketi.<\/p>\n<p>Rakipsiz fiyatlar ve kalite i\u00e7in fabrikadan toptan evcil hayvan k\u0131yafetleri sat\u0131n al\u0131n.<\/p>","protected":false},"featured_media":11939,"template":"","meta":{"_seopress_robots_primary_cat":"none","_seopress_titles_title":"Outwear Winter Dog Jacket With Belt","_seopress_titles_desc":"Explore Outwear Winter Dog Jacket With Belt. Shop wholesale pet clothes from the factory for unbeatable prices and quality.","_seopress_robots_index":"","_uag_custom_page_level_css":""},"product_brand":[],"product_cat":[342,23,413],"product_tag":[],"class_list":{"0":"post-11934","1":"product","2":"type-product","3":"status-publish","4":"has-post-thumbnail","6":"product_cat-pet-coat","7":"product_cat-pet-clothing","8":"product_cat-training-clothes","10":"first","11":"instock","12":"shipping-taxable","13":"product-type-simple"},"uagb_featured_image_src":{"full":["https:\/\/pecpets.com\/wp-content\/uploads\/2024\/09\/Outwear-Winter-Dog-Jacket-With-Belt-6.jpeg",1000,1000,false],"thumbnail":["https:\/\/pecpets.com\/wp-content\/uploads\/2024\/09\/Outwear-Winter-Dog-Jacket-With-Belt-6-150x150.jpeg",150,150,true],"medium":["https:\/\/pecpets.com\/wp-content\/uploads\/2024\/09\/Outwear-Winter-Dog-Jacket-With-Belt-6-300x300.jpeg",300,300,true],"medium_large":["https:\/\/pecpets.com\/wp-content\/uploads\/2024\/09\/Outwear-Winter-Dog-Jacket-With-Belt-6-768x768.jpeg",768,768,true],"large":["https:\/\/pecpets.com\/wp-content\/uploads\/2024\/09\/Outwear-Winter-Dog-Jacket-With-Belt-6.jpeg",800,800,false],"1536x1536":["https:\/\/pecpets.com\/wp-content\/uploads\/2024\/09\/Outwear-Winter-Dog-Jacket-With-Belt-6.jpeg",1000,1000,false],"2048x2048":["https:\/\/pecpets.com\/wp-content\/uploads\/2024\/09\/Outwear-Winter-Dog-Jacket-With-Belt-6.jpeg",1000,1000,false],"trp-custom-language-flag":["https:\/\/pecpets.com\/wp-content\/uploads\/2024\/09\/Outwear-Winter-Dog-Jacket-With-Belt-6-12x12.jpeg",12,12,true],"woocommerce_thumbnail":["https:\/\/pecpets.com\/wp-content\/uploads\/2024\/09\/Outwear-Winter-Dog-Jacket-With-Belt-6-300x300.jpeg",300,300,true],"woocommerce_single":["https:\/\/pecpets.com\/wp-content\/uploads\/2024\/09\/Outwear-Winter-Dog-Jacket-With-Belt-6-600x600.jpeg",600,600,true],"woocommerce_gallery_thumbnail":["https:\/\/pecpets.com\/wp-content\/uploads\/2024\/09\/Outwear-Winter-Dog-Jacket-With-Belt-6-100x100.jpeg",100,100,true]},"uagb_author_info":{"display_name":"Lawrence\u00a0\u52b3\u4f26\u65af","author_link":"https:\/\/pecpets.com\/tr\/author\/"},"uagb_comment_info":0,"uagb_excerpt":"Wholesale Outwear Winter Dog Jacket With Belt Explore Outwear Winter Dog Jacket With Belt. Shop wholesale pet clothes from the factory for unbeatable prices and quality.","_links":{"self":[{"href":"https:\/\/pecpets.com\/tr\/wp-json\/wp\/v2\/product\/11934","targetHints":{"allow":["GET"]}}],"collection":[{"href":"https:\/\/pecpets.com\/tr\/wp-json\/wp\/v2\/product"}],"about":[{"href":"https:\/\/pecpets.com\/tr\/wp-json\/wp\/v2\/types\/product"}],"wp:featuredmedia":[{"embeddable":true,"href":"https:\/\/pecpets.com\/tr\/wp-json\/wp\/v2\/media\/11939"}],"wp:attachment":[{"href":"https:\/\/pecpets.com\/tr\/wp-json\/wp\/v2\/media?parent=11934"}],"wp:term":[{"taxonomy":"product_brand","embeddable":true,"href":"https:\/\/pecpets.com\/tr\/wp-json\/wp\/v2\/product_brand?post=11934"},{"taxonomy":"product_cat","embeddable":true,"href":"https:\/\/pecpets.com\/tr\/wp-json\/wp\/v2\/product_cat?post=11934"},{"taxonomy":"product_tag","embeddable":true,"href":"https:\/\/pecpets.com\/tr\/wp-json\/wp\/v2\/product_tag?post=11934"}],"curies":[{"name":"wp","href":"https:\/\/api.w.org\/{rel}","templated":true}]}}