{"id":11962,"date":"2024-09-19T17:43:35","date_gmt":"2024-09-19T09:43:35","guid":{"rendered":"https:\/\/pecpets.com\/?post_type=product&#038;p=11962"},"modified":"2024-10-23T17:40:45","modified_gmt":"2024-10-23T09:40:45","slug":"waterproof-stormsuit-warm-pet-dog-clothing","status":"publish","type":"product","link":"https:\/\/pecpets.com\/tr\/product\/waterproof-stormsuit-warm-pet-dog-clothing\/","title":{"rendered":"Su ge\u00e7irmez Stormsuit S\u0131cak Tutan Evcil K\u00f6pek K\u0131yafeti"},"content":{"rendered":"<h2>Toptan Su Ge\u00e7irmez Stormsuit S\u0131cak Pet K\u00f6pek Giyim - Fabrika Do\u011frudan Seyahat K\u00f6pek Ta\u015f\u0131y\u0131c\u0131lar\u0131 ve Aksesuarlar\u0131<\/h2>\n<table style=\"border-collapse: collapse; background-color: #ffffff; width: 332px; height: 312px;\" border=\"1\">\n<tbody>\n<tr>\n<td style=\"font-family: Verdana, Arial, Helvetica, sans-serif; font-size: 12px; color: #000000; margin: 8px; width: 187px; text-align: center;\"><span style=\"line-height: 21px; font-size: 14px;\">\u00dcr\u00fcn Ad\u0131<\/span><\/td>\n<td style=\"font-family: Verdana, Arial, Helvetica, sans-serif; font-size: 12px; color: #000000; margin: 8px; width: 526px; text-align: center;\">Evcil Hayvan Montu<\/td>\n<\/tr>\n<tr>\n<td style=\"font-family: Verdana, Arial, Helvetica, sans-serif; font-size: 12px; color: #000000; margin: 8px; width: 187px; text-align: center;\"><span style=\"line-height: 21px; font-size: 14px;\">\u00dcr\u00fcn No.<\/span><\/td>\n<td style=\"font-family: Verdana, Arial, Helvetica, sans-serif; font-size: 12px; color: #000000; margin: 8px; width: 526px; text-align: center;\"><span style=\"line-height: 21px; font-size: 14px;\">P-C2014<\/span><\/td>\n<\/tr>\n<tr>\n<td style=\"font-family: Verdana, Arial, Helvetica, sans-serif; font-size: 12px; color: #000000; margin: 8px; width: 187px; text-align: center;\"><span style=\"line-height: 21px; color: #333333; font-family: Arial, Helvetica; font-size: 14px; font-style: normal; font-weight: 400; background-color: #ffffff; float: none; display: inline !important;\">Malzeme<\/span><\/td>\n<td style=\"font-family: Verdana, Arial, Helvetica, sans-serif; font-size: 12px; color: #000000; margin: 8px; width: 526px; text-align: center;\">Pamuk, Polyester, Rami<\/td>\n<\/tr>\n<tr>\n<td style=\"font-family: Verdana, Arial, Helvetica, sans-serif; font-size: 12px; color: #000000; margin: 8px; width: 187px; text-align: center;\"><span style=\"line-height: 21px; font-size: 14px;\">\u00a0Boyut<\/span><\/td>\n<td style=\"font-family: Verdana, Arial, Helvetica, sans-serif; font-size: 12px; color: #000000; margin: 8px; width: 526px; text-align: center;\"><span style=\"font-size: 14px;\">\u00d6zel Boyut<\/span><\/td>\n<\/tr>\n<tr>\n<td style=\"font-family: Verdana, Arial, Helvetica, sans-serif; font-size: 12px; color: #000000; margin: 8px; width: 187px; text-align: center;\"><span style=\"line-height: 21px; font-size: 14px;\">\u00a0Renk<\/span><\/td>\n<td style=\"font-family: Verdana, Arial, Helvetica, sans-serif; font-size: 12px; color: #000000; margin: 8px; width: 526px; text-align: center;\"><span style=\"line-height: 21px; font-size: 14px;\">\u00d6zel Renk\u00a0<\/span><\/td>\n<\/tr>\n<tr>\n<td style=\"font-family: Verdana, Arial, Helvetica, sans-serif; font-size: 12px; color: #000000; margin: 8px; width: 187px; text-align: center;\"><span style=\"line-height: 21px; font-size: 14px;\">\u00a0<span style=\"line-height: 21px; color: #333333; font-family: Arial, Helvetica; font-size: 14px; font-style: normal; font-weight: 400; background-color: #ffffff; float: none; display: inline !important;\">Evcil hayvan t\u00fcr\u00fc<\/span><\/span><\/td>\n<td style=\"font-family: Verdana, Arial, Helvetica, sans-serif; font-size: 12px; color: #000000; margin: 8px; width: 526px; text-align: center;\"><span style=\"line-height: 21px; font-size: 14px;\">\u00a0T\u00fcm K\u00f6pekler<\/span><\/td>\n<\/tr>\n<tr>\n<td style=\"font-family: Verdana, Arial, Helvetica, sans-serif; font-size: 12px; color: #000000; margin: 8px; width: 187px; text-align: center;\"><span style=\"line-height: 21px; font-size: 14px;\">\u00a0<span style=\"line-height: 21px; color: #333333; font-family: Arial, Helvetica; font-size: 14px; font-style: normal; font-weight: 400; background-color: #ffffff; float: none; display: inline !important;\">Teslimat s\u00fcresi<\/span><\/span><\/td>\n<td style=\"font-family: Verdana, Arial, Helvetica, sans-serif; font-size: 12px; color: #000000; margin: 8px; width: 526px; text-align: center;\"><span style=\"line-height: 21px; font-size: 14px;\"><span style=\"line-height: 21px; color: #000000; font-family: Verdana, Arial, Helvetica, sans-serif; font-size: 14px; font-style: normal; font-weight: 400; background-color: #ffffff; float: none; display: inline !important;\">Hava yoluyla k\u00fc\u00e7\u00fck miktar i\u00e7in 1-5 g\u00fcn ve deniz yoluyla b\u00fcy\u00fck miktar i\u00e7in 30-35 g\u00fcn<\/span>\u00a0<\/span><\/td>\n<\/tr>\n<tr>\n<td style=\"font-family: Verdana, Arial, Helvetica, sans-serif; font-size: 12px; color: #000000; margin: 8px; width: 187px; text-align: center;\"><span style=\"line-height: 21px; font-size: 14px;\">\u00a0<span style=\"line-height: 21px; color: #333333; font-family: Arial, Helvetica; font-size: 14px; font-style: normal; font-weight: 400; background-color: #ffffff; float: none; display: inline !important;\">Sevkiyat liman\u0131<\/span><\/span><\/td>\n<td style=\"font-family: Verdana, Arial, Helvetica, sans-serif; font-size: 12px; color: #000000; margin: 8px; width: 526px; text-align: center;\"><span style=\"line-height: 21px; font-size: 14px;\">Xiamen\u00a0<\/span><\/td>\n<\/tr>\n<tr>\n<td style=\"font-family: Verdana, Arial, Helvetica, sans-serif; font-size: 12px; color: #000000; margin: 8px; width: 187px; text-align: center;\"><span style=\"line-height: 21px; font-size: 14px;\">\u00a0<span style=\"line-height: 21px; color: #333333; font-family: Arial, Helvetica; font-size: 14px; font-style: normal; font-weight: 400; background-color: #ffffff; float: none; display: inline !important;\">OEM\/ODM<\/span><\/span><\/td>\n<td style=\"font-family: Verdana, Arial, Helvetica, sans-serif; font-size: 12px; color: #000000; margin: 8px; width: 526px; text-align: center;\"><span style=\"line-height: 21px; font-size: 14px;\">\u00a0<span style=\"line-height: 21px; color: #333333; font-family: Arial, Helvetica; font-size: 14px; font-style: normal; font-weight: 400; background-color: #ffffff; float: none; display: inline !important;\">Mevcut<\/span><\/span><\/td>\n<\/tr>\n<tr>\n<td style=\"font-family: Verdana, Arial, Helvetica, sans-serif; font-size: 12px; color: #000000; margin: 8px; width: 187px; text-align: center;\"><span style=\"line-height: 21px; font-size: 14px;\">\u00a0<span style=\"line-height: 21px; color: #333333; font-family: Arial, Helvetica; font-size: 14px; font-style: normal; font-weight: 400; background-color: #ffffff; float: none; display: inline !important;\">Paket<\/span><\/span><\/td>\n<td style=\"font-family: Verdana, Arial, Helvetica, sans-serif; font-size: 12px; color: #000000; margin: 8px; width: 526px; text-align: center;\"><span style=\"line-height: 21px; font-size: 14px;\"><span style=\"line-height: 21px; color: #333333; font-family: Arial, Helvetica; font-size: 14px; font-style: normal; font-weight: 400; background-color: #ffffff; float: none; display: inline !important;\">Her biri bir PPB i\u00e7inde paketlendikten sonra Kartona veya ihtiyaca g\u00f6re<\/span><\/span><\/td>\n<\/tr>\n<\/tbody>\n<\/table>\n<p>So\u011fuk aylarda s\u0131cakl\u0131k, konfor ve stil sa\u011flamak i\u00e7in tasarlanan OEM\/ODM K\u0131\u015fl\u0131k Evcil Hayvan D\u0131\u015f Mekan Giyim Montlar\u0131m\u0131zla evcil hayvan\u0131n\u0131z\u0131 k\u0131\u015f maceralar\u0131na haz\u0131rlay\u0131n. Bu montlar, a\u00e7\u0131k havay\u0131 seven ve hava ko\u015fullar\u0131na kar\u015f\u0131 ekstra korumaya ihtiya\u00e7 duyan evcil hayvanlar i\u00e7in m\u00fckemmeldir. \u00d6nde gelen bir toptan sat\u0131\u015f fabrikas\u0131 olarak, bu y\u00fcksek kaliteli evcil hayvan montlar\u0131 i\u00e7in \u00f6zelle\u015ftirme se\u00e7enekleri sunarak i\u015fletmenizin ve m\u00fc\u015fterilerinizin \u00f6zel ihtiya\u00e7lar\u0131n\u0131 kar\u015f\u0131lamalar\u0131n\u0131 sa\u011fl\u0131yoruz.<\/p>\n<p><strong>Temel \u00d6zellikler:<\/strong><\/p>\n<ul>\n<li><strong>\u00d6zelle\u015ftirilebilir OEM\/ODM Hizmeti:<\/strong>\u00a0Benzersiz bir tasar\u0131m olu\u015fturmak veya markan\u0131z\u0131n logosunu bu k\u0131\u015fl\u0131k evcil hayvan montlar\u0131na eklemek i\u00e7in ekibimizle birlikte \u00e7al\u0131\u015f\u0131n.<\/li>\n<li><strong>K\u0131\u015fa Haz\u0131r Tasar\u0131m:<\/strong>\u00a0So\u011fuk havalara dayanacak ve evcil hayvanlar\u0131 sert k\u0131\u015f hava ko\u015fullar\u0131ndan koruyacak \u015fekilde \u00f6zel olarak tasarlanm\u0131\u015ft\u0131r.<\/li>\n<li><strong>Dayan\u0131kl\u0131 ve Su Ge\u00e7irmez:<\/strong>\u00a0Ayn\u0131 zamanda su ge\u00e7irmez olan dayan\u0131kl\u0131 malzemelerden \u00fcretilmi\u015ftir ve evcil hayvanlar\u0131n kuru ve rahat kalmas\u0131n\u0131 sa\u011flar.<\/li>\n<li><strong>Nefes Alabilir ve S\u0131cak Tutar:<\/strong>\u00a0Evcil hayvanlar\u0131 a\u015f\u0131r\u0131 \u0131s\u0131nmadan s\u0131cak tutmak i\u00e7in nefes alabilen ancak yal\u0131t\u0131ml\u0131 bir tasar\u0131ma sahiptir.<\/li>\n<li><strong>Toptan ve Fabrika Do\u011frudan:<\/strong>\u00a0Do\u011frudan fabrikam\u0131zdan toptan sat\u0131n al\u0131nabilir, kalite ve maliyet etkinli\u011fi sa\u011flar.<\/li>\n<\/ul>\n<p><strong>Perakendeciler i\u00e7in Faydalar\u0131:<\/strong><\/p>\n<ul>\n<li><strong>Toptan Fiyatland\u0131rma:<\/strong>\u00a0Y\u00fcksek kaliteli evcil hayvan k\u0131yafetlerini rekabet\u00e7i fiyatlarla sunman\u0131za olanak tan\u0131yan fabrika do\u011frudan fiyatland\u0131rmas\u0131ndan yararlan\u0131n.<\/li>\n<li><strong>\u00d6zelle\u015ftirme Se\u00e7enekleri:<\/strong>\u00a0M\u00fc\u015fterilerinize tarzlar\u0131n\u0131 yans\u0131tan \u00f6zelle\u015ftirme se\u00e7enekleriyle ki\u015fiselle\u015ftirilmi\u015f bir \u00fcr\u00fcn sunun.<\/li>\n<li><strong>Kalite G\u00fcvencesi:<\/strong>\u00a0Her bir palto, dayan\u0131kl\u0131l\u0131k ve i\u015flevsellik sa\u011flayan titiz kalite standartlar\u0131n\u0131 kar\u015f\u0131layacak \u015fekilde \u00fcretilmi\u015ftir.<\/li>\n<li><strong>Etkili Nakliye:<\/strong>\u00a0Toptan sipari\u015flerinizin zaman\u0131nda teslimat\u0131 i\u00e7in verimli tedarik zincirimize g\u00fcvenin ve envanterinizin iyi stoklanmas\u0131n\u0131 sa\u011flay\u0131n.<\/li>\n<\/ul>\n<p><strong>Evcil hayvan giyim tekliflerinizi OEM\/ODM K\u0131\u015fl\u0131k Evcil Hayvan D\u0131\u015f Mekan Giyim Montlar\u0131m\u0131zla geli\u015ftirin - i\u015flevsel ve modaya uygun evcil hayvan k\u0131yafetleri sunmak isteyen perakendeciler i\u00e7in m\u00fckemmeldir.<\/strong> Toptan sat\u0131\u015f f\u0131rsatlar\u0131m\u0131z\u0131 ke\u015ffetmek ve evcil hayvan\u0131n\u0131z\u0131n k\u0131\u015f gard\u0131robuna l\u00fcks bir dokunu\u015f getirmek i\u00e7in bug\u00fcn bize ula\u015f\u0131n.<\/p>","protected":false},"excerpt":{"rendered":"<h2>Fabrika Do\u011frudan Seyahat K\u00f6pek Ta\u015f\u0131y\u0131c\u0131lar\u0131 ve Aksesuarlar\u0131<\/h2>\n<p>OEMODM K\u0131\u015fl\u0131k Evcil Hayvan D\u0131\u015f Mekan K\u0131yafet Montunu ke\u015ffedin.<\/p>\n<p>Ma\u011faza <span style=\"color: #ff0000;\"><a style=\"color: #ff0000;\" href=\"https:\/\/pecpets.com\/tr\/urun-kategori%cc%87si%cc%87\/pet-clothing\/\" target=\"_blank\" rel=\"noopener\">toptan evcil hayvan k\u0131yafetleri<\/a><\/span> rakipsiz fiyatlar ve kalite i\u00e7in fabrikadan.<\/p>","protected":false},"featured_media":11990,"template":"","meta":{"_seopress_robots_primary_cat":"none","_seopress_titles_title":"Waterproof Stormsuit Warm Pet Dog Clothing","_seopress_titles_desc":"Explore Waterproof Stormsuit Warm Pet Dog Clothing. Shop wholesale pet clothes from the factory for unbeatable prices and quality.","_seopress_robots_index":"","_uag_custom_page_level_css":""},"product_brand":[],"product_cat":[364,342,23],"product_tag":[],"class_list":{"0":"post-11962","1":"product","2":"type-product","3":"status-publish","4":"has-post-thumbnail","6":"product_cat-basic-dog-clothing","7":"product_cat-pet-coat","8":"product_cat-pet-clothing","10":"first","11":"instock","12":"shipping-taxable","13":"product-type-simple"},"uagb_featured_image_src":{"full":["https:\/\/pecpets.com\/wp-content\/uploads\/2024\/09\/75eb1b8d-fd3e-4737-bf37-f1d23f28944a.jpeg",800,800,false],"thumbnail":["https:\/\/pecpets.com\/wp-content\/uploads\/2024\/09\/75eb1b8d-fd3e-4737-bf37-f1d23f28944a-150x150.jpeg",150,150,true],"medium":["https:\/\/pecpets.com\/wp-content\/uploads\/2024\/09\/75eb1b8d-fd3e-4737-bf37-f1d23f28944a-300x300.jpeg",300,300,true],"medium_large":["https:\/\/pecpets.com\/wp-content\/uploads\/2024\/09\/75eb1b8d-fd3e-4737-bf37-f1d23f28944a-768x768.jpeg",768,768,true],"large":["https:\/\/pecpets.com\/wp-content\/uploads\/2024\/09\/75eb1b8d-fd3e-4737-bf37-f1d23f28944a.jpeg",800,800,false],"1536x1536":["https:\/\/pecpets.com\/wp-content\/uploads\/2024\/09\/75eb1b8d-fd3e-4737-bf37-f1d23f28944a.jpeg",800,800,false],"2048x2048":["https:\/\/pecpets.com\/wp-content\/uploads\/2024\/09\/75eb1b8d-fd3e-4737-bf37-f1d23f28944a.jpeg",800,800,false],"trp-custom-language-flag":["https:\/\/pecpets.com\/wp-content\/uploads\/2024\/09\/75eb1b8d-fd3e-4737-bf37-f1d23f28944a-12x12.jpeg",12,12,true],"woocommerce_thumbnail":["https:\/\/pecpets.com\/wp-content\/uploads\/2024\/09\/75eb1b8d-fd3e-4737-bf37-f1d23f28944a-300x300.jpeg",300,300,true],"woocommerce_single":["https:\/\/pecpets.com\/wp-content\/uploads\/2024\/09\/75eb1b8d-fd3e-4737-bf37-f1d23f28944a-600x600.jpeg",600,600,true],"woocommerce_gallery_thumbnail":["https:\/\/pecpets.com\/wp-content\/uploads\/2024\/09\/75eb1b8d-fd3e-4737-bf37-f1d23f28944a-100x100.jpeg",100,100,true]},"uagb_author_info":{"display_name":"Lawrence\u00a0\u52b3\u4f26\u65af","author_link":"https:\/\/pecpets.com\/tr\/author\/"},"uagb_comment_info":0,"uagb_excerpt":"Factory Direct Travel Dog Carriers and Accessories Explore OEMODM Winter Pet Outdoor Apparel Coat. Shop wholesale pet clothes from the factory for unbeatable prices and quality.","_links":{"self":[{"href":"https:\/\/pecpets.com\/tr\/wp-json\/wp\/v2\/product\/11962","targetHints":{"allow":["GET"]}}],"collection":[{"href":"https:\/\/pecpets.com\/tr\/wp-json\/wp\/v2\/product"}],"about":[{"href":"https:\/\/pecpets.com\/tr\/wp-json\/wp\/v2\/types\/product"}],"wp:featuredmedia":[{"embeddable":true,"href":"https:\/\/pecpets.com\/tr\/wp-json\/wp\/v2\/media\/11990"}],"wp:attachment":[{"href":"https:\/\/pecpets.com\/tr\/wp-json\/wp\/v2\/media?parent=11962"}],"wp:term":[{"taxonomy":"product_brand","embeddable":true,"href":"https:\/\/pecpets.com\/tr\/wp-json\/wp\/v2\/product_brand?post=11962"},{"taxonomy":"product_cat","embeddable":true,"href":"https:\/\/pecpets.com\/tr\/wp-json\/wp\/v2\/product_cat?post=11962"},{"taxonomy":"product_tag","embeddable":true,"href":"https:\/\/pecpets.com\/tr\/wp-json\/wp\/v2\/product_tag?post=11962"}],"curies":[{"name":"wp","href":"https:\/\/api.w.org\/{rel}","templated":true}]}}