{"id":12065,"date":"2024-09-20T17:50:10","date_gmt":"2024-09-20T09:50:10","guid":{"rendered":"https:\/\/pecpets.com\/?post_type=product&#038;p=12065"},"modified":"2025-08-19T14:59:45","modified_gmt":"2025-08-19T06:59:45","slug":"outdoor-sports-wear-winter-warm-thicken-jackets-2","status":"publish","type":"product","link":"https:\/\/pecpets.com\/tr\/product\/outdoor-sports-wear-winter-warm-thicken-jackets-2\/","title":{"rendered":"Do\u011fa Sporlar\u0131 Giyim K\u0131\u015fl\u0131k S\u0131cak Kal\u0131n Ceketler"},"content":{"rendered":"<h2 data-immersive-translate-walked=\"344be1c1-5052-41eb-8fcd-0dbe236a0d6b\" data-immersive-translate-paragraph=\"1\">L\u00fcks Y\u00fcksek Kaliteli Do\u011fa Sporlar\u0131 Giyim K\u0131\u015f S\u0131cak Kal\u0131n K\u00f6pek Ceket - Fabrikadan Pet Giyim Toptan Sat\u0131\u015f<\/h2>\n<p>L\u00fcks Y\u00fcksek Kaliteli Do\u011fa Sporlar\u0131 Giyim K\u0131\u015fl\u0131k S\u0131cak Kal\u0131nla\u015ft\u0131r\u0131lm\u0131\u015f K\u00f6pek Ceketimiz ile so\u011fuk havan\u0131n \u00f6n\u00fcne ge\u00e7in. Bu birinci s\u0131n\u0131f evcil hayvan k\u0131yafeti, k\u0131\u015f a\u00e7\u0131k hava etkinlikleri s\u0131ras\u0131nda t\u00fcyl\u00fc arkada\u015f\u0131n\u0131z i\u00e7in \u00fcst\u00fcn s\u0131cakl\u0131k ve koruma sa\u011flamak \u00fczere tasarlanm\u0131\u015ft\u0131r. Do\u011frudan fabrikam\u0131zdan toptan sat\u0131\u015f i\u00e7in mevcut olan bu \u00fcr\u00fcn, en \u00fcst d\u00fczey kalite ve rekabet\u00e7i fiyatland\u0131rma sa\u011flar.<\/p>\n<table width=\"288\">\n<tbody>\n<tr>\n<td width=\"137\"><span style=\"color: #333333;\">\u00dcr\u00fcn Ad\u0131<\/span><\/td>\n<td width=\"151\"><span style=\"color: #333333;\">Evcil Hayvan Giysileri<\/span><\/td>\n<\/tr>\n<tr>\n<td><span style=\"color: #333333;\">\u00dcr\u00fcn No.<\/span><\/td>\n<td><span style=\"color: #333333;\">P-C2109<\/span><\/td>\n<\/tr>\n<tr>\n<td><span style=\"color: #333333;\">Malzeme<\/span><\/td>\n<td>Pamuk, Polyester, Polar<\/td>\n<\/tr>\n<tr>\n<td><span style=\"color: #333333;\">\u00a0Boyut ve Renk<\/span><\/td>\n<td><span style=\"color: #333333;\">\u00d6zelle\u015ftirilmi\u015f<\/span><\/td>\n<\/tr>\n<tr>\n<td><span style=\"color: #333333;\">\u00a0Teslimat s\u00fcresi<\/span><\/td>\n<td><span style=\"color: #333333;\">Hava yoluyla k\u00fc\u00e7\u00fck miktarlar i\u00e7in 1- 5 g\u00fcn ve deniz yoluyla b\u00fcy\u00fck miktarlar i\u00e7in 30- 35 g\u00fcn<\/span><\/td>\n<\/tr>\n<\/tbody>\n<\/table>\n<h4>Temel \u00d6zellikler:<\/h4>\n<ul>\n<li><strong>K\u0131\u015f S\u0131cakl\u0131\u011f\u0131<\/strong>: Evcil hayvan\u0131n\u0131z\u0131 so\u011fuk havalarda s\u0131cak ve rahat tutmak i\u00e7in y\u00fcksek kaliteli, kal\u0131n malzemelerden yap\u0131lm\u0131\u015ft\u0131r.<\/li>\n<li><strong>Y\u00fcksek Kaliteli Yap\u0131<\/strong>: Dayan\u0131kl\u0131 ve uzun \u00f6m\u00fcrl\u00fcd\u00fcr, a\u00e7\u0131k hava sporlar\u0131n\u0131n ve aktivitelerinin zorluklar\u0131na dayanacak \u015fekilde tasarlanm\u0131\u015ft\u0131r.<\/li>\n<li><strong>L\u00fcks ve Stil<\/strong>: Hem l\u00fckse hem de pratikli\u011fe \u00f6nem veren evcil hayvan sahiplerine hitap eden zarif ve i\u015flevsel tasar\u0131m.<\/li>\n<li><strong>Ayarlanabilir ve G\u00fcvenli Uyum<\/strong>: M\u00fckemmel bir uyum ve geli\u015fmi\u015f g\u00fcvenlik sa\u011flamak i\u00e7in ayarlanabilir kay\u0131\u015flar ve g\u00fcvenli kapaklar i\u00e7erir.<\/li>\n<li><strong>Giymesi Kolay<\/strong>: Takmas\u0131 ve \u00e7\u0131karmas\u0131 kolayd\u0131r, g\u00fcnl\u00fck kullan\u0131m i\u00e7in uygundur.<\/li>\n<li><strong>Toptan Sat\u0131\u015f<\/strong>: Do\u011frudan fabrikadan, tutarl\u0131 kalite ve toplu sipari\u015fler i\u00e7in uygun maliyetli fiyatland\u0131rma sa\u011flar.<\/li>\n<\/ul>\n<h3>\u015eunun i\u00e7in ideal:<\/h3>\n<ul>\n<li>Pet owners are looking for a high-quality, warm, and stylish jacket for their dogs during winter outdoor activities.<\/li>\n<li>Fabrika do\u011frudan fiyatlar\u0131yla l\u00fcks evcil hayvan k\u0131yafetleri arayan perakendeciler ve toptanc\u0131lar.<\/li>\n<li>Businesses aim to offer their customers premium pet clothing that combines warmth, comfort, and style.<\/li>\n<\/ul>\n<p>K\u00f6pe\u011finizi k\u0131\u015f maceralar\u0131 i\u00e7in L\u00fcks Y\u00fcksek Kaliteli Do\u011fa Sporlar\u0131 Giyim K\u0131\u015fl\u0131k S\u0131cak Kal\u0131nla\u015ft\u0131r\u0131lm\u0131\u015f K\u00f6pek Ceketi ile donat\u0131n. Toptan sat\u0131\u015f talepleri ve fabrika do\u011frudan fiyatland\u0131rmas\u0131 i\u00e7in bug\u00fcn bize ula\u015f\u0131n.<\/p>","protected":false},"excerpt":{"rendered":"<h2>Do\u011fa Sporlar\u0131 Giyim K\u0131\u015fl\u0131k S\u0131cak Kal\u0131n Ceketler<\/h2>\n<p>En iyi evcil hayvan giyim \u00fcreticilerinin K\u0131\u015fl\u0131k S\u0131cak Kal\u0131n Ceketlerini ke\u015ffedin.<\/p>\n<p>Y\u00fcksek kaliteli tasar\u0131mlar\u0131m\u0131zla evcil hayvanlar\u0131n\u0131z\u0131n \u015f\u0131kl\u0131\u011f\u0131n\u0131 koruyun.<\/p>","protected":false},"featured_media":8192,"template":"","meta":{"_seopress_robots_primary_cat":"none","_seopress_titles_title":"Winter Warm Thicken Jackets - Manufacturers","_seopress_titles_desc":"Discover Winter Warm Thicken Jackets from top pet apparel manufacturers. Keep your pets stylish with our high-quality designs.\u00a0","_seopress_robots_index":"","_uag_custom_page_level_css":""},"product_brand":[],"product_cat":[364,341,23],"product_tag":[],"class_list":{"0":"post-12065","1":"product","2":"type-product","3":"status-publish","4":"has-post-thumbnail","6":"product_cat-basic-dog-clothing","7":"product_cat-dog-jacket","8":"product_cat-pet-clothing","10":"first","11":"instock","12":"shipping-taxable","13":"product-type-simple"},"uagb_featured_image_src":{"full":["https:\/\/pecpets.com\/wp-content\/uploads\/2024\/07\/8420327045_644690080.jpg",800,800,false],"thumbnail":["https:\/\/pecpets.com\/wp-content\/uploads\/2024\/07\/8420327045_644690080-150x150.jpg",150,150,true],"medium":["https:\/\/pecpets.com\/wp-content\/uploads\/2024\/07\/8420327045_644690080-300x300.jpg",300,300,true],"medium_large":["https:\/\/pecpets.com\/wp-content\/uploads\/2024\/07\/8420327045_644690080-768x768.jpg",768,768,true],"large":["https:\/\/pecpets.com\/wp-content\/uploads\/2024\/07\/8420327045_644690080.jpg",800,800,false],"1536x1536":["https:\/\/pecpets.com\/wp-content\/uploads\/2024\/07\/8420327045_644690080.jpg",800,800,false],"2048x2048":["https:\/\/pecpets.com\/wp-content\/uploads\/2024\/07\/8420327045_644690080.jpg",800,800,false],"trp-custom-language-flag":["https:\/\/pecpets.com\/wp-content\/uploads\/2024\/07\/8420327045_644690080.jpg",12,12,false],"woocommerce_thumbnail":["https:\/\/pecpets.com\/wp-content\/uploads\/2024\/07\/8420327045_644690080-300x300.jpg",300,300,true],"woocommerce_single":["https:\/\/pecpets.com\/wp-content\/uploads\/2024\/07\/8420327045_644690080-600x600.jpg",600,600,true],"woocommerce_gallery_thumbnail":["https:\/\/pecpets.com\/wp-content\/uploads\/2024\/07\/8420327045_644690080-100x100.jpg",100,100,true]},"uagb_author_info":{"display_name":"Lawrence\u00a0\u52b3\u4f26\u65af","author_link":"https:\/\/pecpets.com\/tr\/author\/"},"uagb_comment_info":0,"uagb_excerpt":"Outdoor Sports Wear Winter Warm Thicken Jackets Discover Winter Warm Thicken Jackets from top pet apparel manufacturers. Keep your pets stylish with our high-quality designs.","_links":{"self":[{"href":"https:\/\/pecpets.com\/tr\/wp-json\/wp\/v2\/product\/12065","targetHints":{"allow":["GET"]}}],"collection":[{"href":"https:\/\/pecpets.com\/tr\/wp-json\/wp\/v2\/product"}],"about":[{"href":"https:\/\/pecpets.com\/tr\/wp-json\/wp\/v2\/types\/product"}],"wp:featuredmedia":[{"embeddable":true,"href":"https:\/\/pecpets.com\/tr\/wp-json\/wp\/v2\/media\/8192"}],"wp:attachment":[{"href":"https:\/\/pecpets.com\/tr\/wp-json\/wp\/v2\/media?parent=12065"}],"wp:term":[{"taxonomy":"product_brand","embeddable":true,"href":"https:\/\/pecpets.com\/tr\/wp-json\/wp\/v2\/product_brand?post=12065"},{"taxonomy":"product_cat","embeddable":true,"href":"https:\/\/pecpets.com\/tr\/wp-json\/wp\/v2\/product_cat?post=12065"},{"taxonomy":"product_tag","embeddable":true,"href":"https:\/\/pecpets.com\/tr\/wp-json\/wp\/v2\/product_tag?post=12065"}],"curies":[{"name":"wp","href":"https:\/\/api.w.org\/{rel}","templated":true}]}}