{"id":1684,"date":"2022-07-15T15:07:22","date_gmt":"2022-07-15T07:07:22","guid":{"rendered":"https:\/\/pecpets.com\/?post_type=product&#038;p=1684"},"modified":"2024-06-15T14:11:24","modified_gmt":"2024-06-15T06:11:24","slug":"water-spray-dog-toy","status":"publish","type":"product","link":"https:\/\/pecpets.com\/tr\/product\/water-spray-dog-toy\/","title":{"rendered":"Su Spreyi K\u00f6pek Oyunca\u011f\u0131"},"content":{"rendered":"<h2>Dog Chew Toy<\/h2>\n<p><span style=\"color: #ff9900;\"><strong>[Simple to use]<\/strong><\/span> This toy is very simple to use. It will not only bring happiness to the dog when he is bored or not accompanied by the owner, but also reduce the anxiety caused by loneliness, preventing him from destroying the furnishings and clothes at home, and bring happy experience to him.<\/p>\n<p><span style=\"color: #ff0000;\"><strong>Length: 2.44in<\/strong><\/span><\/p>\n<p><span style=\"color: #ff0000;\"><strong>Width: 2.44in<\/strong><\/span><\/p>\n<p><span style=\"color: #ff0000;\"><strong>Height: 2.40in<\/strong><\/span><\/p>\n<p><span style=\"color: #ff0000;\"><strong>Weight: 0.09lb<\/strong><\/span><\/p>\n<p><span style=\"color: #ff9900;\"><strong>[Multi-purpose dog toy]<\/strong> <\/span>This is a multi-purpose dog toy, with a combination of teeth grinding &amp;cleaning, funny sounding, retrieve training, floating and other functions.<\/p>\n<p>This toy can bring multiple fun to the dog.<\/p>\n<p><span style=\"color: #ff9900;\"><strong>[Teeth grinding &amp;cleaning function]<\/strong><\/span> The newly designed grinding bumps of irregular organic texture can thoroughly clean your dog&#8217;s incisors, cusps and molars while playing with it, effectively removing all kinds of food residue, dirt and dental calculus, fully protecting your dog&#8217;s teeth and oral health.<\/p>\n<p><span style=\"color: #ff9900;\"><strong>[Funny sounding design]<\/strong><\/span> The toy is designed with a funny sounding device. When the dog bites the toy, the whistle inside will make different squeaks of different volume, which can effectively intrigue the dog in playing.<\/p>\n<p><span style=\"color: #ff9900;\"><strong>[Retrieve training function]<\/strong><\/span> The master can directly throw the ball to the distance with his hand, or using of the throwing rod to throw the ball for the dog to retrieve it. Repeating this process will not only exercise the dog&#8217;s physical quality, but also enhance the master and pet feelings and tacit understanding.<\/p>\n<p><span style=\"color: #ff9900;\"><strong>[Hard to break]<\/strong><\/span> This toy is made of soft TPR of increased wall-thickness, which is to improve the biting resistance of the grinding ball. It can bounce off the ground and protect the internal sound device. It won&#8217;t be damaged even used by dogs for a longtime.<\/p>\n<p><span style=\"color: #ff9900;\"><strong>[Floating toy on water]<\/strong><\/span> This toy can float on water as a floating toy for your dog when he is out swimming or taking a bath.<\/p>\n","protected":false},"excerpt":{"rendered":"<h3 data-spm-anchor-id=\"a2700.wholesale.0.i20.695d64e6pLf37Y\"><span style=\"color: #000000;\"><strong>Dog Chew Toys for Aggressive Chewers Durable Rubber Toothbrush Toy Interactive Dinosaur Tough Dog Toys for Small Dog<\/strong><\/span><\/h3>\n<h2 class=\"EllipsisTextContainer-wz2pam-1 ihPcpc\"><\/h2>","protected":false},"featured_media":1687,"template":"","meta":{"_seopress_robots_primary_cat":"none","_seopress_titles_title":"Pet Toy:Dog Chew Toy - Professional Pet Product Manufacturer","_seopress_titles_desc":"Explore our durable dog chew toy designed for long-lasting use. Ideal for wholesalers, factories, and manufacturers looking for premium pet accessories.","_seopress_robots_index":"","_uag_custom_page_level_css":""},"product_brand":[],"product_cat":[29],"product_tag":[169,170,168],"class_list":{"0":"post-1684","1":"product","2":"type-product","3":"status-publish","4":"has-post-thumbnail","6":"product_cat-pet-toys","7":"product_tag-dog-toy","8":"product_tag-food-toy","9":"product_tag-pet-toy","11":"first","12":"instock","13":"shipping-taxable","14":"product-type-simple"},"uagb_featured_image_src":{"full":["https:\/\/pecpets.com\/wp-content\/uploads\/2022\/07\/\u4e3b\u56fe-03.jpg",800,800,false],"thumbnail":["https:\/\/pecpets.com\/wp-content\/uploads\/2022\/07\/\u4e3b\u56fe-03.jpg",150,150,false],"medium":["https:\/\/pecpets.com\/wp-content\/uploads\/2022\/07\/\u4e3b\u56fe-03.jpg",300,300,false],"medium_large":["https:\/\/pecpets.com\/wp-content\/uploads\/2022\/07\/\u4e3b\u56fe-03.jpg",768,768,false],"large":["https:\/\/pecpets.com\/wp-content\/uploads\/2022\/07\/\u4e3b\u56fe-03.jpg",800,800,false],"1536x1536":["https:\/\/pecpets.com\/wp-content\/uploads\/2022\/07\/\u4e3b\u56fe-03.jpg",800,800,false],"2048x2048":["https:\/\/pecpets.com\/wp-content\/uploads\/2022\/07\/\u4e3b\u56fe-03.jpg",800,800,false],"trp-custom-language-flag":["https:\/\/pecpets.com\/wp-content\/uploads\/2022\/07\/\u4e3b\u56fe-03.jpg",12,12,false],"woocommerce_thumbnail":["https:\/\/pecpets.com\/wp-content\/uploads\/2022\/07\/\u4e3b\u56fe-03.jpg",300,300,false],"woocommerce_single":["https:\/\/pecpets.com\/wp-content\/uploads\/2022\/07\/\u4e3b\u56fe-03.jpg",600,600,false],"woocommerce_gallery_thumbnail":["https:\/\/pecpets.com\/wp-content\/uploads\/2022\/07\/\u4e3b\u56fe-03.jpg",100,100,false]},"uagb_author_info":{"display_name":"Lawrence\u00a0\u52b3\u4f26\u65af","author_link":"https:\/\/pecpets.com\/tr\/author\/"},"uagb_comment_info":0,"uagb_excerpt":"Dog Chew Toys for Aggressive Chewers Durable Rubber Toothbrush Toy Interactive Dinosaur Tough Dog Toys for Small Dog","_links":{"self":[{"href":"https:\/\/pecpets.com\/tr\/wp-json\/wp\/v2\/product\/1684","targetHints":{"allow":["GET"]}}],"collection":[{"href":"https:\/\/pecpets.com\/tr\/wp-json\/wp\/v2\/product"}],"about":[{"href":"https:\/\/pecpets.com\/tr\/wp-json\/wp\/v2\/types\/product"}],"wp:featuredmedia":[{"embeddable":true,"href":"https:\/\/pecpets.com\/tr\/wp-json\/wp\/v2\/media\/1687"}],"wp:attachment":[{"href":"https:\/\/pecpets.com\/tr\/wp-json\/wp\/v2\/media?parent=1684"}],"wp:term":[{"taxonomy":"product_brand","embeddable":true,"href":"https:\/\/pecpets.com\/tr\/wp-json\/wp\/v2\/product_brand?post=1684"},{"taxonomy":"product_cat","embeddable":true,"href":"https:\/\/pecpets.com\/tr\/wp-json\/wp\/v2\/product_cat?post=1684"},{"taxonomy":"product_tag","embeddable":true,"href":"https:\/\/pecpets.com\/tr\/wp-json\/wp\/v2\/product_tag?post=1684"}],"curies":[{"name":"wp","href":"https:\/\/api.w.org\/{rel}","templated":true}]}}