{"id":1724,"date":"2022-07-18T11:33:10","date_gmt":"2022-07-18T03:33:10","guid":{"rendered":"https:\/\/pecpets.com\/?post_type=product&#038;p=1724"},"modified":"2024-06-15T14:11:39","modified_gmt":"2024-06-15T06:11:39","slug":"dinosaur-dog-chew-toy","status":"publish","type":"product","link":"https:\/\/pecpets.com\/tr\/product\/dinosaur-dog-chew-toy\/","title":{"rendered":"Dinozor K\u00f6pek \u00c7i\u011fneme Oyunca\u011f\u0131"},"content":{"rendered":"<h2>Dog Chew Toy<\/h2>\n<p><span style=\"color: #ff0000;\"><strong>Toy body: Length: 4.17 in Width: 4.29 in Height: 5.83in Weight: 0.54lb<\/strong><\/span><\/p>\n<p>&nbsp;<\/p>\n<p>This toy not only increases IQ but also relieves doggies from daily anxiety, also protecting the furniture clothes, and else from damage. Meanwhile, we suggested that you can share this toy with your buddy for 20-30 mins every day. this is the best for his health.<\/p>\n<p>&nbsp;<\/p>\n<p><span style=\"color: #ff9900;\"><strong>[Multifunctional doggy toy]<\/strong><\/span> This is the brand new design superhero idea, a multifunctional doggy chew toy, it is made of 3 textures, the Thermoplastic Rubber(TPR) elastic texture and durable nylon material, doggy chewing-cotton rope. Different texture will let doggy experience chewing ways, satisfying doggy&#8217;s different needs of chewing. and playing. It has been tested in multiple ways, doggies need different soft and hard textures during chewing, the simple way of hard texture or soft texture will be hard to satisfy doggy&#8217;s habits in chewing. But our product has 3textures with different match, a perfect solution for doggies to chew.<\/p>\n<p><span style=\"color: #ff9900;\"><strong>[Chewing and brushing teeth]<\/strong> <\/span>The brand new ridge-shaped design, the brand new zigzag bristles, different styles of chewing shapes, different levels of armor, chewing curved surface, thar&#8217;s all helpful during chewing time for brushing teeth in every co mer. Also, a nice way to clean the rice residue, dirt and tartar from doggy&#8217;s incisors, sharp teeth and molars.<\/p>\n<p><span style=\"color: #ff9900;\"><strong>[Cotton rope designed for playing]<\/strong> <\/span>At the tail part of the toy, we designed the cotton rope for stretching game, one way light up the passion to chew more and more, another way bringing doggy different experiences of chewing. attracting doggies, it will drive them crazy in love with this toy.<\/p>\n<p><span style=\"color: #ff9900;\"><strong>[Interactive training toy]<\/strong> <\/span>The owner can easily throw this toy away, doggy will fetch it back to you, we can practice several times, one way let doggy do more exercises for the physical health, another way to make the bonding between doggy and the owner stronger. Of course, playing it outdoor on the water is a good choice as well.<\/p>\n<p><strong><span style=\"color: #ff9900;\">[Very durable, hard to destroy, a teeth cleaning toy]<\/span> <\/strong>This doggy toy is impossible to breaker smash in pieces, not even smash it in pieces, the extreme hard nylon material armor, the main body part of our toy is made of very flexible soft TP R material, a perfect toy for big, medium or small size doggies, you don&#8217;t need to worry about using in long term.<\/p>\n<p><span style=\"color: #ff9900;\"><strong>[Easy to use]<\/strong><\/span> We can share this toy to our toy, indoor or outdoor. During playing with this toy, it will help you to brush doggy&#8217;s teeth, make sure the dental health is at a good level, from every second till every day.<\/p>\n<p>&nbsp;<\/p>\n","protected":false},"excerpt":{"rendered":"<h3 data-spm-anchor-id=\"a2700.wholesale.0.i20.695d64e6pLf37Y\"><span style=\"color: #000000;\"><strong>Dog Chew Toys for Aggressive Chewers Durable Rubber Toothbrush Toy Interactive Dinosaur Tough Dog Toys for Small Dog<\/strong><\/span><\/h3>\n<h2 class=\"EllipsisTextContainer-wz2pam-1 ihPcpc\"><\/h2>","protected":false},"featured_media":1725,"template":"","meta":{"_seopress_robots_primary_cat":"none","_seopress_titles_title":"Pet Toy:Dog Chew Toy - Professional Pet Product Manufacturer","_seopress_titles_desc":"Explore our durable dog chew toy designed for long-lasting use. Ideal for wholesalers, factories, and manufacturers looking for premium pet accessories.","_seopress_robots_index":"","_uag_custom_page_level_css":""},"product_brand":[],"product_cat":[29],"product_tag":[169,170,168],"class_list":{"0":"post-1724","1":"product","2":"type-product","3":"status-publish","4":"has-post-thumbnail","6":"product_cat-pet-toys","7":"product_tag-dog-toy","8":"product_tag-food-toy","9":"product_tag-pet-toy","11":"first","12":"instock","13":"shipping-taxable","14":"product-type-simple"},"uagb_featured_image_src":{"full":["https:\/\/pecpets.com\/wp-content\/uploads\/2022\/07\/\u4e3b\u56fe-05-3.jpg",800,800,false],"thumbnail":["https:\/\/pecpets.com\/wp-content\/uploads\/2022\/07\/\u4e3b\u56fe-05-3.jpg",150,150,false],"medium":["https:\/\/pecpets.com\/wp-content\/uploads\/2022\/07\/\u4e3b\u56fe-05-3.jpg",300,300,false],"medium_large":["https:\/\/pecpets.com\/wp-content\/uploads\/2022\/07\/\u4e3b\u56fe-05-3.jpg",768,768,false],"large":["https:\/\/pecpets.com\/wp-content\/uploads\/2022\/07\/\u4e3b\u56fe-05-3.jpg",800,800,false],"1536x1536":["https:\/\/pecpets.com\/wp-content\/uploads\/2022\/07\/\u4e3b\u56fe-05-3.jpg",800,800,false],"2048x2048":["https:\/\/pecpets.com\/wp-content\/uploads\/2022\/07\/\u4e3b\u56fe-05-3.jpg",800,800,false],"trp-custom-language-flag":["https:\/\/pecpets.com\/wp-content\/uploads\/2022\/07\/\u4e3b\u56fe-05-3.jpg",12,12,false],"woocommerce_thumbnail":["https:\/\/pecpets.com\/wp-content\/uploads\/2022\/07\/\u4e3b\u56fe-05-3.jpg",300,300,false],"woocommerce_single":["https:\/\/pecpets.com\/wp-content\/uploads\/2022\/07\/\u4e3b\u56fe-05-3.jpg",600,600,false],"woocommerce_gallery_thumbnail":["https:\/\/pecpets.com\/wp-content\/uploads\/2022\/07\/\u4e3b\u56fe-05-3.jpg",100,100,false]},"uagb_author_info":{"display_name":"Lawrence\u00a0\u52b3\u4f26\u65af","author_link":"https:\/\/pecpets.com\/tr\/author\/"},"uagb_comment_info":0,"uagb_excerpt":"Dog Chew Toys for Aggressive Chewers Durable Rubber Toothbrush Toy Interactive Dinosaur Tough Dog Toys for Small Dog","_links":{"self":[{"href":"https:\/\/pecpets.com\/tr\/wp-json\/wp\/v2\/product\/1724","targetHints":{"allow":["GET"]}}],"collection":[{"href":"https:\/\/pecpets.com\/tr\/wp-json\/wp\/v2\/product"}],"about":[{"href":"https:\/\/pecpets.com\/tr\/wp-json\/wp\/v2\/types\/product"}],"wp:featuredmedia":[{"embeddable":true,"href":"https:\/\/pecpets.com\/tr\/wp-json\/wp\/v2\/media\/1725"}],"wp:attachment":[{"href":"https:\/\/pecpets.com\/tr\/wp-json\/wp\/v2\/media?parent=1724"}],"wp:term":[{"taxonomy":"product_brand","embeddable":true,"href":"https:\/\/pecpets.com\/tr\/wp-json\/wp\/v2\/product_brand?post=1724"},{"taxonomy":"product_cat","embeddable":true,"href":"https:\/\/pecpets.com\/tr\/wp-json\/wp\/v2\/product_cat?post=1724"},{"taxonomy":"product_tag","embeddable":true,"href":"https:\/\/pecpets.com\/tr\/wp-json\/wp\/v2\/product_tag?post=1724"}],"curies":[{"name":"wp","href":"https:\/\/api.w.org\/{rel}","templated":true}]}}