{"id":19115,"date":"2025-01-10T14:12:10","date_gmt":"2025-01-10T06:12:10","guid":{"rendered":"https:\/\/pecpets.com\/?post_type=product&#038;p=19115"},"modified":"2025-01-10T14:39:27","modified_gmt":"2025-01-10T06:39:27","slug":"pet-travel-carriers","status":"publish","type":"product","link":"https:\/\/pecpets.com\/tr\/product\/pet-travel-carriers\/","title":{"rendered":"Evcil Hayvan Seyahat Ta\u015f\u0131y\u0131c\u0131lar\u0131"},"content":{"rendered":"<h2 title=\"Foldable Dog Bag Breathable Mesh Pet Shoulder Bag for Small Pet Dog Cats\" data-immersive-translate-walked=\"1c928421-2e42-4cd3-8754-5404553c0af5\" data-immersive-translate-paragraph=\"1\" data-spm-anchor-id=\"a2700.details.0.i35.4f6757d4w4zNZA\">Pet Travel Carriers and Dog Bags &#8211; Wholesale from Factory [Pet Carriers, Dog Bags, Wholesale, Factory]<\/h2>\n<div class=\"flex flex-grow flex-col max-w-full\">\n<div class=\"min-h-[20px] text-message flex w-full flex-col items-end gap-2 whitespace-pre-wrap break-words [.text-message+&amp;]:mt-5 overflow-x-auto\" dir=\"auto\" data-message-author-role=\"assistant\" data-message-id=\"3d7d46f6-7ec2-4222-9257-48fa0bba23c6\" data-suggestions=\"true\">\n<div class=\"flex w-full flex-col gap-1 empty:hidden first:pt-[3px]\">\n<div class=\"markdown prose w-full break-words dark:prose-invert light\">\n<p>Enhance your pet product offerings with our extensive range of Pet Travel Carriers and Dog Bags, designed to provide comfort and convenience for pets on the go. As a leading factory-direct supplier, we specialize in creating high-quality pet travel solutions that cater to the needs of both pets and their owners.<\/p>\n<table style=\"border-collapse: collapse; background-color: #ffffff; width: 334px; height: 244px;\" border=\"1\">\n<tbody>\n<tr>\n<td style=\"font-family: Verdana, Arial, Helvetica, sans-serif; font-size: 12px; color: #000000; margin: 8px; width: 187px; text-align: center;\"><span style=\"line-height: 21px; font-size: 14px;\">Products Name<\/span><\/td>\n<td style=\"font-family: Verdana, Arial, Helvetica, sans-serif; font-size: 12px; color: #000000; margin: 8px; width: 526px; text-align: center;\"><span style=\"font-size: 14px;\">Pet Carrier<\/span><\/td>\n<\/tr>\n<tr>\n<td style=\"font-family: Verdana, Arial, Helvetica, sans-serif; font-size: 12px; color: #000000; margin: 8px; width: 187px; text-align: center;\"><span style=\"line-height: 21px; font-size: 14px;\">Item No.<\/span><\/td>\n<td style=\"font-family: Verdana, Arial, Helvetica, sans-serif; font-size: 12px; color: #000000; margin: 8px; width: 526px; text-align: center;\"><span style=\"line-height: 21px; font-size: 14px;\">P-C2081<\/span><\/td>\n<\/tr>\n<tr>\n<td style=\"font-family: Verdana, Arial, Helvetica, sans-serif; font-size: 12px; color: #000000; margin: 8px; width: 187px; text-align: center;\"><span style=\"line-height: 21px; color: #333333; font-family: Arial, Helvetica; font-size: 14px; font-style: normal; font-weight: 400; background-color: #ffffff; float: none; display: inline !important;\">Material<\/span><\/td>\n<td style=\"font-family: Verdana, Arial, Helvetica, sans-serif; font-size: 12px; color: #000000; margin: 8px; width: 526px; text-align: center;\"><span style=\"color: #333333; font-family: Helvetica,Tahoma,Arial; font-size: 12px; font-style: normal; font-weight: 400; background-color: #fcfcfc; display: inline !important; float: none;\">Oxford Fabric<\/span><\/td>\n<\/tr>\n<tr>\n<td style=\"font-family: Verdana, Arial, Helvetica, sans-serif; font-size: 12px; color: #000000; margin: 8px; width: 187px; text-align: center;\"><span style=\"line-height: 21px; font-size: 14px;\">\u00a0Size<\/span><\/td>\n<td style=\"margin: 8px; width: 526px; text-align: center;\"><span style=\"color: #222222; font-family: Helvetica, Tahoma, Arial;\"><span style=\"font-size: 14px;\">Customized Size<\/span><\/span><\/td>\n<\/tr>\n<tr>\n<td style=\"font-family: Verdana, Arial, Helvetica, sans-serif; font-size: 12px; color: #000000; margin: 8px; width: 187px; text-align: center;\"><span style=\"line-height: 21px; font-size: 14px;\">\u00a0Color<\/span><\/td>\n<td style=\"font-family: Verdana, Arial, Helvetica, sans-serif; font-size: 12px; color: #000000; margin: 8px; width: 526px; text-align: center;\"><span style=\"font-size: 14px;\">Customized Color<\/span><\/td>\n<\/tr>\n<tr>\n<td style=\"font-family: Verdana, Arial, Helvetica, sans-serif; font-size: 12px; color: #000000; margin: 8px; width: 187px; text-align: center;\"><span style=\"line-height: 21px; font-size: 14px;\">\u00a0<span style=\"line-height: 21px; color: #333333; font-family: Arial, Helvetica; font-size: 14px; font-style: normal; font-weight: 400; background-color: #ffffff; float: none; display: inline !important;\">Pet type<\/span><\/span><\/td>\n<td style=\"font-family: Verdana, Arial, Helvetica, sans-serif; font-size: 12px; color: #000000; margin: 8px; width: 526px; text-align: center;\"><span style=\"line-height: 21px; font-size: 14px;\">\u00a0All Dog<\/span><\/td>\n<\/tr>\n<tr>\n<td style=\"font-family: Verdana, Arial, Helvetica, sans-serif; font-size: 12px; color: #000000; margin: 8px; width: 187px; text-align: center;\"><span style=\"line-height: 21px; font-size: 14px;\">\u00a0<span style=\"line-height: 21px; color: #333333; font-family: Arial, Helvetica; font-size: 14px; font-style: normal; font-weight: 400; background-color: #ffffff; float: none; display: inline !important;\">Delivery time<\/span><\/span><\/td>\n<td style=\"font-family: Verdana, Arial, Helvetica, sans-serif; font-size: 12px; color: #000000; margin: 8px; width: 526px; text-align: center;\"><span style=\"line-height: 21px; font-size: 14px;\"><span style=\"line-height: 21px; color: #000000; font-family: Verdana, Arial, Helvetica, sans-serif; font-size: 14px; font-style: normal; font-weight: 400; background-color: #ffffff; float: none; display: inline !important;\">1-5days\u00a0for small quantity by air and 30-35days for large quantity by sea<\/span>\u00a0<\/span><\/td>\n<\/tr>\n<tr>\n<td style=\"font-family: Verdana, Arial, Helvetica, sans-serif; font-size: 12px; color: #000000; margin: 8px; width: 187px; text-align: center;\"><span style=\"line-height: 21px; font-size: 14px;\">\u00a0<span style=\"line-height: 21px; color: #333333; font-family: Arial, Helvetica; font-size: 14px; font-style: normal; font-weight: 400; background-color: #ffffff; float: none; display: inline !important;\">Port of shipment<\/span><\/span><\/td>\n<td style=\"font-family: Verdana, Arial, Helvetica, sans-serif; font-size: 12px; color: #000000; margin: 8px; width: 526px; text-align: center;\"><span style=\"line-height: 21px; font-size: 14px;\">Xiamen\u00a0<\/span><\/td>\n<\/tr>\n<tr>\n<td style=\"font-family: Verdana, Arial, Helvetica, sans-serif; font-size: 12px; color: #000000; margin: 8px; width: 187px; text-align: center;\"><span style=\"line-height: 21px; font-size: 14px;\">\u00a0<span style=\"line-height: 21px; color: #333333; font-family: Arial, Helvetica; font-size: 14px; font-style: normal; font-weight: 400; background-color: #ffffff; float: none; display: inline !important;\">OEM\/ODM<\/span><\/span><\/td>\n<td style=\"font-family: Verdana, Arial, Helvetica, sans-serif; font-size: 12px; color: #000000; margin: 8px; width: 526px; text-align: center;\"><span style=\"line-height: 21px; font-size: 14px;\">\u00a0<span style=\"line-height: 21px; color: #333333; font-family: Arial, Helvetica; font-size: 14px; font-style: normal; font-weight: 400; background-color: #ffffff; float: none; display: inline !important;\">Available<\/span><\/span><\/td>\n<\/tr>\n<tr>\n<td style=\"font-family: Verdana, Arial, Helvetica, sans-serif; font-size: 12px; color: #000000; margin: 8px; width: 187px; text-align: center;\"><span style=\"line-height: 21px; font-size: 14px;\">\u00a0<span style=\"line-height: 21px; color: #333333; font-family: Arial, Helvetica; font-size: 14px; font-style: normal; font-weight: 400; background-color: #ffffff; float: none; display: inline !important;\">Package<\/span><\/span><\/td>\n<td style=\"font-family: Verdana, Arial, Helvetica, sans-serif; font-size: 12px; color: #000000; margin: 8px; width: 526px; text-align: center;\"><span style=\"line-height: 21px; font-size: 14px;\"><span style=\"line-height: 21px; color: #333333; font-family: Arial, Helvetica; font-size: 14px; font-style: normal; font-weight: 400; background-color: #ffffff; float: none; display: inline !important;\">Each one is packed in a PPB and then into a Carton or if needed<\/span><\/span><\/td>\n<\/tr>\n<\/tbody>\n<\/table>\n<div class=\"pop-container\">\n<div class=\"popcontent-hole\">\n<div class=\"pop-content\">\n<div class=\"normal___qxduM\">\n<div class=\"\">\n<div id=\"chat-markdown-ctue6nb67ti4utnffkj0-0-0\">\n<div class=\"markdown___vuBDJ\">\n<div class=\"markdown___vuBDJ\">\n<div class=\"paragraph\">\n<div class=\"paragraph\">Key Features:<\/div>\n<ul>\n<li>\n<div class=\"paragraph\"><strong class=\"\">Comfort and Safety<\/strong>: Our Pet Travel Carriers are designed with comfort in mind, featuring soft padding and secure closures to keep your pet safe and cozy during travel.<\/div>\n<\/li>\n<li>\n<div class=\"paragraph\"><strong class=\"\">Durable and Stylish<\/strong>: Crafted from high-quality materials, our carriers and dog bags are built to last, providing durability and style that pet owners can rely on for their adventures.<\/div>\n<\/li>\n<li>\n<div class=\"paragraph\"><strong class=\"\">Easy to Use<\/strong>: The carriers include easy-to-carry handles and adjustable straps, making it simple to transport your pet while ensuring they have a comfortable and secure space.<\/div>\n<\/li>\n<li>\n<div class=\"paragraph\"><strong>Wholesale and Factory Direct<\/strong>: We offer these pet travel carriers and dog bags at competitive wholesale prices, sourced directly from our factory, ensuring quality and cost-effectiveness for B2B clients.<\/div>\n<\/li>\n<li>\n<div class=\"paragraph\"><strong class=\"\">Versatile Design<\/strong>: Suitable for various travel scenarios, including car rides, flights, and everyday outings, our pet travel carriers and dog bags are versatile additions to any pet owner&#8217;s collection.<\/div>\n<\/li>\n<\/ul>\n<div class=\"paragraph\">Benefits for Retailers:<\/div>\n<ul>\n<li>\n<div class=\"paragraph\"><strong class=\"\">Wholesale Pricing<\/strong>: Benefit from factory-direct pricing, allowing you to offer pet travel carriers and dog bags at competitive prices, increasing your profit margins.<\/div>\n<\/li>\n<li>\n<div class=\"paragraph\"><strong>Quality Assurance<\/strong>: Each product is manufactured to meet high-quality standards, ensuring durability and a premium look that will impress your customers.<\/div>\n<\/li>\n<li>\n<div class=\"paragraph\"><strong class=\"\">Brand Building<\/strong>: Offer a diverse range of pet travel solutions that help build your brand as a go-to source for pet owners, enhancing customer loyalty and trust.<\/div>\n<\/li>\n<li>\n<div class=\"paragraph\"><strong>Efficient Shipping<\/strong>: Rely on our efficient supply chain for prompt delivery of your wholesale orders, ensuring your inventory is well-stocked and ready for sale.<\/div>\n<\/li>\n<\/ul>\n<div class=\"paragraph\">Choose our Pet Travel Carriers and Dog Bags to provide your customers with reliable and stylish solutions for their pet&#8217;s travel needs. Contact us today to explore our wholesale opportunities and bring quality, innovation, and convenience to your customers.<\/div>\n<\/div>\n<\/div>\n<\/div>\n<\/div>\n<\/div>\n<\/div>\n<\/div>\n<\/div>\n<\/div>\n<\/div>\n<\/div>\n<\/div>\n<\/div>\n","protected":false},"excerpt":{"rendered":"<h2><strong><b>Toptan Evcil Hayvan Seyahat Ta\u015f\u0131y\u0131c\u0131lar\u0131<\/b><\/strong><\/h2>\n<p>Evcil Hayvan Seyahat Ta\u015f\u0131y\u0131c\u0131lar\u0131n\u0131 Ke\u015ffedin.<\/p>\n<p>Evcil hayvanlar\u0131n\u0131z\u0131 \u015f\u0131k tutun <a href=\"https:\/\/pecpets.com\/tr\/urun-kategori%cc%87si%cc%87\/pet-carrier\/travel-dog-carriers\/\" target=\"_blank\" rel=\"noopener\"><span style=\"color: #ff0000;\">y\u00fcksek kali\u0307teli\u0307 tasarimlar<\/span><\/a>.<\/p>","protected":false},"featured_media":19131,"template":"","meta":{"_seopress_robots_primary_cat":"none","_seopress_titles_title":"Pet Travel Carriers - Professional Pet Product Manufacturers","_seopress_titles_desc":"Explore Pet Travel Carriers. Our travel dog carriers are waterproof, available directly from the factory.","_seopress_robots_index":"","_uag_custom_page_level_css":""},"product_brand":[],"product_cat":[415,420,15],"product_tag":[],"class_list":{"0":"post-19115","1":"product","2":"type-product","3":"status-publish","4":"has-post-thumbnail","6":"product_cat-cat-carrier","7":"product_cat-cat-travel-case","8":"product_cat-pet-carrier","10":"first","11":"instock","12":"shipping-taxable","13":"product-type-simple"},"uagb_featured_image_src":{"full":["https:\/\/pecpets.com\/wp-content\/uploads\/2025\/01\/Pet-Travel-Carriers-9.jpeg",1160,1160,false],"thumbnail":["https:\/\/pecpets.com\/wp-content\/uploads\/2025\/01\/Pet-Travel-Carriers-9-150x150.jpeg",150,150,true],"medium":["https:\/\/pecpets.com\/wp-content\/uploads\/2025\/01\/Pet-Travel-Carriers-9-300x300.jpeg",300,300,true],"medium_large":["https:\/\/pecpets.com\/wp-content\/uploads\/2025\/01\/Pet-Travel-Carriers-9-768x768.jpeg",768,768,true],"large":["https:\/\/pecpets.com\/wp-content\/uploads\/2025\/01\/Pet-Travel-Carriers-9-1024x1024.jpeg",800,800,true],"1536x1536":["https:\/\/pecpets.com\/wp-content\/uploads\/2025\/01\/Pet-Travel-Carriers-9.jpeg",1160,1160,false],"2048x2048":["https:\/\/pecpets.com\/wp-content\/uploads\/2025\/01\/Pet-Travel-Carriers-9.jpeg",1160,1160,false],"trp-custom-language-flag":["https:\/\/pecpets.com\/wp-content\/uploads\/2025\/01\/Pet-Travel-Carriers-9-12x12.jpeg",12,12,true],"woocommerce_thumbnail":["https:\/\/pecpets.com\/wp-content\/uploads\/2025\/01\/Pet-Travel-Carriers-9-300x300.jpeg",300,300,true],"woocommerce_single":["https:\/\/pecpets.com\/wp-content\/uploads\/2025\/01\/Pet-Travel-Carriers-9-600x600.jpeg",600,600,true],"woocommerce_gallery_thumbnail":["https:\/\/pecpets.com\/wp-content\/uploads\/2025\/01\/Pet-Travel-Carriers-9-100x100.jpeg",100,100,true]},"uagb_author_info":{"display_name":"Lawrence\u00a0\u52b3\u4f26\u65af","author_link":"https:\/\/pecpets.com\/tr\/author\/"},"uagb_comment_info":0,"uagb_excerpt":"Wholesale Pet Travel Carriers Discover Pet Travel Carriers. Keep your pets stylish with our high-quality designs.","_links":{"self":[{"href":"https:\/\/pecpets.com\/tr\/wp-json\/wp\/v2\/product\/19115","targetHints":{"allow":["GET"]}}],"collection":[{"href":"https:\/\/pecpets.com\/tr\/wp-json\/wp\/v2\/product"}],"about":[{"href":"https:\/\/pecpets.com\/tr\/wp-json\/wp\/v2\/types\/product"}],"wp:featuredmedia":[{"embeddable":true,"href":"https:\/\/pecpets.com\/tr\/wp-json\/wp\/v2\/media\/19131"}],"wp:attachment":[{"href":"https:\/\/pecpets.com\/tr\/wp-json\/wp\/v2\/media?parent=19115"}],"wp:term":[{"taxonomy":"product_brand","embeddable":true,"href":"https:\/\/pecpets.com\/tr\/wp-json\/wp\/v2\/product_brand?post=19115"},{"taxonomy":"product_cat","embeddable":true,"href":"https:\/\/pecpets.com\/tr\/wp-json\/wp\/v2\/product_cat?post=19115"},{"taxonomy":"product_tag","embeddable":true,"href":"https:\/\/pecpets.com\/tr\/wp-json\/wp\/v2\/product_tag?post=19115"}],"curies":[{"name":"wp","href":"https:\/\/api.w.org\/{rel}","templated":true}]}}