{"id":22147,"date":"2026-01-28T17:38:25","date_gmt":"2026-01-28T09:38:25","guid":{"rendered":"https:\/\/pecpets.com\/?post_type=product&#038;p=22147"},"modified":"2026-01-28T18:08:33","modified_gmt":"2026-01-28T10:08:33","slug":"fleece-dog-coats","status":"publish","type":"product","link":"https:\/\/pecpets.com\/tr\/product\/fleece-dog-coats\/","title":{"rendered":"Polar K\u00f6pek Montlar\u0131"},"content":{"rendered":"<h3>Evcil Hayvan Giysileri \u00dcreticisi | Su Ge\u00e7irmez Ceket Fabrikas\u0131 | Premium Polar K\u00f6pek Montlar\u0131<\/h3>\n<p data-start=\"328\" data-end=\"803\">K\u0131\u015fl\u0131k evcil hayvan giyim koleksiyonunuza eklemek i\u00e7in y\u00fcksek kaliteli Polar K\u00f6pek Montlar\u0131 m\u0131 ar\u0131yorsunuz?<\/p>\n<p data-start=\"328\" data-end=\"803\">\u00c7in'de g\u00fcvenilir bir Evcil Hayvan Giysileri \u00dcreticisi ve Su Ge\u00e7irmez Ceket Fabrikas\u0131 olarak, dayan\u0131kl\u0131, \u015f\u0131k ve s\u0131cak polar tasar\u0131mlar \u00fcretme konusunda uzman\u0131z.<\/p>\n<p data-start=\"328\" data-end=\"803\">Fabrikam\u0131z, K\u00f6pek Montu toplu sipari\u015flerinden \u00f6zel K\u00f6pek Montu OEM, K\u00f6pek Montu ODM ve K\u00f6pek Montu \u00f6zel etiket \u00e7\u00f6z\u00fcmlerine kadar d\u00fcnya \u00e7ap\u0131ndaki markalar, perakendeciler ve distrib\u00fct\u00f6rler i\u00e7in g\u00fcvenilir destek sa\u011flar.<\/p>\n<p data-start=\"805\" data-end=\"1253\">Profesyonel bir K\u00f6pek Montu \u015firketi olarak, kuma\u015f tedariki ve tasar\u0131m\u0131ndan K\u00f6pek Montu ihracat\u0131na ve teslimat\u0131na kadar t\u00fcm s\u00fcreci y\u00f6netiyoruz.<\/p>\n<p data-start=\"805\" data-end=\"1253\">\u00c7in'in \u00f6nde gelen K\u00f6pek Montu \u00fcreticisi olarak y\u0131llar\u0131n deneyimine sahip olan ekibimiz, tutarl\u0131 kalite, rekabet\u00e7i fiyatland\u0131rma ve zaman\u0131nda sevkiyat sa\u011flar.<\/p>\n<p data-start=\"805\" data-end=\"1253\">\u0130ster bir K\u00f6pek Montu fabrikas\u0131, K\u00f6pek Montu tedarik\u00e7isi, K\u00f6pek Montu sat\u0131c\u0131s\u0131 veya K\u00f6pek Montu toptanc\u0131s\u0131 ar\u0131yor olun, biz sizin hepsi bir arada orta\u011f\u0131n\u0131z\u0131z.<\/p>\n<p data-start=\"1255\" data-end=\"1295\">\u2705 <strong>Neden Polar K\u00f6pek Montlar\u0131m\u0131z\u0131 Se\u00e7melisiniz<\/strong>:<\/p>\n<ul data-start=\"1296\" data-end=\"1668\">\n<li data-start=\"1296\" data-end=\"1373\">\n<p data-start=\"1298\" data-end=\"1373\">Polar ve su ge\u00e7irmez tasar\u0131mlarda uzmanla\u015fm\u0131\u015f Uzman K\u00f6pek Montu fabrikas\u0131<\/p>\n<\/li>\n<li data-start=\"1374\" data-end=\"1424\">\n<p data-start=\"1376\" data-end=\"1424\">K\u00f6pek Montu toplu \u00fcretimi i\u00e7in esnek MOQ'lar<\/p>\n<\/li>\n<li data-start=\"1425\" data-end=\"1496\">\n<p data-start=\"1427\" data-end=\"1496\">\u00d6zel etiket markas\u0131 ile Tam K\u00f6pek Montu OEM \/ ODM \u00f6zelle\u015ftirme<\/p>\n<\/li>\n<li data-start=\"1497\" data-end=\"1570\">\n<p data-start=\"1499\" data-end=\"1570\">K\u00f6pek Montu \u00c7in'den diki\u015fsiz k\u00fcresel K\u00f6pek Montu ihracat lojisti\u011fi<\/p>\n<\/li>\n<li data-start=\"1571\" data-end=\"1668\">\n<p data-start=\"1573\" data-end=\"1668\">Uluslararas\u0131 perakendeciler, butik markalar ve b\u00fcy\u00fck \u00f6l\u00e7ekli K\u00f6pek Montu toptanc\u0131lar\u0131 taraf\u0131ndan g\u00fcvenilen<\/p>\n<\/li>\n<\/ul>\n<p data-start=\"1670\" data-end=\"1966\">Polar K\u00f6pek Montlar\u0131m\u0131z, yumu\u015fak dokunu\u015flu polar astar, g\u00fcvenli bir uyum i\u00e7in ayarlanabilir kay\u0131\u015flar ve evcil hayvanlar\u0131 s\u0131cak ve rahat tutan hava ko\u015fullar\u0131na dayan\u0131kl\u0131 kuma\u015flara sahiptir.<\/p>\n<p data-start=\"1670\" data-end=\"1966\">Moda ve i\u015flevsellik i\u00e7in tasarlanan bu montlar, b\u00fct\u00e7e dostu serilerden premium koleksiyonlara kadar her pazar segmenti i\u00e7in idealdir.<\/p>\n<p data-start=\"1968\" data-end=\"2152\">\u00c7in'deki g\u00fcvenilir bir K\u00f6pek Montu \u00fcreticisinden do\u011frudan Polar K\u00f6pek Montu tedarik etmek ve d\u00fcnya \u00e7ap\u0131ndaki g\u00fcvenilir K\u00f6pek Montu tedarik\u00e7ileriyle i\u015finizi b\u00fcy\u00fctmek i\u00e7in bug\u00fcn bizimle ortak olun.<\/p>","protected":false},"excerpt":{"rendered":"<h2>Toptan Polar K\u00f6pek Montlar\u0131<\/h2>\n<ul>\n<li>Bu ters \u00e7evrilebilir ceketin bir taraf\u0131nda Orijinal Peanuts bask\u0131s\u0131, di\u011fer taraf\u0131nda ise d\u00fcz bej rengi bulunan \u00e7\u0131kar\u0131labilir ipli kap\u00fc\u015fonu vard\u0131r.<\/li>\n<li>Bu ceket, daha fazla s\u0131cakl\u0131k ve rahat konfor i\u00e7in yumu\u015fak Sherpa'ya sahiptir.<\/li>\n<li>\u015e\u0131k, desenli d\u0131\u015f y\u00fczeyi pel\u00fc\u015f mikrofiberden yap\u0131lm\u0131\u015ft\u0131r.<\/li>\n<li>Bu ceket, pratik \u00e7ekicilik ve konfor i\u00e7in 100% polyesterden yap\u0131lm\u0131\u015ft\u0131r.<\/li>\n<li>Size kolayl\u0131k sa\u011flamak i\u00e7in, bu ceketin arkas\u0131nda kolay D-Ring tasma takmak i\u00e7in bir delik bulunur.<\/li>\n<\/ul>\n<table width=\"288\">\n<tbody>\n<tr>\n<td width=\"137\"><span style=\"color: #333333;\">\u00dcr\u00fcn Ad\u0131<\/span><\/td>\n<td width=\"151\"><span style=\"color: #333333;\">Evcil Hayvan Giysileri<\/span><\/td>\n<\/tr>\n<tr>\n<td><span style=\"color: #333333;\">\u00dcr\u00fcn No.<\/span><\/td>\n<td><span style=\"color: #333333;\">P-C3004<\/span><\/td>\n<\/tr>\n<tr>\n<td><span style=\"color: #333333;\">Malzeme<\/span><\/td>\n<td>Pamuk, Polyester, Polar<\/td>\n<\/tr>\n<tr>\n<td><span style=\"color: #333333;\">\u00a0Boyut ve Renk<\/span><\/td>\n<td><span style=\"color: #333333;\">\u00d6zelle\u015ftirilmi\u015f<\/span><\/td>\n<\/tr>\n<tr>\n<td><span style=\"color: #333333;\">\u00a0Teslimat s\u00fcresi<\/span><\/td>\n<td><span style=\"color: #333333;\">Hava yoluyla k\u00fc\u00e7\u00fck miktarlar i\u00e7in 1- 5 g\u00fcn ve deniz yoluyla b\u00fcy\u00fck miktarlar i\u00e7in 30- 35 g\u00fcn<\/span><\/td>\n<\/tr>\n<\/tbody>\n<\/table>","protected":false},"featured_media":22152,"template":"","meta":{"_seopress_robots_primary_cat":"none","_seopress_titles_title":"Wholesale Fleece Dog Coats\u200b\u200b | ODM & OEM Solutions","_seopress_titles_desc":"As Fleece Dog Coats China Factory, we design premium knitwear for pets worldwide. Bulk orders, OEM services. Request free cozy samples today!","_seopress_robots_index":"","_seopress_analysis_target_kw":"Fleece Dog Coats\u200b","_uag_custom_page_level_css":""},"product_brand":[],"product_cat":[364,342,23],"product_tag":[],"class_list":{"0":"post-22147","1":"product","2":"type-product","3":"status-publish","4":"has-post-thumbnail","6":"product_cat-basic-dog-clothing","7":"product_cat-pet-coat","8":"product_cat-pet-clothing","10":"first","11":"instock","12":"shipping-taxable","13":"product-type-simple"},"uagb_featured_image_src":{"full":["https:\/\/pecpets.com\/wp-content\/uploads\/2025\/09\/9ecbe2c8-80d3-4ed6-96b0-92d81cd3e010.jpeg",1200,1200,false],"thumbnail":["https:\/\/pecpets.com\/wp-content\/uploads\/2025\/09\/9ecbe2c8-80d3-4ed6-96b0-92d81cd3e010-150x150.jpeg",150,150,true],"medium":["https:\/\/pecpets.com\/wp-content\/uploads\/2025\/09\/9ecbe2c8-80d3-4ed6-96b0-92d81cd3e010-300x300.jpeg",300,300,true],"medium_large":["https:\/\/pecpets.com\/wp-content\/uploads\/2025\/09\/9ecbe2c8-80d3-4ed6-96b0-92d81cd3e010-768x768.jpeg",768,768,true],"large":["https:\/\/pecpets.com\/wp-content\/uploads\/2025\/09\/9ecbe2c8-80d3-4ed6-96b0-92d81cd3e010-1024x1024.jpeg",800,800,true],"1536x1536":["https:\/\/pecpets.com\/wp-content\/uploads\/2025\/09\/9ecbe2c8-80d3-4ed6-96b0-92d81cd3e010.jpeg",1200,1200,false],"2048x2048":["https:\/\/pecpets.com\/wp-content\/uploads\/2025\/09\/9ecbe2c8-80d3-4ed6-96b0-92d81cd3e010.jpeg",1200,1200,false],"trp-custom-language-flag":["https:\/\/pecpets.com\/wp-content\/uploads\/2025\/09\/9ecbe2c8-80d3-4ed6-96b0-92d81cd3e010-12x12.jpeg",12,12,true],"woocommerce_thumbnail":["https:\/\/pecpets.com\/wp-content\/uploads\/2025\/09\/9ecbe2c8-80d3-4ed6-96b0-92d81cd3e010-300x300.jpeg",300,300,true],"woocommerce_single":["https:\/\/pecpets.com\/wp-content\/uploads\/2025\/09\/9ecbe2c8-80d3-4ed6-96b0-92d81cd3e010-600x600.jpeg",600,600,true],"woocommerce_gallery_thumbnail":["https:\/\/pecpets.com\/wp-content\/uploads\/2025\/09\/9ecbe2c8-80d3-4ed6-96b0-92d81cd3e010-100x100.jpeg",100,100,true]},"uagb_author_info":{"display_name":"Lawrence\u00a0\u52b3\u4f26\u65af","author_link":"https:\/\/pecpets.com\/tr\/author\/"},"uagb_comment_info":0,"uagb_excerpt":"Wholesale Fleece Dog Coats\u200b This reversible jacket has a removable drawstring hood with the Original Peanuts print on one side and solid beige on the other. This jacket features soft Sherpa for added warmth and cozy comfort. The stylish, patterned exterior is made of plush microfiber. This jacket is made with 100% polyester for practical&hellip;","_links":{"self":[{"href":"https:\/\/pecpets.com\/tr\/wp-json\/wp\/v2\/product\/22147","targetHints":{"allow":["GET"]}}],"collection":[{"href":"https:\/\/pecpets.com\/tr\/wp-json\/wp\/v2\/product"}],"about":[{"href":"https:\/\/pecpets.com\/tr\/wp-json\/wp\/v2\/types\/product"}],"wp:featuredmedia":[{"embeddable":true,"href":"https:\/\/pecpets.com\/tr\/wp-json\/wp\/v2\/media\/22152"}],"wp:attachment":[{"href":"https:\/\/pecpets.com\/tr\/wp-json\/wp\/v2\/media?parent=22147"}],"wp:term":[{"taxonomy":"product_brand","embeddable":true,"href":"https:\/\/pecpets.com\/tr\/wp-json\/wp\/v2\/product_brand?post=22147"},{"taxonomy":"product_cat","embeddable":true,"href":"https:\/\/pecpets.com\/tr\/wp-json\/wp\/v2\/product_cat?post=22147"},{"taxonomy":"product_tag","embeddable":true,"href":"https:\/\/pecpets.com\/tr\/wp-json\/wp\/v2\/product_tag?post=22147"}],"curies":[{"name":"wp","href":"https:\/\/api.w.org\/{rel}","templated":true}]}}