{"id":22262,"date":"2025-09-20T10:17:17","date_gmt":"2025-09-20T02:17:17","guid":{"rendered":"https:\/\/pecpets.com\/?post_type=product&#038;p=22262"},"modified":"2025-09-20T14:24:02","modified_gmt":"2025-09-20T06:24:02","slug":"couch-dog-bed","status":"publish","type":"product","link":"https:\/\/pecpets.com\/tr\/product\/couch-dog-bed\/","title":{"rendered":"Kanepe K\u00f6pek Yata\u011f\u0131"},"content":{"rendered":"<h2 data-start=\"193\" data-end=\"275\">Couch Dog Bed Solutions - G\u00fcvenilir K\u00f6pek Yata\u011f\u0131 \u00dcreticisi | Evcil Hayvan Yata\u011f\u0131 \u00dcreticisi ve L\u00fcks Yatak Fabrikas\u0131 Orta\u011f\u0131<\/h2>\n<p data-start=\"237\" data-end=\"734\">Toptan veya perakende i\u015finiz i\u00e7in y\u00fcksek kaliteli Kanepe K\u00f6pek Yata\u011f\u0131 \u00fcr\u00fcnleri mi ar\u0131yorsunuz?<\/p>\n<p data-start=\"237\" data-end=\"734\">K\u00f6pek Yata\u011f\u0131 \u00c7in'de lider bir K\u00f6pek Yata\u011f\u0131 \u00fcreticisi ve profesyonel K\u00f6pek Yata\u011f\u0131 fabrikas\u0131 olarak, \u00fcr\u00fcn hatt\u0131n\u0131za de\u011fer katarken evcil hayvanlar\u0131 rahat tutan \u015f\u0131k, dayan\u0131kl\u0131 ve konforlu tasar\u0131mlar sunuyoruz.<\/p>\n<p data-start=\"237\" data-end=\"734\">K\u00f6pek Yata\u011f\u0131 \u015firketimiz, uluslararas\u0131 markalar, distrib\u00fct\u00f6rler ve e-ticaret sat\u0131c\u0131lar\u0131 ile \u00e7al\u0131\u015farak eksiksiz bir K\u00f6pek Yata\u011f\u0131 d\u00f6kme ve K\u00f6pek Yata\u011f\u0131 ihracat \u00e7\u00f6z\u00fcmleri yelpazesi sunar.<\/p>\n<p data-start=\"736\" data-end=\"1061\">K\u00f6pek Yata\u011f\u0131 ODM ve K\u00f6pek Yata\u011f\u0131 OEM dahil olmak \u00fczere \u00f6zel projelerde, K\u00f6pek Yata\u011f\u0131 \u00f6zel etiket koleksiyonlar\u0131 i\u00e7in esnek se\u00e7eneklerle uzman\u0131z.<\/p>\n<p data-start=\"736\" data-end=\"1061\">\u0130ster g\u00fcvenilir bir K\u00f6pek Yata\u011f\u0131 tedarik\u00e7isine, ister g\u00fcvenilir bir K\u00f6pek Yata\u011f\u0131 sat\u0131c\u0131s\u0131na veya \u00f6l\u00e7eklenebilir bir K\u00f6pek Yata\u011f\u0131 toptanc\u0131s\u0131na ihtiyac\u0131n\u0131z olsun, fabrikam\u0131z rekabet\u00e7i fiyatlarla \u00fcst\u00fcn kalite sunar.<\/p>\n<p data-start=\"1063\" data-end=\"1404\">Deneyimli bir Pet Kazak \u00dcreticisi ve L\u00fcks Kazak Fabrikas\u0131 orta\u011f\u0131n\u0131n uzmanl\u0131\u011f\u0131yla, konfor, moda ve i\u015flevsellik aras\u0131ndaki dengeyi anl\u0131yoruz.<\/p>\n<p data-start=\"1063\" data-end=\"1404\">Her bir Couch K\u00f6pek Yata\u011f\u0131, dayan\u0131kl\u0131 kuma\u015flar, destekleyici yast\u0131klama ve \u00f6zelle\u015ftirilebilir marka se\u00e7enekleri ile tasarlanm\u0131\u015ft\u0131r; bu da onu k\u00fcresel evcil hayvan pazarlar\u0131 i\u00e7in m\u00fckemmel bir se\u00e7im haline getirir.<\/p>\n<p data-start=\"1406\" data-end=\"1620\">Kanepe K\u00f6pek Yata\u011f\u0131 ihtiya\u00e7lar\u0131n\u0131z i\u00e7in bizimle ortak olun ve h\u0131zl\u0131 \u00f6rnekleme, g\u00fcvenilir \u00fcretim ve d\u00fcnya \u00e7ap\u0131nda ihracat deste\u011fi sunan profesyonel bir K\u00f6pek Yata\u011f\u0131 \u00fcreticisi ile \u00e7al\u0131\u015fman\u0131n avantajlar\u0131n\u0131 ya\u015fay\u0131n.<\/p>","protected":false},"excerpt":{"rendered":"<h3>Kanepe K\u00f6pek Yata\u011f\u0131<\/h3>\n<ul>\n<li>T\u00fcm uyku stillerini kar\u015f\u0131lar: K\u00f6pe\u011finiz bu en \u00e7ok satan \u015fekilde gerinmeyi, k\u0131vr\u0131lmay\u0131 veya e\u011filmeyi sevecektir<\/li>\n<li>\u00dc\u00e7 tarafl\u0131 destek, devrilmeyi \u00f6nlemek i\u00e7in sa\u011flam, tam y\u00fckseklikte k\u00f6p\u00fck par\u00e7alardan yap\u0131lm\u0131\u015ft\u0131r<\/li>\n<li>Hafif e\u011fimli destek, k\u00f6pe\u011finizi ba\u015f\u0131n\u0131 koydu\u011fu her yerde destekler<\/li>\n<li>Bolster k\u00f6pe\u011finize g\u00fcvenlik hissi verirken, a\u00e7\u0131k taraf k\u00f6pe\u011finizin inip binmesini kolayla\u015ft\u0131r\u0131r<\/li>\n<\/ul>\n<table width=\"288\">\n<tbody>\n<tr>\n<td width=\"137\"><span style=\"color: #333333;\">\u00dcr\u00fcn Ad\u0131<\/span><\/td>\n<td width=\"151\"><span style=\"color: #333333;\">Evcil Hayvan Yata\u011f\u0131<\/span><\/td>\n<\/tr>\n<tr>\n<td><span style=\"color: #333333;\">\u00dcr\u00fcn No.<\/span><\/td>\n<td><span style=\"color: #333333;\">P-C3001<\/span><\/td>\n<\/tr>\n<tr>\n<td><span style=\"color: #333333;\">Malzeme<\/span><\/td>\n<td>Pamuk, Polyester, Polar<\/td>\n<\/tr>\n<tr>\n<td><span style=\"color: #333333;\">\u00a0Boyut ve Renk<\/span><\/td>\n<td><span style=\"color: #333333;\">\u00d6zelle\u015ftirilmi\u015f<\/span><\/td>\n<\/tr>\n<tr>\n<td><span style=\"color: #333333;\">\u00a0Teslimat s\u00fcresi<\/span><\/td>\n<td><span style=\"color: #333333;\">Hava yoluyla k\u00fc\u00e7\u00fck miktarlar i\u00e7in 1- 5 g\u00fcn ve deniz yoluyla b\u00fcy\u00fck miktarlar i\u00e7in 30- 35 g\u00fcn<\/span><\/td>\n<\/tr>\n<\/tbody>\n<\/table>","protected":false},"featured_media":22265,"template":"","meta":{"_seopress_robots_primary_cat":"none","_seopress_titles_title":"Couch Dog Bed | Professional China Pet Bed Factory","_seopress_titles_desc":"Looking for Couch Dog Bed? we design premium knitwear for pets worldwide. Bulk orders, OEM services. Request free cozy samples today!","_seopress_robots_index":"","_uag_custom_page_level_css":""},"product_brand":[],"product_cat":[349,22],"product_tag":[],"class_list":{"0":"post-22262","1":"product","2":"type-product","3":"status-publish","4":"has-post-thumbnail","6":"product_cat-memory-foam-dog-beds","7":"product_cat-pet-bed","9":"first","10":"instock","11":"shipping-taxable","12":"product-type-simple"},"uagb_featured_image_src":{"full":["https:\/\/pecpets.com\/wp-content\/uploads\/2025\/09\/ecae731a-980a-4795-a153-ae21d15cbc45.jpg",1280,1280,false],"thumbnail":["https:\/\/pecpets.com\/wp-content\/uploads\/2025\/09\/ecae731a-980a-4795-a153-ae21d15cbc45-150x150.jpg",150,150,true],"medium":["https:\/\/pecpets.com\/wp-content\/uploads\/2025\/09\/ecae731a-980a-4795-a153-ae21d15cbc45-300x300.jpg",300,300,true],"medium_large":["https:\/\/pecpets.com\/wp-content\/uploads\/2025\/09\/ecae731a-980a-4795-a153-ae21d15cbc45-768x768.jpg",768,768,true],"large":["https:\/\/pecpets.com\/wp-content\/uploads\/2025\/09\/ecae731a-980a-4795-a153-ae21d15cbc45-1024x1024.jpg",800,800,true],"1536x1536":["https:\/\/pecpets.com\/wp-content\/uploads\/2025\/09\/ecae731a-980a-4795-a153-ae21d15cbc45.jpg",1280,1280,false],"2048x2048":["https:\/\/pecpets.com\/wp-content\/uploads\/2025\/09\/ecae731a-980a-4795-a153-ae21d15cbc45.jpg",1280,1280,false],"trp-custom-language-flag":["https:\/\/pecpets.com\/wp-content\/uploads\/2025\/09\/ecae731a-980a-4795-a153-ae21d15cbc45-12x12.jpg",12,12,true],"woocommerce_thumbnail":["https:\/\/pecpets.com\/wp-content\/uploads\/2025\/09\/ecae731a-980a-4795-a153-ae21d15cbc45-300x300.jpg",300,300,true],"woocommerce_single":["https:\/\/pecpets.com\/wp-content\/uploads\/2025\/09\/ecae731a-980a-4795-a153-ae21d15cbc45-600x600.jpg",600,600,true],"woocommerce_gallery_thumbnail":["https:\/\/pecpets.com\/wp-content\/uploads\/2025\/09\/ecae731a-980a-4795-a153-ae21d15cbc45-100x100.jpg",100,100,true]},"uagb_author_info":{"display_name":"Lawrence\u00a0\u52b3\u4f26\u65af","author_link":"https:\/\/pecpets.com\/tr\/author\/"},"uagb_comment_info":0,"uagb_excerpt":"Couch Dog Bed Satisfies all sleep styles: your dog will love to stretch, curl, or lean in this best-selling shape The three-sided bolster is made with solid, full-height foam pieces to prevent flopping over Gently sloped bolster supports your dog wherever they lay their head Bolster gives your dog a sense of security, while an&hellip;","_links":{"self":[{"href":"https:\/\/pecpets.com\/tr\/wp-json\/wp\/v2\/product\/22262","targetHints":{"allow":["GET"]}}],"collection":[{"href":"https:\/\/pecpets.com\/tr\/wp-json\/wp\/v2\/product"}],"about":[{"href":"https:\/\/pecpets.com\/tr\/wp-json\/wp\/v2\/types\/product"}],"wp:featuredmedia":[{"embeddable":true,"href":"https:\/\/pecpets.com\/tr\/wp-json\/wp\/v2\/media\/22265"}],"wp:attachment":[{"href":"https:\/\/pecpets.com\/tr\/wp-json\/wp\/v2\/media?parent=22262"}],"wp:term":[{"taxonomy":"product_brand","embeddable":true,"href":"https:\/\/pecpets.com\/tr\/wp-json\/wp\/v2\/product_brand?post=22262"},{"taxonomy":"product_cat","embeddable":true,"href":"https:\/\/pecpets.com\/tr\/wp-json\/wp\/v2\/product_cat?post=22262"},{"taxonomy":"product_tag","embeddable":true,"href":"https:\/\/pecpets.com\/tr\/wp-json\/wp\/v2\/product_tag?post=22262"}],"curies":[{"name":"wp","href":"https:\/\/api.w.org\/{rel}","templated":true}]}}