{"id":22342,"date":"2025-09-26T09:33:48","date_gmt":"2025-09-26T01:33:48","guid":{"rendered":"https:\/\/pecpets.com\/?post_type=product&#038;p=22342"},"modified":"2025-10-07T09:32:21","modified_gmt":"2025-10-07T01:32:21","slug":"human-dog-bed","status":"publish","type":"product","link":"https:\/\/pecpets.com\/tr\/product\/human-dog-bed\/","title":{"rendered":"\u0130nsan K\u00f6pek Yata\u011f\u0131"},"content":{"rendered":"<h2 data-start=\"193\" data-end=\"275\">\u0130nsan K\u00f6pek Yata\u011f\u0131 - Evcil Hayvan Yata\u011f\u0131 \u00dcreticisi ve L\u00fcks Yatak Fabrikas\u0131 Taraf\u0131ndan Yeniden Tan\u0131mlanan Konfor<\/h2>\n<p data-start=\"198\" data-end=\"680\">Konfor, tasar\u0131m ve i\u015flevselli\u011fi harmanlayan benzersiz bir \u0130nsan K\u00f6pek Yata\u011f\u0131 m\u0131 ar\u0131yorsunuz?<\/p>\n<p data-start=\"198\" data-end=\"680\">G\u00fcvenilir bir K\u00f6pek Yata\u011f\u0131 \u00fcreticisi ve K\u00f6pek Yata\u011f\u0131 \u00c7in'de deneyimli L\u00fcks Yatak Fabrikas\u0131 olarak, sadece evcil hayvanlar i\u00e7in de\u011fil, ayn\u0131 zamanda k\u00f6pekleriyle sar\u0131lmay\u0131 seven insanlar i\u00e7in de y\u00fcksek kaliteli yataklar \u00fcretme konusunda uzman\u0131z.<\/p>\n<p data-start=\"198\" data-end=\"680\">K\u00f6pek Yata\u011f\u0131 \u015firketimiz, k\u00fcresel al\u0131c\u0131lar\u0131n do\u011frudan K\u00f6pek Yata\u011f\u0131 fabrikam\u0131zdan premium tasar\u0131mlara eri\u015fmesine yard\u0131mc\u0131 olan eksiksiz K\u00f6pek Yata\u011f\u0131 toplu ve K\u00f6pek Yata\u011f\u0131 ihracat \u00e7\u00f6z\u00fcmleri sunar.<\/p>\n<p data-start=\"682\" data-end=\"1003\">G\u00fcvenilir bir K\u00f6pek Yata\u011f\u0131 tedarik\u00e7isi, K\u00f6pek Yata\u011f\u0131 sat\u0131c\u0131s\u0131 ve K\u00f6pek Yata\u011f\u0131 toptanc\u0131s\u0131 olarak y\u0131llar\u0131n verdi\u011fi uzmanl\u0131kla, \u00f6zel K\u00f6pek Yata\u011f\u0131 ODM ve K\u00f6pek Yata\u011f\u0131 OEM hizmetleri arac\u0131l\u0131\u011f\u0131yla d\u00fcnya \u00e7ap\u0131ndaki i\u015fletmeleri destekliyoruz.<\/p>\n<p data-start=\"682\" data-end=\"1003\">\u0130ster \u00f6zel markal\u0131 bir K\u00f6pek Yata\u011f\u0131 koleksiyonu ba\u015flat\u0131yor ister \u00fcretimi b\u00fcy\u00fct\u00fcyor olun, fabrikam\u0131z size yard\u0131mc\u0131 olacakt\u0131r.<\/p>\n<p data-start=\"1005\" data-end=\"1329\">\u0130nsan K\u00f6pek Yata\u011f\u0131m\u0131z dayan\u0131kl\u0131 malzemeler, ergonomik tasar\u0131m ve haf\u0131zal\u0131 k\u00f6p\u00fck se\u00e7enekleri ile \u00fcretilmi\u015ftir ve hem evcil hayvanlar hem de sahipleri i\u00e7in maksimum konfor sa\u011flar.<\/p>\n<p data-start=\"1005\" data-end=\"1329\">Pazar\u0131n\u0131za yenilik\u00e7i \u00fcr\u00fcnler getirmek ve g\u00fcvenilir K\u00f6pek Yata\u011f\u0131 ihracat \u00e7\u00f6z\u00fcmleri ile i\u015finizi b\u00fcy\u00fctmek i\u00e7in profesyonel bir K\u00f6pek Yata\u011f\u0131 \u00fcreticisi ile ortakl\u0131k kurun.<\/p>","protected":false},"excerpt":{"rendered":"<h3>\u0130nsan K\u00f6pek Yata\u011f\u0131<\/h3>\n<p>Huzurlu gece uykular\u0131ndan sessiz \u00f6\u011fleden sonra \u015fekerlemelerine kadar, bu set size ve evcil hayvan\u0131n\u0131za s\u0131cakl\u0131k ve derin uyku getirecek.<\/p>\n<p><b>\u0130\u00e7indekiler:<\/b><\/p>\n<p><strong>L\u00fcks S\u00fcper B\u00fcy\u00fck Sleep Deeper \u0130nsan K\u00f6pek Yata\u011f\u0131<\/strong><\/p>\n<p>Ekstra B\u00fcy\u00fck | 360 derece saran | Her yere ta\u015f\u0131nabilir | Su ge\u00e7irmez ve Makinede Y\u0131kanabilir<\/p>\n<p><strong>S\u00fcper Yumu\u015fak Suni K\u00fcrk ve Kadife L\u00fcks Pet Atma Battaniyesi<\/strong><\/p>\n<p>100% \u00fcst\u00fcn kaliteli pelu\u015f | \u0130ki kat s\u0131cakl\u0131k | \u00c7ok y\u00f6nl\u00fc | Y\u0131kanabilir<\/p>\n<p><strong>Ana malzeme:<\/strong><br \/>\nUzun K\u00fcrk, Suni K\u00fcrk, Mercan Polar, Polyester, K\u00f6p\u00fck<\/p>\n<table width=\"288\">\n<tbody>\n<tr>\n<td width=\"137\"><span style=\"color: #333333;\">\u00dcr\u00fcn Ad\u0131<\/span><\/td>\n<td width=\"151\"><span style=\"color: #333333;\">Evcil Hayvan Yata\u011f\u0131<\/span><\/td>\n<\/tr>\n<tr>\n<td><span style=\"color: #333333;\">\u00dcr\u00fcn No.<\/span><\/td>\n<td><span style=\"color: #333333;\">P-C3009<\/span><\/td>\n<\/tr>\n<tr>\n<td><span style=\"color: #333333;\">Malzeme<\/span><\/td>\n<td>Pamuk, Polyester, Polar<\/td>\n<\/tr>\n<tr>\n<td><span style=\"color: #333333;\">\u00a0Boyut ve Renk<\/span><\/td>\n<td><span style=\"color: #333333;\">\u00d6zelle\u015ftirilmi\u015f<\/span><\/td>\n<\/tr>\n<tr>\n<td><span style=\"color: #333333;\">\u00a0Teslimat s\u00fcresi<\/span><\/td>\n<td><span style=\"color: #333333;\">Hava yoluyla k\u00fc\u00e7\u00fck miktarlar i\u00e7in 1- 5 g\u00fcn ve deniz yoluyla b\u00fcy\u00fck miktarlar i\u00e7in 30- 35 g\u00fcn<\/span><\/td>\n<\/tr>\n<\/tbody>\n<\/table>","protected":false},"featured_media":22348,"template":"","meta":{"_seopress_robots_primary_cat":"none","_seopress_titles_title":"Human Dog Bed | China Pet Bed Manufacturer","_seopress_titles_desc":"Looking for Human Dog Bed? we design premium knitwear for pets worldwide. Bulk orders, OEM services. Request free cozy samples today!","_seopress_robots_index":"","_seopress_analysis_target_kw":"Human Dog Bed","_uag_custom_page_level_css":""},"product_brand":[],"product_cat":[347,22],"product_tag":[],"class_list":{"0":"post-22342","1":"product","2":"type-product","3":"status-publish","4":"has-post-thumbnail","6":"product_cat-eco-friendly-dog-beds-pet-bed","7":"product_cat-pet-bed","9":"first","10":"instock","11":"shipping-taxable","12":"product-type-simple"},"uagb_featured_image_src":{"full":["https:\/\/pecpets.com\/wp-content\/uploads\/2025\/09\/FunnyFuzzy_SuperLargeLuxurySleepDeeperHumanDogBedC2_5bc57221-9b63-42e0-bc67-b6a4b8847dd7.jpg",1000,1000,false],"thumbnail":["https:\/\/pecpets.com\/wp-content\/uploads\/2025\/09\/FunnyFuzzy_SuperLargeLuxurySleepDeeperHumanDogBedC2_5bc57221-9b63-42e0-bc67-b6a4b8847dd7-150x150.jpg",150,150,true],"medium":["https:\/\/pecpets.com\/wp-content\/uploads\/2025\/09\/FunnyFuzzy_SuperLargeLuxurySleepDeeperHumanDogBedC2_5bc57221-9b63-42e0-bc67-b6a4b8847dd7-300x300.jpg",300,300,true],"medium_large":["https:\/\/pecpets.com\/wp-content\/uploads\/2025\/09\/FunnyFuzzy_SuperLargeLuxurySleepDeeperHumanDogBedC2_5bc57221-9b63-42e0-bc67-b6a4b8847dd7-768x768.jpg",768,768,true],"large":["https:\/\/pecpets.com\/wp-content\/uploads\/2025\/09\/FunnyFuzzy_SuperLargeLuxurySleepDeeperHumanDogBedC2_5bc57221-9b63-42e0-bc67-b6a4b8847dd7.jpg",800,800,false],"1536x1536":["https:\/\/pecpets.com\/wp-content\/uploads\/2025\/09\/FunnyFuzzy_SuperLargeLuxurySleepDeeperHumanDogBedC2_5bc57221-9b63-42e0-bc67-b6a4b8847dd7.jpg",1000,1000,false],"2048x2048":["https:\/\/pecpets.com\/wp-content\/uploads\/2025\/09\/FunnyFuzzy_SuperLargeLuxurySleepDeeperHumanDogBedC2_5bc57221-9b63-42e0-bc67-b6a4b8847dd7.jpg",1000,1000,false],"trp-custom-language-flag":["https:\/\/pecpets.com\/wp-content\/uploads\/2025\/09\/FunnyFuzzy_SuperLargeLuxurySleepDeeperHumanDogBedC2_5bc57221-9b63-42e0-bc67-b6a4b8847dd7-12x12.jpg",12,12,true],"woocommerce_thumbnail":["https:\/\/pecpets.com\/wp-content\/uploads\/2025\/09\/FunnyFuzzy_SuperLargeLuxurySleepDeeperHumanDogBedC2_5bc57221-9b63-42e0-bc67-b6a4b8847dd7-300x300.jpg",300,300,true],"woocommerce_single":["https:\/\/pecpets.com\/wp-content\/uploads\/2025\/09\/FunnyFuzzy_SuperLargeLuxurySleepDeeperHumanDogBedC2_5bc57221-9b63-42e0-bc67-b6a4b8847dd7-600x600.jpg",600,600,true],"woocommerce_gallery_thumbnail":["https:\/\/pecpets.com\/wp-content\/uploads\/2025\/09\/FunnyFuzzy_SuperLargeLuxurySleepDeeperHumanDogBedC2_5bc57221-9b63-42e0-bc67-b6a4b8847dd7-100x100.jpg",100,100,true]},"uagb_author_info":{"display_name":"Lawrence\u00a0\u52b3\u4f26\u65af","author_link":"https:\/\/pecpets.com\/tr\/author\/"},"uagb_comment_info":0,"uagb_excerpt":"Human Dog Bed From peaceful nighttime slumbers to quiet afternoon naps, this set will bring warmth and deep sleep to you and your pet. What's included: Luxury Super Large Sleep Deeper Human Dog Bed Extra Large |\u00a0360-degree wrap-around |\u00a0Moveable anywhere |\u00a0Waterproof &amp; Machine Washable Super Soft Faux Fur &amp; Velvet Luxury Pet Throw Blanket 100%&hellip;","_links":{"self":[{"href":"https:\/\/pecpets.com\/tr\/wp-json\/wp\/v2\/product\/22342","targetHints":{"allow":["GET"]}}],"collection":[{"href":"https:\/\/pecpets.com\/tr\/wp-json\/wp\/v2\/product"}],"about":[{"href":"https:\/\/pecpets.com\/tr\/wp-json\/wp\/v2\/types\/product"}],"wp:featuredmedia":[{"embeddable":true,"href":"https:\/\/pecpets.com\/tr\/wp-json\/wp\/v2\/media\/22348"}],"wp:attachment":[{"href":"https:\/\/pecpets.com\/tr\/wp-json\/wp\/v2\/media?parent=22342"}],"wp:term":[{"taxonomy":"product_brand","embeddable":true,"href":"https:\/\/pecpets.com\/tr\/wp-json\/wp\/v2\/product_brand?post=22342"},{"taxonomy":"product_cat","embeddable":true,"href":"https:\/\/pecpets.com\/tr\/wp-json\/wp\/v2\/product_cat?post=22342"},{"taxonomy":"product_tag","embeddable":true,"href":"https:\/\/pecpets.com\/tr\/wp-json\/wp\/v2\/product_tag?post=22342"}],"curies":[{"name":"wp","href":"https:\/\/api.w.org\/{rel}","templated":true}]}}