{"id":22369,"date":"2025-09-28T09:13:37","date_gmt":"2025-09-28T01:13:37","guid":{"rendered":"https:\/\/pecpets.com\/?post_type=product&#038;p=22369"},"modified":"2025-10-07T09:32:50","modified_gmt":"2025-10-07T01:32:50","slug":"large-dog-bed","status":"publish","type":"product","link":"https:\/\/pecpets.com\/tr\/product\/large-dog-bed\/","title":{"rendered":"B\u00fcy\u00fck K\u00f6pek Yata\u011f\u0131"},"content":{"rendered":"<h2 data-start=\"89\" data-end=\"171\"><strong data-start=\"89\" data-end=\"169\">B\u00fcy\u00fck K\u00f6pek Yata\u011f\u0131 - Evcil Hayvan Yata\u011f\u0131 \u00dcreticisi ve L\u00fcks Yatak Fabrikas\u0131ndan Premium Konfor<\/strong><\/h2>\n<p data-start=\"192\" data-end=\"524\">Dayan\u0131kl\u0131l\u0131k, konfor ve stil i\u00e7in tasarlanm\u0131\u015f B\u00fcy\u00fck K\u00f6pek Yata\u011f\u0131m\u0131z ile b\u00fcy\u00fck k\u00f6peklere hak ettikleri alan\u0131 ve deste\u011fi verin.<\/p>\n<p data-start=\"192\" data-end=\"524\">Deneyimli bir K\u00f6pek Yata\u011f\u0131 \u00fcreticisi ve K\u00f6pek Yata\u011f\u0131 \u00c7in'deki g\u00fcvenilir L\u00fcks Yatak Fabrikas\u0131 olarak, evcil hayvanlar\u0131n ihtiya\u00e7lar\u0131n\u0131 ve d\u00fcnya \u00e7ap\u0131ndaki i\u015fletmelerin taleplerini kar\u015f\u0131layan birinci s\u0131n\u0131f yataklar \u00fcretme konusunda uzman\u0131z.<\/p>\n<p data-start=\"526\" data-end=\"859\">K\u00f6pek Yata\u011f\u0131 \u015firketimiz, K\u00f6pek Yata\u011f\u0131 toplu sipari\u015fleri ve K\u00f6pek Yata\u011f\u0131 ihracat\u0131 i\u00e7in eksiksiz \u00e7\u00f6z\u00fcmler sunarak perakendecilerin, distrib\u00fct\u00f6rlerin ve markalar\u0131n do\u011frudan K\u00f6pek Yata\u011f\u0131 fabrikam\u0131zdan tedarik etmesini kolayla\u015ft\u0131r\u0131r.<\/p>\n<p data-start=\"526\" data-end=\"859\">\u0130ster uzun \u00f6m\u00fcrl\u00fc k\u00f6p\u00fck deste\u011fi, ister y\u0131kanabilir k\u0131l\u0131flar veya \u00f6zelle\u015ftirilebilir tasar\u0131mlar ar\u0131yor olun, kaliteyi \u00f6l\u00e7eklendirerek sa\u011fl\u0131yoruz.<\/p>\n<p data-start=\"861\" data-end=\"1167\">Ayr\u0131ca K\u00f6pek Yata\u011f\u0131 ODM ve K\u00f6pek Yata\u011f\u0131 OEM hizmetleri sunarak kendi K\u00f6pek Yata\u011f\u0131 \u00f6zel etiket koleksiyonunuzu kolayl\u0131kla piyasaya s\u00fcrmenizi sa\u011fl\u0131yoruz.<\/p>\n<p data-start=\"861\" data-end=\"1167\">G\u00fcvenilir bir K\u00f6pek Yata\u011f\u0131 tedarik\u00e7isi, K\u00f6pek Yata\u011f\u0131 sat\u0131c\u0131s\u0131 ve K\u00f6pek Yata\u011f\u0131 toptanc\u0131s\u0131 olarak, i\u015fletmelerin \u00fcr\u00fcn gruplar\u0131n\u0131 geni\u015fletmelerine ve k\u00e2r marjlar\u0131n\u0131 g\u00fcvenle art\u0131rmalar\u0131na yard\u0131mc\u0131 oluyoruz.<\/p>\n<p data-start=\"1169\" data-end=\"1424\">M\u00fc\u015fterilerinize y\u00fcksek kaliteli B\u00fcy\u00fck K\u00f6pek Yataklar\u0131 sunmak i\u00e7in lider bir K\u00f6pek Yata\u011f\u0131 \u00fcreticisi ile i\u015f ortakl\u0131\u011f\u0131 yap\u0131n.<\/p>\n<p data-start=\"1169\" data-end=\"1424\">G\u00fc\u00e7l\u00fc \u00fcretim kapasitesi ve profesyonel ihracat deneyimi ile fabrikam\u0131z, evcil hayvanlar i\u00e7in konforu ve sizin i\u00e7in g\u00fcvenilir i\u015f b\u00fcy\u00fcmesini garanti eder.<\/p>","protected":false},"excerpt":{"rendered":"<h3>B\u00fcy\u00fck K\u00f6pek Yata\u011f\u0131<\/h3>\n<p>Rahat bir \u015fekil, yumu\u015fak kapitone uyku y\u00fczeyi ve aerodinamik bir destek, B\u00fcy\u00fck K\u00f6pek Yata\u011f\u0131n\u0131 olu\u015fturur. Yayl\u0131 ve duyarl\u0131 B\u00fcy\u00fck K\u00f6pek Yata\u011f\u0131, k\u00f6pe\u011finiz ne kadar hareket ederse etsin d\u00fczle\u015fmeyi veya topaklanmay\u0131 reddeder; rahat etmek i\u00e7in k\u0131vr\u0131lan, yuva yapan ve oyuk a\u00e7an k\u00f6pekler i\u00e7in m\u00fckemmeldir. \u00dc\u00e7 tarafl\u0131 destek, ba\u015f\u0131n\u0131 yaslamak veya dinlendirmek i\u00e7in bir yer tercih eden k\u00f6pekler i\u00e7in g\u00fcvenlik ve destek sa\u011flarken, bir a\u00e7\u0131k taraf bu yata\u011f\u0131 her ya\u015ftan k\u00f6pe\u011fin inip binmesi i\u00e7in kolayla\u015ft\u0131r\u0131r. D\u00f6\u015feme s\u0131n\u0131f\u0131 k\u0131l\u0131f hem dayan\u0131kl\u0131 hem de inan\u0131lmaz yumu\u015fakt\u0131r.<\/p>\n<p>Polyester k\u0131l\u0131f \u00e7\u0131kar\u0131labilir ve y\u0131kanabilir. Nak\u0131\u015f ile ki\u015fiselle\u015ftirin.<\/p>\n<table width=\"288\">\n<tbody>\n<tr>\n<td width=\"137\"><span style=\"color: #333333;\">\u00dcr\u00fcn Ad\u0131<\/span><\/td>\n<td width=\"151\"><span style=\"color: #333333;\">Evcil Hayvan Yata\u011f\u0131<\/span><\/td>\n<\/tr>\n<tr>\n<td><span style=\"color: #333333;\">\u00dcr\u00fcn No.<\/span><\/td>\n<td><span style=\"color: #333333;\">P-C3011<\/span><\/td>\n<\/tr>\n<tr>\n<td><span style=\"color: #333333;\">Malzeme<\/span><\/td>\n<td>Pamuk, Polyester, Polar<\/td>\n<\/tr>\n<tr>\n<td><span style=\"color: #333333;\">\u00a0Boyut ve Renk<\/span><\/td>\n<td><span style=\"color: #333333;\">\u00d6zelle\u015ftirilmi\u015f<\/span><\/td>\n<\/tr>\n<tr>\n<td><span style=\"color: #333333;\">\u00a0Teslimat s\u00fcresi<\/span><\/td>\n<td><span style=\"color: #333333;\">Hava yoluyla k\u00fc\u00e7\u00fck miktarlar i\u00e7in 1- 5 g\u00fcn ve deniz yoluyla b\u00fcy\u00fck miktarlar i\u00e7in 30- 35 g\u00fcn<\/span><\/td>\n<\/tr>\n<\/tbody>\n<\/table>","protected":false},"featured_media":22373,"template":"","meta":{"_seopress_robots_primary_cat":"none","_seopress_titles_title":"Large Dog Bed | China Pet Bed Manufacturer","_seopress_titles_desc":"Looking for Large Dog Bed? we design premium knitwear for pets worldwide. Bulk orders, OEM services. Request free cozy samples today!","_seopress_robots_index":"","_uag_custom_page_level_css":""},"product_brand":[],"product_cat":[348,22],"product_tag":[],"class_list":{"0":"post-22369","1":"product","2":"type-product","3":"status-publish","4":"has-post-thumbnail","6":"product_cat-chew-resistant-dog-beds","7":"product_cat-pet-bed","9":"first","10":"instock","11":"shipping-taxable","12":"product-type-simple"},"uagb_featured_image_src":{"full":["https:\/\/pecpets.com\/wp-content\/uploads\/2025\/09\/964b715a-214e-4fca-84ca-b6c2b98578f6.jpg",1280,1280,false],"thumbnail":["https:\/\/pecpets.com\/wp-content\/uploads\/2025\/09\/964b715a-214e-4fca-84ca-b6c2b98578f6-150x150.jpg",150,150,true],"medium":["https:\/\/pecpets.com\/wp-content\/uploads\/2025\/09\/964b715a-214e-4fca-84ca-b6c2b98578f6-300x300.jpg",300,300,true],"medium_large":["https:\/\/pecpets.com\/wp-content\/uploads\/2025\/09\/964b715a-214e-4fca-84ca-b6c2b98578f6-768x768.jpg",768,768,true],"large":["https:\/\/pecpets.com\/wp-content\/uploads\/2025\/09\/964b715a-214e-4fca-84ca-b6c2b98578f6-1024x1024.jpg",800,800,true],"1536x1536":["https:\/\/pecpets.com\/wp-content\/uploads\/2025\/09\/964b715a-214e-4fca-84ca-b6c2b98578f6.jpg",1280,1280,false],"2048x2048":["https:\/\/pecpets.com\/wp-content\/uploads\/2025\/09\/964b715a-214e-4fca-84ca-b6c2b98578f6.jpg",1280,1280,false],"trp-custom-language-flag":["https:\/\/pecpets.com\/wp-content\/uploads\/2025\/09\/964b715a-214e-4fca-84ca-b6c2b98578f6-12x12.jpg",12,12,true],"woocommerce_thumbnail":["https:\/\/pecpets.com\/wp-content\/uploads\/2025\/09\/964b715a-214e-4fca-84ca-b6c2b98578f6-300x300.jpg",300,300,true],"woocommerce_single":["https:\/\/pecpets.com\/wp-content\/uploads\/2025\/09\/964b715a-214e-4fca-84ca-b6c2b98578f6-600x600.jpg",600,600,true],"woocommerce_gallery_thumbnail":["https:\/\/pecpets.com\/wp-content\/uploads\/2025\/09\/964b715a-214e-4fca-84ca-b6c2b98578f6-100x100.jpg",100,100,true]},"uagb_author_info":{"display_name":"Lawrence\u00a0\u52b3\u4f26\u65af","author_link":"https:\/\/pecpets.com\/tr\/author\/"},"uagb_comment_info":0,"uagb_excerpt":"Large Dog Bed A cozy shape, a soft quilted sleep surface, and a streamlined bolster make the Large Dog Bed. The springy and responsive Large Dog Bed refuses to flatten or clump, no matter how much your dog moves around\u00ad\u2014perfect for dogs who nuzzle, nest, and burrow to get comfortable. The three-sided bolster provides security&hellip;","_links":{"self":[{"href":"https:\/\/pecpets.com\/tr\/wp-json\/wp\/v2\/product\/22369","targetHints":{"allow":["GET"]}}],"collection":[{"href":"https:\/\/pecpets.com\/tr\/wp-json\/wp\/v2\/product"}],"about":[{"href":"https:\/\/pecpets.com\/tr\/wp-json\/wp\/v2\/types\/product"}],"wp:featuredmedia":[{"embeddable":true,"href":"https:\/\/pecpets.com\/tr\/wp-json\/wp\/v2\/media\/22373"}],"wp:attachment":[{"href":"https:\/\/pecpets.com\/tr\/wp-json\/wp\/v2\/media?parent=22369"}],"wp:term":[{"taxonomy":"product_brand","embeddable":true,"href":"https:\/\/pecpets.com\/tr\/wp-json\/wp\/v2\/product_brand?post=22369"},{"taxonomy":"product_cat","embeddable":true,"href":"https:\/\/pecpets.com\/tr\/wp-json\/wp\/v2\/product_cat?post=22369"},{"taxonomy":"product_tag","embeddable":true,"href":"https:\/\/pecpets.com\/tr\/wp-json\/wp\/v2\/product_tag?post=22369"}],"curies":[{"name":"wp","href":"https:\/\/api.w.org\/{rel}","templated":true}]}}