{"id":22378,"date":"2025-09-28T10:04:14","date_gmt":"2025-09-28T02:04:14","guid":{"rendered":"https:\/\/pecpets.com\/?post_type=product&#038;p=22378"},"modified":"2025-10-07T09:32:57","modified_gmt":"2025-10-07T01:32:57","slug":"orthopaedic-large-dog-bed","status":"publish","type":"product","link":"https:\/\/pecpets.com\/tr\/product\/orthopaedic-large-dog-bed\/","title":{"rendered":"Ortopedik B\u00fcy\u00fck K\u00f6pek Yata\u011f\u0131"},"content":{"rendered":"<h2 data-start=\"107\" data-end=\"201\"><strong data-start=\"107\" data-end=\"199\">Ortopedik B\u00fcy\u00fck K\u00f6pek Yata\u011f\u0131 - Pet Yatak \u00dcreticisi &amp; L\u00fcks Yatak Fabrikas\u0131ndan Premium Konfor<\/strong><\/h2>\n<p data-start=\"222\" data-end=\"581\">Ortopedik B\u00fcy\u00fck K\u00f6pek Yata\u011f\u0131m\u0131z, \u00fcst\u00fcn konfor ve eklem deste\u011fi i\u00e7in tasarlanm\u0131\u015ft\u0131r, bu da onu ya\u015fl\u0131 k\u00f6pekler, b\u00fcy\u00fck \u0131rklar ve ekstra bak\u0131m gerektiren evcil hayvanlar i\u00e7in ideal bir se\u00e7im haline getirir. Profesyonel bir K\u00f6pek Yata\u011f\u0131 \u00fcreticisi ve K\u00f6pek Yata\u011f\u0131 \u00c7in'de deneyimli L\u00fcks Yatak Fabrikas\u0131 olarak, dayan\u0131kl\u0131l\u0131\u011f\u0131 stille birle\u015ftiren y\u00fcksek kaliteli tasar\u0131mlar sunmaya odaklan\u0131yoruz.<\/p>\n<p data-start=\"583\" data-end=\"871\">G\u00fcvenilir bir K\u00f6pek Yata\u011f\u0131 \u015firketi olarak sa\u011flam bir \u00fcne sahip olarak, K\u00f6pek Yata\u011f\u0131 toplu sipari\u015fleri ve k\u00fcresel K\u00f6pek Yata\u011f\u0131 ihracat\u0131 i\u00e7in g\u00fcvenilir \u00e7\u00f6z\u00fcmler sunuyoruz. Her K\u00f6pek Yata\u011f\u0131 fabrikas\u0131 \u00fcr\u00fcn\u00fc, evcil hayvanlar\u0131n hak ettikleri dinlenmeyi almalar\u0131n\u0131 sa\u011flamak i\u00e7in birinci s\u0131n\u0131f haf\u0131zal\u0131 k\u00f6p\u00fck ve destekleyici yap\u0131 ile \u00fcretilmi\u015ftir.<\/p>\n<p data-start=\"873\" data-end=\"1164\">K\u00f6pek Yata\u011f\u0131 ODM ve K\u00f6pek Yata\u011f\u0131 OEM projelerini destekleyerek i\u015fletmelerin benzersiz markalara sahip \u00f6zel K\u00f6pek Yata\u011f\u0131 \u00f6zel etiket hatlar\u0131 olu\u015fturmalar\u0131na yard\u0131mc\u0131 oluyoruz. \u0130ster K\u00f6pek Yata\u011f\u0131 tedarik\u00e7isi, ister K\u00f6pek Yata\u011f\u0131 sat\u0131c\u0131s\u0131 veya K\u00f6pek Yata\u011f\u0131 toptanc\u0131s\u0131 olun, fabrikam\u0131z pazar ihtiya\u00e7lar\u0131n\u0131z\u0131 geni\u015f \u00f6l\u00e7ekte kar\u015f\u0131layacak donan\u0131ma sahiptir.<\/p>\n<p data-start=\"1166\" data-end=\"1432\">Kalite ve tutarl\u0131l\u0131\u011f\u0131 anlayan lider bir K\u00f6pek Yata\u011f\u0131 \u00fcreticisi ile i\u015f ortakl\u0131\u011f\u0131 yap\u0131n. K\u00f6pek Yata\u011f\u0131 toplu tedarikinden \u00f6zel OEM\/ODM hizmetlerine kadar, Ortopedik B\u00fcy\u00fck K\u00f6pek Yata\u011f\u0131 serimiz evcil hayvanlar i\u00e7in konfor ve i\u015fletmeniz i\u00e7in g\u00fc\u00e7l\u00fc b\u00fcy\u00fcme f\u0131rsatlar\u0131 sa\u011flar.<\/p>","protected":false},"excerpt":{"rendered":"<h3>Ortopedik B\u00fcy\u00fck K\u00f6pek Yata\u011f\u0131<\/h3>\n<p>K\u00f6pekler bu yata\u011f\u0131n \u00e7ift katl\u0131 desteklerine bay\u0131l\u0131r; kendilerini g\u00fcvende ve desteklenmi\u015f hissetmelerine yard\u0131mc\u0131 olur. S\u00fcper yast\u0131kl\u0131 uyku alan\u0131 da rahat etmelerine yard\u0131mc\u0131 olur. \u00c7\u0131kar\u0131labilir minder, k\u00f6pe\u011finiz ne kadar hareket ederse etsin yerinde kal\u0131r. Ortopedik B\u00fcy\u00fck K\u00f6pek Yata\u011f\u0131 yayl\u0131 ve pel\u00fc\u015ft\u00fcr, rahat etmek i\u00e7in sokulmay\u0131 ve yuva yapmay\u0131 seven k\u00f6pekler i\u00e7in idealdir ve hazneli astar, d\u00fczle\u015fmemesini veya topaklanmamas\u0131n\u0131 sa\u011flar. Hepsi kadifemsi yumu\u015fakl\u0131kta, kapitone k\u0131l\u0131f\u0131m\u0131za sar\u0131lm\u0131\u015ft\u0131r ve \u00e7ift destek kenarlar\u0131 boyunca biyeler bulunur. Nak\u0131\u015fla ki\u015fiselle\u015ftirin.<\/p>\n<p>Polyester k\u0131l\u0131f \u00e7\u0131kar\u0131labilir ve makinede y\u0131kanabilir. \u0130thal edilmi\u015ftir.<\/p>\n<table width=\"288\">\n<tbody>\n<tr>\n<td width=\"137\"><span style=\"color: #333333;\">\u00dcr\u00fcn Ad\u0131<\/span><\/td>\n<td width=\"151\"><span style=\"color: #333333;\">Evcil Hayvan Yata\u011f\u0131<\/span><\/td>\n<\/tr>\n<tr>\n<td><span style=\"color: #333333;\">\u00dcr\u00fcn No.<\/span><\/td>\n<td><span style=\"color: #333333;\">P-C3012<\/span><\/td>\n<\/tr>\n<tr>\n<td><span style=\"color: #333333;\">Malzeme<\/span><\/td>\n<td>Pamuk, Polyester, Polar<\/td>\n<\/tr>\n<tr>\n<td><span style=\"color: #333333;\">\u00a0Boyut ve Renk<\/span><\/td>\n<td><span style=\"color: #333333;\">\u00d6zelle\u015ftirilmi\u015f<\/span><\/td>\n<\/tr>\n<tr>\n<td><span style=\"color: #333333;\">\u00a0Teslimat s\u00fcresi<\/span><\/td>\n<td><span style=\"color: #333333;\">Hava yoluyla k\u00fc\u00e7\u00fck miktarlar i\u00e7in 1- 5 g\u00fcn ve deniz yoluyla b\u00fcy\u00fck miktarlar i\u00e7in 30- 35 g\u00fcn<\/span><\/td>\n<\/tr>\n<\/tbody>\n<\/table>","protected":false},"featured_media":22387,"template":"","meta":{"_seopress_robots_primary_cat":"none","_seopress_titles_title":"Orthopaedic Large Dog Bed | China Pet Bed Manufacturer","_seopress_titles_desc":"Looking for Orthopaedic Large Dog Bed? we design premium knitwear for pets worldwide. Bulk orders, OEM services. Request free cozy samples today!","_seopress_robots_index":"","_uag_custom_page_level_css":""},"product_brand":[],"product_cat":[348,22],"product_tag":[],"class_list":{"0":"post-22378","1":"product","2":"type-product","3":"status-publish","4":"has-post-thumbnail","6":"product_cat-chew-resistant-dog-beds","7":"product_cat-pet-bed","9":"first","10":"instock","11":"shipping-taxable","12":"product-type-simple"},"uagb_featured_image_src":{"full":["https:\/\/pecpets.com\/wp-content\/uploads\/2025\/09\/a8f3543e-1baa-4d0d-94a1-949b0c8396f4.jpg",1280,1280,false],"thumbnail":["https:\/\/pecpets.com\/wp-content\/uploads\/2025\/09\/a8f3543e-1baa-4d0d-94a1-949b0c8396f4-150x150.jpg",150,150,true],"medium":["https:\/\/pecpets.com\/wp-content\/uploads\/2025\/09\/a8f3543e-1baa-4d0d-94a1-949b0c8396f4-300x300.jpg",300,300,true],"medium_large":["https:\/\/pecpets.com\/wp-content\/uploads\/2025\/09\/a8f3543e-1baa-4d0d-94a1-949b0c8396f4-768x768.jpg",768,768,true],"large":["https:\/\/pecpets.com\/wp-content\/uploads\/2025\/09\/a8f3543e-1baa-4d0d-94a1-949b0c8396f4-1024x1024.jpg",800,800,true],"1536x1536":["https:\/\/pecpets.com\/wp-content\/uploads\/2025\/09\/a8f3543e-1baa-4d0d-94a1-949b0c8396f4.jpg",1280,1280,false],"2048x2048":["https:\/\/pecpets.com\/wp-content\/uploads\/2025\/09\/a8f3543e-1baa-4d0d-94a1-949b0c8396f4.jpg",1280,1280,false],"trp-custom-language-flag":["https:\/\/pecpets.com\/wp-content\/uploads\/2025\/09\/a8f3543e-1baa-4d0d-94a1-949b0c8396f4-12x12.jpg",12,12,true],"woocommerce_thumbnail":["https:\/\/pecpets.com\/wp-content\/uploads\/2025\/09\/a8f3543e-1baa-4d0d-94a1-949b0c8396f4-300x300.jpg",300,300,true],"woocommerce_single":["https:\/\/pecpets.com\/wp-content\/uploads\/2025\/09\/a8f3543e-1baa-4d0d-94a1-949b0c8396f4-600x600.jpg",600,600,true],"woocommerce_gallery_thumbnail":["https:\/\/pecpets.com\/wp-content\/uploads\/2025\/09\/a8f3543e-1baa-4d0d-94a1-949b0c8396f4-100x100.jpg",100,100,true]},"uagb_author_info":{"display_name":"Lawrence\u00a0\u52b3\u4f26\u65af","author_link":"https:\/\/pecpets.com\/tr\/author\/"},"uagb_comment_info":0,"uagb_excerpt":"Orthopaedic Large Dog Bed Dogs love this bed\u2019s double-stacked bolster\u2014it helps them feel secure and supported. And the super-cushioned sleeping area helps them sink into comfort. The removable cushion stays in place, no matter how much your dog moves around. Orthopaedic Large Dog Bed is springy and plush, ideal for dogs who like to nuzzle&hellip;","_links":{"self":[{"href":"https:\/\/pecpets.com\/tr\/wp-json\/wp\/v2\/product\/22378","targetHints":{"allow":["GET"]}}],"collection":[{"href":"https:\/\/pecpets.com\/tr\/wp-json\/wp\/v2\/product"}],"about":[{"href":"https:\/\/pecpets.com\/tr\/wp-json\/wp\/v2\/types\/product"}],"wp:featuredmedia":[{"embeddable":true,"href":"https:\/\/pecpets.com\/tr\/wp-json\/wp\/v2\/media\/22387"}],"wp:attachment":[{"href":"https:\/\/pecpets.com\/tr\/wp-json\/wp\/v2\/media?parent=22378"}],"wp:term":[{"taxonomy":"product_brand","embeddable":true,"href":"https:\/\/pecpets.com\/tr\/wp-json\/wp\/v2\/product_brand?post=22378"},{"taxonomy":"product_cat","embeddable":true,"href":"https:\/\/pecpets.com\/tr\/wp-json\/wp\/v2\/product_cat?post=22378"},{"taxonomy":"product_tag","embeddable":true,"href":"https:\/\/pecpets.com\/tr\/wp-json\/wp\/v2\/product_tag?post=22378"}],"curies":[{"name":"wp","href":"https:\/\/api.w.org\/{rel}","templated":true}]}}