{"id":22507,"date":"2025-09-30T09:21:53","date_gmt":"2025-09-30T01:21:53","guid":{"rendered":"https:\/\/pecpets.com\/?post_type=product&#038;p=22507"},"modified":"2025-10-07T09:33:36","modified_gmt":"2025-10-07T01:33:36","slug":"dog-stairs-for-bed","status":"publish","type":"product","link":"https:\/\/pecpets.com\/tr\/product\/dog-stairs-for-bed\/","title":{"rendered":"Yatak i\u00e7in K\u00f6pek Merdivenleri"},"content":{"rendered":"<h2 data-start=\"107\" data-end=\"201\">Yatak i\u00e7in K\u00f6pek Merdivenleri | Evcil Hayvan Yata\u011f\u0131 \u00dcreticisi ve L\u00fcks Yatak Fabrikas\u0131 | OEM \/ ODM Toptan Tedarik\u00e7i<\/h2>\n<p data-start=\"190\" data-end=\"441\">Yatak i\u00e7in g\u00fcvenli ve \u015f\u0131k k\u00f6pek merdivenleri mi ar\u0131yorsunuz? K\u00f6pek Yata\u011f\u0131 \u00c7in'de lider bir Pet Yatak \u00dcreticisi ve g\u00fcvenilir L\u00fcks Yatak Fabrikas\u0131 olarak, her boyuttaki k\u00f6pek i\u00e7in konfor, dayan\u0131kl\u0131l\u0131k ve kolay eri\u015fimi bir araya getiren birinci s\u0131n\u0131f evcil hayvan merdivenleri tasarl\u0131yoruz.<\/p>\n<p data-start=\"443\" data-end=\"835\">K\u00f6pek Yata\u011f\u0131 fabrikam\u0131z, modern i\u00e7 mekanlara uyacak \u015fekilde y\u00fcksek kaliteli k\u00f6p\u00fck, ah\u015fap veya kuma\u015f kapaklar kullanarak yatak i\u00e7in sa\u011flam k\u00f6pek merdivenleri \u00fcretiminde uzmanla\u015fm\u0131\u015ft\u0131r. \u0130ster K\u00f6pek Yata\u011f\u0131 toplu sipari\u015fleri tedarik ediyor olun, ister \u00f6zel bir K\u00f6pek Yata\u011f\u0131 OEM \/ ODM projesi geli\u015ftiriyor olun veya kendi K\u00f6pek Yata\u011f\u0131 \u00f6zel etiket markan\u0131z\u0131 ba\u015flat\u0131yor olun, K\u00f6pek Yata\u011f\u0131 \u015firketimiz tasar\u0131mdan K\u00f6pek Yata\u011f\u0131 ihracat\u0131na kadar eksiksiz \u00e7\u00f6z\u00fcmler sunar.<\/p>\n<p data-start=\"837\" data-end=\"1170\">\u2705 Rekabet\u00e7i toptan fiyatland\u0131rma ile K\u00f6pek Yata\u011f\u0131 toplu tedariki<br data-start=\"897\" data-end=\"900\" \/>\u2705 K\u00f6pek Yata\u011f\u0131 OEM \/ ODM i\u00e7in \u00f6zel y\u00fckseklik, malzeme ve tasar\u0131m<br data-start=\"961\" data-end=\"964\" \/>\u2705 Perakendeciler ve distrib\u00fct\u00f6rler i\u00e7in \u00f6zel etiket markalama deste\u011fi<br data-start=\"1027\" data-end=\"1030\" \/>\u2705 K\u00fcresel K\u00f6pek Yata\u011f\u0131 toptanc\u0131s\u0131, tedarik\u00e7isi ve sat\u0131c\u0131 hizmetleri<br data-start=\"1092\" data-end=\"1095\" \/>\u2705 Profesyonel bir K\u00f6pek Yata\u011f\u0131 \u00fcreticisinden h\u0131zl\u0131 \u00fcretim ve teslimat<\/p>\n<p data-start=\"1172\" data-end=\"1415\">\u0130\u015finizi anlayan g\u00fcvenilir bir K\u00f6pek Yata\u011f\u0131 tedarik\u00e7isi ile i\u015f ortakl\u0131\u011f\u0131 yap\u0131n. Yatak i\u00e7in i\u015flevsel k\u00f6pek merdivenlerinden birinci s\u0131n\u0131f \u00f6zelle\u015ftirilmi\u015f koleksiyonlara kadar, K\u00f6pek Yata\u011f\u0131 tedarik\u00e7i ekibimiz kalite, stil ve k\u00fcresel K\u00f6pek Yata\u011f\u0131 ihracat deste\u011fi sa\u011flar.<\/p>","protected":false},"excerpt":{"rendered":"<h3>Yatak i\u00e7in K\u00f6pek Merdivenleri<\/h3>\n<ul class=\"a-unordered-list a-vertical a-spacing-mini\">\n<li class=\"a-spacing-mini\">Basamak ba\u015f\u0131na 5,12 in\u00e7 (13 cm) y\u00fckselme y\u00fcksekli\u011fine sahip ekstra geni\u015f basamaklara sahip bu merdivenler, evcil hayvan\u0131n\u0131z\u0131n en sevdi\u011fi noktalara kolayca ula\u015fmas\u0131n\u0131 sa\u011flayan sa\u011flam ve g\u00fcvenli bir platform sunar.<\/li>\n<li class=\"a-spacing-mini\">Bu evcil hayvan merdiveni rahat\u00e7a katlanabilir ve kullan\u0131lmad\u0131\u011f\u0131nda ta\u015f\u0131nmas\u0131n\u0131 veya saklanmas\u0131n\u0131 kolayla\u015ft\u0131r\u0131r. Ayr\u0131ca oyuncaklar, ikramlar, tasmalar ve di\u011fer evcil hayvan malzemeleri i\u00e7in depolama alan\u0131 sunarak da\u011f\u0131n\u0131kl\u0131\u011f\u0131 azaltmaya ve yerden tasarruf etmeye yard\u0131mc\u0131 olur.<\/li>\n<li class=\"a-spacing-mini\">Merdivenlerin alt\u0131ndaki rahat daire yumu\u015fak, kristal kadife bir \u015filte ile kapl\u0131d\u0131r ve evcil hayvan\u0131n\u0131z i\u00e7in \u00f6zel ve konforlu bir s\u0131\u011f\u0131nak sa\u011flar.<\/li>\n<\/ul>\n<table width=\"288\">\n<tbody>\n<tr>\n<td width=\"137\"><span style=\"color: #333333;\">\u00dcr\u00fcn Ad\u0131<\/span><\/td>\n<td width=\"151\"><span style=\"color: #333333;\">Evcil Hayvan Yata\u011f\u0131<\/span><\/td>\n<\/tr>\n<tr>\n<td><span style=\"color: #333333;\">\u00dcr\u00fcn No.<\/span><\/td>\n<td><span style=\"color: #333333;\">P-C3016<\/span><\/td>\n<\/tr>\n<tr>\n<td><span style=\"color: #333333;\">Malzeme<\/span><\/td>\n<td>Pamuk, Polyester, Polar<\/td>\n<\/tr>\n<tr>\n<td><span style=\"color: #333333;\">\u00a0Boyut ve Renk<\/span><\/td>\n<td><span style=\"color: #333333;\">\u00d6zelle\u015ftirilmi\u015f<\/span><\/td>\n<\/tr>\n<tr>\n<td><span style=\"color: #333333;\">\u00a0Teslimat s\u00fcresi<\/span><\/td>\n<td><span style=\"color: #333333;\">Hava yoluyla k\u00fc\u00e7\u00fck miktarlar i\u00e7in 1- 5 g\u00fcn ve deniz yoluyla b\u00fcy\u00fck miktarlar i\u00e7in 30- 35 g\u00fcn<\/span><\/td>\n<\/tr>\n<\/tbody>\n<\/table>","protected":false},"featured_media":22522,"template":"","meta":{"_seopress_robots_primary_cat":"none","_seopress_titles_title":"Dog Ramp for Bed | China Pet Bed Manufacturer","_seopress_titles_desc":"Looking for Dog Ramp for Bed? we design premium knitwear for pets worldwide. Bulk orders, OEM services. Request free cozy samples today!","_seopress_robots_index":"","_uag_custom_page_level_css":""},"product_brand":[],"product_cat":[348,22],"product_tag":[],"class_list":{"0":"post-22507","1":"product","2":"type-product","3":"status-publish","4":"has-post-thumbnail","6":"product_cat-chew-resistant-dog-beds","7":"product_cat-pet-bed","9":"first","10":"instock","11":"shipping-taxable","12":"product-type-simple"},"uagb_featured_image_src":{"full":["https:\/\/pecpets.com\/wp-content\/uploads\/2025\/09\/ChessboardHandcraftedDogStairswithStorageandCondo-Napsteps_12-1.jpg",1000,1000,false],"thumbnail":["https:\/\/pecpets.com\/wp-content\/uploads\/2025\/09\/ChessboardHandcraftedDogStairswithStorageandCondo-Napsteps_12-1-150x150.jpg",150,150,true],"medium":["https:\/\/pecpets.com\/wp-content\/uploads\/2025\/09\/ChessboardHandcraftedDogStairswithStorageandCondo-Napsteps_12-1-300x300.jpg",300,300,true],"medium_large":["https:\/\/pecpets.com\/wp-content\/uploads\/2025\/09\/ChessboardHandcraftedDogStairswithStorageandCondo-Napsteps_12-1-768x768.jpg",768,768,true],"large":["https:\/\/pecpets.com\/wp-content\/uploads\/2025\/09\/ChessboardHandcraftedDogStairswithStorageandCondo-Napsteps_12-1.jpg",800,800,false],"1536x1536":["https:\/\/pecpets.com\/wp-content\/uploads\/2025\/09\/ChessboardHandcraftedDogStairswithStorageandCondo-Napsteps_12-1.jpg",1000,1000,false],"2048x2048":["https:\/\/pecpets.com\/wp-content\/uploads\/2025\/09\/ChessboardHandcraftedDogStairswithStorageandCondo-Napsteps_12-1.jpg",1000,1000,false],"trp-custom-language-flag":["https:\/\/pecpets.com\/wp-content\/uploads\/2025\/09\/ChessboardHandcraftedDogStairswithStorageandCondo-Napsteps_12-1-12x12.jpg",12,12,true],"woocommerce_thumbnail":["https:\/\/pecpets.com\/wp-content\/uploads\/2025\/09\/ChessboardHandcraftedDogStairswithStorageandCondo-Napsteps_12-1-300x300.jpg",300,300,true],"woocommerce_single":["https:\/\/pecpets.com\/wp-content\/uploads\/2025\/09\/ChessboardHandcraftedDogStairswithStorageandCondo-Napsteps_12-1-600x600.jpg",600,600,true],"woocommerce_gallery_thumbnail":["https:\/\/pecpets.com\/wp-content\/uploads\/2025\/09\/ChessboardHandcraftedDogStairswithStorageandCondo-Napsteps_12-1-100x100.jpg",100,100,true]},"uagb_author_info":{"display_name":"Lawrence\u00a0\u52b3\u4f26\u65af","author_link":"https:\/\/pecpets.com\/tr\/author\/"},"uagb_comment_info":0,"uagb_excerpt":"Dog Stairs for Bed Featuring extra-wide steps with a rise height of 5.12 inches (13 cm) per step, these stairs offer a stable and secure platform, allowing your pet to easily reach their favorite spots. This pet stair can be conveniently folded, making it easy to transport or store away when not in use. It&hellip;","_links":{"self":[{"href":"https:\/\/pecpets.com\/tr\/wp-json\/wp\/v2\/product\/22507","targetHints":{"allow":["GET"]}}],"collection":[{"href":"https:\/\/pecpets.com\/tr\/wp-json\/wp\/v2\/product"}],"about":[{"href":"https:\/\/pecpets.com\/tr\/wp-json\/wp\/v2\/types\/product"}],"wp:featuredmedia":[{"embeddable":true,"href":"https:\/\/pecpets.com\/tr\/wp-json\/wp\/v2\/media\/22522"}],"wp:attachment":[{"href":"https:\/\/pecpets.com\/tr\/wp-json\/wp\/v2\/media?parent=22507"}],"wp:term":[{"taxonomy":"product_brand","embeddable":true,"href":"https:\/\/pecpets.com\/tr\/wp-json\/wp\/v2\/product_brand?post=22507"},{"taxonomy":"product_cat","embeddable":true,"href":"https:\/\/pecpets.com\/tr\/wp-json\/wp\/v2\/product_cat?post=22507"},{"taxonomy":"product_tag","embeddable":true,"href":"https:\/\/pecpets.com\/tr\/wp-json\/wp\/v2\/product_tag?post=22507"}],"curies":[{"name":"wp","href":"https:\/\/api.w.org\/{rel}","templated":true}]}}