{"id":22548,"date":"2026-02-11T14:11:57","date_gmt":"2026-02-11T06:11:57","guid":{"rendered":"https:\/\/pecpets.com\/?post_type=product&#038;p=22548"},"modified":"2026-02-11T15:19:44","modified_gmt":"2026-02-11T07:19:44","slug":"indestructible-dog-bed","status":"publish","type":"product","link":"https:\/\/pecpets.com\/tr\/product\/indestructible-dog-bed\/","title":{"rendered":"Y\u0131k\u0131lmaz K\u00f6pek Yata\u011f\u0131"},"content":{"rendered":"<h2 data-start=\"91\" data-end=\"196\"><strong data-start=\"91\" data-end=\"196\">Y\u0131k\u0131lmaz K\u00f6pek Yata\u011f\u0131 | G\u00fcvenilir Pet Yatak \u00dcreticisi ve L\u00fcks Yatak Fabrikas\u0131 | OEM \/ ODM K\u00f6pek Yata\u011f\u0131 Tedarik\u00e7isi<\/strong><\/h2>\n<p data-start=\"216\" data-end=\"496\">Zorlu \u00e7i\u011fneyicilere dayanabilecek ger\u00e7ekten Y\u0131k\u0131lmaz bir K\u00f6pek Yata\u011f\u0131 m\u0131 ar\u0131yorsunuz?<\/p>\n<p data-start=\"216\" data-end=\"496\">Profesyonel bir Pet Yatak \u00dcreticisi ve K\u00f6pek Yata\u011f\u0131 \u00c7in'de sertifikal\u0131 L\u00fcks Yatak Fabrikas\u0131 olarak, g\u00fc\u00e7 ve konfor i\u00e7in in\u015fa edilmi\u015f ultra dayan\u0131kl\u0131, \u00e7i\u011fnemeye dayan\u0131kl\u0131 yataklar \u00fcretme konusunda uzman\u0131z.<\/p>\n<p data-start=\"498\" data-end=\"884\">K\u00f6pek Yata\u011f\u0131 fabrikam\u0131z, her Y\u0131k\u0131lmaz K\u00f6pek Yata\u011f\u0131n\u0131n daha uzun s\u00fcre dayanmas\u0131n\u0131 sa\u011flamak i\u00e7in a\u011f\u0131r hizmet malzemeleri ve g\u00fc\u00e7lendirilmi\u015f diki\u015fler kullan\u0131r - aktif veya b\u00fcy\u00fck \u0131rklar i\u00e7in idealdir. \u0130ster K\u00f6pek Yata\u011f\u0131 toplu sipari\u015flerine, ister K\u00f6pek Yata\u011f\u0131 OEM\/ODM \u00f6zelle\u015ftirmesine veya K\u00f6pek Yata\u011f\u0131 \u00f6zel etiket markalamas\u0131na ihtiyac\u0131n\u0131z olsun, deneyimli K\u00f6pek Yata\u011f\u0131 \u00fcreticisi ekibimiz fabrikadan do\u011frudan fiyatland\u0131rma ile \u00fcst\u00fcn kalite sunabilir.<\/p>\n<p data-start=\"886\" data-end=\"1254\">\u2705 Y\u00fcksek Dayan\u0131kl\u0131l\u0131k: Y\u0131rt\u0131lmaz kuma\u015f, \u00e7ift diki\u015f ve y\u0131rt\u0131lmaya dayan\u0131kl\u0131 tasar\u0131m<br data-start=\"968\" data-end=\"971\" \/>\u2705 \u00d6zel OEM\/ODM Se\u00e7enekleri: Boyut, kuma\u015f, logo ve ambalaj se\u00e7in<br data-start=\"1041\" data-end=\"1044\" \/>\u2705 Toptan al\u0131c\u0131lar i\u00e7in 200 adetten itibaren K\u00f6pek Yata\u011f\u0131 toplu \u00fcretimi<br data-start=\"1109\" data-end=\"1112\" \/>\u2705 Tam dok\u00fcmantasyon ile Global K\u00f6pek Yata\u011f\u0131 ihracat deste\u011fi<br data-start=\"1171\" data-end=\"1174\" \/>\u2705 Uluslararas\u0131 markalar i\u00e7in g\u00fcvenilir K\u00f6pek Yata\u011f\u0131 tedarik\u00e7isi ve K\u00f6pek Yata\u011f\u0131 sat\u0131c\u0131s\u0131<\/p>\n<p data-start=\"1256\" data-end=\"1549\">15 y\u0131l\u0131 a\u015fk\u0131n deneyime sahip K\u00f6pek Yata\u011f\u0131 \u015firketimiz, d\u00fcnya \u00e7ap\u0131ndaki perakendeciler, distrib\u00fct\u00f6rler ve \u00e7evrimi\u00e7i markalar i\u00e7in tasar\u0131mdan teslimata eksiksiz hizmet sunmaktad\u0131r. \u00dcretti\u011fimiz her Y\u0131k\u0131lmaz K\u00f6pek Yata\u011f\u0131nda hem konforu hem de dayan\u0131kl\u0131l\u0131\u011f\u0131 anlayan g\u00fcvenilir bir K\u00f6pek Yata\u011f\u0131 toptanc\u0131s\u0131 ile ortak olun.<\/p>","protected":false},"excerpt":{"rendered":"<h3>Y\u0131k\u0131lmaz K\u00f6pek Yata\u011f\u0131<\/h3>\n<ul class=\"a-unordered-list a-vertical a-spacing-mini\">\n<li>A\u011f\u0131r Hizmet Tipi Branda Kuma\u015f, S\u0131zd\u0131rmaz Diki\u015fler<\/li>\n<li>Kaz\u0131c\u0131lara, t\u0131rmalay\u0131c\u0131lara ve neme kar\u015f\u0131 dayan\u0131kl\u0131d\u0131r<\/li>\n<li>\u0130\u00e7 ve d\u0131\u015f mekanlarda uzanmak i\u00e7in m\u00fckemmel<\/li>\n<li>Kapak dahil de\u011fildir, kapa\u011fa gerek yoktur<\/li>\n<\/ul>\n<table width=\"288\">\n<tbody>\n<tr>\n<td width=\"137\"><span style=\"color: #333333;\">\u00dcr\u00fcn Ad\u0131<\/span><\/td>\n<td width=\"151\"><span style=\"color: #333333;\">Evcil Hayvan Yata\u011f\u0131<\/span><\/td>\n<\/tr>\n<tr>\n<td><span style=\"color: #333333;\">\u00dcr\u00fcn No.<\/span><\/td>\n<td><span style=\"color: #333333;\">P-C3017<\/span><\/td>\n<\/tr>\n<tr>\n<td><span style=\"color: #333333;\">Malzeme<\/span><\/td>\n<td>Pamuk, Polyester, Polar<\/td>\n<\/tr>\n<tr>\n<td><span style=\"color: #333333;\">\u00a0Boyut ve Renk<\/span><\/td>\n<td><span style=\"color: #333333;\">\u00d6zelle\u015ftirilmi\u015f<\/span><\/td>\n<\/tr>\n<tr>\n<td><span style=\"color: #333333;\">\u00a0Teslimat s\u00fcresi<\/span><\/td>\n<td><span style=\"color: #333333;\">Hava yoluyla k\u00fc\u00e7\u00fck miktarlar i\u00e7in 1- 5 g\u00fcn ve deniz yoluyla b\u00fcy\u00fck miktarlar i\u00e7in 30- 35 g\u00fcn<\/span><\/td>\n<\/tr>\n<\/tbody>\n<\/table>","protected":false},"featured_media":22550,"template":"","meta":{"_seopress_robots_primary_cat":"none","_seopress_titles_title":"Indestructible Dog Bed | China Pet Bed Manufacturer","_seopress_titles_desc":"Looking for Indestructible Dog Bed? we design premium knitwear for pets worldwide. Bulk orders, OEM services. Request free cozy samples today!","_seopress_robots_index":"","_uag_custom_page_level_css":""},"product_brand":[],"product_cat":[348,22],"product_tag":[],"class_list":{"0":"post-22548","1":"product","2":"type-product","3":"status-publish","4":"has-post-thumbnail","6":"product_cat-chew-resistant-dog-beds","7":"product_cat-pet-bed","9":"first","10":"instock","11":"shipping-taxable","12":"product-type-simple"},"uagb_featured_image_src":{"full":["https:\/\/pecpets.com\/wp-content\/uploads\/2025\/10\/0630a8a1-4a16-4ff2-80a4-b0cff158f146.jpg",2048,2048,false],"thumbnail":["https:\/\/pecpets.com\/wp-content\/uploads\/2025\/10\/0630a8a1-4a16-4ff2-80a4-b0cff158f146-150x150.jpg",150,150,true],"medium":["https:\/\/pecpets.com\/wp-content\/uploads\/2025\/10\/0630a8a1-4a16-4ff2-80a4-b0cff158f146-300x300.jpg",300,300,true],"medium_large":["https:\/\/pecpets.com\/wp-content\/uploads\/2025\/10\/0630a8a1-4a16-4ff2-80a4-b0cff158f146-768x768.jpg",768,768,true],"large":["https:\/\/pecpets.com\/wp-content\/uploads\/2025\/10\/0630a8a1-4a16-4ff2-80a4-b0cff158f146-1024x1024.jpg",800,800,true],"1536x1536":["https:\/\/pecpets.com\/wp-content\/uploads\/2025\/10\/0630a8a1-4a16-4ff2-80a4-b0cff158f146-1536x1536.jpg",1536,1536,true],"2048x2048":["https:\/\/pecpets.com\/wp-content\/uploads\/2025\/10\/0630a8a1-4a16-4ff2-80a4-b0cff158f146.jpg",2048,2048,false],"trp-custom-language-flag":["https:\/\/pecpets.com\/wp-content\/uploads\/2025\/10\/0630a8a1-4a16-4ff2-80a4-b0cff158f146-12x12.jpg",12,12,true],"woocommerce_thumbnail":["https:\/\/pecpets.com\/wp-content\/uploads\/2025\/10\/0630a8a1-4a16-4ff2-80a4-b0cff158f146-300x300.jpg",300,300,true],"woocommerce_single":["https:\/\/pecpets.com\/wp-content\/uploads\/2025\/10\/0630a8a1-4a16-4ff2-80a4-b0cff158f146-600x600.jpg",600,600,true],"woocommerce_gallery_thumbnail":["https:\/\/pecpets.com\/wp-content\/uploads\/2025\/10\/0630a8a1-4a16-4ff2-80a4-b0cff158f146-100x100.jpg",100,100,true]},"uagb_author_info":{"display_name":"Lawrence\u00a0\u52b3\u4f26\u65af","author_link":"https:\/\/pecpets.com\/tr\/author\/"},"uagb_comment_info":0,"uagb_excerpt":"Indestructible Dog Bed Heavy-Duty Tarpaulin Fabric, Sealed Seams Stands up to diggers, scratchers, and moisture Perfect for lounging indoors and out No cover included, no cover needed Product Name Pet Bed Item No. P-C3017 Material Cotton, Polyester, Fleece \u00a0Size and Color Customized \u00a0Delivery time 1- 5 days for small quantities by air and 30- 35&hellip;","_links":{"self":[{"href":"https:\/\/pecpets.com\/tr\/wp-json\/wp\/v2\/product\/22548","targetHints":{"allow":["GET"]}}],"collection":[{"href":"https:\/\/pecpets.com\/tr\/wp-json\/wp\/v2\/product"}],"about":[{"href":"https:\/\/pecpets.com\/tr\/wp-json\/wp\/v2\/types\/product"}],"wp:featuredmedia":[{"embeddable":true,"href":"https:\/\/pecpets.com\/tr\/wp-json\/wp\/v2\/media\/22550"}],"wp:attachment":[{"href":"https:\/\/pecpets.com\/tr\/wp-json\/wp\/v2\/media?parent=22548"}],"wp:term":[{"taxonomy":"product_brand","embeddable":true,"href":"https:\/\/pecpets.com\/tr\/wp-json\/wp\/v2\/product_brand?post=22548"},{"taxonomy":"product_cat","embeddable":true,"href":"https:\/\/pecpets.com\/tr\/wp-json\/wp\/v2\/product_cat?post=22548"},{"taxonomy":"product_tag","embeddable":true,"href":"https:\/\/pecpets.com\/tr\/wp-json\/wp\/v2\/product_tag?post=22548"}],"curies":[{"name":"wp","href":"https:\/\/api.w.org\/{rel}","templated":true}]}}