{"id":22622,"date":"2025-10-08T10:42:15","date_gmt":"2025-10-08T02:42:15","guid":{"rendered":"https:\/\/pecpets.com\/?post_type=product&#038;p=22622"},"modified":"2025-10-08T10:47:41","modified_gmt":"2025-10-08T02:47:41","slug":"big-dog-dog-beds","status":"publish","type":"product","link":"https:\/\/pecpets.com\/tr\/product\/big-dog-dog-beds\/","title":{"rendered":"B\u00fcy\u00fck K\u00f6pek Yataklar\u0131"},"content":{"rendered":"<h2 data-start=\"91\" data-end=\"196\">Pet Yatak \u00dcreticisi &amp; L\u00fcks Yatak Fabrikas\u0131ndan B\u00fcy\u00fck K\u00f6pek Yataklar\u0131<\/h2>\n<p data-start=\"216\" data-end=\"496\">Konfor ve sa\u011flaml\u0131k i\u00e7in \u00fcretilmi\u015f birinci s\u0131n\u0131f B\u00fcy\u00fck K\u00f6pek Yataklar\u0131 m\u0131 ar\u0131yorsunuz?<\/p>\n<p data-start=\"216\" data-end=\"496\">G\u00fcvenilir bir Evcil Hayvan Yata\u011f\u0131 \u00dcreticisi ve L\u00fcks Yatak Fabrikas\u0131 olarak, b\u00fcy\u00fck \u0131rklar i\u00e7in dayan\u0131kl\u0131 ve destekleyici yataklar tasarlama konusunda uzman\u0131z.<\/p>\n<p data-start=\"216\" data-end=\"496\">\u00c7in'deki K\u00f6pek Yata\u011f\u0131 fabrikam\u0131z, k\u00fcresel markalar i\u00e7in OEM, ODM ve \u00f6zel etiket hizmetleri sunmaktad\u0131r.<\/p>\n<p data-start=\"216\" data-end=\"496\">\u0130ster toplu K\u00f6pek Yata\u011f\u0131 sipari\u015flerine ister \u00f6zel tasar\u0131mlara ihtiyac\u0131n\u0131z olsun, K\u00f6pek Yata\u011f\u0131 tedarik\u00e7isi ve K\u00f6pek Yata\u011f\u0131 toptanc\u0131s\u0131 \u00e7\u00f6z\u00fcmlerimiz kalite ve de\u011fer sunar.<\/p>\n<p data-start=\"216\" data-end=\"496\">K\u00f6pek Yata\u011f\u0131 ihracat\u0131 ve b\u00fcy\u00fck \u00f6l\u00e7ekli \u00fcretim konusunda deneyimli profesyonel bir K\u00f6pek Yata\u011f\u0131 \u015firketi ile i\u015f ortakl\u0131\u011f\u0131 yap\u0131n - dayan\u0131kl\u0131l\u0131k, konfor ve stili bir araya getiren B\u00fcy\u00fck K\u00f6pek Yataklar\u0131 \u00fcretiyoruz.<\/p>","protected":false},"excerpt":{"rendered":"<h3>B\u00fcy\u00fck K\u00f6pek Yataklar\u0131<\/h3>\n<p>Sade, temiz \u00e7izgiler hem \u015fehir hem de k\u0131r evlerini e\u015fit derecede s\u00fcsleyecektir.<\/p>\n<p>Ekstra b\u00fcy\u00fck ah\u015fap k\u00f6pek yataklar\u0131m\u0131z, daha ucuz \u00e7am ah\u015fap k\u00f6pek yata\u011f\u0131 alternatiflerinden daha a\u011f\u0131r, daha g\u00fc\u00e7l\u00fc ve daha dayan\u0131kl\u0131d\u0131r. Her biri son derece yetenekli bir marangoz taraf\u0131ndan el yap\u0131m\u0131 olarak \u00fcretilir ve ah\u015fab\u0131n do\u011fal rengini ve damarlar\u0131n\u0131 ortaya \u00e7\u0131karmak i\u00e7in \u00f6zenle tamamlan\u0131r.<\/p>\n<p>Ah\u015fap k\u00f6pek yataklar\u0131m\u0131z, ho\u015f bir y\u00fczer g\u00f6rsel efekt vermek i\u00e7in mat siyahla kaplanm\u0131\u015f, d\u00f6nd\u00fcr\u00fclm\u00fc\u015f ayaklar \u00fczerinde yerden y\u00fckseltilmi\u015ftir. Fayanslar\u0131n veya ah\u015fap zeminlerin \u00e7izilmesini \u00f6nlemek i\u00e7in her aya\u011f\u0131n alt taraf\u0131na kal\u0131n ke\u00e7e pedler tak\u0131lm\u0131\u015ft\u0131r.<\/p>\n<p>\u00c7\u0131tal\u0131 taban, etkili havaland\u0131rma ve kolay temizlik sa\u011flar.<\/p>\n<p>\u00c7i\u011fnenmeye kar\u015f\u0131 dayan\u0131kl\u0131 olmasa da, savunmas\u0131z ve kolayca \u00e7i\u011fnenebilecek alanlar\u0131 \u2018tasarlamaya\u2019 \u00e7al\u0131\u015ft\u0131k.<\/p>\n<p>Y\u0131llarca kullan\u0131labilecek muhte\u015fem ve son derece \u015f\u0131k bir ah\u015fap k\u00f6pek yata\u011f\u0131.<\/p>\n<table width=\"288\">\n<tbody>\n<tr>\n<td width=\"137\"><span style=\"color: #333333;\">\u00dcr\u00fcn Ad\u0131<\/span><\/td>\n<td width=\"151\"><span style=\"color: #333333;\">Evcil Hayvan Yata\u011f\u0131<\/span><\/td>\n<\/tr>\n<tr>\n<td><span style=\"color: #333333;\">\u00dcr\u00fcn No.<\/span><\/td>\n<td><span style=\"color: #333333;\">P-C3019<\/span><\/td>\n<\/tr>\n<tr>\n<td><span style=\"color: #333333;\">Malzeme<\/span><\/td>\n<td>Pamuk, Polyester, Polar<\/td>\n<\/tr>\n<tr>\n<td><span style=\"color: #333333;\">\u00a0Boyut ve Renk<\/span><\/td>\n<td><span style=\"color: #333333;\">\u00d6zelle\u015ftirilebilir<\/span><\/td>\n<\/tr>\n<tr>\n<td><span style=\"color: #333333;\">\u00a0Teslimat s\u00fcresi<\/span><\/td>\n<td><span style=\"color: #333333;\">Hava yoluyla k\u00fc\u00e7\u00fck miktarlar i\u00e7in 1- 5 g\u00fcn ve deniz yoluyla b\u00fcy\u00fck miktarlar i\u00e7in 30- 35 g\u00fcn<\/span><\/td>\n<\/tr>\n<\/tbody>\n<\/table>","protected":false},"featured_media":22607,"template":"","meta":{"_seopress_robots_primary_cat":"none","_seopress_titles_title":"Big Dog Dog Beds | China Pet Bed Manufacturer","_seopress_titles_desc":"Looking for Big Dog Dog Beds? we design premium knitwear for pets worldwide. Bulk orders, OEM services. Request free cozy samples today!","_seopress_robots_index":"","_uag_custom_page_level_css":""},"product_brand":[],"product_cat":[348,22],"product_tag":[],"class_list":{"0":"post-22622","1":"product","2":"type-product","3":"status-publish","4":"has-post-thumbnail","6":"product_cat-chew-resistant-dog-beds","7":"product_cat-pet-bed","9":"first","10":"instock","11":"shipping-taxable","12":"product-type-simple"},"uagb_featured_image_src":{"full":["https:\/\/pecpets.com\/wp-content\/uploads\/2025\/10\/79561f41-fb2b-4648-a3c4-a055d3c74c97.jpg",720,541,false],"thumbnail":["https:\/\/pecpets.com\/wp-content\/uploads\/2025\/10\/79561f41-fb2b-4648-a3c4-a055d3c74c97-150x150.jpg",150,150,true],"medium":["https:\/\/pecpets.com\/wp-content\/uploads\/2025\/10\/79561f41-fb2b-4648-a3c4-a055d3c74c97-300x225.jpg",300,225,true],"medium_large":["https:\/\/pecpets.com\/wp-content\/uploads\/2025\/10\/79561f41-fb2b-4648-a3c4-a055d3c74c97.jpg",720,541,false],"large":["https:\/\/pecpets.com\/wp-content\/uploads\/2025\/10\/79561f41-fb2b-4648-a3c4-a055d3c74c97.jpg",720,541,false],"1536x1536":["https:\/\/pecpets.com\/wp-content\/uploads\/2025\/10\/79561f41-fb2b-4648-a3c4-a055d3c74c97.jpg",720,541,false],"2048x2048":["https:\/\/pecpets.com\/wp-content\/uploads\/2025\/10\/79561f41-fb2b-4648-a3c4-a055d3c74c97.jpg",720,541,false],"trp-custom-language-flag":["https:\/\/pecpets.com\/wp-content\/uploads\/2025\/10\/79561f41-fb2b-4648-a3c4-a055d3c74c97-16x12.jpg",16,12,true],"woocommerce_thumbnail":["https:\/\/pecpets.com\/wp-content\/uploads\/2025\/10\/79561f41-fb2b-4648-a3c4-a055d3c74c97-300x300.jpg",300,300,true],"woocommerce_single":["https:\/\/pecpets.com\/wp-content\/uploads\/2025\/10\/79561f41-fb2b-4648-a3c4-a055d3c74c97-600x451.jpg",600,451,true],"woocommerce_gallery_thumbnail":["https:\/\/pecpets.com\/wp-content\/uploads\/2025\/10\/79561f41-fb2b-4648-a3c4-a055d3c74c97-100x100.jpg",100,100,true]},"uagb_author_info":{"display_name":"Lawrence\u00a0\u52b3\u4f26\u65af","author_link":"https:\/\/pecpets.com\/tr\/author\/"},"uagb_comment_info":0,"uagb_excerpt":"Big Dog Dog Beds The simple, clean lines will equally grace both town and country homes. Our extra-large wooden dog beds are heavier, stronger, and hard-wearing than cheaper pine wooden dog bed alternatives. Each is handmade by a highly skilled Cabinet Maker and painstakingly finished to bring out the natural colour and grain of the&hellip;","_links":{"self":[{"href":"https:\/\/pecpets.com\/tr\/wp-json\/wp\/v2\/product\/22622","targetHints":{"allow":["GET"]}}],"collection":[{"href":"https:\/\/pecpets.com\/tr\/wp-json\/wp\/v2\/product"}],"about":[{"href":"https:\/\/pecpets.com\/tr\/wp-json\/wp\/v2\/types\/product"}],"wp:featuredmedia":[{"embeddable":true,"href":"https:\/\/pecpets.com\/tr\/wp-json\/wp\/v2\/media\/22607"}],"wp:attachment":[{"href":"https:\/\/pecpets.com\/tr\/wp-json\/wp\/v2\/media?parent=22622"}],"wp:term":[{"taxonomy":"product_brand","embeddable":true,"href":"https:\/\/pecpets.com\/tr\/wp-json\/wp\/v2\/product_brand?post=22622"},{"taxonomy":"product_cat","embeddable":true,"href":"https:\/\/pecpets.com\/tr\/wp-json\/wp\/v2\/product_cat?post=22622"},{"taxonomy":"product_tag","embeddable":true,"href":"https:\/\/pecpets.com\/tr\/wp-json\/wp\/v2\/product_tag?post=22622"}],"curies":[{"name":"wp","href":"https:\/\/api.w.org\/{rel}","templated":true}]}}