{"id":22682,"date":"2025-10-09T09:01:47","date_gmt":"2025-10-09T01:01:47","guid":{"rendered":"https:\/\/pecpets.com\/?post_type=product&#038;p=22682"},"modified":"2025-10-09T09:21:12","modified_gmt":"2025-10-09T01:21:12","slug":"dog-steps-for-bed","status":"publish","type":"product","link":"https:\/\/pecpets.com\/tr\/product\/dog-steps-for-bed\/","title":{"rendered":"Yatak i\u00e7in K\u00f6pek Basamaklar\u0131"},"content":{"rendered":"<h2 data-start=\"91\" data-end=\"196\">Pet Yatak \u00dcreticisi &amp; L\u00fcks Yatak Fabrikas\u0131ndan Yatak i\u00e7in K\u00f6pek Basamaklar\u0131<\/h2>\n<p data-start=\"216\" data-end=\"496\">G\u00fcvenlik, konfor ve birinci s\u0131n\u0131f i\u015f\u00e7ili\u011fi bir araya getiren g\u00fcvenilir k\u00f6pek yatak basamaklar\u0131 m\u0131 ar\u0131yorsunuz?<\/p>\n<p data-start=\"216\" data-end=\"496\">Profesyonel bir Pet Yatak \u00dcreticisi ve L\u00fcks Yatak Fabrikas\u0131 olarak, t\u00fcm \u0131rklar ve boyutlar i\u00e7in tasarlanm\u0131\u015f yataklar i\u00e7in y\u00fcksek kaliteli k\u00f6pek basamaklar\u0131 sunuyoruz.<\/p>\n<p data-start=\"216\" data-end=\"496\">\u00c7in'deki k\u00f6pek ad\u0131mlar\u0131 fabrikam\u0131z, markan\u0131z\u0131n ihtiya\u00e7lar\u0131n\u0131 kar\u015f\u0131lamak i\u00e7in OEM, ODM ve \u00f6zel etiket se\u00e7enekleri sunar.<\/p>\n<p data-start=\"216\" data-end=\"496\">\u0130ster toplu olarak k\u00f6pek basamaklar\u0131 tedarik ediyor olun, ister uzun vadeli bir k\u00f6pek basamaklar\u0131 tedarik\u00e7isi ar\u0131yor olun, dayan\u0131kl\u0131, \u015f\u0131k ve \u00f6zelle\u015ftirilebilir \u00e7\u00f6z\u00fcmler sunuyoruz.<\/p>\n<p data-start=\"216\" data-end=\"496\">\u00dcr\u00fcn hatt\u0131n\u0131z\u0131 g\u00fcvenilir kalite ile y\u00fckseltmek i\u00e7in g\u00fc\u00e7l\u00fc k\u00f6pek basamaklar\u0131 ihracat deneyimine sahip g\u00fcvenilir bir k\u00f6pek basamaklar\u0131 \u00fcreticisi, k\u00f6pek basamaklar\u0131 \u015firketi ve k\u00f6pek basamaklar\u0131 toptanc\u0131s\u0131 ile ortak olun.<\/p>","protected":false},"excerpt":{"rendered":"<h3>Yatak i\u00e7in K\u00f6pek Basamaklar\u0131<\/h3>\n<ul>\n<li>Yavru, yaral\u0131 veya ya\u015fl\u0131 evcil hayvanlar i\u00e7in m\u00fckemmel se\u00e7im<\/li>\n<li>Evcil hayvanlar\u0131n zahmetsizce mobilyalara t\u0131rmanmas\u0131na yard\u0131mc\u0131 olur<\/li>\n<li>Rahat ad\u0131mlama i\u00e7in pel\u00fc\u015f kuma\u015f ve k\u00f6p\u00fck i\u00e7 k\u0131s\u0131mdan yap\u0131lm\u0131\u015ft\u0131r - Ayak parmaklar\u0131 batmaz<\/li>\n<li>Sadece 4 basamakla - Yatak ve kanepeler i\u00e7in m\u00fckemmel<\/li>\n<li>Ekstra stabilite i\u00e7in emme pedlerine sahip kaymaz bir taban ile \u00fcretilmi\u015ftir<\/li>\n<\/ul>\n<table width=\"288\">\n<tbody>\n<tr>\n<td width=\"137\"><span style=\"color: #333333;\">\u00dcr\u00fcn Ad\u0131<\/span><\/td>\n<td width=\"151\"><span style=\"color: #333333;\">Evcil Hayvan Yata\u011f\u0131<\/span><\/td>\n<\/tr>\n<tr>\n<td><span style=\"color: #333333;\">\u00dcr\u00fcn No.<\/span><\/td>\n<td><span style=\"color: #333333;\">P-C3021<\/span><\/td>\n<\/tr>\n<tr>\n<td><span style=\"color: #333333;\">Malzeme<\/span><\/td>\n<td>Pamuk, Polyester, Polar<\/td>\n<\/tr>\n<tr>\n<td><span style=\"color: #333333;\">\u00a0Boyut ve Renk<\/span><\/td>\n<td><span style=\"color: #333333;\">\u00d6zelle\u015ftirilebilir<\/span><\/td>\n<\/tr>\n<tr>\n<td><span style=\"color: #333333;\">\u00a0Teslimat s\u00fcresi<\/span><\/td>\n<td><span style=\"color: #333333;\">Hava yoluyla k\u00fc\u00e7\u00fck miktarlar i\u00e7in 1- 5 g\u00fcn ve deniz yoluyla b\u00fcy\u00fck miktarlar i\u00e7in 30- 35 g\u00fcn<\/span><\/td>\n<\/tr>\n<\/tbody>\n<\/table>","protected":false},"featured_media":22684,"template":"","meta":{"_seopress_robots_primary_cat":"none","_seopress_titles_title":"Dog Steps for Bed | China Pet Bed Manufacturer","_seopress_titles_desc":"Looking for Dog Steps for Bed? we design premium knitwear for pets worldwide. Bulk orders, OEM services. Request free cozy samples today!","_seopress_robots_index":"","_seopress_analysis_target_kw":"Dog Steps for Bed","_uag_custom_page_level_css":""},"product_brand":[],"product_cat":[348,22],"product_tag":[],"class_list":{"0":"post-22682","1":"product","2":"type-product","3":"status-publish","4":"has-post-thumbnail","6":"product_cat-chew-resistant-dog-beds","7":"product_cat-pet-bed","9":"first","10":"instock","11":"shipping-taxable","12":"product-type-simple"},"uagb_featured_image_src":{"full":["https:\/\/pecpets.com\/wp-content\/uploads\/2025\/10\/LL-CS-DG-CloudStepsDoveGrey002_productimage.jpg",1400,1400,false],"thumbnail":["https:\/\/pecpets.com\/wp-content\/uploads\/2025\/10\/LL-CS-DG-CloudStepsDoveGrey002_productimage-150x150.jpg",150,150,true],"medium":["https:\/\/pecpets.com\/wp-content\/uploads\/2025\/10\/LL-CS-DG-CloudStepsDoveGrey002_productimage-300x300.jpg",300,300,true],"medium_large":["https:\/\/pecpets.com\/wp-content\/uploads\/2025\/10\/LL-CS-DG-CloudStepsDoveGrey002_productimage-768x768.jpg",768,768,true],"large":["https:\/\/pecpets.com\/wp-content\/uploads\/2025\/10\/LL-CS-DG-CloudStepsDoveGrey002_productimage-1024x1024.jpg",800,800,true],"1536x1536":["https:\/\/pecpets.com\/wp-content\/uploads\/2025\/10\/LL-CS-DG-CloudStepsDoveGrey002_productimage.jpg",1400,1400,false],"2048x2048":["https:\/\/pecpets.com\/wp-content\/uploads\/2025\/10\/LL-CS-DG-CloudStepsDoveGrey002_productimage.jpg",1400,1400,false],"trp-custom-language-flag":["https:\/\/pecpets.com\/wp-content\/uploads\/2025\/10\/LL-CS-DG-CloudStepsDoveGrey002_productimage-12x12.jpg",12,12,true],"woocommerce_thumbnail":["https:\/\/pecpets.com\/wp-content\/uploads\/2025\/10\/LL-CS-DG-CloudStepsDoveGrey002_productimage-300x300.jpg",300,300,true],"woocommerce_single":["https:\/\/pecpets.com\/wp-content\/uploads\/2025\/10\/LL-CS-DG-CloudStepsDoveGrey002_productimage-600x600.jpg",600,600,true],"woocommerce_gallery_thumbnail":["https:\/\/pecpets.com\/wp-content\/uploads\/2025\/10\/LL-CS-DG-CloudStepsDoveGrey002_productimage-100x100.jpg",100,100,true]},"uagb_author_info":{"display_name":"Lawrence\u00a0\u52b3\u4f26\u65af","author_link":"https:\/\/pecpets.com\/tr\/author\/"},"uagb_comment_info":0,"uagb_excerpt":"Dog Steps for Bed The perfect choice for puppies, injured or elderly pets Helps assist pets to climb onto furniture with no hassle Made with plush fabric and foam inner for comfortable stepping - No stubbed toes With just 4 steps - Perfect for beds and sofas Made with a non-slip base, featuring suction pads&hellip;","_links":{"self":[{"href":"https:\/\/pecpets.com\/tr\/wp-json\/wp\/v2\/product\/22682","targetHints":{"allow":["GET"]}}],"collection":[{"href":"https:\/\/pecpets.com\/tr\/wp-json\/wp\/v2\/product"}],"about":[{"href":"https:\/\/pecpets.com\/tr\/wp-json\/wp\/v2\/types\/product"}],"wp:featuredmedia":[{"embeddable":true,"href":"https:\/\/pecpets.com\/tr\/wp-json\/wp\/v2\/media\/22684"}],"wp:attachment":[{"href":"https:\/\/pecpets.com\/tr\/wp-json\/wp\/v2\/media?parent=22682"}],"wp:term":[{"taxonomy":"product_brand","embeddable":true,"href":"https:\/\/pecpets.com\/tr\/wp-json\/wp\/v2\/product_brand?post=22682"},{"taxonomy":"product_cat","embeddable":true,"href":"https:\/\/pecpets.com\/tr\/wp-json\/wp\/v2\/product_cat?post=22682"},{"taxonomy":"product_tag","embeddable":true,"href":"https:\/\/pecpets.com\/tr\/wp-json\/wp\/v2\/product_tag?post=22682"}],"curies":[{"name":"wp","href":"https:\/\/api.w.org\/{rel}","templated":true}]}}