{"id":22695,"date":"2025-10-10T09:21:52","date_gmt":"2025-10-10T01:21:52","guid":{"rendered":"https:\/\/pecpets.com\/?post_type=product&#038;p=22695"},"modified":"2025-10-13T16:58:40","modified_gmt":"2025-10-13T08:58:40","slug":"raised-dog-bed","status":"publish","type":"product","link":"https:\/\/pecpets.com\/tr\/product\/raised-dog-bed\/","title":{"rendered":"Y\u00fckseltilmi\u015f K\u00f6pek Yata\u011f\u0131"},"content":{"rendered":"<h2 data-start=\"91\" data-end=\"196\">Pet Yatak \u00dcreticisi &amp; L\u00fcks Yatak Fabrikas\u0131ndan Y\u00fckseltilmi\u015f K\u00f6pek Yata\u011f\u0131<\/h2>\n<p data-start=\"216\" data-end=\"496\">Dayan\u0131kl\u0131l\u0131k, havaland\u0131rma ve d\u00f6rt mevsim kullan\u0131m i\u00e7in tasarlanm\u0131\u015f birinci s\u0131n\u0131f Y\u00fckseltilmi\u015f K\u00f6pek Yata\u011f\u0131m\u0131zla evcil hayvan konforunu y\u00fckseltin.<\/p>\n<p data-start=\"216\" data-end=\"496\">G\u00fcvenilir bir Pet Yatak \u00dcreticisi ve L\u00fcks Yatak Fabrikas\u0131 olarak, i\u00e7 ve d\u0131\u015f ortamlar i\u00e7in m\u00fckemmel olan y\u00fcksek kaliteli Y\u00fckseltilmi\u015f K\u00f6pek Yataklar\u0131 \u00fcretiyoruz.<\/p>\n<p data-start=\"216\" data-end=\"496\">\u00c7in'deki K\u00f6pek Yata\u011f\u0131 fabrikam\u0131z OEM, ODM ve \u00f6zel etiket \u00fcretiminde uzmanla\u015fm\u0131\u015ft\u0131r ve markalar\u0131n ve perakendecilerin benzersiz evcil hayvan yata\u011f\u0131 hatlar\u0131 olu\u015fturmas\u0131na yard\u0131mc\u0131 olmaktad\u0131r.<\/p>\n<p data-start=\"216\" data-end=\"496\">\u0130ster K\u00f6pek Yata\u011f\u0131 toplu sipari\u015fleri tedarik ediyor olun, ister g\u00fcvenilir bir K\u00f6pek Yata\u011f\u0131 tedarik\u00e7isi, K\u00f6pek Yata\u011f\u0131 \u00fcreticisi veya K\u00f6pek Yata\u011f\u0131 toptanc\u0131s\u0131 ile ortakl\u0131k kuruyor olun, d\u00fcnya \u00e7ap\u0131nda tutarl\u0131 kalite ve zaman\u0131nda K\u00f6pek Yata\u011f\u0131 ihracat hizmetleri sunuyoruz.<\/p>\n<p data-start=\"216\" data-end=\"496\">Yenilik, konfor ve i\u015f\u00e7ili\u011fe odaklanan profesyonel bir K\u00f6pek Yata\u011f\u0131 \u015firketi ve K\u00f6pek Yata\u011f\u0131 sat\u0131c\u0131s\u0131 se\u00e7in - \u00fcr\u00fcn yelpazenizi y\u00fckseltmek i\u00e7in Y\u00fckseltilmi\u015f K\u00f6pek Yata\u011f\u0131 koleksiyonumuzu se\u00e7in.<\/p>","protected":false},"excerpt":{"rendered":"<h3>Y\u00fckseltilmi\u015f K\u00f6pek Yata\u011f\u0131<\/h3>\n<ul>\n<li><strong>Sa\u011flam \u00c7apraz \u00c7er\u00e7eve Yap\u0131s\u0131:<\/strong>\u00a0Bu y\u00fckseltilmi\u015f evcil hayvan yata\u011f\u0131, uzun \u00f6m\u00fcrl\u00fc stabilite ve destek sa\u011flayan dayan\u0131kl\u0131 al\u00fcminyum ala\u015f\u0131ml\u0131 bir \u00e7apraz \u00e7er\u00e7eve ile \u00fcretilmi\u015ftir. Kaymaz ayak tasar\u0131m\u0131, g\u00fcvenli bir \u015fekilde yerinde kalmas\u0131n\u0131 sa\u011flayarak evde veya hareket halindeyken evcil hayvan\u0131n\u0131z i\u00e7in g\u00fcvenli bir dinlenme noktas\u0131 sunar.<\/li>\n<li><strong>Rahat ve Nefes Alabilen Kuma\u015f:<\/strong>\u00a0Y\u00fcksek kaliteli suni kuzu y\u00fcn\u00fcnden yap\u0131lm\u0131\u015f pel\u00fc\u015f bir \u00fcst k\u0131sma sahip olan yatak, t\u00fcyl\u00fc dostunuz i\u00e7in \u00fcst\u00fcn s\u0131cakl\u0131k ve rahatl\u0131k sa\u011flar. Nefes alabilen tasar\u0131m\u0131 a\u015f\u0131r\u0131 \u0131s\u0131nmay\u0131 \u00f6nleyerek evcil hayvan\u0131n\u0131z\u0131n her mevsim rahat etmesini sa\u011flar.<\/li>\n<li><strong>Dayan\u0131kl\u0131 Oxford Kuma\u015f Taban:<\/strong>\u00a0Taban\u0131 \u00e7izilmeye kar\u015f\u0131 dayan\u0131kl\u0131 600D Oxford kuma\u015ftan yap\u0131lm\u0131\u015ft\u0131r ve keskin pen\u00e7elere ve \u0131s\u0131r\u0131klara kar\u015f\u0131 m\u00fckemmel dayan\u0131kl\u0131l\u0131k ve koruma sa\u011flar. Ayn\u0131 zamanda suya dayan\u0131kl\u0131d\u0131r, bu da onu hem i\u00e7 hem de d\u0131\u015f mekan kullan\u0131m\u0131 i\u00e7in ideal k\u0131lar.<\/li>\n<li><strong>Katlanabilir ve Ta\u015f\u0131nabilir Tasar\u0131m:<\/strong>\u00a0Kolayl\u0131k sa\u011flamak i\u00e7in tasarlanan bu yatak, kompakt depolama veya ta\u015f\u0131ma i\u00e7in kolayca katlan\u0131r. \u0130ster parka gidin, ister kamp yap\u0131n ya da sadece i\u00e7 mekana ta\u015f\u0131y\u0131n, kurulum ve s\u00f6kme i\u015flemleri h\u0131zl\u0131 ve sorunsuzdur.<\/li>\n<li><strong>\u0130\u00e7 ve D\u0131\u015f Mekan Kullan\u0131m\u0131 i\u00e7in M\u00fckemmeldir:<\/strong>\u00a0\u0130ster oturma odan\u0131za ister kamp alan\u0131na yerle\u015ftirin, bu yatak evcil hayvan\u0131n\u0131z\u0131n rahatlamas\u0131 ve gev\u015femesi i\u00e7in rahat ve g\u00fcvenli bir alan sunar.<\/li>\n<\/ul>\n<table width=\"288\">\n<tbody>\n<tr>\n<td width=\"137\"><span style=\"color: #333333;\">\u00dcr\u00fcn Ad\u0131<\/span><\/td>\n<td width=\"151\"><span style=\"color: #333333;\">Evcil Hayvan Yata\u011f\u0131<\/span><\/td>\n<\/tr>\n<tr>\n<td><span style=\"color: #333333;\">\u00dcr\u00fcn No.<\/span><\/td>\n<td><span style=\"color: #333333;\">P-C3023<\/span><\/td>\n<\/tr>\n<tr>\n<td><span style=\"color: #333333;\">Malzeme<\/span><\/td>\n<td>Pamuk, Polyester, Polar<\/td>\n<\/tr>\n<tr>\n<td><span style=\"color: #333333;\">\u00a0Boyut ve Renk<\/span><\/td>\n<td><span style=\"color: #333333;\">\u00d6zelle\u015ftirilebilir<\/span><\/td>\n<\/tr>\n<tr>\n<td><span style=\"color: #333333;\">\u00a0Teslimat s\u00fcresi<\/span><\/td>\n<td><span style=\"color: #333333;\">Hava yoluyla k\u00fc\u00e7\u00fck miktarlar i\u00e7in 1- 5 g\u00fcn ve deniz yoluyla b\u00fcy\u00fck miktarlar i\u00e7in 30- 35 g\u00fcn<\/span><\/td>\n<\/tr>\n<\/tbody>\n<\/table>","protected":false},"featured_media":22703,"template":"","meta":{"_seopress_robots_primary_cat":"none","_seopress_titles_title":"Raised Dog Bed | China Pet Bed Manufacturer","_seopress_titles_desc":"Looking for Raised Dog Bed? we design premium knitwear for pets worldwide. Bulk orders, OEM services. Request free cozy samples today!","_seopress_robots_index":"","_uag_custom_page_level_css":""},"product_brand":[],"product_cat":[22,350],"product_tag":[],"class_list":{"0":"post-22695","1":"product","2":"type-product","3":"status-publish","4":"has-post-thumbnail","6":"product_cat-pet-bed","7":"product_cat-portable-dog-beds","9":"first","10":"instock","11":"shipping-taxable","12":"product-type-simple"},"uagb_featured_image_src":{"full":["https:\/\/pecpets.com\/wp-content\/uploads\/2025\/10\/SDFSADFASDF-1.jpeg",1000,1000,false],"thumbnail":["https:\/\/pecpets.com\/wp-content\/uploads\/2025\/10\/SDFSADFASDF-1-150x150.jpeg",150,150,true],"medium":["https:\/\/pecpets.com\/wp-content\/uploads\/2025\/10\/SDFSADFASDF-1-300x300.jpeg",300,300,true],"medium_large":["https:\/\/pecpets.com\/wp-content\/uploads\/2025\/10\/SDFSADFASDF-1-768x768.jpeg",768,768,true],"large":["https:\/\/pecpets.com\/wp-content\/uploads\/2025\/10\/SDFSADFASDF-1.jpeg",800,800,false],"1536x1536":["https:\/\/pecpets.com\/wp-content\/uploads\/2025\/10\/SDFSADFASDF-1.jpeg",1000,1000,false],"2048x2048":["https:\/\/pecpets.com\/wp-content\/uploads\/2025\/10\/SDFSADFASDF-1.jpeg",1000,1000,false],"trp-custom-language-flag":["https:\/\/pecpets.com\/wp-content\/uploads\/2025\/10\/SDFSADFASDF-1-12x12.jpeg",12,12,true],"woocommerce_thumbnail":["https:\/\/pecpets.com\/wp-content\/uploads\/2025\/10\/SDFSADFASDF-1-300x300.jpeg",300,300,true],"woocommerce_single":["https:\/\/pecpets.com\/wp-content\/uploads\/2025\/10\/SDFSADFASDF-1-600x600.jpeg",600,600,true],"woocommerce_gallery_thumbnail":["https:\/\/pecpets.com\/wp-content\/uploads\/2025\/10\/SDFSADFASDF-1-100x100.jpeg",100,100,true]},"uagb_author_info":{"display_name":"Lawrence\u00a0\u52b3\u4f26\u65af","author_link":"https:\/\/pecpets.com\/tr\/author\/"},"uagb_comment_info":0,"uagb_excerpt":"Raised Dog Bed Sturdy Cross-Frame Structure:\u00a0This elevated pet bed is built with a durable aluminum alloy cross-frame, ensuring long-lasting stability and support. The anti-slip feet design keeps it securely in place, offering a safe resting spot for your pet, whether at home or on the go. Comfortable &amp; Breathable Fabric:\u00a0Featuring a plush top made with&hellip;","_links":{"self":[{"href":"https:\/\/pecpets.com\/tr\/wp-json\/wp\/v2\/product\/22695","targetHints":{"allow":["GET"]}}],"collection":[{"href":"https:\/\/pecpets.com\/tr\/wp-json\/wp\/v2\/product"}],"about":[{"href":"https:\/\/pecpets.com\/tr\/wp-json\/wp\/v2\/types\/product"}],"wp:featuredmedia":[{"embeddable":true,"href":"https:\/\/pecpets.com\/tr\/wp-json\/wp\/v2\/media\/22703"}],"wp:attachment":[{"href":"https:\/\/pecpets.com\/tr\/wp-json\/wp\/v2\/media?parent=22695"}],"wp:term":[{"taxonomy":"product_brand","embeddable":true,"href":"https:\/\/pecpets.com\/tr\/wp-json\/wp\/v2\/product_brand?post=22695"},{"taxonomy":"product_cat","embeddable":true,"href":"https:\/\/pecpets.com\/tr\/wp-json\/wp\/v2\/product_cat?post=22695"},{"taxonomy":"product_tag","embeddable":true,"href":"https:\/\/pecpets.com\/tr\/wp-json\/wp\/v2\/product_tag?post=22695"}],"curies":[{"name":"wp","href":"https:\/\/api.w.org\/{rel}","templated":true}]}}