{"id":22705,"date":"2025-10-10T09:45:27","date_gmt":"2025-10-10T01:45:27","guid":{"rendered":"https:\/\/pecpets.com\/?post_type=product&#038;p=22705"},"modified":"2025-10-11T11:00:03","modified_gmt":"2025-10-11T03:00:03","slug":"raised-dog-bed-outdoor","status":"publish","type":"product","link":"https:\/\/pecpets.com\/tr\/product\/raised-dog-bed-outdoor\/","title":{"rendered":"Y\u00fckseltilmi\u015f K\u00f6pek Yata\u011f\u0131 D\u0131\u015f Mekan"},"content":{"rendered":"<h2 data-start=\"91\" data-end=\"196\">Pet Yatak \u00dcreticisi ve L\u00fcks Yatak Fabrikas\u0131ndan Y\u00fckseltilmi\u015f K\u00f6pek Yata\u011f\u0131 D\u0131\u015f Mekan<\/h2>\n<p data-start=\"216\" data-end=\"496\">\u00c7in'in \u00f6nde gelen Evcil Hayvan Yata\u011f\u0131 \u00dcreticisi ve L\u00fcks Yatak Fabrikas\u0131 taraf\u0131ndan \u00fcretilen Y\u00fckseltilmi\u015f K\u00f6pek Yata\u011f\u0131m\u0131z Outdoor ile konforu ve dayan\u0131kl\u0131l\u0131\u011f\u0131 ke\u015ffedin.<\/p>\n<p data-start=\"216\" data-end=\"496\">Havaland\u0131rma ve hava ko\u015fullar\u0131na dayan\u0131kl\u0131l\u0131k i\u00e7in tasarlanan Y\u00fckseltilmi\u015f K\u00f6pek Yata\u011f\u0131 Outdoor, teraslar, bah\u00e7eler ve kamp gezileri i\u00e7in m\u00fckemmeldir.<\/p>\n<p data-start=\"216\" data-end=\"496\">Profesyonel bir K\u00f6pek Yata\u011f\u0131 fabrikas\u0131 ve K\u00f6pek Yata\u011f\u0131 \u00fcreticisi olarak, k\u00fcresel markalara OEM, ODM ve \u00f6zel etiket hizmetleri sunuyoruz.<\/p>\n<p data-start=\"216\" data-end=\"496\">\u0130ster K\u00f6pek Yata\u011f\u0131 toplu sipari\u015flerine ister \u00f6zel tasar\u0131mlara ihtiyac\u0131n\u0131z olsun, K\u00f6pek Yata\u011f\u0131 \u015firketimiz d\u00fcnya \u00e7ap\u0131nda tutarl\u0131 kalite ve h\u0131zl\u0131 K\u00f6pek Yata\u011f\u0131 ihracat\u0131 sa\u011flar.<\/p>\n<p data-start=\"216\" data-end=\"496\">G\u00fcvenilir, \u015f\u0131k ve i\u015flevsel Y\u00fckseltilmi\u015f K\u00f6pek Yata\u011f\u0131 D\u0131\u015f Mekan \u00fcr\u00fcnleri ile d\u0131\u015f mekan evcil hayvan mobilya serinizi geni\u015fletmek i\u00e7in g\u00fcvenilir bir K\u00f6pek Yata\u011f\u0131 tedarik\u00e7isi, K\u00f6pek Yata\u011f\u0131 sat\u0131c\u0131s\u0131 veya K\u00f6pek Yata\u011f\u0131 toptanc\u0131s\u0131 ile ortakl\u0131k kurun.<\/p>","protected":false},"excerpt":{"rendered":"<h3>Y\u00fckseltilmi\u015f K\u00f6pek Yata\u011f\u0131 D\u0131\u015f Mekan<\/h3>\n<ul>\n<li>\u0130\u015fte k\u00f6pe\u011finizin sevece\u011fi, sa\u011flam, toz boya kapl\u0131 \u00e7elik \u00e7er\u00e7eve ve uzun \u00f6m\u00fcrl\u00fc, PVC kapl\u0131 kuma\u015f uyku y\u00fczeyi ile tasarlanm\u0131\u015f rahat bir dinlenme noktas\u0131.<\/li>\n<li>S\u0131k\u0131, nefes alabilen kuma\u015f, k\u00f6pe\u011finizi serin tutarak ve uzun s\u00fcreli kullan\u0131mdan sonra sarkmay\u0131 \u00f6nleyerek ek bir konfor ve destek seviyesi sa\u011flar.<\/li>\n<li>Kire ve kire yap\u0131\u015fmayan y\u00fczeyleri ile montaj\u0131 ve temizli\u011fi kolayd\u0131r. Hareket s\u0131ras\u0131nda ekstra denge i\u00e7in kaymaya dayan\u0131kl\u0131 ayaklar\u0131 ile \u00e7e\u015fitli y\u00fczeylerde i\u00e7 veya d\u0131\u015f mekan kullan\u0131m\u0131 i\u00e7in idealdir.<\/li>\n<\/ul>\n<table width=\"288\">\n<tbody>\n<tr>\n<td width=\"137\"><span style=\"color: #333333;\">\u00dcr\u00fcn Ad\u0131<\/span><\/td>\n<td width=\"151\"><span style=\"color: #333333;\">Evcil Hayvan Yata\u011f\u0131<\/span><\/td>\n<\/tr>\n<tr>\n<td><span style=\"color: #333333;\">\u00dcr\u00fcn No.<\/span><\/td>\n<td><span style=\"color: #333333;\">P-C3024<\/span><\/td>\n<\/tr>\n<tr>\n<td><span style=\"color: #333333;\">Malzeme<\/span><\/td>\n<td>Pamuk, Polyester, Polar<\/td>\n<\/tr>\n<tr>\n<td><span style=\"color: #333333;\">\u00a0Boyut ve Renk<\/span><\/td>\n<td><span style=\"color: #333333;\">\u00d6zelle\u015ftirilebilir<\/span><\/td>\n<\/tr>\n<tr>\n<td><span style=\"color: #333333;\">\u00a0Teslimat s\u00fcresi<\/span><\/td>\n<td><span style=\"color: #333333;\">Hava yoluyla k\u00fc\u00e7\u00fck miktarlar i\u00e7in 1- 5 g\u00fcn ve deniz yoluyla b\u00fcy\u00fck miktarlar i\u00e7in 30- 35 g\u00fcn<\/span><\/td>\n<\/tr>\n<\/tbody>\n<\/table>","protected":false},"featured_media":22708,"template":"","meta":{"_seopress_robots_primary_cat":"none","_seopress_titles_title":"Raised Dog Bed Outdoor | China Pet Bed Manufacturer","_seopress_titles_desc":"Looking for Raised Dog Bed Outdoor? we design premium knitwear for pets worldwide. Bulk orders, OEM services. Request free cozy samples today!","_seopress_robots_index":"","_uag_custom_page_level_css":""},"product_brand":[],"product_cat":[22,350],"product_tag":[],"class_list":{"0":"post-22705","1":"product","2":"type-product","3":"status-publish","4":"has-post-thumbnail","6":"product_cat-pet-bed","7":"product_cat-portable-dog-beds","9":"first","10":"instock","11":"shipping-taxable","12":"product-type-simple"},"uagb_featured_image_src":{"full":["https:\/\/pecpets.com\/wp-content\/uploads\/2025\/10\/627c37c2-93a6-4752-9fef-4318e17977d1.jpg",1200,1200,false],"thumbnail":["https:\/\/pecpets.com\/wp-content\/uploads\/2025\/10\/627c37c2-93a6-4752-9fef-4318e17977d1-150x150.jpg",150,150,true],"medium":["https:\/\/pecpets.com\/wp-content\/uploads\/2025\/10\/627c37c2-93a6-4752-9fef-4318e17977d1-300x300.jpg",300,300,true],"medium_large":["https:\/\/pecpets.com\/wp-content\/uploads\/2025\/10\/627c37c2-93a6-4752-9fef-4318e17977d1-768x768.jpg",768,768,true],"large":["https:\/\/pecpets.com\/wp-content\/uploads\/2025\/10\/627c37c2-93a6-4752-9fef-4318e17977d1-1024x1024.jpg",800,800,true],"1536x1536":["https:\/\/pecpets.com\/wp-content\/uploads\/2025\/10\/627c37c2-93a6-4752-9fef-4318e17977d1.jpg",1200,1200,false],"2048x2048":["https:\/\/pecpets.com\/wp-content\/uploads\/2025\/10\/627c37c2-93a6-4752-9fef-4318e17977d1.jpg",1200,1200,false],"trp-custom-language-flag":["https:\/\/pecpets.com\/wp-content\/uploads\/2025\/10\/627c37c2-93a6-4752-9fef-4318e17977d1-12x12.jpg",12,12,true],"woocommerce_thumbnail":["https:\/\/pecpets.com\/wp-content\/uploads\/2025\/10\/627c37c2-93a6-4752-9fef-4318e17977d1-300x300.jpg",300,300,true],"woocommerce_single":["https:\/\/pecpets.com\/wp-content\/uploads\/2025\/10\/627c37c2-93a6-4752-9fef-4318e17977d1-600x600.jpg",600,600,true],"woocommerce_gallery_thumbnail":["https:\/\/pecpets.com\/wp-content\/uploads\/2025\/10\/627c37c2-93a6-4752-9fef-4318e17977d1-100x100.jpg",100,100,true]},"uagb_author_info":{"display_name":"Lawrence\u00a0\u52b3\u4f26\u65af","author_link":"https:\/\/pecpets.com\/tr\/author\/"},"uagb_comment_info":0,"uagb_excerpt":"Raised Dog Bed Outdoor Here\u2019s a comfortable resting spot your dog will love, designed with a sturdy, powder-coated steel frame and a durable, PVC-coated fabric sleeping surface made to last. Tight, breathable fabric provides an added level of comfort and support, keeping your dog cool and preventing sagging after extended use. Easy to assemble and&hellip;","_links":{"self":[{"href":"https:\/\/pecpets.com\/tr\/wp-json\/wp\/v2\/product\/22705","targetHints":{"allow":["GET"]}}],"collection":[{"href":"https:\/\/pecpets.com\/tr\/wp-json\/wp\/v2\/product"}],"about":[{"href":"https:\/\/pecpets.com\/tr\/wp-json\/wp\/v2\/types\/product"}],"wp:featuredmedia":[{"embeddable":true,"href":"https:\/\/pecpets.com\/tr\/wp-json\/wp\/v2\/media\/22708"}],"wp:attachment":[{"href":"https:\/\/pecpets.com\/tr\/wp-json\/wp\/v2\/media?parent=22705"}],"wp:term":[{"taxonomy":"product_brand","embeddable":true,"href":"https:\/\/pecpets.com\/tr\/wp-json\/wp\/v2\/product_brand?post=22705"},{"taxonomy":"product_cat","embeddable":true,"href":"https:\/\/pecpets.com\/tr\/wp-json\/wp\/v2\/product_cat?post=22705"},{"taxonomy":"product_tag","embeddable":true,"href":"https:\/\/pecpets.com\/tr\/wp-json\/wp\/v2\/product_tag?post=22705"}],"curies":[{"name":"wp","href":"https:\/\/api.w.org\/{rel}","templated":true}]}}