{"id":22749,"date":"2025-10-14T08:51:36","date_gmt":"2025-10-14T00:51:36","guid":{"rendered":"https:\/\/pecpets.com\/?post_type=product&#038;p=22749"},"modified":"2025-10-14T09:18:48","modified_gmt":"2025-10-14T01:18:48","slug":"cooling-dog-bed","status":"publish","type":"product","link":"https:\/\/pecpets.com\/tr\/product\/cooling-dog-bed\/","title":{"rendered":"Serinletici K\u00f6pek Yata\u011f\u0131"},"content":{"rendered":"<h2 data-start=\"91\" data-end=\"196\">Pet Yatak \u00dcreticisi ve L\u00fcks Yatak Fabrikas\u0131ndan So\u011futucu K\u00f6pek Yata\u011f\u0131<\/h2>\n<p data-start=\"216\" data-end=\"496\">S\u0131cak havalarda evcil hayvanlar\u0131 rahat ve konforlu tutmak i\u00e7in m\u00fckemmel olan serinletici k\u00f6pek yata\u011f\u0131m\u0131zla yaz taleplerinin \u00f6n\u00fcne ge\u00e7in.<\/p>\n<p data-start=\"216\" data-end=\"496\">G\u00fcvenilir bir Evcil Hayvan Yata\u011f\u0131 \u00dcreticisi ve L\u00fcks Yatak Fabrikas\u0131 olarak, nefes alabilen malzemeleri, s\u0131cakl\u0131\u011f\u0131 d\u00fczenleyen kuma\u015flar\u0131 ve dayan\u0131kl\u0131 i\u015f\u00e7ili\u011fi bir araya getiren \u00fcst\u00fcn kaliteli serinletici k\u00f6pek yataklar\u0131 tasarl\u0131yoruz.<\/p>\n<p data-start=\"216\" data-end=\"496\">K\u00f6pek Yata\u011f\u0131 toplu sipari\u015fleri ve K\u00f6pek Yata\u011f\u0131 ihracat\u0131 i\u00e7in ideal olan \u00fcr\u00fcnlerimiz \u00c7in'de s\u0131k\u0131 kalite kontrol ile \u00fcretilmektedir.<\/p>\n<p data-start=\"216\" data-end=\"496\">\u0130ster bir K\u00f6pek Yata\u011f\u0131 \u015firketi, ister K\u00f6pek Yata\u011f\u0131 tedarik\u00e7isi veya K\u00f6pek Yata\u011f\u0131 toptanc\u0131s\u0131 olun, tam hizmet K\u00f6pek Yata\u011f\u0131 OEM, K\u00f6pek Yata\u011f\u0131 ODM ve K\u00f6pek Yata\u011f\u0131 \u00f6zel etiket \u00e7\u00f6z\u00fcmleri sunuyoruz.<\/p>\n<p data-start=\"216\" data-end=\"496\">Konfor, dayan\u0131kl\u0131l\u0131k ve stil i\u00e7in tasarlanm\u0131\u015f y\u00fcksek performansl\u0131 so\u011futmal\u0131 k\u00f6pek yataklar\u0131 ile \u00fcr\u00fcn yelpazenizi geni\u015fletmek i\u00e7in lider bir K\u00f6pek Yata\u011f\u0131 \u00fcreticisi, K\u00f6pek Yata\u011f\u0131 sat\u0131c\u0131s\u0131 ve K\u00f6pek Yata\u011f\u0131 fabrikas\u0131 ile ortakl\u0131k kurun.<\/p>","protected":false},"excerpt":{"rendered":"<h3>Serinletici K\u00f6pek Yata\u011f\u0131<\/h3>\n<div class=\"ecom-block ecom-core core__block ecom-s8cxmzenaj\" data-core-is=\"block\">\n<div class=\"ecom__element ecom-element element__text\" data-stopdrag=\"\">\n<p>De\u011ferli evcil hayvan\u0131n\u0131z\u0131 l\u00fcks\u00fcn zirvesi ile \u015f\u0131mart\u0131n: Ice Silk Serinletici k\u00f6pek Yata\u011f\u0131m\u0131z. Bu \u015f\u0131k ve konforlu k\u00f6pek \u00e7ekyat\u0131, evcil hayvan\u0131n\u0131z\u0131n mevsimler boyunca serin huzurun tad\u0131n\u0131 \u00e7\u0131karmas\u0131n\u0131 sa\u011flamak i\u00e7in \u015f\u0131k tasar\u0131m\u0131 en \u00fcst d\u00fczeyde konforla birle\u015ftirir.<\/p>\n<p><strong>Rafine Rahatlama:<\/strong>\u00a0Yata\u011f\u0131m\u0131z, bunalt\u0131c\u0131 g\u00fcnlerde serinletici bir s\u0131\u011f\u0131nak sunan birinci s\u0131n\u0131f buz ipek kuma\u015ftan dokunmu\u015ftur. Burada evcil hayvanlar, ko\u015fu\u015fturmadan uzakta sakinli\u011fin tad\u0131n\u0131 \u00e7\u0131kararak mutlu yerlerini bulurlar.<\/p>\n<p><strong>Zarif Kanepeden \u0130lham Alan Tasar\u0131m:<\/strong>\u00a0Bu tasar\u0131m sadece g\u00f6z\u00fcn\u00fcze \u00e7arpmakla kalmaz, ayn\u0131 zamanda evcil hayvanlar\u0131n dinlenip rahatlayabilece\u011fi rahat bir k\u00f6\u015fe g\u00f6revi g\u00f6r\u00fcr, neredeyse onlar i\u00e7in \u00f6zel olarak yap\u0131lm\u0131\u015f k\u00fc\u00e7\u00fck bir kanepe gibi.<\/p>\n<p><strong>Konfor i\u00e7in \u015fekillendirilmi\u015ftir:<\/strong>\u00a0Evcil hayvan\u0131n\u0131z\u0131 benzersiz bir konforla saran zengin, \u00fc\u00e7 boyutlu bir yumu\u015fakl\u0131k yaratmak i\u00e7in yata\u011f\u0131 c\u00f6mert\u00e7e doldurduk. Sanki bu yatak sadece t\u00fcyl\u00fc dostunuz i\u00e7in yap\u0131lm\u0131\u015f gibi, rahat tasar\u0131m\u0131 huzurlu bir uyku i\u00e7in ihtiya\u00e7 duyduklar\u0131 t\u00fcm deste\u011fi sa\u011fl\u0131yor.<\/p>\n<p><strong>Stabilite i\u00e7in Tasarland\u0131:<\/strong>\u00a0Zaman\u0131n testine dayanacak \u015fekilde tasarlanan evcil hayvan yata\u011f\u0131m\u0131z, evcil hayvan\u0131n\u0131z ki\u015fisel cennetine ne kadar hevesle atlarsa atlas\u0131n, sabit kalan kaymaz bir tabana sahip sa\u011flam bir yap\u0131ya sahiptir.<\/p>\n<p><strong>Kolay Temizlenir:<\/strong>\u00a0Evcil hayvan yata\u011f\u0131m\u0131z\u0131n \u00e7\u0131kar\u0131labilir ve makinede y\u0131kanabilir k\u0131l\u0131f\u0131 ile temizlik zahmetsizdir, evcil hayvan\u0131n\u0131z i\u00e7in zahmetsizce taze ve hijyenik bir dinlenme sa\u011flar.<\/p>\n<\/div>\n<\/div>\n<table width=\"288\">\n<tbody>\n<tr>\n<td width=\"137\"><span style=\"color: #333333;\">\u00dcr\u00fcn Ad\u0131<\/span><\/td>\n<td width=\"151\"><span style=\"color: #333333;\">Evcil Hayvan Yata\u011f\u0131<\/span><\/td>\n<\/tr>\n<tr>\n<td><span style=\"color: #333333;\">\u00dcr\u00fcn No.<\/span><\/td>\n<td><span style=\"color: #333333;\">P-C3026<\/span><\/td>\n<\/tr>\n<tr>\n<td><span style=\"color: #333333;\">Malzeme<\/span><\/td>\n<td>Pamuk, Polyester, Polar<\/td>\n<\/tr>\n<tr>\n<td><span style=\"color: #333333;\">\u00a0Boyut ve Renk<\/span><\/td>\n<td><span style=\"color: #333333;\">\u00d6zelle\u015ftirilebilir<\/span><\/td>\n<\/tr>\n<tr>\n<td><span style=\"color: #333333;\">\u00a0Teslimat s\u00fcresi<\/span><\/td>\n<td><span style=\"color: #333333;\">Hava yoluyla k\u00fc\u00e7\u00fck miktarlar i\u00e7in 1- 5 g\u00fcn ve deniz yoluyla b\u00fcy\u00fck miktarlar i\u00e7in 30- 35 g\u00fcn<\/span><\/td>\n<\/tr>\n<\/tbody>\n<\/table>","protected":false},"featured_media":22750,"template":"","meta":{"_seopress_robots_primary_cat":"none","_seopress_titles_title":"Cooling Dog Bed | China Pet Bed Manufacturer","_seopress_titles_desc":"Looking for Cooling Dog Bed? we design premium knitwear for pets worldwide. Bulk orders, OEM services. Request free cozy samples today!","_seopress_robots_index":"","_uag_custom_page_level_css":""},"product_brand":[],"product_cat":[347,22],"product_tag":[],"class_list":{"0":"post-22749","1":"product","2":"type-product","3":"status-publish","4":"has-post-thumbnail","6":"product_cat-eco-friendly-dog-beds-pet-bed","7":"product_cat-pet-bed","9":"first","10":"instock","11":"shipping-taxable","12":"product-type-simple"},"uagb_featured_image_src":{"full":["https:\/\/pecpets.com\/wp-content\/uploads\/2025\/10\/2d7b7003-cadf-4c82-97d1-941fc6f8b0f4.jpg",2000,2000,false],"thumbnail":["https:\/\/pecpets.com\/wp-content\/uploads\/2025\/10\/2d7b7003-cadf-4c82-97d1-941fc6f8b0f4-150x150.jpg",150,150,true],"medium":["https:\/\/pecpets.com\/wp-content\/uploads\/2025\/10\/2d7b7003-cadf-4c82-97d1-941fc6f8b0f4-300x300.jpg",300,300,true],"medium_large":["https:\/\/pecpets.com\/wp-content\/uploads\/2025\/10\/2d7b7003-cadf-4c82-97d1-941fc6f8b0f4-768x768.jpg",768,768,true],"large":["https:\/\/pecpets.com\/wp-content\/uploads\/2025\/10\/2d7b7003-cadf-4c82-97d1-941fc6f8b0f4-1024x1024.jpg",800,800,true],"1536x1536":["https:\/\/pecpets.com\/wp-content\/uploads\/2025\/10\/2d7b7003-cadf-4c82-97d1-941fc6f8b0f4-1536x1536.jpg",1536,1536,true],"2048x2048":["https:\/\/pecpets.com\/wp-content\/uploads\/2025\/10\/2d7b7003-cadf-4c82-97d1-941fc6f8b0f4.jpg",2000,2000,false],"trp-custom-language-flag":["https:\/\/pecpets.com\/wp-content\/uploads\/2025\/10\/2d7b7003-cadf-4c82-97d1-941fc6f8b0f4-12x12.jpg",12,12,true],"woocommerce_thumbnail":["https:\/\/pecpets.com\/wp-content\/uploads\/2025\/10\/2d7b7003-cadf-4c82-97d1-941fc6f8b0f4-300x300.jpg",300,300,true],"woocommerce_single":["https:\/\/pecpets.com\/wp-content\/uploads\/2025\/10\/2d7b7003-cadf-4c82-97d1-941fc6f8b0f4-600x600.jpg",600,600,true],"woocommerce_gallery_thumbnail":["https:\/\/pecpets.com\/wp-content\/uploads\/2025\/10\/2d7b7003-cadf-4c82-97d1-941fc6f8b0f4-100x100.jpg",100,100,true]},"uagb_author_info":{"display_name":"Lawrence\u00a0\u52b3\u4f26\u65af","author_link":"https:\/\/pecpets.com\/tr\/author\/"},"uagb_comment_info":0,"uagb_excerpt":"Cooling Dog Bed Indulge your cherished pet with the pinnacle of luxury: our Ice Silk Cooling dog Bed. This chic and comfortable dog sofa bed marries sleek design with peak comfort to ensure your pet enjoys cool serenity throughout the seasons. Refined Relaxation:\u00a0Our bed is woven from premium ice silk fabric, offering a refreshingly cool&hellip;","_links":{"self":[{"href":"https:\/\/pecpets.com\/tr\/wp-json\/wp\/v2\/product\/22749","targetHints":{"allow":["GET"]}}],"collection":[{"href":"https:\/\/pecpets.com\/tr\/wp-json\/wp\/v2\/product"}],"about":[{"href":"https:\/\/pecpets.com\/tr\/wp-json\/wp\/v2\/types\/product"}],"wp:featuredmedia":[{"embeddable":true,"href":"https:\/\/pecpets.com\/tr\/wp-json\/wp\/v2\/media\/22750"}],"wp:attachment":[{"href":"https:\/\/pecpets.com\/tr\/wp-json\/wp\/v2\/media?parent=22749"}],"wp:term":[{"taxonomy":"product_brand","embeddable":true,"href":"https:\/\/pecpets.com\/tr\/wp-json\/wp\/v2\/product_brand?post=22749"},{"taxonomy":"product_cat","embeddable":true,"href":"https:\/\/pecpets.com\/tr\/wp-json\/wp\/v2\/product_cat?post=22749"},{"taxonomy":"product_tag","embeddable":true,"href":"https:\/\/pecpets.com\/tr\/wp-json\/wp\/v2\/product_tag?post=22749"}],"curies":[{"name":"wp","href":"https:\/\/api.w.org\/{rel}","templated":true}]}}