{"id":23103,"date":"2025-10-29T10:56:04","date_gmt":"2025-10-29T02:56:04","guid":{"rendered":"https:\/\/pecpets.com\/?post_type=product&#038;p=23103"},"modified":"2025-10-29T11:42:29","modified_gmt":"2025-10-29T03:42:29","slug":"dog-settee-bed","status":"publish","type":"product","link":"https:\/\/pecpets.com\/tr\/product\/dog-settee-bed\/","title":{"rendered":"K\u00f6pek Sedir Yata\u011f\u0131"},"content":{"rendered":"<h2 data-start=\"91\" data-end=\"196\">Dog Settee Bed | Pet Bed Manufacturer &amp; Luxury Bed Factory in China<\/h2>\n<article class=\"text-token-text-primary w-full focus:outline-none [--shadow-height:45px] has-data-writing-block:pointer-events-none has-data-writing-block:-mt-(--shadow-height) has-data-writing-block:pt-(--shadow-height) [&amp;:has([data-writing-block])&gt;*]:pointer-events-auto [content-visibility:auto] supports-[content-visibility:auto]:[contain-intrinsic-size:auto_100lvh] scroll-mt-[calc(var(--header-height)+min(200px,max(70px,20svh)))]\" dir=\"auto\" tabindex=\"-1\" data-turn-id=\"request-68b559f1-f1bc-8328-a3b0-0e42faba828d-1\" data-testid=\"conversation-turn-100\" data-scroll-anchor=\"true\" data-turn=\"assistant\">\n<div class=\"text-base my-auto mx-auto pb-10 [--thread-content-margin:--spacing(4)] thread-sm:[--thread-content-margin:--spacing(6)] thread-lg:[--thread-content-margin:--spacing(16)] px-(--thread-content-margin)\">\n<div class=\"[--thread-content-max-width:40rem] thread-lg:[--thread-content-max-width:48rem] mx-auto max-w-(--thread-content-max-width) flex-1 group\/turn-messages focus-visible:outline-hidden relative flex w-full min-w-0 flex-col agent-turn\" tabindex=\"-1\">\n<div class=\"flex max-w-full flex-col grow\">\n<div class=\"min-h-8 text-message relative flex w-full flex-col items-end gap-2 text-start break-words whitespace-normal [.text-message+&amp;]:mt-1\" dir=\"auto\" data-message-author-role=\"assistant\" data-message-id=\"a58e287f-5d1f-4b96-a7a9-dc26c8cb0d31\" data-message-model-slug=\"gpt-5\">\n<div class=\"flex w-full flex-col gap-1 empty:hidden first:pt-[1px]\">\n<div class=\"markdown prose dark:prose-invert w-full break-words light markdown-new-styling\">\n<p data-start=\"86\" data-end=\"386\">Discover comfort and craftsmanship with our Dog Settee Bed, designed for brands and retailers who value quality and style. As a leading Pet Bed Manufacturer and Luxury Bed Factory, we create premium pet beds with a focus on durability, comfort, and modern design.<\/p>\n<p data-start=\"388\" data-end=\"711\">Our Dog Settee Bed combines cozy cushioning with elegant finishes, making it a perfect choice for any luxury pet line. Whether you\u2019re looking for Dog Bed bulk orders, Dog Bed OEM, or Dog Bed ODM solutions, our factory in China supports full customization and private labeling to match your brand identity.<\/p>\n<p data-start=\"713\" data-end=\"1006\">We\u2019re not just a Dog Bed manufacturer\u2014we\u2019re your long-term Dog Bed supplier and Dog Bed vendor, offering flexible Dog Bed export options and consistent quality control. With years of experience as a trusted Dog Bed company, we deliver products that meet global standards.<\/p>\n<p data-start=\"1008\" data-end=\"1260\">Partner with a professional Dog Bed factory in China and elevate your collection with our stylish Dog Settee Bed\u2014perfect for wholesale, retail, or brand collaborations. Contact our Dog Bed wholesaler team today to discuss your next order.<\/p>\n<\/div>\n<\/div>\n<\/div>\n<\/div>\n<\/div>\n<\/div>\n<\/article>\n","protected":false},"excerpt":{"rendered":"<h3>K\u00f6pek Sedir Yata\u011f\u0131<\/h3>\n<ul>\n<li data-mce-fragment=\"1\"><strong data-mce-fragment=\"1\">Y\u00fcksek Kaliteli Malzeme:<span data-mce-fragment=\"1\">\u00a0<\/span><\/strong>Sahte kuzu y\u00fcn\u00fc kuma\u015ftan yap\u0131lm\u0131\u015ft\u0131r, kal\u0131nla\u015ft\u0131r\u0131lm\u0131\u015ft\u0131r ve kolay t\u00fcylenmez, kanepeleri kazmaktan ho\u015flanan k\u00f6pekler i\u00e7in \u00e7ok uygundur.<\/li>\n<li data-mce-fragment=\"1\"><strong data-mce-fragment=\"1\">\u0130lgin\u00e7 Tasar\u0131m:<span data-mce-fragment=\"1\">\u00a0<\/span><\/strong>\u00c7ift katmanl\u0131 minderin tasar\u0131m\u0131, evcil hayvanlar\u0131n bundan daha fazla keyif almas\u0131n\u0131 sa\u011flar. Oyuncaklar ortada saklanabilir ve ayn\u0131 zamanda sessiz olmay\u0131 seven kediler i\u00e7in ayr\u0131lm\u0131\u015f k\u00fc\u00e7\u00fck bir aland\u0131r.<\/li>\n<li data-mce-fragment=\"1\"><strong data-mce-fragment=\"1\">Konfor Y\u00fckseltmesi:<\/strong><span data-mce-fragment=\"1\">\u00a0<\/span>Yap\u0131 5 adet tam dolgudan olu\u015fur, kol\u00e7ak ve s\u0131rtl\u0131k tam ve elastiktir ve alt k\u0131s\u0131mda evcil hayvan\u0131n omurgas\u0131 \u00fczerindeki bask\u0131y\u0131 hafifletmek i\u00e7in haf\u0131zal\u0131 k\u00f6p\u00fck kullan\u0131l\u0131r, her ya\u015ftan k\u00f6pek i\u00e7in uygundur.<\/li>\n<\/ul>\n<table width=\"288\">\n<tbody>\n<tr>\n<td width=\"137\"><span style=\"color: #333333;\">\u00dcr\u00fcn Ad\u0131<\/span><\/td>\n<td width=\"151\"><span style=\"color: #333333;\">Evcil Hayvan Yata\u011f\u0131<\/span><\/td>\n<\/tr>\n<tr>\n<td><span style=\"color: #333333;\">\u00dcr\u00fcn No.<\/span><\/td>\n<td><span style=\"color: #333333;\">P-C3044<\/span><\/td>\n<\/tr>\n<tr>\n<td><span style=\"color: #333333;\">Malzeme<\/span><\/td>\n<td>Pamuk, Polyester, Polar<\/td>\n<\/tr>\n<tr>\n<td><span style=\"color: #333333;\">\u00a0Boyut ve Renk<\/span><\/td>\n<td><span style=\"color: #333333;\">\u00d6zelle\u015ftirilebilir<\/span><\/td>\n<\/tr>\n<tr>\n<td><span style=\"color: #333333;\">\u00a0Teslimat s\u00fcresi<\/span><\/td>\n<td><span style=\"color: #333333;\">Hava yoluyla k\u00fc\u00e7\u00fck miktarlar i\u00e7in 1- 5 g\u00fcn ve deniz yoluyla b\u00fcy\u00fck miktarlar i\u00e7in 30- 35 g\u00fcn<\/span><\/td>\n<\/tr>\n<\/tbody>\n<\/table>","protected":false},"featured_media":23105,"template":"","meta":{"_seopress_robots_primary_cat":"none","_seopress_titles_title":"Dog Settee Bed | China Pet Bed Manufacturer","_seopress_titles_desc":"Looking for Dog Settee Bed? we design premium knitwear for pets worldwide. Bulk orders, OEM services. Request free cozy samples today!","_seopress_robots_index":"","_uag_custom_page_level_css":""},"product_brand":[],"product_cat":[347,22],"product_tag":[],"class_list":{"0":"post-23103","1":"product","2":"type-product","3":"status-publish","4":"has-post-thumbnail","6":"product_cat-eco-friendly-dog-beds-pet-bed","7":"product_cat-pet-bed","9":"first","10":"instock","11":"shipping-taxable","12":"product-type-simple"},"uagb_featured_image_src":{"full":["https:\/\/pecpets.com\/wp-content\/uploads\/2025\/10\/3c6e2ada-2961-4d8a-a921-76e94c2f47e4.jpg",1000,1000,false],"thumbnail":["https:\/\/pecpets.com\/wp-content\/uploads\/2025\/10\/3c6e2ada-2961-4d8a-a921-76e94c2f47e4-150x150.jpg",150,150,true],"medium":["https:\/\/pecpets.com\/wp-content\/uploads\/2025\/10\/3c6e2ada-2961-4d8a-a921-76e94c2f47e4-300x300.jpg",300,300,true],"medium_large":["https:\/\/pecpets.com\/wp-content\/uploads\/2025\/10\/3c6e2ada-2961-4d8a-a921-76e94c2f47e4-768x768.jpg",768,768,true],"large":["https:\/\/pecpets.com\/wp-content\/uploads\/2025\/10\/3c6e2ada-2961-4d8a-a921-76e94c2f47e4.jpg",800,800,false],"1536x1536":["https:\/\/pecpets.com\/wp-content\/uploads\/2025\/10\/3c6e2ada-2961-4d8a-a921-76e94c2f47e4.jpg",1000,1000,false],"2048x2048":["https:\/\/pecpets.com\/wp-content\/uploads\/2025\/10\/3c6e2ada-2961-4d8a-a921-76e94c2f47e4.jpg",1000,1000,false],"trp-custom-language-flag":["https:\/\/pecpets.com\/wp-content\/uploads\/2025\/10\/3c6e2ada-2961-4d8a-a921-76e94c2f47e4-12x12.jpg",12,12,true],"woocommerce_thumbnail":["https:\/\/pecpets.com\/wp-content\/uploads\/2025\/10\/3c6e2ada-2961-4d8a-a921-76e94c2f47e4-300x300.jpg",300,300,true],"woocommerce_single":["https:\/\/pecpets.com\/wp-content\/uploads\/2025\/10\/3c6e2ada-2961-4d8a-a921-76e94c2f47e4-600x600.jpg",600,600,true],"woocommerce_gallery_thumbnail":["https:\/\/pecpets.com\/wp-content\/uploads\/2025\/10\/3c6e2ada-2961-4d8a-a921-76e94c2f47e4-100x100.jpg",100,100,true]},"uagb_author_info":{"display_name":"Lawrence\u00a0\u52b3\u4f26\u65af","author_link":"https:\/\/pecpets.com\/tr\/author\/"},"uagb_comment_info":0,"uagb_excerpt":"Dog Settee Bed High-quality Material:\u00a0Made of faux lambswool fabric, thickened and not easy to pill, very suitable for dogs who enjoy digging sofas. Interesting Design:\u00a0The design of the double-layer cushion makes pets enjoy it more. Toys can be hidden in the middle, and it is also a small space dedicated to cats who like to&hellip;","_links":{"self":[{"href":"https:\/\/pecpets.com\/tr\/wp-json\/wp\/v2\/product\/23103","targetHints":{"allow":["GET"]}}],"collection":[{"href":"https:\/\/pecpets.com\/tr\/wp-json\/wp\/v2\/product"}],"about":[{"href":"https:\/\/pecpets.com\/tr\/wp-json\/wp\/v2\/types\/product"}],"wp:featuredmedia":[{"embeddable":true,"href":"https:\/\/pecpets.com\/tr\/wp-json\/wp\/v2\/media\/23105"}],"wp:attachment":[{"href":"https:\/\/pecpets.com\/tr\/wp-json\/wp\/v2\/media?parent=23103"}],"wp:term":[{"taxonomy":"product_brand","embeddable":true,"href":"https:\/\/pecpets.com\/tr\/wp-json\/wp\/v2\/product_brand?post=23103"},{"taxonomy":"product_cat","embeddable":true,"href":"https:\/\/pecpets.com\/tr\/wp-json\/wp\/v2\/product_cat?post=23103"},{"taxonomy":"product_tag","embeddable":true,"href":"https:\/\/pecpets.com\/tr\/wp-json\/wp\/v2\/product_tag?post=23103"}],"curies":[{"name":"wp","href":"https:\/\/api.w.org\/{rel}","templated":true}]}}