{"id":23237,"date":"2025-11-04T09:35:09","date_gmt":"2025-11-04T01:35:09","guid":{"rendered":"https:\/\/pecpets.com\/?post_type=product&#038;p=23237"},"modified":"2025-11-04T10:01:14","modified_gmt":"2025-11-04T02:01:14","slug":"dog-step-bed","status":"publish","type":"product","link":"https:\/\/pecpets.com\/tr\/product\/dog-step-bed\/","title":{"rendered":"K\u00f6pek Basamak Yata\u011f\u0131"},"content":{"rendered":"<h2 data-start=\"91\" data-end=\"196\">Dog Step Bed | Pet Bed Manufacturer &amp; Luxury Bed Factory in China<\/h2>\n<article class=\"text-token-text-primary w-full focus:outline-none [--shadow-height:45px] has-data-writing-block:pointer-events-none has-data-writing-block:-mt-(--shadow-height) has-data-writing-block:pt-(--shadow-height) [&amp;:has([data-writing-block])&gt;*]:pointer-events-auto [content-visibility:auto] supports-[content-visibility:auto]:[contain-intrinsic-size:auto_100lvh] scroll-mt-[calc(var(--header-height)+min(200px,max(70px,20svh)))]\" dir=\"auto\" tabindex=\"-1\" data-turn-id=\"request-68b559f1-f1bc-8328-a3b0-0e42faba828d-1\" data-testid=\"conversation-turn-100\" data-scroll-anchor=\"true\" data-turn=\"assistant\">\n<div class=\"text-base my-auto mx-auto pb-10 [--thread-content-margin:--spacing(4)] thread-sm:[--thread-content-margin:--spacing(6)] thread-lg:[--thread-content-margin:--spacing(16)] px-(--thread-content-margin)\">\n<div class=\"[--thread-content-max-width:40rem] thread-lg:[--thread-content-max-width:48rem] mx-auto max-w-(--thread-content-max-width) flex-1 group\/turn-messages focus-visible:outline-hidden relative flex w-full min-w-0 flex-col agent-turn\" tabindex=\"-1\">\n<div class=\"flex max-w-full flex-col grow\">\n<div class=\"min-h-8 text-message relative flex w-full flex-col items-end gap-2 text-start break-words whitespace-normal [.text-message+&amp;]:mt-1\" dir=\"auto\" data-message-author-role=\"assistant\" data-message-id=\"a58e287f-5d1f-4b96-a7a9-dc26c8cb0d31\" data-message-model-slug=\"gpt-5\">\n<div class=\"flex w-full flex-col gap-1 empty:hidden first:pt-[1px]\">\n<div class=\"markdown prose dark:prose-invert w-full break-words light markdown-new-styling\">\n<p data-start=\"86\" data-end=\"425\">Upgrade comfort and accessibility for pets with our Dog Step Bed, designed by a trusted Pet Bed Manufacturer and Luxury Bed Factory in China.<\/p>\n<p data-start=\"86\" data-end=\"425\">This innovative Dog Step Bed combines a cozy sleeping area with built-in steps, making it perfect for small, senior, or injured dogs who need extra support.<\/p>\n<p data-start=\"427\" data-end=\"995\" data-is-last-node=\"\" data-is-only-node=\"\">As an experienced Dog Bed manufacturer and Dog Bed factory, we specialize in Dog Bed OEM, Dog Bed ODM, and Dog Bed private label production for global brands.<\/p>\n<p data-start=\"427\" data-end=\"995\" data-is-last-node=\"\" data-is-only-node=\"\">Whether you need Dog Bed bulk orders or custom designs for retail, our Dog Bed company offers high-quality craftsmanship and reliable Dog Bed export services worldwide.<\/p>\n<p data-start=\"427\" data-end=\"995\" data-is-last-node=\"\" data-is-only-node=\"\">Partner with a professional Dog Bed supplier, Dog Bed vendor, and Dog Bed wholesaler from Dog Bed China to expand your product line with premium, functional, and stylish pet bedding solutions.<\/p>\n<\/div>\n<\/div>\n<\/div>\n<\/div>\n<\/div>\n<\/div>\n<\/article>\n","protected":false},"excerpt":{"rendered":"<h3>K\u00f6pek Basamak Yata\u011f\u0131<\/h3>\n<p>Bu evcil hayvan merdivenleri sayesinde evcil hayvanlar\u0131n en sevdikleri yere ula\u015fmalar\u0131 hi\u00e7 bu kadar kolay olmam\u0131\u015ft\u0131. Nazik destek i\u00e7in d\u00f6rt geni\u015f basamak, s\u0131rtlar\u0131n\u0131 ve eklemlerini herhangi bir zarardan korur. Ya\u015flanan ve hareket kabiliyeti k\u0131s\u0131tl\u0131 olan dostlar i\u00e7in ideal olan bu \u00fcr\u00fcn sayesinde patilerinde yumu\u015fak ve s\u0131cak flanel malzemeyi hissedecekler. Hafif ve ta\u015f\u0131nabilir oldu\u011fundan, merdivenleri en \u00e7ok ihtiya\u00e7 duyulan yere ta\u015f\u0131yabilirsiniz. Evcil hayvanlar\u0131n\u0131z\u0131 en sevdikleri yerlerden mahrum b\u0131rakmay\u0131n - onlara kolay eri\u015fim ve konfor sa\u011flay\u0131n...<\/p>\n<ul class=\"kjo809roPhwnXIZ\">\n<li><span class=\"QhtPR2LZPKOnKcE\">Evcil hayvanlar\u0131n kanepelere ve yataklara ula\u015fmas\u0131n\u0131 sa\u011flar<\/span><\/li>\n<li><span class=\"QhtPR2LZPKOnKcE\">Y\u0131kanabilir, \u00e7\u0131kar\u0131labilir k\u0131l\u0131fa sahiptir<\/span><\/li>\n<li><span class=\"QhtPR2LZPKOnKcE\">Evcil hayvanlar\u0131n kanepelere ve yataklara ula\u015fmas\u0131n\u0131 sa\u011flar<\/span><\/li>\n<\/ul>\n<table width=\"288\">\n<tbody>\n<tr>\n<td width=\"137\"><span style=\"color: #333333;\">\u00dcr\u00fcn Ad\u0131<\/span><\/td>\n<td width=\"151\"><span style=\"color: #333333;\">Evcil Hayvan Yata\u011f\u0131<\/span><\/td>\n<\/tr>\n<tr>\n<td><span style=\"color: #333333;\">\u00dcr\u00fcn No.<\/span><\/td>\n<td><span style=\"color: #333333;\">P-C3052<\/span><\/td>\n<\/tr>\n<tr>\n<td><span style=\"color: #333333;\">Malzeme<\/span><\/td>\n<td>Pamuk, Polyester, Polar<\/td>\n<\/tr>\n<tr>\n<td><span style=\"color: #333333;\">\u00a0Boyut ve Renk<\/span><\/td>\n<td><span style=\"color: #333333;\">\u00d6zelle\u015ftirilebilir<\/span><\/td>\n<\/tr>\n<tr>\n<td><span style=\"color: #333333;\">\u00a0Teslimat s\u00fcresi<\/span><\/td>\n<td><span style=\"color: #333333;\">Hava yoluyla k\u00fc\u00e7\u00fck miktarlar i\u00e7in 1- 5 g\u00fcn ve deniz yoluyla b\u00fcy\u00fck miktarlar i\u00e7in 30- 35 g\u00fcn<\/span><\/td>\n<\/tr>\n<\/tbody>\n<\/table>","protected":false},"featured_media":23240,"template":"","meta":{"_seopress_robots_primary_cat":"none","_seopress_titles_title":"Dog Step Bed | China Pet Bed Manufacturer","_seopress_titles_desc":"Looking for Dog Step Bed? we design premium knitwear for pets worldwide. Bulk orders, OEM services. Request free cozy samples today!","_seopress_robots_index":"","_seopress_analysis_target_kw":"Dog Step Bed","_uag_custom_page_level_css":""},"product_brand":[],"product_cat":[348,22],"product_tag":[],"class_list":{"0":"post-23237","1":"product","2":"type-product","3":"status-publish","4":"has-post-thumbnail","6":"product_cat-chew-resistant-dog-beds","7":"product_cat-pet-bed","9":"first","10":"instock","11":"shipping-taxable","12":"product-type-simple"},"uagb_featured_image_src":{"full":["https:\/\/pecpets.com\/wp-content\/uploads\/2025\/11\/74814ba3-f23c-49dc-8f1f-bd52e717ae3b.jpg",960,960,false],"thumbnail":["https:\/\/pecpets.com\/wp-content\/uploads\/2025\/11\/74814ba3-f23c-49dc-8f1f-bd52e717ae3b-150x150.jpg",150,150,true],"medium":["https:\/\/pecpets.com\/wp-content\/uploads\/2025\/11\/74814ba3-f23c-49dc-8f1f-bd52e717ae3b-300x300.jpg",300,300,true],"medium_large":["https:\/\/pecpets.com\/wp-content\/uploads\/2025\/11\/74814ba3-f23c-49dc-8f1f-bd52e717ae3b-768x768.jpg",768,768,true],"large":["https:\/\/pecpets.com\/wp-content\/uploads\/2025\/11\/74814ba3-f23c-49dc-8f1f-bd52e717ae3b.jpg",800,800,false],"1536x1536":["https:\/\/pecpets.com\/wp-content\/uploads\/2025\/11\/74814ba3-f23c-49dc-8f1f-bd52e717ae3b.jpg",960,960,false],"2048x2048":["https:\/\/pecpets.com\/wp-content\/uploads\/2025\/11\/74814ba3-f23c-49dc-8f1f-bd52e717ae3b.jpg",960,960,false],"trp-custom-language-flag":["https:\/\/pecpets.com\/wp-content\/uploads\/2025\/11\/74814ba3-f23c-49dc-8f1f-bd52e717ae3b-12x12.jpg",12,12,true],"woocommerce_thumbnail":["https:\/\/pecpets.com\/wp-content\/uploads\/2025\/11\/74814ba3-f23c-49dc-8f1f-bd52e717ae3b-300x300.jpg",300,300,true],"woocommerce_single":["https:\/\/pecpets.com\/wp-content\/uploads\/2025\/11\/74814ba3-f23c-49dc-8f1f-bd52e717ae3b-600x600.jpg",600,600,true],"woocommerce_gallery_thumbnail":["https:\/\/pecpets.com\/wp-content\/uploads\/2025\/11\/74814ba3-f23c-49dc-8f1f-bd52e717ae3b-100x100.jpg",100,100,true]},"uagb_author_info":{"display_name":"Lawrence\u00a0\u52b3\u4f26\u65af","author_link":"https:\/\/pecpets.com\/tr\/author\/"},"uagb_comment_info":0,"uagb_excerpt":"Dog Step Bed It has never been easier for pets to reach their favourite spot, thanks to these pet stairs. Four wide steps for gentle support, it spares their back and joints from any harm. Ideal for ageing companions and those with limited mobility, they'll feel the soft, warm flannel material on their paws. Lightweight&hellip;","_links":{"self":[{"href":"https:\/\/pecpets.com\/tr\/wp-json\/wp\/v2\/product\/23237","targetHints":{"allow":["GET"]}}],"collection":[{"href":"https:\/\/pecpets.com\/tr\/wp-json\/wp\/v2\/product"}],"about":[{"href":"https:\/\/pecpets.com\/tr\/wp-json\/wp\/v2\/types\/product"}],"wp:featuredmedia":[{"embeddable":true,"href":"https:\/\/pecpets.com\/tr\/wp-json\/wp\/v2\/media\/23240"}],"wp:attachment":[{"href":"https:\/\/pecpets.com\/tr\/wp-json\/wp\/v2\/media?parent=23237"}],"wp:term":[{"taxonomy":"product_brand","embeddable":true,"href":"https:\/\/pecpets.com\/tr\/wp-json\/wp\/v2\/product_brand?post=23237"},{"taxonomy":"product_cat","embeddable":true,"href":"https:\/\/pecpets.com\/tr\/wp-json\/wp\/v2\/product_cat?post=23237"},{"taxonomy":"product_tag","embeddable":true,"href":"https:\/\/pecpets.com\/tr\/wp-json\/wp\/v2\/product_tag?post=23237"}],"curies":[{"name":"wp","href":"https:\/\/api.w.org\/{rel}","templated":true}]}}