{"id":23431,"date":"2025-11-13T10:43:38","date_gmt":"2025-11-13T02:43:38","guid":{"rendered":"https:\/\/pecpets.com\/?post_type=product&#038;p=23431"},"modified":"2025-11-13T14:25:32","modified_gmt":"2025-11-13T06:25:32","slug":"dog-sweater-factory","status":"publish","type":"product","link":"https:\/\/pecpets.com\/tr\/product\/dog-sweater-factory\/","title":{"rendered":"K\u00f6pek Kazak Fabrikas\u0131"},"content":{"rendered":"<h2 data-start=\"193\" data-end=\"275\">K\u00f6pek Kazak Fabrikas\u0131 | Uzman Pet Kazak \u00dcreticisi ve L\u00fcks Kazak Fabrikas\u0131<\/h2>\n<p data-start=\"254\" data-end=\"538\">Y\u00fcksek kaliteli evcil hayvan k\u0131yafetleri \u00fcretmek i\u00e7in g\u00fcvenilir bir K\u00f6pek Kazak Fabrikas\u0131 m\u0131 ar\u0131yorsunuz? K\u00f6pek Kaza\u011f\u0131 \u00c7in'de g\u00fcvenilir bir Pet Kazak \u00dcreticisi ve L\u00fcks Kazak Fabrikas\u0131 olarak, k\u00fcresel toptan m\u00fc\u015fteriler i\u00e7in \u015f\u0131k, dayan\u0131kl\u0131 ve \u00f6zelle\u015ftirilebilir kazaklar yaratma konusunda uzman\u0131z.<\/p>\n<h4 data-start=\"540\" data-end=\"594\">\u2705 Profesyonel K\u00f6pek Kazak Fabrikas\u0131 Hizmetleri<\/h4>\n<ul data-start=\"595\" data-end=\"916\">\n<li data-start=\"595\" data-end=\"678\">\n<p data-start=\"597\" data-end=\"678\">K\u00f6pek Kaza\u011f\u0131 toplu sipari\u015fleri i\u00e7in 150'den fazla mevsimsel ve klasik tasar\u0131m mevcuttur<\/p>\n<\/li>\n<li data-start=\"679\" data-end=\"769\">\n<p data-start=\"681\" data-end=\"769\">\u00d6zel etiket deste\u011fi ile \u00d6zel K\u00f6pek Kaza\u011f\u0131 OEM ve K\u00f6pek Kaza\u011f\u0131 ODM hizmetleri<\/p>\n<\/li>\n<li data-start=\"770\" data-end=\"843\">\n<p data-start=\"772\" data-end=\"843\">Y\u00fcn, akrilik ve su ge\u00e7irmez kar\u0131\u015f\u0131mlar dahil olmak \u00fczere y\u00fcksek kaliteli malzemeler<\/p>\n<\/li>\n<li data-start=\"844\" data-end=\"916\">\n<p data-start=\"846\" data-end=\"916\">B\u00fcy\u00fcyen markalar ve perakendeciler i\u00e7in 200 adetten ba\u015flayan esnek MOQ'lar<\/p>\n<\/li>\n<\/ul>\n<h4 data-start=\"918\" data-end=\"960\">\u2705 \u00d6zelle\u015ftirme &amp; Private Label<\/h4>\n<ul data-start=\"961\" data-end=\"1216\">\n<li data-start=\"961\" data-end=\"1040\">\n<p data-start=\"963\" data-end=\"1040\">Tam marka \u00e7\u00f6z\u00fcmleri ile ki\u015fiye \u00f6zel k\u00f6pek kaza\u011f\u0131 \u00f6zel etiket se\u00e7enekleri<\/p>\n<\/li>\n<li data-start=\"1041\" data-end=\"1110\">\n<p data-start=\"1043\" data-end=\"1110\">Daha h\u0131zl\u0131 piyasa lansmanlar\u0131 i\u00e7in 3D dijital \u00f6nizlemeler ve 5 g\u00fcnl\u00fck \u00f6rnekleme<\/p>\n<\/li>\n<li data-start=\"1111\" data-end=\"1216\">\n<p data-start=\"1113\" data-end=\"1216\">K\u00f6pek Kaza\u011f\u0131 \u015firketi, K\u00f6pek Kaza\u011f\u0131 sat\u0131c\u0131s\u0131 ve butik perakendeciler i\u00e7in haz\u0131rlanm\u0131\u015f \u00f6zel tasar\u0131mlar<\/p>\n<\/li>\n<\/ul>\n<h4 data-start=\"1218\" data-end=\"1257\">\u2705 K\u00fcresel \u0130hracat ve Uyumluluk<\/h4>\n<ul data-start=\"1258\" data-end=\"1466\">\n<li data-start=\"1258\" data-end=\"1332\">\n<p data-start=\"1260\" data-end=\"1332\">Sorunsuz teslimat i\u00e7in eksiksiz K\u00f6pek Kaza\u011f\u0131 ihracat belgeleri<\/p>\n<\/li>\n<li data-start=\"1333\" data-end=\"1390\">\n<p data-start=\"1335\" data-end=\"1390\">Zaman\u0131nda sevkiyat ile uluslararas\u0131 lojistik deste\u011fi<\/p>\n<\/li>\n<li data-start=\"1391\" data-end=\"1466\">\n<p data-start=\"1393\" data-end=\"1466\">D\u00fcnya \u00e7ap\u0131nda K\u00f6pek Kaza\u011f\u0131 toptanc\u0131lar\u0131 ve b\u00fcy\u00fck perakende zincirleri taraf\u0131ndan g\u00fcvenilmektedir<\/p>\n<\/li>\n<\/ul>\n<h4 data-start=\"1468\" data-end=\"1520\">Neden K\u00f6pek Kazak Fabrikam\u0131zla \u0130\u015f Orta\u011f\u0131 Olmal\u0131s\u0131n\u0131z?<\/h4>\n<ul data-start=\"1521\" data-end=\"1788\">\n<li data-start=\"1521\" data-end=\"1587\">\n<p data-start=\"1523\" data-end=\"1587\">Toplu indirimlerle rekabet\u00e7i K\u00f6pek Kaza\u011f\u0131 toplu fiyatland\u0131rmas\u0131<\/p>\n<\/li>\n<li data-start=\"1588\" data-end=\"1662\">\n<p data-start=\"1590\" data-end=\"1662\">S\u0131k\u0131 kalite kontrol\u00fcne sahip ISO sertifikal\u0131 K\u00f6pek Kaza\u011f\u0131 \u00fcreticisi<\/p>\n<\/li>\n<li data-start=\"1663\" data-end=\"1712\">\n<p data-start=\"1665\" data-end=\"1712\">Toptan sipari\u015fler i\u00e7in 25 g\u00fcnl\u00fck \u00fcretim d\u00f6ng\u00fcs\u00fc<\/p>\n<\/li>\n<li data-start=\"1713\" data-end=\"1788\">\n<p data-start=\"1715\" data-end=\"1788\">K\u00f6pek Kaza\u011f\u0131 tedarik\u00e7i ve sat\u0131c\u0131 a\u011flar\u0131 i\u00e7in \u00f6zel hizmet ekibi<\/p>\n<\/li>\n<\/ul>\n<p data-start=\"1790\" data-end=\"2111\">\u0130ster bir K\u00f6pek Kazak \u015firketi, ister K\u00f6pek Kazak tedarik\u00e7isi veya b\u00fcy\u00fck \u00f6l\u00e7ekli bir K\u00f6pek Kazak toptanc\u0131s\u0131 olun, K\u00f6pek Kazak fabrikam\u0131z i\u015finizi b\u00fcy\u00fctmek i\u00e7in g\u00fcvenilir \u00fcretim, ihracat uzmanl\u0131\u011f\u0131 ve \u00fcst\u00fcn kalite sunar. En son koleksiyonumuzu talep etmek ve \u00f6zel kazak projenize ba\u015flamak i\u00e7in bug\u00fcn bize ula\u015f\u0131n!<\/p>","protected":false},"excerpt":{"rendered":"<h3>K\u00f6pek Kazak Fabrikas\u0131<\/h3>\n<ul>\n<li>Modaya uygun, retro tasar\u0131m herkesin dikkatini \u00e7ekecek.<\/li>\n<li>T\u00fcyl\u00fc dostunuzu rahat ve s\u0131cak tutacak bir bal\u0131k\u00e7\u0131 yaka.<\/li>\n<li>K\u00f6pe\u011finizin v\u00fccut \u015feklini saracak \u015fekilde \u015fekillendirilmi\u015ftir.<\/li>\n<li>Nerv\u00fcrl\u00fc kol delikleri rahat g\u00f6r\u00fcn\u00fcm\u00fc tamamlar.<\/li>\n<\/ul>\n<table width=\"288\">\n<tbody>\n<tr>\n<td width=\"137\"><span style=\"color: #333333;\">\u00dcr\u00fcn Ad\u0131<\/span><\/td>\n<td width=\"151\"><span style=\"color: #333333;\">Evcil Hayvan Giysileri<\/span><\/td>\n<\/tr>\n<tr>\n<td><span style=\"color: #333333;\">\u00dcr\u00fcn No.<\/span><\/td>\n<td><span style=\"color: #333333;\">P-C3015<\/span><\/td>\n<\/tr>\n<tr>\n<td><span style=\"color: #333333;\">Malzeme<\/span><\/td>\n<td>Pamuk, Polyester, Polar<\/td>\n<\/tr>\n<tr>\n<td><span style=\"color: #333333;\">\u00a0Boyut ve Renk<\/span><\/td>\n<td><span style=\"color: #333333;\">\u00d6zelle\u015ftirilmi\u015f<\/span><\/td>\n<\/tr>\n<tr>\n<td><span style=\"color: #333333;\">\u00a0Teslimat s\u00fcresi<\/span><\/td>\n<td><span style=\"color: #333333;\">Hava yoluyla k\u00fc\u00e7\u00fck miktarlar i\u00e7in 1- 5 g\u00fcn ve deniz yoluyla b\u00fcy\u00fck miktarlar i\u00e7in 30- 35 g\u00fcn<\/span><\/td>\n<\/tr>\n<\/tbody>\n<\/table>","protected":false},"featured_media":23447,"template":"","meta":{"_seopress_robots_primary_cat":"none","_seopress_titles_title":"Dog Sweater Factory\u200b\u200b\u200b\u200b | Professional Manufacturer","_seopress_titles_desc":"Looking for Dog Sweater Factory? we design premium knitwear for pets worldwide. Bulk orders, OEM services. Request free cozy samples today!","_seopress_robots_index":"","_uag_custom_page_level_css":""},"product_brand":[],"product_cat":[364,23,391],"product_tag":[],"class_list":{"0":"post-23431","1":"product","2":"type-product","3":"status-publish","4":"has-post-thumbnail","6":"product_cat-basic-dog-clothing","7":"product_cat-pet-clothing","8":"product_cat-pet-sweater","10":"first","11":"instock","12":"shipping-taxable","13":"product-type-simple"},"uagb_featured_image_src":{"full":["https:\/\/pecpets.com\/wp-content\/uploads\/2025\/11\/900_P72162.jpg",900,900,false],"thumbnail":["https:\/\/pecpets.com\/wp-content\/uploads\/2025\/11\/900_P72162-150x150.jpg",150,150,true],"medium":["https:\/\/pecpets.com\/wp-content\/uploads\/2025\/11\/900_P72162-300x300.jpg",300,300,true],"medium_large":["https:\/\/pecpets.com\/wp-content\/uploads\/2025\/11\/900_P72162-768x768.jpg",768,768,true],"large":["https:\/\/pecpets.com\/wp-content\/uploads\/2025\/11\/900_P72162.jpg",800,800,false],"1536x1536":["https:\/\/pecpets.com\/wp-content\/uploads\/2025\/11\/900_P72162.jpg",900,900,false],"2048x2048":["https:\/\/pecpets.com\/wp-content\/uploads\/2025\/11\/900_P72162.jpg",900,900,false],"trp-custom-language-flag":["https:\/\/pecpets.com\/wp-content\/uploads\/2025\/11\/900_P72162-12x12.jpg",12,12,true],"woocommerce_thumbnail":["https:\/\/pecpets.com\/wp-content\/uploads\/2025\/11\/900_P72162-300x300.jpg",300,300,true],"woocommerce_single":["https:\/\/pecpets.com\/wp-content\/uploads\/2025\/11\/900_P72162-600x600.jpg",600,600,true],"woocommerce_gallery_thumbnail":["https:\/\/pecpets.com\/wp-content\/uploads\/2025\/11\/900_P72162-100x100.jpg",100,100,true]},"uagb_author_info":{"display_name":"Lawrence\u00a0\u52b3\u4f26\u65af","author_link":"https:\/\/pecpets.com\/tr\/author\/"},"uagb_comment_info":0,"uagb_excerpt":"Dog Sweater Factory The trendy, retro design will catch everyone\u2019s eye. A turtleneck to keep your furry friend cozy and warm. Sculpted to hug your dog\u2019s body shape. Ribbed arm holes complete the comfortable look. Product Name Pet Clothes Item No. P-C3015 Material Cotton, Polyester, Fleece \u00a0Size and Color Customized \u00a0Delivery time 1- 5 days&hellip;","_links":{"self":[{"href":"https:\/\/pecpets.com\/tr\/wp-json\/wp\/v2\/product\/23431","targetHints":{"allow":["GET"]}}],"collection":[{"href":"https:\/\/pecpets.com\/tr\/wp-json\/wp\/v2\/product"}],"about":[{"href":"https:\/\/pecpets.com\/tr\/wp-json\/wp\/v2\/types\/product"}],"wp:featuredmedia":[{"embeddable":true,"href":"https:\/\/pecpets.com\/tr\/wp-json\/wp\/v2\/media\/23447"}],"wp:attachment":[{"href":"https:\/\/pecpets.com\/tr\/wp-json\/wp\/v2\/media?parent=23431"}],"wp:term":[{"taxonomy":"product_brand","embeddable":true,"href":"https:\/\/pecpets.com\/tr\/wp-json\/wp\/v2\/product_brand?post=23431"},{"taxonomy":"product_cat","embeddable":true,"href":"https:\/\/pecpets.com\/tr\/wp-json\/wp\/v2\/product_cat?post=23431"},{"taxonomy":"product_tag","embeddable":true,"href":"https:\/\/pecpets.com\/tr\/wp-json\/wp\/v2\/product_tag?post=23431"}],"curies":[{"name":"wp","href":"https:\/\/api.w.org\/{rel}","templated":true}]}}