{"id":23457,"date":"2025-11-14T09:05:02","date_gmt":"2025-11-14T01:05:02","guid":{"rendered":"https:\/\/pecpets.com\/?post_type=product&#038;p=23457"},"modified":"2025-11-14T09:22:06","modified_gmt":"2025-11-14T01:22:06","slug":"bolster-dog-bed","status":"publish","type":"product","link":"https:\/\/pecpets.com\/tr\/product\/bolster-dog-bed\/","title":{"rendered":"Bolster K\u00f6pek Yata\u011f\u0131"},"content":{"rendered":"<h2 data-start=\"91\" data-end=\"196\">Premium Bolster Dog Bed | Pet Bed Manufacturer &amp; Luxury Bed Factory Wholesale Supplier<\/h2>\n<article class=\"text-token-text-primary w-full focus:outline-none [--shadow-height:45px] has-data-writing-block:pointer-events-none has-data-writing-block:-mt-(--shadow-height) has-data-writing-block:pt-(--shadow-height) [&amp;:has([data-writing-block])&gt;*]:pointer-events-auto [content-visibility:auto] supports-[content-visibility:auto]:[contain-intrinsic-size:auto_100lvh] scroll-mt-[calc(var(--header-height)+min(200px,max(70px,20svh)))]\" dir=\"auto\" tabindex=\"-1\" data-turn-id=\"request-68b559f1-f1bc-8328-a3b0-0e42faba828d-1\" data-testid=\"conversation-turn-100\" data-scroll-anchor=\"true\" data-turn=\"assistant\">\n<div class=\"text-base my-auto mx-auto pb-10 [--thread-content-margin:--spacing(4)] thread-sm:[--thread-content-margin:--spacing(6)] thread-lg:[--thread-content-margin:--spacing(16)] px-(--thread-content-margin)\">\n<div class=\"[--thread-content-max-width:40rem] thread-lg:[--thread-content-max-width:48rem] mx-auto max-w-(--thread-content-max-width) flex-1 group\/turn-messages focus-visible:outline-hidden relative flex w-full min-w-0 flex-col agent-turn\" tabindex=\"-1\">\n<div class=\"flex max-w-full flex-col grow\">\n<div class=\"min-h-8 text-message relative flex w-full flex-col items-end gap-2 text-start break-words whitespace-normal [.text-message+&amp;]:mt-1\" dir=\"auto\" data-message-author-role=\"assistant\" data-message-id=\"a58e287f-5d1f-4b96-a7a9-dc26c8cb0d31\" data-message-model-slug=\"gpt-5\">\n<div class=\"flex w-full flex-col gap-1 empty:hidden first:pt-[1px]\">\n<div class=\"markdown prose dark:prose-invert w-full break-words light markdown-new-styling\">\n<article class=\"text-token-text-primary w-full focus:outline-none [--shadow-height:45px] has-data-writing-block:pointer-events-none has-data-writing-block:-mt-(--shadow-height) has-data-writing-block:pt-(--shadow-height) [&amp;:has([data-writing-block])&gt;*]:pointer-events-auto [content-visibility:auto] supports-[content-visibility:auto]:[contain-intrinsic-size:auto_100lvh] scroll-mt-[calc(var(--header-height)+min(200px,max(70px,20svh)))]\" dir=\"auto\" tabindex=\"-1\" data-turn-id=\"request-68b559f1-f1bc-8328-a3b0-0e42faba828d-3\" data-testid=\"conversation-turn-178\" data-scroll-anchor=\"true\" data-turn=\"assistant\">\n<div class=\"text-base my-auto mx-auto pb-10 [--thread-content-margin:--spacing(4)] thread-sm:[--thread-content-margin:--spacing(6)] thread-lg:[--thread-content-margin:--spacing(16)] px-(--thread-content-margin)\">\n<div class=\"[--thread-content-max-width:40rem] thread-lg:[--thread-content-max-width:48rem] mx-auto max-w-(--thread-content-max-width) flex-1 group\/turn-messages focus-visible:outline-hidden relative flex w-full min-w-0 flex-col agent-turn\" tabindex=\"-1\">\n<div class=\"flex max-w-full flex-col grow\">\n<div class=\"min-h-8 text-message relative flex w-full flex-col items-end gap-2 text-start break-words whitespace-normal [.text-message+&amp;]:mt-1\" dir=\"auto\" data-message-author-role=\"assistant\" data-message-id=\"832c76cb-315d-4ab2-8641-21a2540e581e\" data-message-model-slug=\"gpt-5\">\n<div class=\"flex w-full flex-col gap-1 empty:hidden first:pt-[1px]\">\n<div class=\"markdown prose dark:prose-invert w-full break-words light markdown-new-styling\">\n<p data-start=\"269\" data-end=\"633\">Looking for a high-quality Bolster Dog Bed from a trusted Dog Bed manufacturer? Our factory specializes in producing premium bolster beds designed for comfort, durability, and easy bulk ordering. As a leading Pet Bed Manufacturer and Luxury Bed Factory, we provide reliable Dog Bed bulk solutions for global brands, retailers, and distributors.<\/p>\n<p data-start=\"635\" data-end=\"1039\">We are a professional Dog Bed factory and Dog Bed company in China, offering OEM, ODM, and private label services\u2014including Dog Bed OEM, Dog Bed ODM, and Dog Bed private label customization options. Whether you&#8217;re sourcing from Dog Bed China suppliers or looking for a long-term Dog Bed vendor, our team ensures stable capacity, consistent quality, and export-ready packaging.<\/p>\n<p data-start=\"1041\" data-end=\"1339\">With years of experience in Dog Bed export, we support global buyers with competitive pricing, flexible MOQs, and fast production. Partner with a reliable Dog Bed supplier and Dog Bed wholesaler to grow your product line with our comfortable and stylish Bolster Dog Bed collections.<\/p>\n<\/div>\n<\/div>\n<\/div>\n<\/div>\n<div class=\"mt-3 w-full empty:hidden\">\n<div class=\"text-center\"><\/div>\n<\/div>\n<\/div>\n<\/div>\n<\/article>\n<div class=\"pointer-events-none h-px w-px\" aria-hidden=\"true\" data-edge=\"true\"><\/div>\n<\/div>\n<\/div>\n<\/div>\n<\/div>\n<\/div>\n<\/div>\n<\/article>\n","protected":false},"excerpt":{"rendered":"<h3>Bolster K\u00f6pek Yata\u011f\u0131<\/h3>\n<div>Y\u00fcksek yo\u011funluklu bellek s\u00fcngeri ile kaplanm\u0131\u015f en y\u00fcksek dereceli d\u00f6\u015feme s\u00fcngeri ile yatak \u00e7ift kal\u0131nl\u0131kta, rahat, yumu\u015fak ve destekleyicidir.  A\u011fr\u0131yan eklemler yumu\u015fak haf\u0131zal\u0131 s\u00fcngere boyun e\u011fecek ancak sert ve so\u011fuk bir zemine batmayacakt\u0131r. Aktif bir g\u00fcn\u00fcn ard\u0131ndan dinlenme ve iyile\u015fme, sa\u011fl\u0131k ve mutluluk i\u00e7in hayati \u00f6nem ta\u015f\u0131r.<\/div>\n<div><\/div>\n<div>Daha fazla memnuniyet ve s\u0131cakl\u0131k d\u00fczenlemesi i\u00e7in yeni bir Y\u00fcn Polar Yatak \u00d6rt\u00fcs\u00fc ekleyin. Yata\u011f\u0131n i\u00e7inde \u015filtenin \u00fczerine oturacak \u015fekilde tasarlanan do\u011fal 100% y\u00fcn \u015filte, kokular\u0131 azaltmaya yard\u0131mc\u0131 olurken makinede y\u0131kanabilir ve bak\u0131m\u0131 kolayd\u0131r. Rahat, g\u00fcvenli ve cereyans\u0131z olan destek kenarlar\u0131, v\u00fccudu ve ba\u015f\u0131 desteklemek i\u00e7in tam olarak do\u011fru y\u00fckseklik, yumu\u015fakl\u0131k ve yast\u0131k yo\u011funlu\u011funa sahiptir. Daha da \u00f6nemlisi, \u00e7ok y\u00fcksek olmad\u0131klar\u0131 i\u00e7in Bolster Yata\u011fa girip \u00e7\u0131kmak kolayd\u0131r.<\/div>\n<table width=\"288\">\n<tbody>\n<tr>\n<td width=\"137\"><span style=\"color: #333333;\">\u00dcr\u00fcn Ad\u0131<\/span><\/td>\n<td width=\"151\"><span style=\"color: #333333;\">Evcil Hayvan Yata\u011f\u0131<\/span><\/td>\n<\/tr>\n<tr>\n<td><span style=\"color: #333333;\">\u00dcr\u00fcn No.<\/span><\/td>\n<td><span style=\"color: #333333;\">P-C3066<\/span><\/td>\n<\/tr>\n<tr>\n<td><span style=\"color: #333333;\">Malzeme<\/span><\/td>\n<td>Pamuk, Polyester, Polar<\/td>\n<\/tr>\n<tr>\n<td><span style=\"color: #333333;\">\u00a0Boyut ve Renk<\/span><\/td>\n<td><span style=\"color: #333333;\">\u00d6zelle\u015ftirilebilir<\/span><\/td>\n<\/tr>\n<tr>\n<td><span style=\"color: #333333;\">\u00a0Teslimat s\u00fcresi<\/span><\/td>\n<td><span style=\"color: #333333;\">Hava yoluyla k\u00fc\u00e7\u00fck miktarlar i\u00e7in 1- 5 g\u00fcn ve deniz yoluyla b\u00fcy\u00fck miktarlar i\u00e7in 30- 35 g\u00fcn<\/span><\/td>\n<\/tr>\n<\/tbody>\n<\/table>","protected":false},"featured_media":23460,"template":"","meta":{"_seopress_robots_primary_cat":"none","_seopress_titles_title":"Bolster Dog Bed | China Pet Bed Manufacturer","_seopress_titles_desc":"Looking for Bolster Dog Bed? we design premium knitwear for pets worldwide. Bulk orders, OEM services. Request free cozy samples today!","_seopress_robots_index":"","_seopress_analysis_target_kw":"Bolster Dog Bed","_uag_custom_page_level_css":""},"product_brand":[],"product_cat":[349,22],"product_tag":[],"class_list":{"0":"post-23457","1":"product","2":"type-product","3":"status-publish","4":"has-post-thumbnail","6":"product_cat-memory-foam-dog-beds","7":"product_cat-pet-bed","9":"first","10":"instock","11":"shipping-taxable","12":"product-type-simple"},"uagb_featured_image_src":{"full":["https:\/\/pecpets.com\/wp-content\/uploads\/2025\/11\/c743118e-6c36-4cc0-afdb-4a86d53772f0.jpg",1000,667,false],"thumbnail":["https:\/\/pecpets.com\/wp-content\/uploads\/2025\/11\/c743118e-6c36-4cc0-afdb-4a86d53772f0-150x150.jpg",150,150,true],"medium":["https:\/\/pecpets.com\/wp-content\/uploads\/2025\/11\/c743118e-6c36-4cc0-afdb-4a86d53772f0-300x200.jpg",300,200,true],"medium_large":["https:\/\/pecpets.com\/wp-content\/uploads\/2025\/11\/c743118e-6c36-4cc0-afdb-4a86d53772f0-768x512.jpg",768,512,true],"large":["https:\/\/pecpets.com\/wp-content\/uploads\/2025\/11\/c743118e-6c36-4cc0-afdb-4a86d53772f0.jpg",800,534,false],"1536x1536":["https:\/\/pecpets.com\/wp-content\/uploads\/2025\/11\/c743118e-6c36-4cc0-afdb-4a86d53772f0.jpg",1000,667,false],"2048x2048":["https:\/\/pecpets.com\/wp-content\/uploads\/2025\/11\/c743118e-6c36-4cc0-afdb-4a86d53772f0.jpg",1000,667,false],"trp-custom-language-flag":["https:\/\/pecpets.com\/wp-content\/uploads\/2025\/11\/c743118e-6c36-4cc0-afdb-4a86d53772f0-18x12.jpg",18,12,true],"woocommerce_thumbnail":["https:\/\/pecpets.com\/wp-content\/uploads\/2025\/11\/c743118e-6c36-4cc0-afdb-4a86d53772f0-300x300.jpg",300,300,true],"woocommerce_single":["https:\/\/pecpets.com\/wp-content\/uploads\/2025\/11\/c743118e-6c36-4cc0-afdb-4a86d53772f0-600x400.jpg",600,400,true],"woocommerce_gallery_thumbnail":["https:\/\/pecpets.com\/wp-content\/uploads\/2025\/11\/c743118e-6c36-4cc0-afdb-4a86d53772f0-100x100.jpg",100,100,true]},"uagb_author_info":{"display_name":"Lawrence\u00a0\u52b3\u4f26\u65af","author_link":"https:\/\/pecpets.com\/tr\/author\/"},"uagb_comment_info":0,"uagb_excerpt":"Bolster Dog Bed With the highest grade upholstery foam topped with high-density memory foam, the mattress is double-thickness, comfortable, soft, and supportive.\u00a0\u00a0Sore joints will yield to soft memory foam but not sink to a hard and cold floor. After an active day, rest and recovery are vital for health and happiness. For added contentment and&hellip;","_links":{"self":[{"href":"https:\/\/pecpets.com\/tr\/wp-json\/wp\/v2\/product\/23457","targetHints":{"allow":["GET"]}}],"collection":[{"href":"https:\/\/pecpets.com\/tr\/wp-json\/wp\/v2\/product"}],"about":[{"href":"https:\/\/pecpets.com\/tr\/wp-json\/wp\/v2\/types\/product"}],"wp:featuredmedia":[{"embeddable":true,"href":"https:\/\/pecpets.com\/tr\/wp-json\/wp\/v2\/media\/23460"}],"wp:attachment":[{"href":"https:\/\/pecpets.com\/tr\/wp-json\/wp\/v2\/media?parent=23457"}],"wp:term":[{"taxonomy":"product_brand","embeddable":true,"href":"https:\/\/pecpets.com\/tr\/wp-json\/wp\/v2\/product_brand?post=23457"},{"taxonomy":"product_cat","embeddable":true,"href":"https:\/\/pecpets.com\/tr\/wp-json\/wp\/v2\/product_cat?post=23457"},{"taxonomy":"product_tag","embeddable":true,"href":"https:\/\/pecpets.com\/tr\/wp-json\/wp\/v2\/product_tag?post=23457"}],"curies":[{"name":"wp","href":"https:\/\/api.w.org\/{rel}","templated":true}]}}